{"id":28341,"date":"2024-01-07T15:36:36","date_gmt":"2024-01-07T18:36:36","guid":{"rendered":"https:\/\/www.casadainjecao.com.br\/loja\/?post_type=product&#038;p=28341"},"modified":"2024-02-13T12:52:09","modified_gmt":"2024-02-13T15:52:09","slug":"sonda-lambda-renault-clio-scenic-kangoo-1-6-16v-7700103504","status":"publish","type":"product","link":"https:\/\/www.casadainjecao.com.br\/loja\/autopecas\/injecao-eletronica\/sonda-lambda\/sonda-lambda-renault-clio-scenic-kangoo-1-6-16v-7700103504\/","title":{"rendered":"Sonda Lambda Renault Clio Sc\u00e9nic Kangoo 1.6 16v &#8211; 770"},"content":{"rendered":"<p>VERIFIQUE O C\u00d3DIGO DA PE\u00c7A INSTALADA NO SEU VE\u00cdCULO ANTES DE EFETUAR A COMPRA.<\/p>\n<p>SONDA LAMBDA \/ SENSOR DE OXIG\u00caNIO<br \/>\nAPLICA\u00c7\u00c3O:<\/p>\n<p>RENAULT<\/p>\n<ul>\n<li>CLIO II 1.0 8v, 1.6 16v, 1.6 8v, 1.6 16V &#8211; 1998 AT\u00c9 2018<\/li>\n<li>KANGOO 1.6 8v, 1.0 16v, 1.6 16V &#8211; 1997 AT\u00c9 2018<\/li>\n<li>LAGUNA 2.0 16v, 2.0 8v, 3.0 12v, 3.0 24v,\u00a0 &#8211; 1993 AT\u00c9 2011<\/li>\n<li>SC\u00c9NIC 1.6 16V, 2.0 8V, 2.0 16V,\u00a0 &#8211; 1996 AT\u00c9 2017<\/li>\n<li>MEGANE l 1.6 8V, 1.6 16V, 2.0 8V &#8211; 1995 AT\u00c9 2016<\/li>\n<li>MEGANE II 1.6 16V, 2.0 16V &#8211; 2001 AT\u00c9 2016<\/li>\n<li>MEGANE SEDAN 1.6 16V, 2.0 8V, 2.0 16V &#8211; 1996 AT\u00c9 2017<\/li>\n<li>SANDERO 1.0 16V, 1.6 8V, 1.6 16V, &#8211; 2002 AT\u00c9 2013<\/li>\n<li>LOGAN 1.0 16V, 1.6 8V, 1.6 16V, &#8211; 2002 AT\u00c9 2013<\/li>\n<li>DUSTER 1.6 16V, 2.0 16V &#8211; 2001 AT\u00c9 2018<\/li>\n<li>FLUENCE 1.6 16V, 2.0 16V &#8211; 2001 AT\u00c9 2018<\/li>\n<li>SYMBOL\u00a0 1.6 8V, 1.6 16V &#8211; 2007 AT\u00c9 2018<\/li>\n<\/ul>\n<p>SONDA PLANAR<br \/>\nCONECTOR MACHO , 4 PINOS<br \/>\nCOMPRIMENTO DO CABO: 42 cm.<\/p>\n<p>Especifica\u00e7\u00f5es T\u00e9cnicas:<br \/>\n\u2013 Marca: TORKEN<br \/>\n\u2013 Condi\u00e7\u00e3o do item: N O V O<br \/>\n\u2013 Modelo: SONDA LAMBDA<br \/>\n\u2013 Cont\u00e9m\u00a0 1 sonda p\u00f3s catalisador<br \/>\n\u2013 Comprimento total do cabo 42cm<br \/>\n\u2013 4 pinos<br \/>\n\u2013 4 cabos<br \/>\n\u2013 4 fios (2 brancos, 1 preto, 1 cinza)<\/p>\n<p>C\u00d3DIGO REFER\u00caNCIA:<br \/>\nRENAULT: 8.200.551.743 , 7700103504.<br \/>\nBOSCH: 0258.006.953, 0258006953<\/p>\n<h3>ATEN\u00c7\u00c3O: Antes de efetuar a compra verifique o c\u00f3digo da sua pe\u00e7a que est\u00e1 instalada no seu ve\u00edculo.<\/h3>\n<h4><strong>\u00a0O que \u00e9 e para que serve a Sonda Lambda?<\/strong><\/h4>\n<p>A Sonda Lambda \u00e9 um componente importante em sistemas de controle de emiss\u00f5es de ve\u00edculos a combust\u00e3o interna, como carros a gasolina e diesel. Seu principal objetivo \u00e9 medir a quantidade de oxig\u00eanio nos gases de escape do motor. Essa informa\u00e7\u00e3o \u00e9 crucial para otimizar a mistura ar\/combust\u00edvel, garantindo uma combust\u00e3o mais eficiente e reduzindo as emiss\u00f5es de poluentes.<\/p>\n<p>&nbsp;<\/p>\n<p>A Casa da Inje\u00e7\u00e3o oferece total garantia nos produtos comprados em nosso site.<\/p>\n<ol>\n<li>Cada item \u00e9 rigorosamente testado antes do envio<\/li>\n<li>Se os itens estiverem danificados ou parcialmente defeituosos, entre em contato conosco.<\/li>\n<\/ol>\n<p>Se houver qualquer defeito, n\u00f3s lhe enviaremos uma substitui\u00e7\u00e3o ap\u00f3s receber o pacote ou devolvemos seu dinheiro.<\/p>\n<p>Leia nossa\u00a0<a href=\"https:\/\/www.casadainjecao.com.br\/loja\/politica-de-devolucao\">pol\u00edtica de devolu\u00e7\u00e3o aqui<\/a><\/p>\n<p>\u2014\u2014\u2014\u2014\u2014\u2014\u2014\u2014\u2014\u2014\u2014\u2014\u2014\u2014\u2014\u2014\u2014\u2014\u2014\u2013<\/p>\n<p><strong>Tem alguma d\u00favida?<\/strong><\/p>\n<p>Entre em contato que podemos ajudar!<\/p>\n<p>Confira as informa\u00e7\u00f5es adicionais abaixo:<\/p>\n<ul>\n<li>Todos os nossos produtos s\u00e3o novos, semi-novos, originais e paralelos possuem garantia.<\/li>\n<li>Todos os produtos anunciados est\u00e3o dispon\u00edveis em estoque e s\u00e3o enviados com extrema rapidez.<\/li>\n<li>O frete pode ser simulado antes de efetuar a compra, basta clicar em \u201cver custos de envio\u201d.<\/li>\n<li>Verifique o endere\u00e7o de entrega cadastrado e atualize caso necess\u00e1rio.<\/li>\n<li>Confirme se a pe\u00e7a \u00e9 correta para o seu modelo de ve\u00edculo.<\/li>\n<li>Para pe\u00e7as automotivas, recomendamos a instala\u00e7\u00e3o por um profissional especializado.<\/li>\n<\/ul>\n<p>Caso possua outras d\u00favidas, entre em contato.<\/p>\n","protected":false},"excerpt":{"rendered":"<h2>Sonda Lambda Renault Clio Sc\u00e9nic Kangoo Laguna 1.6 16v &#8211; 7700103504, 0258006953<\/h2>\n<p>SONDA PLANAR<br \/>\nCONECTOR MACHO , 4 PINOS<br \/>\nCOMPRIMENTO DO CABO: 42 cm.<\/p>\n","protected":false},"featured_media":28347,"template":"","meta":{"_seopress_robots_primary_cat":"none","_seopress_titles_title":"","_seopress_titles_desc":"","_seopress_robots_index":"","_kad_blocks_custom_css":"","_kad_blocks_head_custom_js":"","_kad_blocks_body_custom_js":"","_kad_blocks_footer_custom_js":"","_joinchat":[]},"product_cat":[21,270],"product_tag":[],"berocket_brand":[394],"taxonomy_info":{"product_cat":[{"value":21,"label":"Inje\u00e7\u00e3o Eletr\u00f4nica"},{"value":270,"label":"Sonda Lambda"}],"berocket_brand":[{"value":394,"label":"Renault"}]},"featured_image_src_large":["https:\/\/www.casadainjecao.com.br\/loja\/wp-content\/uploads\/2024\/01\/7700103504-3-738x780.jpg",640,676,true],"author_info":[],"comment_info":"","_links":{"self":[{"href":"https:\/\/www.casadainjecao.com.br\/loja\/wp-json\/wp\/v2\/product\/28341"}],"collection":[{"href":"https:\/\/www.casadainjecao.com.br\/loja\/wp-json\/wp\/v2\/product"}],"about":[{"href":"https:\/\/www.casadainjecao.com.br\/loja\/wp-json\/wp\/v2\/types\/product"}],"wp:featuredmedia":[{"embeddable":true,"href":"https:\/\/www.casadainjecao.com.br\/loja\/wp-json\/wp\/v2\/media\/28347"}],"wp:attachment":[{"href":"https:\/\/www.casadainjecao.com.br\/loja\/wp-json\/wp\/v2\/media?parent=28341"}],"wp:term":[{"taxonomy":"product_cat","embeddable":true,"href":"https:\/\/www.casadainjecao.com.br\/loja\/wp-json\/wp\/v2\/product_cat?post=28341"},{"taxonomy":"product_tag","embeddable":true,"href":"https:\/\/www.casadainjecao.com.br\/loja\/wp-json\/wp\/v2\/product_tag?post=28341"},{"taxonomy":"berocket_brand","embeddable":true,"href":"https:\/\/www.casadainjecao.com.br\/loja\/wp-json\/wp\/v2\/berocket_brand?post=28341"}],"curies":[{"name":"wp","href":"https:\/\/api.w.org\/{rel}","templated":true}]}}