{"id":28381,"date":"2024-01-11T20:25:05","date_gmt":"2024-01-11T23:25:05","guid":{"rendered":"https:\/\/www.casadainjecao.com.br\/loja\/?post_type=product&#038;p=28381"},"modified":"2026-04-13T09:06:25","modified_gmt":"2026-04-13T12:06:25","slug":"corpo-borboleta-tbi-gol-parati-fox-1-0-flex-030133062d-vdo","status":"publish","type":"product","link":"https:\/\/www.casadainjecao.com.br\/loja\/autopecas\/injecao-eletronica\/corpo-de-borboleta\/corpo-borboleta-tbi-gol-parati-fox-1-0-flex-030133062d-vdo\/","title":{"rendered":"Corpo Borboleta Tbi Gol Parati Fox 1.0 Flex &#8211; 03013306"},"content":{"rendered":"<h2>Corpo Borboleta Tbi\u00a0 1.0 Flex &#8211; 030133062d<\/h2>\n<p>Especifica\u00e7\u00f5es T\u00e9cnicas:<br \/>\n&#8211; Marca: Torken<br \/>\n&#8211; Tipo de combust\u00edvel: GASOLINA<br \/>\n&#8211; Tipo de inje\u00e7\u00e3o: MULTIPONTO<br \/>\n&#8211; Condi\u00e7\u00e3o do item: NOVO, Similar ao Original<br \/>\n&#8211; Modelo: CORPO DE BORBOLETA<br \/>\n&#8211; <strong>C\u00f3digo de refer\u00eancia: &#8211; <\/strong>030133062D<\/p>\n<h3>Confirme a numera\u00e7\u00e3o antes da compra, se a numera\u00e7\u00e3o da pe\u00e7a do an\u00fancio for igual a da pe\u00e7a do seu ve\u00edculo, ser\u00e1 compat\u00edvel.<\/h3>\n<p>Aplica\u00e7\u00e3o:<\/p>\n<ul>\n<li>FOX 1.0 FLEX &#8211; 2004 at\u00e9 2014<\/li>\n<li>GOL 1.0 FLEX &#8211; 2003 at\u00e9 2014<\/li>\n<li>KOMBI 1.0 FLEX &#8211; 2006 at\u00e9 2011<\/li>\n<li>VOYAGE 1.0 FLEX &#8211; 2009 at\u00e9 2011<\/li>\n<\/ul>\n<p><strong>Garantia:<\/strong><\/p>\n<p>3 Meses<\/p>\n<h3>ATEN\u00c7\u00c3O: Antes de efetuar a compra verifique o c\u00f3digo da sua pe\u00e7a que est\u00e1 instalado no seu ve\u00edculo.<\/h3>\n<h4><strong>\u00a0O que \u00e9 e para que serve o corpo de borboleta<\/strong><\/h4>\n<p>O corpo de borboleta (tamb\u00e9m conhecido como TBI Throttle Body Injection) controla a entrada de ar na admiss\u00e3o do motor para o cilindro, auxiliando o funcionamento da marcha lenta e da acelera\u00e7\u00e3o.<\/p>\n<p>&nbsp;<\/p>\n<p>A Casa da Inje\u00e7\u00e3o oferece total garantia nos produtos comprados em nosso site.<\/p>\n<ol>\n<li>Cada item \u00e9 rigorosamente testado antes do envio<\/li>\n<li>Se os itens estiverem danificados ou parcialmente defeituosos, entre em contato conosco.<\/li>\n<\/ol>\n<p>Se houver qualquer defeito, n\u00f3s lhe enviaremos uma substitui\u00e7\u00e3o ap\u00f3s receber o pacote ou devolvemos seu dinheiro.<\/p>\n<p>Leia nossa\u00a0<a href=\"https:\/\/www.casadainjecao.com.br\/loja\/politica-de-devolucao\">pol\u00edtica de devolu\u00e7\u00e3o aqui<\/a><\/p>\n<p>\u2014\u2014\u2014\u2014\u2014\u2014\u2014\u2014\u2014\u2014\u2014\u2014\u2014\u2014\u2014\u2014\u2014\u2014\u2014\u2013<\/p>\n<p><strong>Tem alguma d\u00favida?<\/strong><\/p>\n<p>Entre em contato que podemos ajudar!<\/p>\n<p>Confira as informa\u00e7\u00f5es adicionais abaixo:<\/p>\n<ul>\n<li>Todos os nossos produtos s\u00e3o novos, semi-novos, originais e paralelos possuem garantia.<\/li>\n<li>Todos os produtos anunciados est\u00e3o dispon\u00edveis em estoque e s\u00e3o enviados com extrema rapidez.<\/li>\n<li>O frete pode ser simulado antes de efetuar a compra, basta clicar em \u201cver custos de envio\u201d.<\/li>\n<li>Verifique o endere\u00e7o de entrega cadastrado e atualize caso necess\u00e1rio.<\/li>\n<li>Confirme se a pe\u00e7a \u00e9 correta para o seu modelo de ve\u00edculo.<\/li>\n<li>Para pe\u00e7as automotivas, recomendamos a instala\u00e7\u00e3o por um profissional especializado.<\/li>\n<\/ul>\n<p>Caso possua outras d\u00favidas, entre em contato.<\/p>\n","protected":false},"excerpt":{"rendered":"<h2>Corpo Borboleta Tbi\u00a0 1.0 Flex &#8211; 030133062d<\/h2>\n<p>&nbsp;<\/p>\n","protected":false},"featured_media":36042,"template":"","meta":{"_seopress_robots_primary_cat":"none","_seopress_titles_title":"","_seopress_titles_desc":"","_seopress_robots_index":"","_kad_blocks_custom_css":"","_kad_blocks_head_custom_js":"","_kad_blocks_body_custom_js":"","_kad_blocks_footer_custom_js":"","_joinchat":[]},"product_cat":[258,21],"product_tag":[76,59,757,1086],"berocket_brand":[396],"taxonomy_info":{"product_cat":[{"value":258,"label":"Corpo de Borboleta"},{"value":21,"label":"Inje\u00e7\u00e3o Eletr\u00f4nica"}],"product_tag":[{"value":76,"label":"fox"},{"value":59,"label":"gol"},{"value":757,"label":"Kombi"},{"value":1086,"label":"Voyage"}],"berocket_brand":[{"value":396,"label":"Volkswagen"}]},"featured_image_src_large":["https:\/\/www.casadainjecao.com.br\/loja\/wp-content\/uploads\/2024\/01\/Corpo-Borboleta-Tbi-Gol-Parati-Fox-1.0-030133062d-920x920.jpg",640,640,true],"author_info":[],"comment_info":"","_links":{"self":[{"href":"https:\/\/www.casadainjecao.com.br\/loja\/wp-json\/wp\/v2\/product\/28381"}],"collection":[{"href":"https:\/\/www.casadainjecao.com.br\/loja\/wp-json\/wp\/v2\/product"}],"about":[{"href":"https:\/\/www.casadainjecao.com.br\/loja\/wp-json\/wp\/v2\/types\/product"}],"wp:featuredmedia":[{"embeddable":true,"href":"https:\/\/www.casadainjecao.com.br\/loja\/wp-json\/wp\/v2\/media\/36042"}],"wp:attachment":[{"href":"https:\/\/www.casadainjecao.com.br\/loja\/wp-json\/wp\/v2\/media?parent=28381"}],"wp:term":[{"taxonomy":"product_cat","embeddable":true,"href":"https:\/\/www.casadainjecao.com.br\/loja\/wp-json\/wp\/v2\/product_cat?post=28381"},{"taxonomy":"product_tag","embeddable":true,"href":"https:\/\/www.casadainjecao.com.br\/loja\/wp-json\/wp\/v2\/product_tag?post=28381"},{"taxonomy":"berocket_brand","embeddable":true,"href":"https:\/\/www.casadainjecao.com.br\/loja\/wp-json\/wp\/v2\/berocket_brand?post=28381"}],"curies":[{"name":"wp","href":"https:\/\/api.w.org\/{rel}","templated":true}]}}