{"id":28418,"date":"2024-01-13T09:14:05","date_gmt":"2024-01-13T12:14:05","guid":{"rendered":"https:\/\/www.casadainjecao.com.br\/loja\/?post_type=product&#038;p=28418"},"modified":"2025-01-28T14:21:08","modified_gmt":"2025-01-28T17:21:08","slug":"carburador-tecumseh-p350-motor-lev-90-640339","status":"publish","type":"product","link":"https:\/\/www.casadainjecao.com.br\/loja\/autopecas\/motor\/valvula-agulha-carburador\/carburador-tecumseh-p350-motor-lev-90-640339\/","title":{"rendered":"Carburador Tecumseh P350 Motor Lev 90 &#8211; 640339"},"content":{"rendered":"<h2>Carburador Tecumseh P350<\/h2>\n<p>LEV 148 EA<\/p>\n<p>LEV 148XA<\/p>\n<p>LV 156 EA<\/p>\n<p>LV 156 XA<\/p>\n<p>LV195EA<\/p>\n<p>LEV 100<\/p>\n<p>LEV 105<\/p>\n<p>GCA 67<\/p>\n<h4>C\u00f3digo de Refer\u00eancia:<\/h4>\n<p>640339 , 640303, 640340, 640173, 640174, 640262 A, 5333 L6V<\/p>\n<p><strong>Condi\u00e7\u00f5es:<\/strong><\/p>\n<p>Novo Original \/ Marca Tecumseh<\/p>\n<h4>Especifica\u00e7\u00f5es:<\/h4>\n<p>Motor LEV 90 \/ medidas 22mm parafuso 4 mm<\/p>\n<h4><strong>Garantia:<\/strong><\/h4>\n<p>3 Meses<strong>\u00a0<\/strong><\/p>\n<h3>ATEN\u00c7\u00c3O: Antes de efetuar a compra verifique o c\u00f3digo da sua pe\u00e7a.<\/h3>\n<h4><strong>O que \u00e9 e para que serve o Carburador Tecumseh?<\/strong><\/h4>\n<p>O Carburador Tecumseh \u00e9 um componente projetado para misturar ar e combust\u00edvel em propor\u00e7\u00f5es adequadas para o motor de um equipamento. Assim como qualquer outro carburador em um motor a combust\u00e3o, \u00e9 fornecer a mistura correta de ar e combust\u00edvel para o motor. Isso \u00e9 essencial para o processo de combust\u00e3o eficiente, que gera a energia necess\u00e1ria para impulsionar o equipamento.<\/p>\n<p>&nbsp;<\/p>\n<p>A Casa da Inje\u00e7\u00e3o oferece total garantia nos produtos comprados em nosso site.<\/p>\n<ol>\n<li>Cada item \u00e9 rigorosamente testado antes do envio<\/li>\n<li>Se os itens estiverem danificados ou parcialmente defeituosos, entre em contato conosco.<\/li>\n<\/ol>\n<p>Se houver qualquer defeito, n\u00f3s lhe enviaremos uma substitui\u00e7\u00e3o ap\u00f3s receber o pacote ou devolvemos seu dinheiro.<\/p>\n<p>Leia nossa\u00a0<span style=\"color: #ff0000;\"><a style=\"color: #ff0000;\" href=\"https:\/\/www.casadainjecao.com.br\/loja\/politica-de-devolucao\">pol\u00edtica de devolu\u00e7\u00e3o aqui<\/a><\/span><\/p>\n<p>\u2014\u2014\u2014\u2014\u2014\u2014\u2014\u2014\u2014\u2014\u2014\u2014\u2014\u2014\u2014\u2014\u2014\u2014\u2014\u2013<\/p>\n<p><strong>Tem alguma d\u00favida?<\/strong><\/p>\n<p>Entre em contato que podemos ajudar!<\/p>\n<p>Confira as informa\u00e7\u00f5es adicionais abaixo:<\/p>\n<ul>\n<li>Todos os nossos produtos s\u00e3o novos, semi-novos, originais e paralelos possuem garantia.<\/li>\n<li>Todos os produtos anunciados est\u00e3o dispon\u00edveis em estoque e s\u00e3o enviados com extrema rapidez.<\/li>\n<li>O frete pode ser simulado antes de efetuar a compra, basta clicar em \u201cver custos de envio\u201d.<\/li>\n<li>Verifique o endere\u00e7o de entrega cadastrado e atualize caso necess\u00e1rio.<\/li>\n<li>Confirme se a pe\u00e7a \u00e9 correta para o seu modelo de ve\u00edculo.<\/li>\n<li>Para pe\u00e7as automotivas, recomendamos a instala\u00e7\u00e3o por um profissional especializado.<\/li>\n<\/ul>\n<p>Caso possua outras d\u00favidas, entre em contato.<\/p>\n<p>&nbsp;<\/p>\n","protected":false},"excerpt":{"rendered":"<h2>Carburador Tecumseh P350 Motor Lev 90 &#8211; 640339<\/h2>\n","protected":false},"featured_media":28422,"template":"","meta":{"_seopress_robots_primary_cat":"none","_seopress_titles_title":"","_seopress_titles_desc":"","_seopress_robots_index":"","_kad_blocks_custom_css":"","_kad_blocks_head_custom_js":"","_kad_blocks_body_custom_js":"","_kad_blocks_footer_custom_js":"","_joinchat":[]},"product_cat":[1535,22],"product_tag":[],"berocket_brand":[],"taxonomy_info":{"product_cat":[{"value":1535,"label":"Carburador"},{"value":22,"label":"Motor"}]},"featured_image_src_large":["https:\/\/www.casadainjecao.com.br\/loja\/wp-content\/uploads\/2024\/01\/carburador-P350-motor-Lev-90-5333-900x761.jpg",640,541,true],"author_info":[],"comment_info":"","_links":{"self":[{"href":"https:\/\/www.casadainjecao.com.br\/loja\/wp-json\/wp\/v2\/product\/28418"}],"collection":[{"href":"https:\/\/www.casadainjecao.com.br\/loja\/wp-json\/wp\/v2\/product"}],"about":[{"href":"https:\/\/www.casadainjecao.com.br\/loja\/wp-json\/wp\/v2\/types\/product"}],"wp:featuredmedia":[{"embeddable":true,"href":"https:\/\/www.casadainjecao.com.br\/loja\/wp-json\/wp\/v2\/media\/28422"}],"wp:attachment":[{"href":"https:\/\/www.casadainjecao.com.br\/loja\/wp-json\/wp\/v2\/media?parent=28418"}],"wp:term":[{"taxonomy":"product_cat","embeddable":true,"href":"https:\/\/www.casadainjecao.com.br\/loja\/wp-json\/wp\/v2\/product_cat?post=28418"},{"taxonomy":"product_tag","embeddable":true,"href":"https:\/\/www.casadainjecao.com.br\/loja\/wp-json\/wp\/v2\/product_tag?post=28418"},{"taxonomy":"berocket_brand","embeddable":true,"href":"https:\/\/www.casadainjecao.com.br\/loja\/wp-json\/wp\/v2\/berocket_brand?post=28418"}],"curies":[{"name":"wp","href":"https:\/\/api.w.org\/{rel}","templated":true}]}}