{"id":28511,"date":"2024-01-23T19:18:08","date_gmt":"2024-01-23T22:18:08","guid":{"rendered":"https:\/\/www.casadainjecao.com.br\/loja\/?post_type=product&#038;p=28511"},"modified":"2026-03-08T18:14:04","modified_gmt":"2026-03-08T21:14:04","slug":"chave-de-seta-renault-twingo-7701046629","status":"publish","type":"product","link":"https:\/\/www.casadainjecao.com.br\/loja\/autopecas\/eletrica\/chave-de-seta\/chave-de-seta-renault-twingo-7701046629\/","title":{"rendered":"Chave De Seta Renault Twingo &#8211; 7701046629"},"content":{"rendered":"<h2>Chave de seta Renault Twingo<\/h2>\n<p>Aplica\u00e7\u00e3o:<\/p>\n<p>TWINGO 1.0 16V 2002<br \/>\nTWINGO 1.0 8V 1999 2000 2001<br \/>\nTWINGO 1.1 8V 1998 1999 2000<br \/>\nTWINGO 1.2 8V 1994 1995 1996 1997<\/p>\n<p>ITENS INCLUSOS:<\/p>\n<p>1 &#8211; CHAVE DE SETA<\/p>\n<p>ESPECIFICA\u00c7\u00d5ES:<\/p>\n<p>&#8211; CONECTORES 6 + 4 PINOS<\/p>\n<p>Especifica\u00e7\u00f5es T\u00e9cnicas:<br \/>\n\u2013 Marca: TORKEN<br \/>\n\u2013 Condi\u00e7\u00e3o do item: N O V O<br \/>\n\u2013 Modelo: CHAVE DE SETA<br \/>\n\u2013 Cont\u00e9m 1 chave de seta<br \/>\n\u2013C\u00f3digo de Refer\u00eancia: \u2013 510034099001, 5100 340990 01, 770083968, 7701046629, TSS0057<\/p>\n<p>&nbsp;<\/p>\n<h3>Confirme a numera\u00e7\u00e3o antes da compra. Se a numera\u00e7\u00e3o da pe\u00e7a do an\u00fancio for igual a da pe\u00e7a do seu ve\u00edculo, ser\u00e1 compat\u00edvel.<\/h3>\n<h4><strong>Garantia:<\/strong><\/h4>\n<p>3 Meses<strong>\u00a0<\/strong><\/p>\n<p>&nbsp;<\/p>\n<p>A Casa da Inje\u00e7\u00e3o oferece total garantia nos produtos comprados em nosso site.<\/p>\n<ol>\n<li>Cada item \u00e9 rigorosamente testado antes do envio<\/li>\n<li>Se os itens estiverem danificados ou parcialmente defeituosos, entre em contato conosco.<\/li>\n<\/ol>\n<p>Se houver qualquer defeito, n\u00f3s lhe enviaremos uma substitui\u00e7\u00e3o ap\u00f3s receber o pacote ou devolvemos seu dinheiro.<\/p>\n<p>Leia nossa\u00a0<a href=\"https:\/\/www.casadainjecao.com.br\/loja\/politica-de-devolucao\">pol\u00edtica de devolu\u00e7\u00e3o aqui<\/a><\/p>\n<p>\u2014\u2014\u2014\u2014\u2014\u2014\u2014\u2014\u2014\u2014\u2014\u2014\u2014\u2014\u2014\u2014\u2014\u2014\u2014\u2013<\/p>\n<p><strong>Tem alguma d\u00favida?<\/strong><\/p>\n<p>Entre em contato que podemos ajudar!<\/p>\n<p>Confira as informa\u00e7\u00f5es adicionais abaixo:<\/p>\n<ul>\n<li>Todos os nossos produtos s\u00e3o novos, semi-novos, originais e paralelos possuem garantia.<\/li>\n<li>Todos os produtos anunciados est\u00e3o dispon\u00edveis em estoque e s\u00e3o enviados com extrema rapidez.<\/li>\n<li>O frete pode ser simulado antes de efetuar a compra, basta clicar em \u201cver custos de envio\u201d.<\/li>\n<li>Verifique o endere\u00e7o de entrega cadastrado e atualize caso necess\u00e1rio.<\/li>\n<li>Confirme se a pe\u00e7a \u00e9 correta para o seu modelo de ve\u00edculo.<\/li>\n<li>Para pe\u00e7as automotivas, recomendamos a instala\u00e7\u00e3o por um profissional especializado.<\/li>\n<\/ul>\n<p>Caso possua outras d\u00favidas, entre em contato<\/p>\n","protected":false},"excerpt":{"rendered":"<h2>Chave De Seta Renault Twingo &#8211; 7701046629<\/h2>\n<p>Aplica\u00e7\u00e3o:<\/p>\n<p>TWINGO 1.0 16V 2002<br \/>\nTWINGO 1.0 8V 1999 2000 2001<br \/>\nTWINGO 1.1 8V 1998 1999 2000<br \/>\nTWINGO 1.2 8V 1994 1995 1996 1997<\/p>\n","protected":false},"featured_media":28586,"template":"","meta":{"_seopress_robots_primary_cat":"none","_seopress_titles_title":"","_seopress_titles_desc":"","_seopress_robots_index":"","_joinchat":[]},"product_cat":[130,17],"product_tag":[53],"berocket_brand":[394],"_links":{"self":[{"href":"https:\/\/www.casadainjecao.com.br\/loja\/wp-json\/wp\/v2\/product\/28511"}],"collection":[{"href":"https:\/\/www.casadainjecao.com.br\/loja\/wp-json\/wp\/v2\/product"}],"about":[{"href":"https:\/\/www.casadainjecao.com.br\/loja\/wp-json\/wp\/v2\/types\/product"}],"wp:featuredmedia":[{"embeddable":true,"href":"https:\/\/www.casadainjecao.com.br\/loja\/wp-json\/wp\/v2\/media\/28586"}],"wp:attachment":[{"href":"https:\/\/www.casadainjecao.com.br\/loja\/wp-json\/wp\/v2\/media?parent=28511"}],"wp:term":[{"taxonomy":"product_cat","embeddable":true,"href":"https:\/\/www.casadainjecao.com.br\/loja\/wp-json\/wp\/v2\/product_cat?post=28511"},{"taxonomy":"product_tag","embeddable":true,"href":"https:\/\/www.casadainjecao.com.br\/loja\/wp-json\/wp\/v2\/product_tag?post=28511"},{"taxonomy":"berocket_brand","embeddable":true,"href":"https:\/\/www.casadainjecao.com.br\/loja\/wp-json\/wp\/v2\/berocket_brand?post=28511"}],"curies":[{"name":"wp","href":"https:\/\/api.w.org\/{rel}","templated":true}]}}