{"id":28653,"date":"2024-01-30T19:20:47","date_gmt":"2024-01-30T22:20:47","guid":{"rendered":"https:\/\/www.casadainjecao.com.br\/loja\/?post_type=product&#038;p=28653"},"modified":"2026-03-18T19:14:47","modified_gmt":"2026-03-18T22:14:47","slug":"sonda-lambda-toyota-corolla-fielder-1-6-1-8-8946506230","status":"publish","type":"product","link":"https:\/\/www.casadainjecao.com.br\/loja\/autopecas\/injecao-eletronica\/sonda-lambda\/sonda-lambda-toyota-corolla-fielder-1-6-1-8-8946506230\/","title":{"rendered":"Sonda Lambda Toyota Corolla Fielder 1.6 1.8 &#8211; 89465062"},"content":{"rendered":"<div class=\"flex-1 overflow-hidden\">\n<div class=\"h-full\">\n<div class=\"react-scroll-to-bottom--css-bfjrl-79elbk h-full\">\n<div class=\"react-scroll-to-bottom--css-bfjrl-1n7m0yu\">\n<div class=\"flex flex-col text-sm md:pb-9\">\n<article class=\"w-full text-token-text-primary focus-visible:outline-2 focus-visible:outline-offset-[-4px]\" dir=\"auto\" data-testid=\"conversation-turn-23\" data-scroll-anchor=\"true\">\n<div class=\"text-base py-[18px] px-3 md:px-4 m-auto w-full md:px-5 lg:px-1 xl:px-5\">\n<div class=\"mx-auto flex flex-1 gap-4 text-base md:gap-5 lg:gap-6 md:max-w-3xl lg:max-w-[40rem] xl:max-w-[48rem]\">\n<div class=\"group\/conversation-turn relative flex w-full min-w-0 flex-col agent-turn\">\n<div class=\"flex-col gap-1 md:gap-3\">\n<div class=\"flex max-w-full flex-col flex-grow\">\n<div class=\"min-h-[20px] text-message flex w-full flex-col items-end gap-2 whitespace-normal break-words [.text-message+&amp;]:mt-5 overflow-x-auto\" dir=\"auto\" data-message-author-role=\"assistant\" data-message-id=\"e1d0d94e-9e81-4df5-b333-7ad7221545c0\">\n<div class=\"flex w-full flex-col gap-1 empty:hidden first:pt-[3px]\">\n<div class=\"markdown prose w-full break-words dark:prose-invert light\">\n<h2><strong>Sonda Lambda \/ Sensor de Oxig\u00eanio Toyota<\/strong><\/h2>\n<p><strong>Marca<\/strong>: TORKEN<br \/>\n<strong>G\u00eanero do Conector<\/strong>: Macho<br \/>\n<strong>Modelo da Sonda<\/strong>: P\u00f3s-Catalisador<br \/>\n<strong>Conector<\/strong>: 4 Cabos<\/p>\n<ul>\n<li><strong>Cores dos Cabos<\/strong>: 2 Pretos, 1 Azul, 1 Branco<br \/>\n<strong>Comprimento Total<\/strong>:\u00a0 43cm<\/li>\n<\/ul>\n<h4><strong>Aplica\u00e7\u00e3o<\/strong>:<\/h4>\n<ul>\n<li>Toyota Corolla 1.6 16V &#8211; 2003 2004 2005 2006 2007 2008 2009 2010\n<p>Toyota Corolla 1.8 16V &#8211; 2003 2004 2005 2006 2007 2008<\/p>\n<p>Toyota Corolla Fielder 1.8 16V &#8211; 2003 2004 2005 2007 2008<\/p>\n<p>Toyota Corolla Brad Pitt 1.6 16V 1.8 16V &#8211; 2003 2004 2005 2006 2007 2008<\/li>\n<\/ul>\n<h4><strong>C\u00f3digos de Refer\u00eancia<\/strong>:<\/h4>\n<ul>\n<li>8946506230<\/li>\n<li>8946507080<\/li>\n<li>8946502130<\/li>\n<\/ul>\n<h4><strong>Garantia<\/strong>:<\/h4>\n<ul>\n<li>3 meses<\/li>\n<\/ul>\n<hr \/>\n<h3><strong>Aten\u00e7\u00e3o<\/strong>:<\/h3>\n<p>Antes de realizar a compra, verifique o c\u00f3digo da pe\u00e7a instalada em seu ve\u00edculo para garantir a compatibilidade.<\/p>\n<h3><strong>Garantia e Pol\u00edtica de Devolu\u00e7\u00e3o<\/strong>:<\/h3>\n<p>A Casa da Inje\u00e7\u00e3o oferece total garantia nos produtos comprados. Todos os itens s\u00e3o rigorosamente testados antes do envio.<br \/>\nSe houver algum defeito, entre em contato para substitui\u00e7\u00e3o ou reembolso.<\/p>\n<ul>\n<li>Consulte a <strong>Pol\u00edtica de Devolu\u00e7\u00e3o<\/strong> [aqui].<\/li>\n<\/ul>\n<hr \/>\n<h3><strong>Informa\u00e7\u00f5es Adicionais<\/strong>:<\/h3>\n<ul>\n<li>Todos os produtos s\u00e3o novos, semi-novos, originais ou paralelos, e possuem garantia.<\/li>\n<li>Produtos em estoque s\u00e3o enviados rapidamente.<\/li>\n<li>Simule o frete antes da compra.<\/li>\n<li>Verifique e atualize seu endere\u00e7o de entrega.<\/li>\n<li><strong>Confirme a compatibilidade<\/strong> da pe\u00e7a com seu ve\u00edculo.<\/li>\n<li>Recomendamos a <strong>instala\u00e7\u00e3o por um profissional especializado<\/strong>.<\/li>\n<\/ul>\n<hr \/>\n<h3><strong>Tem d\u00favidas?<\/strong><\/h3>\n<p>Entre em contato conosco para mais informa\u00e7\u00f5es!<\/p>\n<\/div>\n<\/div>\n<\/div>\n<\/div>\n<\/div>\n<\/div>\n<\/div>\n<\/div>\n<\/article>\n<\/div>\n<\/div>\n<\/div>\n<\/div>\n<\/div>\n<div class=\"md:pt-0 dark:border-white\/20 md:border-transparent md:dark:border-transparent w-full\">\n<div class=\"\">\n<div class=\"text-base px-3 md:px-4 m-auto w-full md:px-5 lg:px-1 xl:px-5\">\n<div class=\"mx-auto flex flex-1 gap-4 text-base md:gap-5 lg:gap-6 md:max-w-3xl lg:max-w-[40rem] xl:max-w-[48rem]\">\n<form class=\"w-full\" aria-haspopup=\"dialog\" aria-expanded=\"false\" aria-controls=\"radix-:rgp:\" data-state=\"closed\">\n<div class=\"relative flex h-full max-w-full flex-1 flex-col\">\n<div class=\"group relative flex w-full items-center\">\n<div class=\"flex w-full flex-col gap-1.5 rounded-[26px] p-1.5 transition-colors bg-[#f4f4f4] dark:bg-token-main-surface-secondary\">\n<div class=\"flex items-end gap-1.5 md:gap-2\">\n<div class=\"relative\">\n<div class=\"flex flex-col\">\n<div aria-haspopup=\"dialog\" aria-expanded=\"false\" aria-controls=\"radix-:rjg:\" data-state=\"closed\"><\/div>\n<\/div>\n<\/div>\n<div class=\"flex min-w-0 flex-1 flex-col\"><\/div>\n<\/div>\n<\/div>\n<\/div>\n<\/div>\n<\/form>\n<\/div>\n<\/div>\n<\/div>\n<\/div>\n","protected":false},"excerpt":{"rendered":"<h2>Sonda Lambda P\u00f3s Catalisador<\/h2>\n<h2>Toyota Corolla Fielder 1.6 1.8 &#8211; 8946506230<\/h2>\n","protected":false},"featured_media":36009,"template":"","meta":{"_seopress_robots_primary_cat":"none","_seopress_titles_title":"","_seopress_titles_desc":"","_seopress_robots_index":"","_joinchat":[]},"product_cat":[21,270],"product_tag":[850],"berocket_brand":[395],"_links":{"self":[{"href":"https:\/\/www.casadainjecao.com.br\/loja\/wp-json\/wp\/v2\/product\/28653"}],"collection":[{"href":"https:\/\/www.casadainjecao.com.br\/loja\/wp-json\/wp\/v2\/product"}],"about":[{"href":"https:\/\/www.casadainjecao.com.br\/loja\/wp-json\/wp\/v2\/types\/product"}],"wp:featuredmedia":[{"embeddable":true,"href":"https:\/\/www.casadainjecao.com.br\/loja\/wp-json\/wp\/v2\/media\/36009"}],"wp:attachment":[{"href":"https:\/\/www.casadainjecao.com.br\/loja\/wp-json\/wp\/v2\/media?parent=28653"}],"wp:term":[{"taxonomy":"product_cat","embeddable":true,"href":"https:\/\/www.casadainjecao.com.br\/loja\/wp-json\/wp\/v2\/product_cat?post=28653"},{"taxonomy":"product_tag","embeddable":true,"href":"https:\/\/www.casadainjecao.com.br\/loja\/wp-json\/wp\/v2\/product_tag?post=28653"},{"taxonomy":"berocket_brand","embeddable":true,"href":"https:\/\/www.casadainjecao.com.br\/loja\/wp-json\/wp\/v2\/berocket_brand?post=28653"}],"curies":[{"name":"wp","href":"https:\/\/api.w.org\/{rel}","templated":true}]}}