{"id":28666,"date":"2024-01-31T11:14:02","date_gmt":"2024-01-31T14:14:02","guid":{"rendered":"https:\/\/www.casadainjecao.com.br\/loja\/?post_type=product&#038;p=28666"},"modified":"2025-09-09T09:34:30","modified_gmt":"2025-09-09T12:34:30","slug":"filtro-de-oleo-lee-lf-259","status":"publish","type":"product","link":"https:\/\/www.casadainjecao.com.br\/loja\/autopecas\/motor\/filtros\/filtro-de-oleo-lee-lf-259\/","title":{"rendered":"Filtro de Ol\u00e9o Lee &#8211;  LF-259"},"content":{"rendered":"<h1>Filtro de Ol\u00e9o<\/h1>\n<h3>C\u00f3digo de Refer\u00eancia:<\/h3>\n<h3>LF-259<\/h3>\n<h5>Especifica\u00e7\u00f5es:<\/h5>\n<h5>produto novo com alguns detalhes conforme fotos<\/h5>\n<h5><strong>Condi\u00e7\u00f5es:<\/strong><\/h5>\n<h5>Novo Original \/ Marca Lee Filter Uruguay<\/h5>\n<h5><strong>Garantia:<a class=\"wp-first-item current\" href=\"https:\/\/www.casadainjecao.com.br\/loja\/wp-admin\/edit.php?post_type=product\" aria-current=\"page\">Todos os produtos<\/a><\/strong><\/h5>\n<h5>3 Meses<strong>\u00a0<\/strong><\/h5>\n<h5>ATEN\u00c7\u00c3O: Antes de efetuar a compra verifique o c\u00f3digo da sua pe\u00e7a que est\u00e1 instalada no seu ve\u00edculo.<\/h5>\n<h5><strong>O que \u00e9 e para que serve o Filtro de Ol\u00e9o?<\/strong><\/h5>\n<h5>O Filtro de \u00f3leo desempenha um papel crucial no sistema de lubrifica\u00e7\u00e3o do motor de um ve\u00edculo. Sua fun\u00e7\u00e3o principal \u00e9 remover impurezas e part\u00edculas indesejadas do \u00f3leo do motor, garantindo que o \u00f3leo que circula pelo motor esteja limpo e livre de contaminantes.<\/h5>\n<h5>A Casa da Inje\u00e7\u00e3o ofrece total garantia nos produtos comprados em nosso site.<\/h5>\n<ol>\n<li>\n<h5>Cada item \u00e9 rigorosamente testado antes do envio<\/h5>\n<\/li>\n<li>\n<h5>Se os itens estiverem danificados ou parcialmente defeituosos, entre em contato conosco.<\/h5>\n<\/li>\n<\/ol>\n<h5>Se houver qualquer defeito, n\u00f3s lhe enviaremos uma substitui\u00e7\u00e3o ap\u00f3s receber o pacote ou devolvemos seu dinheiro.<\/h5>\n<h5>Leia nossa\u00a0<span style=\"color: #ff0000;\"><a style=\"color: #ff0000;\" href=\"https:\/\/www.casadainjecao.com.br\/loja\/politica-de-devolucao\">pol\u00edtica de devolu\u00e7\u00e3o aqui<\/a><\/span><\/h5>\n<h5>\u2014\u2014\u2014\u2014\u2014\u2014\u2014\u2014\u2014\u2014\u2014\u2014\u2014\u2014\u2014\u2014\u2014\u2014\u2014\u2013<\/h5>\n<h5><strong>Tem alguma d\u00favida?<\/strong><\/h5>\n<h5>Entre em contato que podemos ajudar!<\/h5>\n<h5>Confira as informa\u00e7\u00f5es adicionais abaixo:<\/h5>\n<ul>\n<li>\n<h5>Todos os nossos produtos s\u00e3o novos, semi-novos, originais e paralelos possuem garantia.<\/h5>\n<\/li>\n<li>\n<h5>Todos os produtos anunciados est\u00e3o dispon\u00edveis em estoque e s\u00e3o enviados com extrema rapidez.<\/h5>\n<\/li>\n<li>\n<h5>O frete pode ser simulado antes de efetuar a compra, basta clicar em \u201cver custos de envio\u201d.<\/h5>\n<\/li>\n<li>\n<h5>Verifique o endere\u00e7o de entrega cadastrado e atualize caso necess\u00e1rio.<\/h5>\n<\/li>\n<li>\n<h5>Confirme se a pe\u00e7a \u00e9 correta para o seu modelo de ve\u00edculo.<\/h5>\n<\/li>\n<li>\n<h5>Para pe\u00e7as automotivas, recomendamos a instala\u00e7\u00e3o por um profissional especializado.<\/h5>\n<\/li>\n<\/ul>\n<h5>Caso possua outras d\u00favidas, entre em contato.<\/h5>\n","protected":false},"excerpt":{"rendered":"<h2>Filtro de Ol\u00e9o Lee &#8211; LF-259<\/h2>\n","protected":false},"featured_media":28669,"template":"","meta":{"_seopress_robots_primary_cat":"none","_seopress_titles_title":"","_seopress_titles_desc":"","_seopress_robots_index":"","_joinchat":[]},"product_cat":[221,22,228],"product_tag":[],"berocket_brand":[],"_links":{"self":[{"href":"https:\/\/www.casadainjecao.com.br\/loja\/wp-json\/wp\/v2\/product\/28666"}],"collection":[{"href":"https:\/\/www.casadainjecao.com.br\/loja\/wp-json\/wp\/v2\/product"}],"about":[{"href":"https:\/\/www.casadainjecao.com.br\/loja\/wp-json\/wp\/v2\/types\/product"}],"wp:featuredmedia":[{"embeddable":true,"href":"https:\/\/www.casadainjecao.com.br\/loja\/wp-json\/wp\/v2\/media\/28669"}],"wp:attachment":[{"href":"https:\/\/www.casadainjecao.com.br\/loja\/wp-json\/wp\/v2\/media?parent=28666"}],"wp:term":[{"taxonomy":"product_cat","embeddable":true,"href":"https:\/\/www.casadainjecao.com.br\/loja\/wp-json\/wp\/v2\/product_cat?post=28666"},{"taxonomy":"product_tag","embeddable":true,"href":"https:\/\/www.casadainjecao.com.br\/loja\/wp-json\/wp\/v2\/product_tag?post=28666"},{"taxonomy":"berocket_brand","embeddable":true,"href":"https:\/\/www.casadainjecao.com.br\/loja\/wp-json\/wp\/v2\/berocket_brand?post=28666"}],"curies":[{"name":"wp","href":"https:\/\/api.w.org\/{rel}","templated":true}]}}