{"id":28716,"date":"2024-02-05T14:18:33","date_gmt":"2024-02-05T17:18:33","guid":{"rendered":"https:\/\/www.casadainjecao.com.br\/loja\/?post_type=product&#038;p=28716"},"modified":"2026-02-04T09:53:17","modified_gmt":"2026-02-04T12:53:17","slug":"engrenagem-pinhao-velocimetro-14-dentes-ducato-2-3-9643559780","status":"publish","type":"product","link":"https:\/\/www.casadainjecao.com.br\/loja\/autopecas\/transmissao\/engrenagens-transmissao\/engrenagem-pinhao-velocimetro-14-dentes-ducato-2-3-9643559780\/","title":{"rendered":"Engrenagem Pinh\u00e3o Velocimetro 14 dentes Ducato 2.3 &#8211; "},"content":{"rendered":"<h2>Engrenagem Pinh\u00e3o Velocimetro<\/h2>\n<p><strong>FIAT<\/strong><\/p>\n<p>FIAT DUCATO 2.8 8V TURBO IDTD MEC\u00c2NICA (2003 a 2005)<\/p>\n<p>FIAT DUCATO 2.8 8V TURBO JTD ELETR\u00d4NICA (2006 a 2009)<\/p>\n<p>FIAT DUCATO 2.3 16V TURBO MULTIJET ELETR\u00d4NICA EURO 3 (2010 a 2012)<\/p>\n<p>FIAT DUCATO 2.3 16V TURBO MULTIJET ELETR\u00d4NICA EURO 5 (2013 a 2017)<\/p>\n<h4>C\u00f3digo de Refer\u00eancia:<\/h4>\n<p>9643559780<\/p>\n<p><strong>Condi\u00e7\u00f5es:<\/strong><\/p>\n<p>Novo Original \/ Marca Fiat Mopar<\/p>\n<h4>Especifica\u00e7\u00f5es:<\/h4>\n<p>MARROM PL\u00c1STICA 14 DENTES<\/p>\n<h4><strong>Garantia:<\/strong><\/h4>\n<p>3 Meses<strong>\u00a0<\/strong><\/p>\n<h3>ATEN\u00c7\u00c3O: Antes de efetuar a compra verifique o c\u00f3digo da sua pe\u00e7a que est\u00e1 instalada no seu ve\u00edculo.<\/h3>\n<h3><strong>APLICA\u00c7\u00c3O:<\/strong><\/h3>\n<p>Linha Fiat<\/p>\n<h4><strong>O que \u00e9 e para que serve a Engrenagem Pinh\u00e3o Velocimetro?<\/strong><\/h4>\n<p>A Engrenagem do Pinh\u00e3o do veloc\u00edmetro \u00e9 uma parte do sistema de medi\u00e7\u00e3o de velocidade de um ve\u00edculo. Ela est\u00e1 diretamente relacionada ao veloc\u00edmetro, que \u00e9 o instrumento no painel do ve\u00edculo usado para indicar a velocidade em que o ve\u00edculo est\u00e1 se movendo.<\/p>\n<p>&nbsp;<\/p>\n<p>A Casa da Inje\u00e7\u00e3o oferece total garantia nos produtos comprados em nosso site.<\/p>\n<ol>\n<li>Cada item \u00e9 rigorosamente testado antes do envio<\/li>\n<li>Se os itens estiverem danificados ou parcialmente defeituosos, entre em contato conosco.<\/li>\n<\/ol>\n<p>Se houver qualquer defeito, n\u00f3s lhe enviaremos uma substitui\u00e7\u00e3o ap\u00f3s receber o pacote ou devolvemos seu dinheiro.<\/p>\n<p>Leia nossa\u00a0<span style=\"color: #ff0000;\"><a style=\"color: #ff0000;\" href=\"https:\/\/www.casadainjecao.com.br\/loja\/politica-de-devolucao\">pol\u00edtica de devolu\u00e7\u00e3o aqui<\/a><\/span><\/p>\n<p>\u2014\u2014\u2014\u2014\u2014\u2014\u2014\u2014\u2014\u2014\u2014\u2014\u2014\u2014\u2014\u2014\u2014\u2014\u2014\u2013<\/p>\n<p><strong>Tem alguma d\u00favida?<\/strong><\/p>\n<p>Entre em contato que podemos ajudar!<\/p>\n<p>Confira as informa\u00e7\u00f5es adicionais abaixo:<\/p>\n<ul>\n<li>Todos os nossos produtos s\u00e3o novos, semi-novos, originais e paralelos possuem garantia.<\/li>\n<li>Todos os produtos anunciados est\u00e3o dispon\u00edveis em estoque e s\u00e3o enviados com extrema rapidez.<\/li>\n<li>O frete pode ser simulado antes de efetuar a compra, basta clicar em \u201cver custos de envio\u201d.<\/li>\n<li>Verifique o endere\u00e7o de entrega cadastrado e atualize caso necess\u00e1rio.<\/li>\n<li>Confirme se a pe\u00e7a \u00e9 correta para o seu modelo de ve\u00edculo.<\/li>\n<li>Para pe\u00e7as automotivas, recomendamos a instala\u00e7\u00e3o por um profissional especializado.<\/li>\n<\/ul>\n<p>Caso possua outras d\u00favidas, entre em contato.<\/p>\n","protected":false},"excerpt":{"rendered":"<h2>Engrenagem Pinh\u00e3o Velocimetro Ducato 2.3 2.8 9643559780<\/h2>\n","protected":false},"featured_media":28719,"template":"","meta":{"_seopress_robots_primary_cat":"none","_seopress_titles_title":"","_seopress_titles_desc":"","_seopress_robots_index":"","_kad_blocks_custom_css":"","_kad_blocks_head_custom_js":"","_kad_blocks_body_custom_js":"","_kad_blocks_footer_custom_js":"","_joinchat":[]},"product_cat":[326,1520,26],"product_tag":[52],"berocket_brand":[383],"taxonomy_info":{"product_cat":[{"value":326,"label":"Engrenagens"},{"value":1520,"label":"Pinh\u00e3o"},{"value":26,"label":"Transmiss\u00e3o"}],"product_tag":[{"value":52,"label":"Duster"}],"berocket_brand":[{"value":383,"label":"Fiat"}]},"featured_image_src_large":["https:\/\/www.casadainjecao.com.br\/loja\/wp-content\/uploads\/2024\/02\/9643559780-2-886x780.jpg",640,563,true],"author_info":[],"comment_info":"","_links":{"self":[{"href":"https:\/\/www.casadainjecao.com.br\/loja\/wp-json\/wp\/v2\/product\/28716"}],"collection":[{"href":"https:\/\/www.casadainjecao.com.br\/loja\/wp-json\/wp\/v2\/product"}],"about":[{"href":"https:\/\/www.casadainjecao.com.br\/loja\/wp-json\/wp\/v2\/types\/product"}],"wp:featuredmedia":[{"embeddable":true,"href":"https:\/\/www.casadainjecao.com.br\/loja\/wp-json\/wp\/v2\/media\/28719"}],"wp:attachment":[{"href":"https:\/\/www.casadainjecao.com.br\/loja\/wp-json\/wp\/v2\/media?parent=28716"}],"wp:term":[{"taxonomy":"product_cat","embeddable":true,"href":"https:\/\/www.casadainjecao.com.br\/loja\/wp-json\/wp\/v2\/product_cat?post=28716"},{"taxonomy":"product_tag","embeddable":true,"href":"https:\/\/www.casadainjecao.com.br\/loja\/wp-json\/wp\/v2\/product_tag?post=28716"},{"taxonomy":"berocket_brand","embeddable":true,"href":"https:\/\/www.casadainjecao.com.br\/loja\/wp-json\/wp\/v2\/berocket_brand?post=28716"}],"curies":[{"name":"wp","href":"https:\/\/api.w.org\/{rel}","templated":true}]}}