{"id":28736,"date":"2024-02-07T08:53:55","date_gmt":"2024-02-07T11:53:55","guid":{"rendered":"https:\/\/www.casadainjecao.com.br\/loja\/?post_type=product&#038;p=28736"},"modified":"2025-11-24T18:55:07","modified_gmt":"2025-11-24T21:55:07","slug":"limitador-de-porta-dianteira-original-fiat-palio-siena-51803055","status":"publish","type":"product","link":"https:\/\/www.casadainjecao.com.br\/loja\/autopecas\/carroceria\/portas\/limitador-de-porta-dianteira-original-fiat-palio-siena-51803055\/","title":{"rendered":"Limitador de Porta Dianteira Original Fiat Palio Siena &#821"},"content":{"rendered":"<h2>Limitador de Porta Dianteira<\/h2>\n<p><b>FIAT<\/b><\/p>\n<p>FIAT PALIO FIRE ECONOMY 1.0 MPI FIRE 8V FLEX 4P (2010 &#8211; 2017)<\/p>\n<p>FIAT PALIO ELX 1.0 \/ 1.3 \/ 1.4 MPI FIRE 8V 4P (2004 &#8211; 2007)<\/p>\n<p>FIAT PALIO FIRE 1.0 MPI FIRE 8V FLEX 4P (2007 &#8211; 2009)<\/p>\n<p>FIAT PALIO 1.8 R 1.8 HLX MPI 8V FLEX 4P (2005 &#8211; 2007)<\/p>\n<p>FIAT PALIO ATTRACTIVE 1.0 E 1.4 MPI FIRE 8V FLEX 4P (2011 &#8211; 2012)<\/p>\n<p>FIAT PALIO ESSENCE DUALOGIC 1.6 E.torQ 16V FLEX 4P (2011 &#8211; 2011)<\/p>\n<p>FIAT PALIO WEEKEND ELX HLX ADVENTURE (2004 &#8211; 2020)<\/p>\n<p>FIAT PALIO WEEKEND ATTRACTIVE 1.4 MPI FIRE 8V FLEX (2011 &#8211; 2020)<\/p>\n<p>FIAT WEEKEND TREKKING 1.6 E.torQ 16V FLEX (2013 &#8211; 2020)<\/p>\n<p>FIAT PALIO WEEKEND ADVENTURE 1.8 E.torQ 16V FLEX (2013 &#8211; 2020)<\/p>\n<p>FIAT SIENA ELX 1.0 \/ 1.3 \/ 1.4 MPI FIRE (2005 &#8211; 2012)<\/p>\n<p>FIAT SIENA HLX 1.8 MPI 8V FLEX (2005 &#8211; 2010)<\/p>\n<p>FIAT SIENA ELX 1.4 MPI 8V TETRAFUEL (2008 &#8211; 2010)<\/p>\n<p>FIAT SIENA ATTRACTIVE 1.4 MPI 8V TETRAFUEL (2011 &#8211; 2012)<\/p>\n<p>FIAT SIENA ESSENCE 1.6 E.torQ 16V FLEX (2011 &#8211; 2012)<\/p>\n<p>FIAT SIENA EL 1.0 E 1.4 MPI FIRE 8V FLEX (2011 &#8211; 2017)<\/p>\n<h4>C\u00f3digo de Refer\u00eancia:<\/h4>\n<p>51803055<\/p>\n<p><strong>Condi\u00e7\u00f5es:<\/strong><\/p>\n<p>Novo Original \/ Marca Fiat<\/p>\n<h4>Especifica\u00e7\u00f5es:<\/h4>\n<p>PARA PORTA DIANTEIRA (ESQUERDA OU DIREITA)<\/p>\n<h4><strong>Garantia:<\/strong><\/h4>\n<p>3 Meses<strong>\u00a0<\/strong><\/p>\n<h3>ATEN\u00c7\u00c3O: Antes de efetuar a compra verifique o c\u00f3digo da sua pe\u00e7a que est\u00e1 instalada no seu ve\u00edculo.<\/h3>\n<h3><strong>APLICA\u00c7\u00c3O:<\/strong><\/h3>\n<p>Linha Fiat<\/p>\n<h4><strong>O que \u00e9 e para que serve o Limitador de Porta Dianteira?<\/strong><\/h4>\n<p>O Limitador de Porta dianteira geralmente se refere a um dispositivo de seguran\u00e7a presente nas portas dianteiras de ve\u00edculos. Esse dispositivo \u00e9 projetado para limitar a amplitude de abertura da porta, impedindo que ela seja aberta em um \u00e2ngulo que possa danificar o ve\u00edculo adjacente, como outro carro estacionado ao lado.<\/p>\n<p>&nbsp;<\/p>\n<p>A Casa da Inje\u00e7\u00e3o oferece total garantia nos produtos comprados em nosso site.<\/p>\n<ol>\n<li>Cada item \u00e9 rigorosamente testado antes do envio<\/li>\n<li>Se os itens estiverem danificados ou parcialmente defeituosos, entre em contato conosco.<\/li>\n<\/ol>\n<p>Se houver qualquer defeito, n\u00f3s lhe enviaremos uma substitui\u00e7\u00e3o ap\u00f3s receber o pacote ou devolvemos seu dinheiro.<\/p>\n<p>Leia nossa\u00a0<span style=\"color: #ff0000;\"><a style=\"color: #ff0000;\" href=\"https:\/\/www.casadainjecao.com.br\/loja\/politica-de-devolucao\">pol\u00edtica de devolu\u00e7\u00e3o aqui<\/a><\/span><\/p>\n<p>\u2014\u2014\u2014\u2014\u2014\u2014\u2014\u2014\u2014\u2014\u2014\u2014\u2014\u2014\u2014\u2014\u2014\u2014\u2014\u2013<\/p>\n<p><strong>Tem alguma d\u00favida?<\/strong><\/p>\n<p>Entre em contato que podemos ajudar!<\/p>\n<p>Confira as informa\u00e7\u00f5es adicionais abaixo:<\/p>\n<ul>\n<li>Todos os nossos produtos s\u00e3o novos, semi-novos, originais e paralelos possuem garantia.<\/li>\n<li>Todos os produtos anunciados est\u00e3o dispon\u00edveis em estoque e s\u00e3o enviados com extrema rapidez.<\/li>\n<li>O frete pode ser simulado antes de efetuar a compra, basta clicar em \u201cver custos de envio\u201d.<\/li>\n<li>Verifique o endere\u00e7o de entrega cadastrado e atualize caso necess\u00e1rio.<\/li>\n<li>Confirme se a pe\u00e7a \u00e9 correta para o seu modelo de ve\u00edculo.<\/li>\n<li>Para pe\u00e7as automotivas, recomendamos a instala\u00e7\u00e3o por um profissional especializado.<\/li>\n<\/ul>\n<p>Caso possua outras d\u00favidas, entre em contato.<\/p>\n","protected":false},"excerpt":{"rendered":"<h2>Limitador de Porta Dianteira Original Fiat Palio Siena &#8211; 51803055<\/h2>\n<p>&nbsp;<\/p>\n<p>&nbsp;<\/p>\n","protected":false},"featured_media":28740,"template":"","meta":{"_seopress_robots_primary_cat":"none","_seopress_titles_title":"","_seopress_titles_desc":"","_seopress_robots_index":"","_joinchat":[]},"product_cat":[83,97],"product_tag":[119,1892,120],"berocket_brand":[383],"_links":{"self":[{"href":"https:\/\/www.casadainjecao.com.br\/loja\/wp-json\/wp\/v2\/product\/28736"}],"collection":[{"href":"https:\/\/www.casadainjecao.com.br\/loja\/wp-json\/wp\/v2\/product"}],"about":[{"href":"https:\/\/www.casadainjecao.com.br\/loja\/wp-json\/wp\/v2\/types\/product"}],"wp:featuredmedia":[{"embeddable":true,"href":"https:\/\/www.casadainjecao.com.br\/loja\/wp-json\/wp\/v2\/media\/28740"}],"wp:attachment":[{"href":"https:\/\/www.casadainjecao.com.br\/loja\/wp-json\/wp\/v2\/media?parent=28736"}],"wp:term":[{"taxonomy":"product_cat","embeddable":true,"href":"https:\/\/www.casadainjecao.com.br\/loja\/wp-json\/wp\/v2\/product_cat?post=28736"},{"taxonomy":"product_tag","embeddable":true,"href":"https:\/\/www.casadainjecao.com.br\/loja\/wp-json\/wp\/v2\/product_tag?post=28736"},{"taxonomy":"berocket_brand","embeddable":true,"href":"https:\/\/www.casadainjecao.com.br\/loja\/wp-json\/wp\/v2\/berocket_brand?post=28736"}],"curies":[{"name":"wp","href":"https:\/\/api.w.org\/{rel}","templated":true}]}}