{"id":28804,"date":"2024-02-08T16:17:33","date_gmt":"2024-02-08T19:17:33","guid":{"rendered":"https:\/\/www.casadainjecao.com.br\/loja\/?post_type=product&#038;p=28804"},"modified":"2024-02-08T16:17:37","modified_gmt":"2024-02-08T19:17:37","slug":"jogo-batente-amortecedor-dianteiro-renault-duster-543a00952r","status":"publish","type":"product","link":"https:\/\/www.casadainjecao.com.br\/loja\/autopecas\/suspencao\/batentes\/jogo-batente-amortecedor-dianteiro-renault-duster-543a00952r\/","title":{"rendered":"Jogo Batente Amortecedor Dianteiro Renault Duster &#8211; 54"},"content":{"rendered":"<h2>Jogo Kit Batente e Amortecedor Dianteiro Original<\/h2>\n<p><strong>RENAULT<\/strong><\/p>\n<p>Renault Sandero Authentique, Expression flex, Privil\u00e9ge flex, Stepway flex, Vibe flex, GT Line 1.0 16v 1.6 8v 1.6 16v (2002 a 2013)<\/p>\n<p>Renault Logan Authentique, Expression flex, Privil\u00e9ge flex 1.0 16v 1.6 8v 1.6 16v (2002 a 2013)<\/p>\n<p>Renault Captur Intense flex, Zen 1.6 16v 2.0 16v (2001 a 2020)<\/p>\n<p>Reanult Duster Expression, Dynamique flex 1.6 16v 2.0 16v (2001 a 2018)<\/p>\n<h4>C\u00f3digo de Refer\u00eancia:<\/h4>\n<p>543a00952r<\/p>\n<p><strong>Condi\u00e7\u00f5es:<\/strong><\/p>\n<p>Novo Original \/ Marca Renault<\/p>\n<h4>Especifica\u00e7\u00f5es:<\/h4>\n<p>Kit composto por 4 pe\u00e7as<\/p>\n<h4><strong>Garantia:<\/strong><\/h4>\n<p>3 Meses<strong>\u00a0<\/strong><\/p>\n<h3>ATEN\u00c7\u00c3O: Antes de efetuar a compra verifique o c\u00f3digo da sua pe\u00e7a que est\u00e1 instalada no seu ve\u00edculo.<\/h3>\n<h3><strong>APLICA\u00c7\u00c3O:<\/strong><\/h3>\n<p>Linha Renault<\/p>\n<h4><strong>O que \u00e9 e para que serve o Batente Amortecedor Dianteiro?<\/strong><\/h4>\n<p>O Batente do Amortecedor dianteiro, tamb\u00e9m conhecido como coxim do amortecedor ou coxim superior, \u00e9 uma pe\u00e7a importante do sistema de suspens\u00e3o de um ve\u00edculo. Ele est\u00e1 localizado na parte superior do amortecedor dianteiro e desempenha v\u00e1rias fun\u00e7\u00f5es essenciais.<\/p>\n<p>&nbsp;<\/p>\n<p>A Casa da Inje\u00e7\u00e3o oferece total garantia nos produtos comprados em nosso site.<\/p>\n<ol>\n<li>Cada item \u00e9 rigorosamente testado antes do envio<\/li>\n<li>Se os itens estiverem danificados ou parcialmente defeituosos, entre em contato conosco.<\/li>\n<\/ol>\n<p>Se houver qualquer defeito, n\u00f3s lhe enviaremos uma substitui\u00e7\u00e3o ap\u00f3s receber o pacote ou devolvemos seu dinheiro.<\/p>\n<p>Leia nossa\u00a0<span style=\"color: #ff0000;\"><a style=\"color: #ff0000;\" href=\"https:\/\/www.casadainjecao.com.br\/loja\/politica-de-devolucao\">pol\u00edtica de devolu\u00e7\u00e3o aqui<\/a><\/span><\/p>\n<p>\u2014\u2014\u2014\u2014\u2014\u2014\u2014\u2014\u2014\u2014\u2014\u2014\u2014\u2014\u2014\u2014\u2014\u2014\u2014\u2013<\/p>\n<p><strong>Tem alguma d\u00favida?<\/strong><\/p>\n<p>Entre em contato que podemos ajudar!<\/p>\n<p>Confira as informa\u00e7\u00f5es adicionais abaixo:<\/p>\n<ul>\n<li>Todos os nossos produtos s\u00e3o novos, semi-novos, originais e paralelos possuem garantia.<\/li>\n<li>Todos os produtos anunciados est\u00e3o dispon\u00edveis em estoque e s\u00e3o enviados com extrema rapidez.<\/li>\n<li>O frete pode ser simulado antes de efetuar a compra, basta clicar em \u201cver custos de envio\u201d.<\/li>\n<li>Verifique o endere\u00e7o de entrega cadastrado e atualize caso necess\u00e1rio.<\/li>\n<li>Confirme se a pe\u00e7a \u00e9 correta para o seu modelo de ve\u00edculo.<\/li>\n<li>Para pe\u00e7as automotivas, recomendamos a instala\u00e7\u00e3o por um profissional especializado.<\/li>\n<\/ul>\n<p>Caso possua outras d\u00favidas, entre em contato.<\/p>\n","protected":false},"excerpt":{"rendered":"<h2>Jogo Batente Amortecedor Dianteiro Renault Duster &#8211; 543a00952r<\/h2>\n","protected":false},"featured_media":28813,"template":"","meta":{"_seopress_robots_primary_cat":"","_seopress_titles_title":"","_seopress_titles_desc":"","_seopress_robots_index":"","_joinchat":[]},"product_cat":[1150,1104],"product_tag":[173,52,66,91],"berocket_brand":[394],"_links":{"self":[{"href":"https:\/\/www.casadainjecao.com.br\/loja\/wp-json\/wp\/v2\/product\/28804"}],"collection":[{"href":"https:\/\/www.casadainjecao.com.br\/loja\/wp-json\/wp\/v2\/product"}],"about":[{"href":"https:\/\/www.casadainjecao.com.br\/loja\/wp-json\/wp\/v2\/types\/product"}],"wp:featuredmedia":[{"embeddable":true,"href":"https:\/\/www.casadainjecao.com.br\/loja\/wp-json\/wp\/v2\/media\/28813"}],"wp:attachment":[{"href":"https:\/\/www.casadainjecao.com.br\/loja\/wp-json\/wp\/v2\/media?parent=28804"}],"wp:term":[{"taxonomy":"product_cat","embeddable":true,"href":"https:\/\/www.casadainjecao.com.br\/loja\/wp-json\/wp\/v2\/product_cat?post=28804"},{"taxonomy":"product_tag","embeddable":true,"href":"https:\/\/www.casadainjecao.com.br\/loja\/wp-json\/wp\/v2\/product_tag?post=28804"},{"taxonomy":"berocket_brand","embeddable":true,"href":"https:\/\/www.casadainjecao.com.br\/loja\/wp-json\/wp\/v2\/berocket_brand?post=28804"}],"curies":[{"name":"wp","href":"https:\/\/api.w.org\/{rel}","templated":true}]}}