{"id":28817,"date":"2024-02-08T17:44:20","date_gmt":"2024-02-08T20:44:20","guid":{"rendered":"https:\/\/www.casadainjecao.com.br\/loja\/?post_type=product&#038;p=28817"},"modified":"2025-10-03T17:20:53","modified_gmt":"2025-10-03T20:20:53","slug":"valvula-solenoide-do-canister-onix-prisma-2013-96985666","status":"publish","type":"product","link":"https:\/\/www.casadainjecao.com.br\/loja\/autopecas\/injecao-eletronica\/valvula-canister\/valvula-solenoide-do-canister-onix-prisma-2013-96985666\/","title":{"rendered":"V\u00e1lvula Solenoide Do Canister Onix Prisma 2013 &#8211; 9698"},"content":{"rendered":"<h1>V\u00c1LVULA SOLENOIDE DO CANISTER PURGA<\/h1>\n<h3>CHEVROLET<\/h3>\n<h3>COBALT 1.4 ECONO FLEX 2017 a 2020<\/h3>\n<h3>COBALT 1.8 ECONO FLEX 2017 EM DIANTE<\/h3>\n<h3>ONIX 1.0 FLEX 2019 EM DIANTE<\/h3>\n<h3>ONIX 1.0 FLEX 2012 a 2020<\/h3>\n<h3>ONIX 1.0 TURBO FLEX 2019 EM DIANTE<\/h3>\n<h3>ONIX PLUS 1.0 FLEX 2019 EM DIANTE<\/h3>\n<h3>PRISMA 1.0 FLEX 2013 a 2019<\/h3>\n<h3>PRISMA 1.4 FLEX 2013 a 2019<\/h3>\n<h3>SPIN 1.8 ECONO FLEX 2017 EM DIANTE<\/h3>\n<h3>C\u00d3DIGO DE REFER\u00caNCIA:<\/h3>\n<h3>96985666, 0280142502<\/h3>\n<h5>Condi\u00e7\u00f5es:<\/h5>\n<h5>Novo Paralela \/ Marca Torken<\/h5>\n<h5>Garantia:<\/h5>\n<h5>3 Meses<\/h5>\n<h5>APLICA\u00c7\u00c3O:<\/h5>\n<h5>Linha Chevrolet<\/h5>\n<h5><strong>ATEN\u00c7\u00c3O<\/strong>: Antes de efetuar a compra verifique o c\u00f3digo da pe\u00e7a que est\u00e1 instalada no seu ve\u00edculo.<\/h5>\n<h5>O que \u00e9 e para que serve a V\u00e1lvula Solenoide do Canister?<\/h5>\n<h5>A V\u00e1lvula Solenoide do canister \u00e9 um componente do sistema de controle de emiss\u00f5es de evaporativos em ve\u00edculos automotores. Essa v\u00e1lvula desempenha um papel crucial na gest\u00e3o dos vapores de combust\u00edvel evaporados que s\u00e3o emitidos pelo sistema de combust\u00edvel do ve\u00edculo.<\/h5>\n<h5>A Casa da Inje\u00e7\u00e3o oferece total garantia nos produtos comprados em nosso site.<\/h5>\n<ol>\n<li>\n<h5>Cada item \u00e9 rigorosamente testado antes do envio<\/h5>\n<\/li>\n<li>\n<h5>Se os itens estiverem danificados ou parcialmente defeituosos, entre em contato conosco.<\/h5>\n<\/li>\n<\/ol>\n<h5>Se houver qualquer defeito, n\u00f3s lhe enviaremos uma substitui\u00e7\u00e3o ap\u00f3s receber o pacote ou devolvemos seu dinheiro.<\/h5>\n<h5>Leia nossa <span style=\"color: #ff0000;\"><a style=\"color: #ff0000;\" href=\"https:\/\/www.casadainjecao.com.br\/loja\/politica-de-devolucao\">pol\u00edtica de devolu\u00e7\u00e3o aqui<\/a><\/span><\/h5>\n<h5>&#8212;&#8212;&#8212;&#8212;&#8212;&#8212;&#8212;&#8212;&#8212;&#8212;&#8212;&#8212;&#8212;&#8212;&#8212;&#8212;&#8212;&#8212;&#8212;&#8211;<\/h5>\n<h5><strong>Tem alguma d\u00favida?<\/strong><\/h5>\n<h5>Entre em contato que podemos ajudar!<\/h5>\n<h5>Confira as informa\u00e7\u00f5es adicionais abaixo:<\/h5>\n<ul>\n<li>\n<h5>Todos os nossos produtos s\u00e3o novos, semi-novos, originais e paralelos possuem garantia.<\/h5>\n<\/li>\n<li>\n<h5>Todos os produtos anunciados est\u00e3o dispon\u00edveis em estoque e s\u00e3o enviados com extrema rapidez.<\/h5>\n<\/li>\n<li>\n<h5>O frete pode ser simulado antes de efetuar a compra, basta clicar em \u201cver custos de envio\u201d.<\/h5>\n<\/li>\n<li>\n<h5>Verifique o endere\u00e7o de entrega cadastrado e atualize caso necess\u00e1rio.<\/h5>\n<\/li>\n<li>\n<h5>Confirme se a pe\u00e7a \u00e9 correta para o seu modelo de ve\u00edculo.<\/h5>\n<\/li>\n<li>\n<h5>Para pe\u00e7as automotivas, recomendamos a instala\u00e7\u00e3o por um profissional especializado.<\/h5>\n<\/li>\n<\/ul>\n<h5>Caso possua outras d\u00favidas, entre em contato.<\/h5>\n","protected":false},"excerpt":{"rendered":"<h2>V\u00c1LVULA SOLENOIDE DO CANISTER PURGA &#8211; 96985666, 0280142502<\/h2>\n","protected":false},"featured_media":28820,"template":"","meta":{"_seopress_robots_primary_cat":"none","_seopress_titles_title":"","_seopress_titles_desc":"","_seopress_robots_index":"","_joinchat":[]},"product_cat":[21,271],"product_tag":[112,1366,1263,113],"berocket_brand":[381],"_links":{"self":[{"href":"https:\/\/www.casadainjecao.com.br\/loja\/wp-json\/wp\/v2\/product\/28817"}],"collection":[{"href":"https:\/\/www.casadainjecao.com.br\/loja\/wp-json\/wp\/v2\/product"}],"about":[{"href":"https:\/\/www.casadainjecao.com.br\/loja\/wp-json\/wp\/v2\/types\/product"}],"wp:featuredmedia":[{"embeddable":true,"href":"https:\/\/www.casadainjecao.com.br\/loja\/wp-json\/wp\/v2\/media\/28820"}],"wp:attachment":[{"href":"https:\/\/www.casadainjecao.com.br\/loja\/wp-json\/wp\/v2\/media?parent=28817"}],"wp:term":[{"taxonomy":"product_cat","embeddable":true,"href":"https:\/\/www.casadainjecao.com.br\/loja\/wp-json\/wp\/v2\/product_cat?post=28817"},{"taxonomy":"product_tag","embeddable":true,"href":"https:\/\/www.casadainjecao.com.br\/loja\/wp-json\/wp\/v2\/product_tag?post=28817"},{"taxonomy":"berocket_brand","embeddable":true,"href":"https:\/\/www.casadainjecao.com.br\/loja\/wp-json\/wp\/v2\/berocket_brand?post=28817"}],"curies":[{"name":"wp","href":"https:\/\/api.w.org\/{rel}","templated":true}]}}