{"id":28826,"date":"2024-02-09T14:59:26","date_gmt":"2024-02-09T17:59:26","guid":{"rendered":"https:\/\/www.casadainjecao.com.br\/loja\/?post_type=product&#038;p=28826"},"modified":"2025-12-05T07:00:59","modified_gmt":"2025-12-05T10:00:59","slug":"cinta-hard-disc-airbag-volante-onix-2020-original-26336098","status":"publish","type":"product","link":"https:\/\/www.casadainjecao.com.br\/loja\/autopecas\/interior\/airbag\/cinta-hard-disc-airbag-volante-onix-2020-original-26336098\/","title":{"rendered":"Cinta Hard Disc Airbag Volante Onix 2020 Original &#8211; 26"},"content":{"rendered":"<h2>Cinta Hard Disc Airbag Volante<\/h2>\n<p>CHEVROLET<\/p>\n<p>Chevrolet Onix 2020 a 2022<\/p>\n<p>Chevrolet Onix Plus 2020 a 2022<\/p>\n<p>Chevrolet Tracker 2020 a 2022<\/p>\n<h4>C\u00f3digo de Refer\u00eancia:<\/h4>\n<p>26336098, 901725925<\/p>\n<h4>Condi\u00e7\u00f5es:<\/h4>\n<p>Novo Original \/ Marca<\/p>\n<h4>Garantia:<\/h4>\n<p>3 Meses<\/p>\n<h3>APLICA\u00c7\u00c3O:<\/h3>\n<p>Linha Chevrolet<\/p>\n<h3><strong>ATEN\u00c7\u00c3O<\/strong>: Antes de efetuar a compra verifique o c\u00f3digo da pe\u00e7a que est\u00e1 instalada no seu ve\u00edculo.<\/h3>\n<h4>O que \u00e9 e para que serve a Cinta Hard Disc Airbag?<\/h4>\n<p>A Cinta de Airbag ou ( Hard Disc ) como tamb\u00e9m \u00e9 conhecida, serve para transmitir \u00e0s fun\u00e7\u00f5es do volante para o carro como por exemplo a buzina, controles de som, piloto autom\u00e1tico, seta e etc.<\/p>\n<p>&nbsp;<\/p>\n<p>A Casa da Inje\u00e7\u00e3o oferece total garantia nos produtos comprados em nosso site.<\/p>\n<ol>\n<li>Cada item \u00e9 rigorosamente testado antes do envio<\/li>\n<li>Se os itens estiverem danificados ou parcialmente defeituosos, entre em contato conosco.<\/li>\n<\/ol>\n<p>Se houver qualquer defeito, n\u00f3s lhe enviaremos uma substitui\u00e7\u00e3o ap\u00f3s receber o pacote ou devolvemos seu dinheiro.<\/p>\n<p>Leia nossa <span style=\"color: #ff0000;\"><a style=\"color: #ff0000;\" href=\"https:\/\/www.casadainjecao.com.br\/loja\/politica-de-devolucao\">pol\u00edtica de devolu\u00e7\u00e3o aqui<\/a><\/span><\/p>\n<p>&#8212;&#8212;&#8212;&#8212;&#8212;&#8212;&#8212;&#8212;&#8212;&#8212;&#8212;&#8212;&#8212;&#8212;&#8212;&#8212;&#8212;&#8212;&#8212;&#8211;<\/p>\n<p><strong>Tem alguma d\u00favida?<\/strong><\/p>\n<p>Entre em contato que podemos ajudar!<\/p>\n<p>Confira as informa\u00e7\u00f5es adicionais abaixo:<\/p>\n<ul>\n<li>Todos os nossos produtos s\u00e3o novos, semi-novos, originais e paralelos possuem garantia.<\/li>\n<li>Todos os produtos anunciados est\u00e3o dispon\u00edveis em estoque e s\u00e3o enviados com extrema rapidez.<\/li>\n<li>O frete pode ser simulado antes de efetuar a compra, basta clicar em \u201cver custos de envio\u201d.<\/li>\n<li>Verifique o endere\u00e7o de entrega cadastrado e atualize caso necess\u00e1rio.<\/li>\n<li>Confirme se a pe\u00e7a \u00e9 correta para o seu modelo de ve\u00edculo.<\/li>\n<li>Para pe\u00e7as automotivas, recomendamos a instala\u00e7\u00e3o por um profissional especializado.<\/li>\n<\/ul>\n<p>Caso possua outras d\u00favidas, entre em contato.<\/p>\n","protected":false},"excerpt":{"rendered":"<h2>Cinta Hard Disc Airbag Volante Onix 2020 Original &#8211; 26336098, 901725925<\/h2>\n","protected":false},"featured_media":28829,"template":"","meta":{"_seopress_robots_primary_cat":"none","_seopress_titles_title":"","_seopress_titles_desc":"","_seopress_robots_index":"","_kad_blocks_custom_css":"","_kad_blocks_head_custom_js":"","_kad_blocks_body_custom_js":"","_kad_blocks_footer_custom_js":"","_joinchat":[]},"product_cat":[1303,24],"product_tag":[1366,111],"berocket_brand":[381],"taxonomy_info":{"product_cat":[{"value":1303,"label":"Airbag"},{"value":24,"label":"Interior"}],"product_tag":[{"value":1366,"label":"Onix"},{"value":111,"label":"Tracker"}],"berocket_brand":[{"value":381,"label":"Chevrolet"}]},"featured_image_src_large":["https:\/\/www.casadainjecao.com.br\/loja\/wp-content\/uploads\/2024\/02\/26336098-1-620x780.jpg",620,780,true],"author_info":[],"comment_info":"","_links":{"self":[{"href":"https:\/\/www.casadainjecao.com.br\/loja\/wp-json\/wp\/v2\/product\/28826"}],"collection":[{"href":"https:\/\/www.casadainjecao.com.br\/loja\/wp-json\/wp\/v2\/product"}],"about":[{"href":"https:\/\/www.casadainjecao.com.br\/loja\/wp-json\/wp\/v2\/types\/product"}],"wp:featuredmedia":[{"embeddable":true,"href":"https:\/\/www.casadainjecao.com.br\/loja\/wp-json\/wp\/v2\/media\/28829"}],"wp:attachment":[{"href":"https:\/\/www.casadainjecao.com.br\/loja\/wp-json\/wp\/v2\/media?parent=28826"}],"wp:term":[{"taxonomy":"product_cat","embeddable":true,"href":"https:\/\/www.casadainjecao.com.br\/loja\/wp-json\/wp\/v2\/product_cat?post=28826"},{"taxonomy":"product_tag","embeddable":true,"href":"https:\/\/www.casadainjecao.com.br\/loja\/wp-json\/wp\/v2\/product_tag?post=28826"},{"taxonomy":"berocket_brand","embeddable":true,"href":"https:\/\/www.casadainjecao.com.br\/loja\/wp-json\/wp\/v2\/berocket_brand?post=28826"}],"curies":[{"name":"wp","href":"https:\/\/api.w.org\/{rel}","templated":true}]}}