{"id":28836,"date":"2024-02-09T16:59:03","date_gmt":"2024-02-09T19:59:03","guid":{"rendered":"https:\/\/www.casadainjecao.com.br\/loja\/?post_type=product&#038;p=28836"},"modified":"2025-08-05T15:21:37","modified_gmt":"2025-08-05T18:21:37","slug":"valvula-solenoide-pressao-oleo-tucson-sportage-24355-23800","status":"publish","type":"product","link":"https:\/\/www.casadainjecao.com.br\/loja\/autopecas\/injecao-eletronica\/valvula-canister\/valvula-solenoide-pressao-oleo-tucson-sportage-24355-23800\/","title":{"rendered":"V\u00e1lvula Solenoide Press\u00e3o \u00d3leo Tucson Sportage &#8211; 24"},"content":{"rendered":"<h2>V\u00e1lvula Solen\u00f3ide Press\u00e3o de \u00d3leo<\/h2>\n<p><strong>HYUNDAI<\/strong><\/p>\n<p>Hyundai i30 2.0 2010 at\u00e9 2012<\/p>\n<p>Hyundai Tucson 2.0 2006 at\u00e9 2016<\/p>\n<p>Hyundai Elantra 2.0 2012 at\u00e9 2016<\/p>\n<p><strong>KIA<\/strong><\/p>\n<p>Kia Sportage 2.0 2006 at\u00e9 2010<\/p>\n<h4>Especifica\u00e7\u00f5es:<\/h4>\n<p>Motores 2.0 16V DOHC<\/p>\n<h4>C\u00f3digo de Refer\u00eancia:<\/h4>\n<p>24355-23800, 24355-23770, 24355-23763, 2435523770, 2435523800, 2435523763<\/p>\n<h4>Condi\u00e7\u00f5es:<\/h4>\n<p>Novo Paralela \/ Marca Torken<\/p>\n<h4>Garantia:<\/h4>\n<p>3 Meses<\/p>\n<h3>APLICA\u00c7\u00c3O:<\/h3>\n<p>Linha Hyundai \/ Kia<\/p>\n<h3><strong>ATEN\u00c7\u00c3O<\/strong>: Antes de efetuar a compra verifique o c\u00f3digo da pe\u00e7a que est\u00e1 instalada no seu ve\u00edculo.<\/h3>\n<h4>O que \u00e9 e para que serve a V\u00e1lvula Solenoide?<\/h4>\n<p>A V\u00e1lvula Solenoide \u00e9 um dispositivos eletromec\u00e2nico que controla o fluxo de fluidos, como l\u00edquidos ou gases, em sistemas autom\u00e1ticos. Ela cont\u00eam uma bobina solenoide, que, quando energizada, cria um campo magn\u00e9tico capaz de movimentar um \u00eambolo ou uma haste, alterando assim o estado da v\u00e1lvula.<\/p>\n<p>&nbsp;<\/p>\n<p>A Casa da Inje\u00e7\u00e3o oferece total garantia nos produtos comprados em nosso site.<\/p>\n<ol>\n<li>Cada item \u00e9 rigorosamente testado antes do envio<\/li>\n<li>Se os itens estiverem danificados ou parcialmente defeituosos, entre em contato conosco.<\/li>\n<\/ol>\n<p>Se houver qualquer defeito, n\u00f3s lhe enviaremos uma substitui\u00e7\u00e3o ap\u00f3s receber o pacote ou devolvemos seu dinheiro.<\/p>\n<p>Leia nossa <span style=\"color: #ff0000;\"><a style=\"color: #ff0000;\" href=\"https:\/\/www.casadainjecao.com.br\/loja\/politica-de-devolucao\">pol\u00edtica de devolu\u00e7\u00e3o aqui<\/a><\/span><\/p>\n<p>&#8212;&#8212;&#8212;&#8212;&#8212;&#8212;&#8212;&#8212;&#8212;&#8212;&#8212;&#8212;&#8212;&#8212;&#8212;&#8212;&#8212;&#8212;&#8212;&#8211;<\/p>\n<p><strong>Tem alguma d\u00favida?<\/strong><\/p>\n<p>Entre em contato que podemos ajudar!<\/p>\n<p>Confira as informa\u00e7\u00f5es adicionais abaixo:<\/p>\n<ul>\n<li>Todos os nossos produtos s\u00e3o novos, semi-novos, originais e paralelos possuem garantia.<\/li>\n<li>Todos os produtos anunciados est\u00e3o dispon\u00edveis em estoque e s\u00e3o enviados com extrema rapidez.<\/li>\n<li>O frete pode ser simulado antes de efetuar a compra, basta clicar em \u201cver custos de envio\u201d.<\/li>\n<li>Verifique o endere\u00e7o de entrega cadastrado e atualize caso necess\u00e1rio.<\/li>\n<li>Confirme se a pe\u00e7a \u00e9 correta para o seu modelo de ve\u00edculo.<\/li>\n<li>Para pe\u00e7as automotivas, recomendamos a instala\u00e7\u00e3o por um profissional especializado.<\/li>\n<\/ul>\n<p>Caso possua outras d\u00favidas, entre em contato.<\/p>\n","protected":false},"excerpt":{"rendered":"<h2>V\u00e1lvula Solenoide Press\u00e3o \u00d3leo Tucson Sportage &#8211; 24355-23800<\/h2>\n","protected":false},"featured_media":28837,"template":"","meta":{"_seopress_robots_primary_cat":"none","_seopress_titles_title":"","_seopress_titles_desc":"","_seopress_robots_index":"","_joinchat":[]},"product_cat":[21,271],"product_tag":[697,1955,696,1340],"berocket_brand":[386,388],"_links":{"self":[{"href":"https:\/\/www.casadainjecao.com.br\/loja\/wp-json\/wp\/v2\/product\/28836"}],"collection":[{"href":"https:\/\/www.casadainjecao.com.br\/loja\/wp-json\/wp\/v2\/product"}],"about":[{"href":"https:\/\/www.casadainjecao.com.br\/loja\/wp-json\/wp\/v2\/types\/product"}],"wp:featuredmedia":[{"embeddable":true,"href":"https:\/\/www.casadainjecao.com.br\/loja\/wp-json\/wp\/v2\/media\/28837"}],"wp:attachment":[{"href":"https:\/\/www.casadainjecao.com.br\/loja\/wp-json\/wp\/v2\/media?parent=28836"}],"wp:term":[{"taxonomy":"product_cat","embeddable":true,"href":"https:\/\/www.casadainjecao.com.br\/loja\/wp-json\/wp\/v2\/product_cat?post=28836"},{"taxonomy":"product_tag","embeddable":true,"href":"https:\/\/www.casadainjecao.com.br\/loja\/wp-json\/wp\/v2\/product_tag?post=28836"},{"taxonomy":"berocket_brand","embeddable":true,"href":"https:\/\/www.casadainjecao.com.br\/loja\/wp-json\/wp\/v2\/berocket_brand?post=28836"}],"curies":[{"name":"wp","href":"https:\/\/api.w.org\/{rel}","templated":true}]}}