{"id":28843,"date":"2024-02-14T11:01:19","date_gmt":"2024-02-14T14:01:19","guid":{"rendered":"https:\/\/www.casadainjecao.com.br\/loja\/?post_type=product&#038;p=28843"},"modified":"2026-01-30T19:28:18","modified_gmt":"2026-01-30T22:28:18","slug":"sensor-temperatura-cruze-tracker-sonic-2012-a-2016-12636534","status":"publish","type":"product","link":"https:\/\/www.casadainjecao.com.br\/loja\/autopecas\/motor\/sensores-motor\/sensor-temperatura-cruze-tracker-sonic-2012-a-2016-12636534\/","title":{"rendered":"Sensor Temperatura Cruze Tracker Sonic 2012 a 2016 &#8211; 1"},"content":{"rendered":"<h2>Sensor Temperatura De \u00c1gua<\/h2>\n<p><strong>CHEVROLET<\/strong><\/p>\n<p>Chevrolet Cruze 1.8 &#8211; 2012 a 2016<\/p>\n<p>Chevrolet Sonic 1.6 &#8211; 2012 a 2016<\/p>\n<p>Chevrolet Tracker 1.8 &#8211; 2013 a 2016<\/p>\n<h4>C\u00f3digo de Refer\u00eancia:<\/h4>\n<p>12636534, MTE4160, 55353807, 1338246, 6338045, 55353807, 88353807, 55591401, 55591002, 55353807, 1338369, 1338370, 55563530, IG2010873, VC44160<\/p>\n<h4>Condi\u00e7\u00f5es:<\/h4>\n<p>Novo Paralela \/ Marca Torken<\/p>\n<h4>Garantia:<\/h4>\n<p>3 Meses<\/p>\n<h3>APLICA\u00c7\u00c3O:<\/h3>\n<p>Linha Chevrolet<\/p>\n<h3><strong>ATEN\u00c7\u00c3O<\/strong>: Antes de efetuar a compra verifique o c\u00f3digo da pe\u00e7a que est\u00e1 instalada no seu ve\u00edculo.<\/h3>\n<h4>O que \u00e9 e para que serve o Sensor Temperatura?<\/h4>\n<p>O Sensor de Temperatura \u00e9 um componente importante em ve\u00edculos e em muitos outros sistemas mec\u00e2nicos e eletr\u00f4nicos. Sua principal fun\u00e7\u00e3o \u00e9 medir a temperatura em um determinado ambiente ou componente e fornecer informa\u00e7\u00f5es precisas sobre essa temperatura para o sistema de controle.<\/p>\n<p>&nbsp;<\/p>\n<p>A Casa da Inje\u00e7\u00e3o oferece total garantia nos produtos comprados em nosso site.<\/p>\n<ol>\n<li>Cada item \u00e9 rigorosamente testado antes do envio<\/li>\n<li>Se os itens estiverem danificados ou parcialmente defeituosos, entre em contato conosco.<\/li>\n<\/ol>\n<p>Se houver qualquer defeito, n\u00f3s lhe enviaremos uma substitui\u00e7\u00e3o ap\u00f3s receber o pacote ou devolvemos seu dinheiro.<\/p>\n<p>Leia nossa <span style=\"color: #ff0000;\"><a style=\"color: #ff0000;\" href=\"https:\/\/www.casadainjecao.com.br\/loja\/politica-de-devolucao\">pol\u00edtica de devolu\u00e7\u00e3o aqui<\/a><\/span><\/p>\n<p>&#8212;&#8212;&#8212;&#8212;&#8212;&#8212;&#8212;&#8212;&#8212;&#8212;&#8212;&#8212;&#8212;&#8212;&#8212;&#8212;&#8212;&#8212;&#8212;&#8211;<\/p>\n<p><strong>Tem alguma d\u00favida?<\/strong><\/p>\n<p>Entre em contato que podemos ajudar!<\/p>\n<p>Confira as informa\u00e7\u00f5es adicionais abaixo:<\/p>\n<ul>\n<li>Todos os nossos produtos s\u00e3o novos, semi-novos, originais e paralelos possuem garantia.<\/li>\n<li>Todos os produtos anunciados est\u00e3o dispon\u00edveis em estoque e s\u00e3o enviados com extrema rapidez.<\/li>\n<li>O frete pode ser simulado antes de efetuar a compra, basta clicar em \u201cver custos de envio\u201d.<\/li>\n<li>Verifique o endere\u00e7o de entrega cadastrado e atualize caso necess\u00e1rio.<\/li>\n<li>Confirme se a pe\u00e7a \u00e9 correta para o seu modelo de ve\u00edculo.<\/li>\n<li>Para pe\u00e7as automotivas, recomendamos a instala\u00e7\u00e3o por um profissional especializado.<\/li>\n<\/ul>\n<p>Caso possua outras d\u00favidas, entre em contato<\/p>\n","protected":false},"excerpt":{"rendered":"<h2>Sensor Temperatura Cruze Tracker Sonic 2012 a 2016 &#8211; 12636534, MTE4160, 55353807, 1338246, 6338045, 55353807, 88353807, 55591401, 55591002, 55353807, 1338369, 1338370, 55563530, IG2010873, VC44160<\/h2>\n","protected":false},"featured_media":28846,"template":"","meta":{"_seopress_robots_primary_cat":"none","_seopress_titles_title":"","_seopress_titles_desc":"","_seopress_robots_index":"","_joinchat":[]},"product_cat":[22,241],"product_tag":[847,1956],"berocket_brand":[381],"_links":{"self":[{"href":"https:\/\/www.casadainjecao.com.br\/loja\/wp-json\/wp\/v2\/product\/28843"}],"collection":[{"href":"https:\/\/www.casadainjecao.com.br\/loja\/wp-json\/wp\/v2\/product"}],"about":[{"href":"https:\/\/www.casadainjecao.com.br\/loja\/wp-json\/wp\/v2\/types\/product"}],"wp:featuredmedia":[{"embeddable":true,"href":"https:\/\/www.casadainjecao.com.br\/loja\/wp-json\/wp\/v2\/media\/28846"}],"wp:attachment":[{"href":"https:\/\/www.casadainjecao.com.br\/loja\/wp-json\/wp\/v2\/media?parent=28843"}],"wp:term":[{"taxonomy":"product_cat","embeddable":true,"href":"https:\/\/www.casadainjecao.com.br\/loja\/wp-json\/wp\/v2\/product_cat?post=28843"},{"taxonomy":"product_tag","embeddable":true,"href":"https:\/\/www.casadainjecao.com.br\/loja\/wp-json\/wp\/v2\/product_tag?post=28843"},{"taxonomy":"berocket_brand","embeddable":true,"href":"https:\/\/www.casadainjecao.com.br\/loja\/wp-json\/wp\/v2\/berocket_brand?post=28843"}],"curies":[{"name":"wp","href":"https:\/\/api.w.org\/{rel}","templated":true}]}}