{"id":28877,"date":"2024-02-15T15:11:20","date_gmt":"2024-02-15T18:11:20","guid":{"rendered":"https:\/\/www.casadainjecao.com.br\/loja\/?post_type=product&#038;p=28877"},"modified":"2025-11-11T10:21:18","modified_gmt":"2025-11-11T13:21:18","slug":"sonda-lambda-bosch-original-vw-gol-1-0-2003-pre-pos-0258006980","status":"publish","type":"product","link":"https:\/\/www.casadainjecao.com.br\/loja\/autopecas\/injecao-eletronica\/sonda-lambda\/sonda-lambda-bosch-original-vw-gol-1-0-2003-pre-pos-0258006980\/","title":{"rendered":"Sonda Lambda Bosch Original Vw Gol 1.0 2003 Pr\u00e9\/P\u00f3s &#8211"},"content":{"rendered":"<h2>Sonda Lambda Bosch Original Pr\u00e9 E P\u00f3s<\/h2>\n<p><strong>AUDI<\/strong><\/p>\n<p>Audi S3 1.8 quattro 2001 \u00e0 2003<\/p>\n<p>Audi TT 1.8 T Coupe quattro 2001 \u00e0 2006<\/p>\n<p>Audi TT 1.8 T Roadster quattro 2001 \u00e0 2006<\/p>\n<p><strong>VOLKSWAGEN<\/strong><\/p>\n<p>Volkswagen Crossfox 1.6 Flex 2005 em diante<\/p>\n<p>Volkswagen Fox 1.0 Flex 2008 \u00e0 2015<\/p>\n<p>Volkswagen Fox 1.6 Gasolina 2003 em diante<\/p>\n<p>Volkswagen Fox 1.6 Flex 2003 \u00e0 2014<\/p>\n<p>Volkswagen Gol 1.0 1.6 1.8 Flex 2003 \u00e0 2015<\/p>\n<p>Volkswagen Gol G3 1.0 Flex 2005 2006 (Pr\u00e9\/P\u00f3s)<\/p>\n<p>Volkswagen Gol G3 1.6 Flex 2003 2004 2005 (Pr\u00e9\/P\u00f3s)<\/p>\n<p>Volkswagen Gol G3 1.8 Flex 2005 (Pr\u00e9\/P\u00f3s)<\/p>\n<p>Volkswagen Gol G4 1.0 Flex 2005 2006 2007 2008 (Pr\u00e9\/P\u00f3s) Motor BTY<\/p>\n<p>Volkswagen Gol G4 1.0 Flex 2005 2006 2007 Mar.2008 (Pr\u00e9) 2010 2011 2012 2013 (P\u00f3s) Motor BNW<\/p>\n<p>Volkswagen Gol G4 1.6 Flex 2005 2006 2007 2008 (Pr\u00e9\/P\u00f3s)<\/p>\n<p>Volkswagen Gol G4 1.8 Flex 2005 2006 2007 2008 (Pr\u00e9\/P\u00f3s)<\/p>\n<p>Volkswagen Golf 1.6 Gasolina 2001 \u00e0 2007<\/p>\n<p>Volkswagen Golf 1.6 Flex 2006 \u00e0 2013<\/p>\n<p>Volkswagen Golf 2.0 Gasolina 2002 \u00e0 2008<\/p>\n<p>Volkswagen Golf 2.0 Flex 2008 \u00e0 2013<\/p>\n<p>Volkswagen Kombi 1.4 Flex 2006 \u00e0 2013<\/p>\n<p>Volkswagen Parati 1.6 Flex 2003 \u00e0 2012<\/p>\n<p>Volkswagen Parati 1.8 Flex 2005 \u00e0 2008<\/p>\n<p>Volkswagen Polo 1.6 Gasolina 2002 \u00e0 2006<\/p>\n<p>Volkswagen Polo 1.6 Flex 2004 em diante<\/p>\n<p>Volkswagen Polo 2.0 Gasolina 2002 \u00e0 2008<\/p>\n<p>Volkswagen Saveiro 1.6 Flex 2003 \u00e0 2009<\/p>\n<p>Volkswagen Saveiro 1.8 Flex 2005 \u00e0 2009<\/p>\n<p>Volkswagen Saveiro G5 1.6 Flex 2009 em diante<\/p>\n<p>Volkswagen Spacecross 1.6 Flex 2011 em diante<\/p>\n<p>Volkswagen Spacefox 1.6 Flex 2006 em diante<\/p>\n<p>Volkswagen Voyage 1.0 Flex 2008 em diante<\/p>\n<p>Volkswagen Voyage 1.6 Flex 2008 em diante<\/p>\n<h4>C\u00f3digo de Refer\u00eancia:<\/h4>\n<p>0258006980 \/ 030906262R \/ 030906262Q \/ 5Z0906262 \/ 06A906262C \/ 06A906262BB \/ 1K0998161AC \/ 06A906262BP<\/p>\n<h4>Condi\u00e7\u00f5es:<\/h4>\n<p>Novo Original \/ Marca Bosch<\/p>\n<h4>Especifica\u00e7\u00f5es:<\/h4>\n<p>Embalagem cont\u00e9m 1 sonda bosch original pr\u00e9 e p\u00f3s catalisadora, comprimento: 77cm 4 cabos, 4 fios (2 brancos 1 cinza 1 preto), 1 manual<\/p>\n<h4>Garantia:<\/h4>\n<p>3 Meses<\/p>\n<h3>APLICA\u00c7\u00c3O:<\/h3>\n<p>Linha Audi \/ Volkswagen<\/p>\n<h3><strong>ATEN\u00c7\u00c3O<\/strong>: Antes de efetuar a compra verifique o c\u00f3digo da pe\u00e7a que est\u00e1 instalada no seu ve\u00edculo.<\/h3>\n<h4>O que \u00e9 e para que serve a Sonda Lambda Pr\u00e9 e P\u00f3s Catalisadora?<\/h4>\n<p>A Sonda Lambda pr\u00e9 e p\u00f3s-catalisadora s\u00e3o componentes importantes em sistemas de controle de emiss\u00f5es de ve\u00edculos equipados com motores a combust\u00e3o interna. Essas sondas t\u00eam como fun\u00e7\u00e3o monitorar e controlar a quantidade de oxig\u00eanio nos gases de escape, fornecendo informa\u00e7\u00f5es cruciais para o sistema de controle do motor e para o catalisador.<\/p>\n<p>&nbsp;<\/p>\n<p>A Casa da Inje\u00e7\u00e3o oferece total garantia nos produtos comprados em nosso site.<\/p>\n<ol>\n<li>Cada item \u00e9 rigorosamente testado antes do envio<\/li>\n<li>Se os itens estiverem danificados ou parcialmente defeituosos, entre em contato conosco.<\/li>\n<\/ol>\n<p>Se houver qualquer defeito, n\u00f3s lhe enviaremos uma substitui\u00e7\u00e3o ap\u00f3s receber o pacote ou devolvemos seu dinheiro.<\/p>\n<p>Leia nossa <span style=\"color: #ff0000;\"><a style=\"color: #ff0000;\" href=\"https:\/\/www.casadainjecao.com.br\/loja\/politica-de-devolucao\">pol\u00edtica de devolu\u00e7\u00e3o aqui<\/a><\/span><\/p>\n<p>&#8212;&#8212;&#8212;&#8212;&#8212;&#8212;&#8212;&#8212;&#8212;&#8212;&#8212;&#8212;&#8212;&#8212;&#8212;&#8212;&#8212;&#8212;&#8212;&#8211;<\/p>\n<p><strong>Tem alguma d\u00favida?<\/strong><\/p>\n<p>Entre em contato que podemos ajudar!<\/p>\n<p>Confira as informa\u00e7\u00f5es adicionais abaixo:<\/p>\n<ul>\n<li>Todos os nossos produtos s\u00e3o novos, semi-novos, originais e paralelos possuem garantia.<\/li>\n<li>Todos os produtos anunciados est\u00e3o dispon\u00edveis em estoque e s\u00e3o enviados com extrema rapidez.<\/li>\n<li>O frete pode ser simulado antes de efetuar a compra, basta clicar em \u201cver custos de envio\u201d.<\/li>\n<li>Verifique o endere\u00e7o de entrega cadastrado e atualize caso necess\u00e1rio.<\/li>\n<li>Confirme se a pe\u00e7a \u00e9 correta para o seu modelo de ve\u00edculo.<\/li>\n<li>Para pe\u00e7as automotivas, recomendamos a instala\u00e7\u00e3o por um profissional especializado.<\/li>\n<\/ul>\n<p>Caso possua outras d\u00favidas, entre em contato<\/p>\n","protected":false},"excerpt":{"rendered":"<h2>Sonda Lambda Bosch Original Vw Gol 1.0 2003 Pr\u00e9\/P\u00f3s &#8211; 0258006980 \/ 030906262R \/ 030906262Q \/ 5Z0906262 \/ 06A906262C \/ 06A906262BB \/ 1K0998161AC \/ 06A906262BP<\/h2>\n","protected":false},"featured_media":28880,"template":"","meta":{"_seopress_robots_primary_cat":"none","_seopress_titles_title":"","_seopress_titles_desc":"","_seopress_robots_index":"","_joinchat":[]},"product_cat":[21,270],"product_tag":[1958,1959,1477,76,59,698,757,232,75,60,1476,1086],"berocket_brand":[378,396],"_links":{"self":[{"href":"https:\/\/www.casadainjecao.com.br\/loja\/wp-json\/wp\/v2\/product\/28877"}],"collection":[{"href":"https:\/\/www.casadainjecao.com.br\/loja\/wp-json\/wp\/v2\/product"}],"about":[{"href":"https:\/\/www.casadainjecao.com.br\/loja\/wp-json\/wp\/v2\/types\/product"}],"wp:featuredmedia":[{"embeddable":true,"href":"https:\/\/www.casadainjecao.com.br\/loja\/wp-json\/wp\/v2\/media\/28880"}],"wp:attachment":[{"href":"https:\/\/www.casadainjecao.com.br\/loja\/wp-json\/wp\/v2\/media?parent=28877"}],"wp:term":[{"taxonomy":"product_cat","embeddable":true,"href":"https:\/\/www.casadainjecao.com.br\/loja\/wp-json\/wp\/v2\/product_cat?post=28877"},{"taxonomy":"product_tag","embeddable":true,"href":"https:\/\/www.casadainjecao.com.br\/loja\/wp-json\/wp\/v2\/product_tag?post=28877"},{"taxonomy":"berocket_brand","embeddable":true,"href":"https:\/\/www.casadainjecao.com.br\/loja\/wp-json\/wp\/v2\/berocket_brand?post=28877"}],"curies":[{"name":"wp","href":"https:\/\/api.w.org\/{rel}","templated":true}]}}