{"id":28885,"date":"2024-02-15T17:00:10","date_gmt":"2024-02-15T20:00:10","guid":{"rendered":"https:\/\/www.casadainjecao.com.br\/loja\/?post_type=product&#038;p=28885"},"modified":"2025-11-11T10:26:15","modified_gmt":"2025-11-11T13:26:15","slug":"boia-sensor-nivel-bosch-honda-civic-2007-a-2011-f000te112m","status":"publish","type":"product","link":"https:\/\/www.casadainjecao.com.br\/loja\/autopecas\/injecao-eletronica\/sensor-de-nivel\/boia-sensor-nivel-bosch-honda-civic-2007-a-2011-f000te112m\/","title":{"rendered":"Boia Sensor N\u00edvel Bosch Honda Civic 2007 a 2011 &#8211; F00"},"content":{"rendered":"<h2>Boia de Combust\u00edvel Sensor N\u00edvel Original Bosch<\/h2>\n<p><strong>HONDA<\/strong><\/p>\n<p>Honda New Civic Flex 2007 a 2011<\/p>\n<h4>C\u00d3DIGO DE REFER\u00caNCIA:<\/h4>\n<p>F000TE1 12M, F000TE1 12M-741, 17047SNZ000, 1582894187<\/p>\n<h4>CONDI\u00c7\u00d5ES:<\/h4>\n<p>Novo Original \/ Marca Bosch<\/p>\n<h4>ESPECIFICA\u00c7\u00d5ES:<\/h4>\n<p>Material: Pl\u00e1stico e Metal \/ Comprimento da boia: 245.000 mm \/ CHEIO: 48 a 52 \/ MEIO: 200 a 215 \/ VAZIO: 770 a 790<\/p>\n<h4>Garantia:<\/h4>\n<p>3 Meses<\/p>\n<h3>APLICA\u00c7\u00c3O:<\/h3>\n<p>Linha Honda<\/p>\n<h3><strong>ATEN\u00c7\u00c3O<\/strong>: Antes de efetuar a compra verifique o c\u00f3digo da pe\u00e7a que est\u00e1 instalada no seu ve\u00edculo.<\/h3>\n<h4>O que \u00e9 e para que serve a Boia de Combust\u00edvel com sensor de n\u00edvel?<\/h4>\n<p>A Boia de combust\u00edvel com sensor de n\u00edvel \u00e9 um componente importante do sistema de combust\u00edvel de um ve\u00edculo. Sua fun\u00e7\u00e3o principal \u00e9 medir o n\u00edvel de combust\u00edvel no tanque e enviar essa informa\u00e7\u00e3o ao painel de instrumentos do ve\u00edculo para que o motorista possa monitorar o n\u00edvel de combust\u00edvel.<\/p>\n<p>&nbsp;<\/p>\n<p>A Casa da Inje\u00e7\u00e3o oferece total garantia nos produtos comprados em nosso site.<\/p>\n<ol>\n<li>Cada item \u00e9 rigorosamente testado antes do envio<\/li>\n<li>Se os itens estiverem danificados ou parcialmente defeituosos, entre em contato conosco.<\/li>\n<\/ol>\n<p>Se houver qualquer defeito, n\u00f3s lhe enviaremos uma substitui\u00e7\u00e3o ap\u00f3s receber o pacote ou devolvemos seu dinheiro.<\/p>\n<p>Leia nossa <span style=\"color: #ff0000;\"><a style=\"color: #ff0000;\" href=\"https:\/\/www.casadainjecao.com.br\/loja\/politica-de-devolucao\">pol\u00edtica de devolu\u00e7\u00e3o aqui<\/a><\/span><\/p>\n<p>&#8212;&#8212;&#8212;&#8212;&#8212;&#8212;&#8212;&#8212;&#8212;&#8212;&#8212;&#8212;&#8212;&#8212;&#8212;&#8212;&#8212;&#8212;&#8212;&#8211;<\/p>\n<p><strong>Tem alguma d\u00favida?<\/strong><\/p>\n<p>Entre em contato que podemos ajudar!<\/p>\n<p>Confira as informa\u00e7\u00f5es adicionais abaixo:<\/p>\n<ul>\n<li>Todos os nossos produtos s\u00e3o novos, semi-novos, originais e paralelos possuem garantia.<\/li>\n<li>Todos os produtos anunciados est\u00e3o dispon\u00edveis em estoque e s\u00e3o enviados com extrema rapidez.<\/li>\n<li>O frete pode ser simulado antes de efetuar a compra, basta clicar em \u201cver custos de envio\u201d.<\/li>\n<li>Verifique o endere\u00e7o de entrega cadastrado e atualize caso necess\u00e1rio.<\/li>\n<li>Confirme se a pe\u00e7a \u00e9 correta para o seu modelo de ve\u00edculo.<\/li>\n<li>Para pe\u00e7as automotivas, recomendamos a instala\u00e7\u00e3o por um profissional especializado.<\/li>\n<\/ul>\n<p>Caso possua outras d\u00favidas, entre em contato<\/p>\n","protected":false},"excerpt":{"rendered":"<h2>Boia de Combust\u00edvel Sensor N\u00edvel Bosch Honda Civic 2007 a 2011 &#8211; F000TE112M, F000TE1 12M-741, 17047SNZ000<\/h2>\n","protected":false},"featured_media":28891,"template":"","meta":{"_seopress_robots_primary_cat":"none","_seopress_titles_title":"","_seopress_titles_desc":"","_seopress_robots_index":"","_joinchat":[]},"product_cat":[21,1532],"product_tag":[1960],"berocket_brand":[385],"_links":{"self":[{"href":"https:\/\/www.casadainjecao.com.br\/loja\/wp-json\/wp\/v2\/product\/28885"}],"collection":[{"href":"https:\/\/www.casadainjecao.com.br\/loja\/wp-json\/wp\/v2\/product"}],"about":[{"href":"https:\/\/www.casadainjecao.com.br\/loja\/wp-json\/wp\/v2\/types\/product"}],"wp:featuredmedia":[{"embeddable":true,"href":"https:\/\/www.casadainjecao.com.br\/loja\/wp-json\/wp\/v2\/media\/28891"}],"wp:attachment":[{"href":"https:\/\/www.casadainjecao.com.br\/loja\/wp-json\/wp\/v2\/media?parent=28885"}],"wp:term":[{"taxonomy":"product_cat","embeddable":true,"href":"https:\/\/www.casadainjecao.com.br\/loja\/wp-json\/wp\/v2\/product_cat?post=28885"},{"taxonomy":"product_tag","embeddable":true,"href":"https:\/\/www.casadainjecao.com.br\/loja\/wp-json\/wp\/v2\/product_tag?post=28885"},{"taxonomy":"berocket_brand","embeddable":true,"href":"https:\/\/www.casadainjecao.com.br\/loja\/wp-json\/wp\/v2\/berocket_brand?post=28885"}],"curies":[{"name":"wp","href":"https:\/\/api.w.org\/{rel}","templated":true}]}}