{"id":28907,"date":"2024-02-16T16:07:20","date_gmt":"2024-02-16T19:07:20","guid":{"rendered":"https:\/\/www.casadainjecao.com.br\/loja\/?post_type=product&#038;p=28907"},"modified":"2024-02-16T17:15:14","modified_gmt":"2024-02-16T20:15:14","slug":"sensor-nivel-combustivel-bosch-montana-nova-1-4-2009-f000te112n","status":"publish","type":"product","link":"https:\/\/www.casadainjecao.com.br\/loja\/autopecas\/injecao-eletronica\/sensor-de-nivel\/sensor-nivel-combustivel-bosch-montana-nova-1-4-2009-f000te112n\/","title":{"rendered":"Sensor N\u00edvel Combust\u00edvel Bosch Montana Nova 1.4 2009 &#821"},"content":{"rendered":"<h2>Sensor de n\u00edvel de combust\u00edvel Original Bosch<\/h2>\n<p><strong>CHEVROLET<\/strong><\/p>\n<p>Chevrolet Montana 1.4 Flex &#8211; 2009 em diante<\/p>\n<p>Chevrolet Montana Combo 1.4 Econo.Flex &#8211; 2007 em diante<\/p>\n<p>Chevrolet Meriva 1.4 FLEX (2008 a 2012)<\/p>\n<h4>C\u00f3digo de Refer\u00eancia:<\/h4>\n<p>F000TE144X \/ 1587410789 \/ 1587410795 \/ 94706443 \/ 94771728 \/ 0580314364 \/ 0580314365 \/ 0580314376 \/ 0580314377<\/p>\n<h4>Condi\u00e7\u00f5es:<\/h4>\n<p>Novo Original \/ Marca Bosch<\/p>\n<h4>Garantia:<\/h4>\n<p>3 Meses<\/p>\n<h3>APLICA\u00c7\u00c3O:<\/h3>\n<p>Linha Chevrolet<\/p>\n<h3><strong>ATEN\u00c7\u00c3O<\/strong>: Antes de efetuar a compra verifique o c\u00f3digo da pe\u00e7a que est\u00e1 instalada no seu ve\u00edculo.<\/h3>\n<h4>O que \u00e9 e para que serve o Sensor de N\u00edvel do Combust\u00edvel?<\/h4>\n<p>O Sensor de n\u00edvel do combust\u00edvel \u00e9 um componente importante do sistema de combust\u00edvel de um ve\u00edculo. Sua fun\u00e7\u00e3o principal \u00e9 medir o n\u00edvel de combust\u00edvel no tanque e enviar essa informa\u00e7\u00e3o ao painel de instrumentos do ve\u00edculo para que o motorista possa monitorar o n\u00edvel de combust\u00edvel.<\/p>\n<p>&nbsp;<\/p>\n<p>A Casa da Inje\u00e7\u00e3o oferece total garantia nos produtos comprados em nosso site.<\/p>\n<ol>\n<li>Cada item \u00e9 rigorosamente testado antes do envio<\/li>\n<li>Se os itens estiverem danificados ou parcialmente defeituosos, entre em contato conosco.<\/li>\n<\/ol>\n<p>Se houver qualquer defeito, n\u00f3s lhe enviaremos uma substitui\u00e7\u00e3o ap\u00f3s receber o pacote ou devolvemos seu dinheiro.<\/p>\n<p>Leia nossa <span style=\"color: #ff0000;\"><a style=\"color: #ff0000;\" href=\"https:\/\/www.casadainjecao.com.br\/loja\/politica-de-devolucao\">pol\u00edtica de devolu\u00e7\u00e3o aqui<\/a><\/span><\/p>\n<p>&#8212;&#8212;&#8212;&#8212;&#8212;&#8212;&#8212;&#8212;&#8212;&#8212;&#8212;&#8212;&#8212;&#8212;&#8212;&#8212;&#8212;&#8212;&#8212;&#8211;<\/p>\n<p><strong>Tem alguma d\u00favida?<\/strong><\/p>\n<p>Entre em contato que podemos ajudar!<\/p>\n<p>Confira as informa\u00e7\u00f5es adicionais abaixo:<\/p>\n<ul>\n<li>Todos os nossos produtos s\u00e3o novos, semi-novos, originais e paralelos possuem garantia.<\/li>\n<li>Todos os produtos anunciados est\u00e3o dispon\u00edveis em estoque e s\u00e3o enviados com extrema rapidez.<\/li>\n<li>O frete pode ser simulado antes de efetuar a compra, basta clicar em \u201cver custos de envio\u201d.<\/li>\n<li>Verifique o endere\u00e7o de entrega cadastrado e atualize caso necess\u00e1rio.<\/li>\n<li>Confirme se a pe\u00e7a \u00e9 correta para o seu modelo de ve\u00edculo.<\/li>\n<li>Para pe\u00e7as automotivas, recomendamos a instala\u00e7\u00e3o por um profissional especializado.<\/li>\n<\/ul>\n<p>Caso possua outras d\u00favidas, entre em contato<\/p>\n","protected":false},"excerpt":{"rendered":"<h2>Sensor N\u00edvel Combust\u00edvel Bosch Montana Nova 1.4 2009 &#8211; F000TE144X \/ 1587410789 \/ 1587410795 \/ 94706443 \/ 94771728 \/ 0580314364 \/ 0580314365 \/ 0580314376 \/ 0580314377<\/h2>\n","protected":false},"featured_media":28911,"template":"","meta":{"_seopress_robots_primary_cat":"none","_seopress_titles_title":"","_seopress_titles_desc":"","_seopress_robots_index":"","_kad_blocks_custom_css":"","_kad_blocks_head_custom_js":"","_kad_blocks_body_custom_js":"","_kad_blocks_footer_custom_js":"","_joinchat":[]},"product_cat":[21,1532],"product_tag":[117,296],"berocket_brand":[381],"taxonomy_info":{"product_cat":[{"value":21,"label":"Inje\u00e7\u00e3o Eletr\u00f4nica"},{"value":1532,"label":"Sensor de Nivel"}],"product_tag":[{"value":117,"label":"Meriva"},{"value":296,"label":"Montana"}],"berocket_brand":[{"value":381,"label":"Chevrolet"}]},"featured_image_src_large":["https:\/\/www.casadainjecao.com.br\/loja\/wp-content\/uploads\/2024\/02\/F000TE144X-3-846x780.jpg",640,590,true],"author_info":[],"comment_info":"","_links":{"self":[{"href":"https:\/\/www.casadainjecao.com.br\/loja\/wp-json\/wp\/v2\/product\/28907"}],"collection":[{"href":"https:\/\/www.casadainjecao.com.br\/loja\/wp-json\/wp\/v2\/product"}],"about":[{"href":"https:\/\/www.casadainjecao.com.br\/loja\/wp-json\/wp\/v2\/types\/product"}],"wp:featuredmedia":[{"embeddable":true,"href":"https:\/\/www.casadainjecao.com.br\/loja\/wp-json\/wp\/v2\/media\/28911"}],"wp:attachment":[{"href":"https:\/\/www.casadainjecao.com.br\/loja\/wp-json\/wp\/v2\/media?parent=28907"}],"wp:term":[{"taxonomy":"product_cat","embeddable":true,"href":"https:\/\/www.casadainjecao.com.br\/loja\/wp-json\/wp\/v2\/product_cat?post=28907"},{"taxonomy":"product_tag","embeddable":true,"href":"https:\/\/www.casadainjecao.com.br\/loja\/wp-json\/wp\/v2\/product_tag?post=28907"},{"taxonomy":"berocket_brand","embeddable":true,"href":"https:\/\/www.casadainjecao.com.br\/loja\/wp-json\/wp\/v2\/berocket_brand?post=28907"}],"curies":[{"name":"wp","href":"https:\/\/api.w.org\/{rel}","templated":true}]}}