{"id":28942,"date":"2024-02-22T11:35:37","date_gmt":"2024-02-22T14:35:37","guid":{"rendered":"https:\/\/www.casadainjecao.com.br\/loja\/?post_type=product&#038;p=28942"},"modified":"2024-12-23T11:13:17","modified_gmt":"2024-12-23T14:13:17","slug":"flange-tampa-bomba-combustivel-bosch-kombi-gol-g3-f000te13s1","status":"publish","type":"product","link":"https:\/\/www.casadainjecao.com.br\/loja\/autopecas\/injecao-eletronica\/tampa-flange-combustivel\/flange-tampa-bomba-combustivel-bosch-kombi-gol-g3-f000te13s1\/","title":{"rendered":"Tampa Flange Bomba Combust\u00edvel Bosch Kombi Gol G3 &#8211; F"},"content":{"rendered":"<h2>Tampa Flange Bomba Combust\u00edvel<\/h2>\n<p><strong>VOLKSWAGEN<\/strong><\/p>\n<p>Volskwagen Crossfox 1.6 8V TotalFlex (2005 a 2014) (Motor Ea111)<\/p>\n<p>Volskwagen\u00a0Fox 1.0 8V Gasolina (2003 a 2005) (Motor Ea111)<\/p>\n<p>Volskwagen\u00a0Fox 1.0 8V TotalFlex (2003 a 2014) (Motor Ea111)<\/p>\n<p>Volskwagen\u00a0Fox 1.6 8V Gasolina (2003 a 2004) (Motor Ea111)<\/p>\n<p>Volskwagen\u00a0Fox 1.6 8V TotalFlex (2005 a 2014) (Motor Ea111)<\/p>\n<p>Volskwagen Gol G3 1.0 MI \u00c1lcool (1999 a 2005) (Motor At)<\/p>\n<p>Volskwagen Gol G3 1.0 MI TotalFlex (2005 a 2006) (Motor Ea111)<\/p>\n<p>Volskwagen Gol G4 1.0 TotalFlex (2005 a 2013) (Motor Ea111)<\/p>\n<p>Volskwagen Gol G5 1.0 8V TotalFlex (2008 a 2012) (Motor Ea111)<\/p>\n<p>Volskwagen Gol G5 1.6 8V TotalFlex (2008 a 2012) (Motor Ea111)<\/p>\n<p>Volskwagen Gol G6 1.0 8V TotalFlex (2012 a 2016) (Motor Ea111)<\/p>\n<p>Volskwagen Gol G6 1.6 8V TotalFlex (2012 a 2016) (Motor Ea111)<\/p>\n<p>Volskwagen Gol G6 1.6 16v Msi 2014 2015 2016 (Motor CNXA MSI)<\/p>\n<p>Volskwagen Gol G7 1.0 12V 3 CILINDROS Mpi Flex (2016 a 2022) (Motor EA211)<\/p>\n<p>Volskwagen Golf 1.8 8V GL Gasolina (1996 a 1998)<\/p>\n<p>Volskwagen Golf 2.0 8V GLX Gasolina (1995 a 1998)<\/p>\n<p>Volskwagen Golf 1.6 8V TotalFlex (2006 a 2013) (Motor EA111)<\/p>\n<p>Volskwagen Golf 2.0 8V Gasolina (1999 a 2008)<\/p>\n<p>Volskwagen Kombi 1.4 TotalFlex (2006 a 2013) (Motor EA111)<\/p>\n<p>Volskwagen Polo 1.6 8V TotalFlex (2008 a 2014) (Motor Ea111)<\/p>\n<p>Volskwagen Polo Sedan 1.6 TotalFlex (2008 a 2014) (Motor Ea111)<\/p>\n<p>Volskwagen Saveiro G5 1.6 8V TotalFlex (2009 a 2014) (Motor Ea111)<\/p>\n<p>Volskwagen Saveiro G6 1.6 8V TotalFlex (2014 a 2016) (Motor Ea111)<\/p>\n<p>Volskwagen Saveiro Cross G6 1.6 16v Msi (2014 a 2016) (Motor CNXA MSI)<\/p>\n<p>Volskwagen Spacefox 1.6 8V TotalFlex (2008 a 2014) (Motor Ea111)<\/p>\n<p>Volskwagen Voyage 1.0 8V Flex G5 G6 (2008 a 2016) (Motor Ea111)<\/p>\n<p>Volskwagen Voyage 1.0 12V 3 CILINDROS Flex (2016 a 2023) (Motor Ea211)<\/p>\n<p>Volskwagen Voyage 1.6 8V Flex G5 G6 G7 (2008 a 2018) (Motor EA111)<\/p>\n<p><strong>AUDI<\/strong><\/p>\n<p>Volskwagen A3 1.8T 150cv Gasolina (1996 a 2003)<\/p>\n<p>Volskwagen A3 1.8T 180cv Gasolina (1998 a 2000)<\/p>\n<h4>C\u00f3digo de refer\u00eancia:<\/h4>\n<p>F000TE13S1, 1JE919051C, 1JE919051D, 1JE919052A, 5U0919051A,\u00a0 5X0919051E,\u00a0 5X0919051G, 5Z0919051<\/p>\n<h4>Condi\u00e7\u00f5es:<\/h4>\n<p>Novo Original\/ Marca Bosch<\/p>\n<h4>Especifica\u00e7\u00f5es:<\/h4>\n<p>1 Tampa Flange de Combust\u00edvel<\/p>\n<h4>Garantia:<\/h4>\n<p>3 Meses<\/p>\n<h3><strong>ATEN\u00c7\u00c3O<\/strong>: Antes de efetuar a compra verifique o c\u00f3digo da pe\u00e7a que est\u00e1 instalada no seu ve\u00edculo.<\/h3>\n<h3>APLICA\u00c7\u00c3O:<\/h3>\n<p>Linha Volkswagen \/ Audi<\/p>\n<p><strong>O que \u00e9 e para que serve a Tampa Flange da Bomba de Combust\u00edvel?<\/strong><\/p>\n<p>A Tampa flange da bomba de combust\u00edvel \u00e9 uma parte integrante do sistema de combust\u00edvel de um ve\u00edculo. Essa tampa \u00e9 geralmente instalada na parte superior do tanque de combust\u00edvel, a tampa flange da bomba de combust\u00edvel desempenha um papel crucial na opera\u00e7\u00e3o segura do sistema de combust\u00edvel do ve\u00edculo, fornecendo uma veda\u00e7\u00e3o herm\u00e9tica, suporte estrutural e conex\u00f5es para outros componentes. Ela \u00e9 uma parte essencial para garantir o correto funcionamento do ve\u00edculo e a seguran\u00e7a no manuseio do combust\u00edvel.<\/p>\n<p>&nbsp;<\/p>\n<p>A Casa da Inje\u00e7\u00e3o oferece total garantia nos produtos comprados em nosso site.<\/p>\n<ol>\n<li>Cada item \u00e9 rigorosamente testado antes do envio<\/li>\n<li>Se os itens estiverem danificados ou parcialmente defeituosos, entre em contato conosco.<\/li>\n<\/ol>\n<p>Se houver qualquer defeito, n\u00f3s lhe enviaremos uma substitui\u00e7\u00e3o ap\u00f3s receber o pacote ou devolvemos seu dinheiro.<\/p>\n<p>Leia nossa <span style=\"color: #ff0000;\"><a style=\"color: #ff0000;\" href=\"https:\/\/www.casadainjecao.com.br\/loja\/politica-de-devolucao\">pol\u00edtica de devolu\u00e7\u00e3o aqui<\/a><\/span><\/p>\n<p>&#8212;&#8212;&#8212;&#8212;&#8212;&#8212;&#8212;&#8212;&#8212;&#8212;&#8212;&#8212;&#8212;&#8212;&#8212;&#8212;&#8212;&#8212;&#8212;&#8211;<\/p>\n<h4>Tem alguma d\u00favida?<\/h4>\n<p>Entre em contato que podemos ajudar!<\/p>\n<p>Confira as informa\u00e7\u00f5es adicionais abaixo:<\/p>\n<ul>\n<li>Todos os nossos produtos s\u00e3o novos, semi-novos, originais, paralelos e possuem garantia.<\/li>\n<li>Todos os produtos anunciados est\u00e3o dispon\u00edveis em estoque e s\u00e3o enviados com extrema rapidez.<\/li>\n<li>O frete pode ser simulado antes de efetuar a compra, basta clicar em \u201cver custos de envio\u201d.<\/li>\n<li>Verifique o endere\u00e7o de entrega cadastrado e atualize caso necess\u00e1rio.<\/li>\n<li>Confirme se a pe\u00e7a \u00e9 correta para o seu modelo de ve\u00edculo.<\/li>\n<li>Para pe\u00e7as automotivas, recomendamos a instala\u00e7\u00e3o por um profissional especializado.<\/li>\n<\/ul>\n<p>Caso possua outras d\u00favidas, entre em contato.<\/p>\n","protected":false},"excerpt":{"rendered":"<h2>Tampa Flange Bomba Combust\u00edvel Bosch Kombi Gol G3 &#8211; F000TE13S1, 1JE919051C, 1JE919051D, 1JE919052A, 5U0919051A,\u00a0 5X0919051E,\u00a0 5X0919051G, 5Z0919051<\/h2>\n","protected":false},"featured_media":28946,"template":"","meta":{"_seopress_robots_primary_cat":"none","_seopress_titles_title":"","_seopress_titles_desc":"","_seopress_robots_index":"","_joinchat":[]},"product_cat":[21,1385],"product_tag":[1934,1962,76,59,698,757,75,60,1476,1086],"berocket_brand":[378,396],"_links":{"self":[{"href":"https:\/\/www.casadainjecao.com.br\/loja\/wp-json\/wp\/v2\/product\/28942"}],"collection":[{"href":"https:\/\/www.casadainjecao.com.br\/loja\/wp-json\/wp\/v2\/product"}],"about":[{"href":"https:\/\/www.casadainjecao.com.br\/loja\/wp-json\/wp\/v2\/types\/product"}],"wp:featuredmedia":[{"embeddable":true,"href":"https:\/\/www.casadainjecao.com.br\/loja\/wp-json\/wp\/v2\/media\/28946"}],"wp:attachment":[{"href":"https:\/\/www.casadainjecao.com.br\/loja\/wp-json\/wp\/v2\/media?parent=28942"}],"wp:term":[{"taxonomy":"product_cat","embeddable":true,"href":"https:\/\/www.casadainjecao.com.br\/loja\/wp-json\/wp\/v2\/product_cat?post=28942"},{"taxonomy":"product_tag","embeddable":true,"href":"https:\/\/www.casadainjecao.com.br\/loja\/wp-json\/wp\/v2\/product_tag?post=28942"},{"taxonomy":"berocket_brand","embeddable":true,"href":"https:\/\/www.casadainjecao.com.br\/loja\/wp-json\/wp\/v2\/berocket_brand?post=28942"}],"curies":[{"name":"wp","href":"https:\/\/api.w.org\/{rel}","templated":true}]}}