{"id":28956,"date":"2024-02-22T15:59:04","date_gmt":"2024-02-22T18:59:04","guid":{"rendered":"https:\/\/www.casadainjecao.com.br\/loja\/?post_type=product&#038;p=28956"},"modified":"2026-01-27T09:16:33","modified_gmt":"2026-01-27T12:16:33","slug":"bobina-ignicao-original-bosch-bmw-120i-320i-2005-0221504470","status":"publish","type":"product","link":"https:\/\/www.casadainjecao.com.br\/loja\/autopecas\/eletrica\/bobina-de-ignicao\/bobina-ignicao-original-bosch-bmw-120i-320i-2005-0221504470\/","title":{"rendered":"Bobina Igni\u00e7\u00e3o Original Bosch Bmw 120i 320i 2005- 02215044"},"content":{"rendered":"<h2>Bobina Igni\u00e7\u00e3o Original Bosch<\/h2>\n<p><strong>BMW<\/strong><\/p>\n<p>BMW 120i (2009 a 2012) Coupe<\/p>\n<p>BMW 125i (2013) Coupe<\/p>\n<p>BMW 130i (2006 a 2011)<\/p>\n<p>BMW 135i 2009 a 201o) Cabrio | Coupe<\/p>\n<p>BMW 320i (2005 a 2011)<\/p>\n<p>BMW 325i (2005) Touring |<\/p>\n<p>BMW 325i (2006) Coupe | | Touring |<\/p>\n<p>BMW325i (2007) Coupe | | Touring | Cabrio<\/p>\n<p>BMW 325i (2008 a 2012) Coupe | | Touring | Cabrio | xDrive | Touring xDrive | Coupe xDrive<\/p>\n<p>BMW 328i 2007 Coupe | | Touring | Cabrio<\/p>\n<p>BMW 328i 2013 Coupe | Cabrio | Coupe xDrive<\/p>\n<p>BMW 330i 2005 Touring |<\/p>\n<p>BMW 330i (2006 a 2007) Coupe | Touring |<\/p>\n<p>BMW 335i 2007 Coupe | | Touring | Cabrio<\/p>\n<p>BMW 335i (2008 a 2010) Coupe | | Touring | Coupe xDrive | Touring xDrive | xDrive | Cabrio<\/p>\n<p>BMW 525i (2005 a 2009) | Touring |<\/p>\n<p>BMW 530i (2005 a 2007) Touring |<\/p>\n<p>BMW 530i (2008 a 2010) Touring | | xDrive | Touring xDrive<\/p>\n<p>BMW 535i 2007<\/p>\n<p>BMW 535i (2008 a 2010)Touring xDrive | xDrive |<\/p>\n<p>BMW 550i 2009 GT<\/p>\n<p>BMW 550i 2010 | GT | GT xDrive | xDrive<\/p>\n<p>550i 2011 | GT | GT xDrive | xDrive | Touring<\/p>\n<p>BMW 550i 2012 | GT | GT xDrive | xDrive | Touring | GT xDrive | GT<\/p>\n<p>BMW 650i 2011 Cabrio | Coupe | Cabrio xDrive | Coupe xDrive<\/p>\n<p>BMW 650i 2012 Cabrio | Coupe | Cabrio xDrive | Coupe xDrive | GC xDrive | GC | Coupe xDrive | Cabrio xDrive | Coupe | Cabrio<\/p>\n<p>BMW 650i (2013 a 2014) GC xDrive | GC | Coupe xDrive | Cabrio xDrive | Coupe | Cabrio<\/p>\n<p>BMW\u00a0650i (2015 a 2016) GC | GC xDrive | Cabrio | Coupe | Cabrio xDrive | Coupe xDrive<\/p>\n<p>BMW 750i 2008<\/p>\n<p>BMW 750i (2009 a 2014) xDrive |<\/p>\n<p>BMW 760Li (2009 a 2012)<\/p>\n<p>BMW M5 (2012 a 2016)<\/p>\n<p>BMW M6 (2013 a 2016) GC | Coupe | Cabrio<\/p>\n<p>BMW X1 (2010 a 2011) xDrive 28 i | xDrive 25 i<\/p>\n<p>BMW X1 2012 xDrive 25 i<\/p>\n<p>BMW X3 (2006 a 2007) 2.5 si | 3.0 i | 3.0 si<\/p>\n<p>BMW X3 2008 2.5 si | 3.0 i | 3.0 si | xDrive 30 i | xDrive 28 i | xDrive 25 i<\/p>\n<p>BMW X3 2009 xDrive 30 i | xDrive 28 i | xDrive 25 i<\/p>\n<p>BMW X3 2010 xDrive 30 i | xDrive 28 i | xDrive 28 i | xDrive 25 i<\/p>\n<p>BMW X3 (2011 a 2012) xDrive 28 i<\/p>\n<p>BMW X5 (2006 a 2007) 3.0 si<\/p>\n<p>BMW X5 (2008 a 2010) 3.0 si | xDrive 30 i<\/p>\n<p>BMW X5 2011 a 2016 M | xDrive 50 i<\/p>\n<p>BMW X6 2008 xDrive 35 i | xDrive 50 i<\/p>\n<p>BMW X6 (2009 a 2010) M | xDrive 35 i | xDrive 50 i<\/p>\n<p>BMW X6 (2011 a 2013) M | xDrive 50 i<\/p>\n<p>BMW X6 2014 M | xDrive 50 i | xDrive 50 i<\/p>\n<p>BMW Z4 (2006 a 2008) 2.5 si | 2.5 i | 3.0 si | 3.0 i | 3.0 si Coupe<\/p>\n<p>BMW Z4 (2009 a 2016) sDrive 30 i | sDrive 35 i<\/p>\n<h4><strong>C\u00f3digo de refer\u00eancia:<\/strong><\/h4>\n<p>0221504470 \/ 5970 A8 \/ 98 067 027 80; 98 067 027 80 \/ 1618 V3 \/ 12 13 8 647 689 \/ 12 13 7 571 643 \/ \u00a012 13 7 594 937 \/ \u00a012 13 8 647 689 \/ \u00a012 13 8 647 689 \/ 12 13 7 594 938 \/ 98 067 027 80<\/p>\n<p><strong>Condi\u00e7\u00f5es:<\/strong><\/p>\n<p>Novo Original \/ Marca Bosch<\/p>\n<p><strong>Garantia:<\/strong><\/p>\n<p>3 Meses<strong>\u00a0<\/strong><\/p>\n<h3><strong>APLICA\u00c7\u00c3O:<\/strong><\/h3>\n<p>Linha BMW<\/p>\n<h3><strong> ATEN\u00c7\u00c3O: Antes de efetuar a compra verifique o c\u00f3digo da pe\u00e7a que est\u00e1 instalada no seu ve\u00edculo.<\/strong><\/h3>\n<h4><strong>O que \u00e9 e para que serve o Bobina Igni\u00e7\u00e3o?<\/strong><\/h4>\n<p>A Bobina de igni\u00e7\u00e3o a sua fun\u00e7\u00e3o principal \u00e9 iniciar a combust\u00e3o da mistura ar\/combust\u00edvel, permitindo o funcionamento do motor. Ela \u00e9 essencial para o desempenho, a efici\u00eancia e o controle de emiss\u00f5es de ve\u00edculos a motor.<\/p>\n<p>&nbsp;<\/p>\n<p>A Casa da Inje\u00e7\u00e3o oferece total garantia nos produtos comprados em nosso site.<\/p>\n<ol>\n<li>Cada item \u00e9 rigorosamente testado antes do envio<\/li>\n<li>Se os itens estiverem danificados ou parcialmente defeituosos, entre em contato conosco.<\/li>\n<\/ol>\n<p>Se houver qualquer defeito, n\u00f3s lhe enviaremos uma substitui\u00e7\u00e3o ap\u00f3s receber o pacote ou devolvemos seu dinheiro.<\/p>\n<p>Leia nossa <span style=\"color: #ff0000;\"><a style=\"color: #ff0000;\" href=\"https:\/\/www.casadainjecao.com.br\/loja\/politica-de-devolucao\">pol\u00edtica de devolu\u00e7\u00e3o aqui<\/a><\/span><\/p>\n<p>&#8212;&#8212;&#8212;&#8212;&#8212;&#8212;&#8212;&#8212;&#8212;&#8212;&#8212;&#8212;&#8212;&#8212;&#8212;&#8212;&#8212;&#8212;&#8212;&#8211;<\/p>\n<p><strong>Tem alguma d\u00favida?<\/strong><\/p>\n<p>Entre em contato que podemos ajudar!<\/p>\n<p>Confira as informa\u00e7\u00f5es adicionais abaixo:<\/p>\n<ul>\n<li>Todos os nossos produtos s\u00e3o novos, semi-novos, originais e paralelos possuem garantia.<\/li>\n<li>Todos os produtos anunciados est\u00e3o dispon\u00edveis em estoque e s\u00e3o enviados com extrema rapidez.<\/li>\n<li>O frete pode ser simulado antes de efetuar a compra, basta clicar em \u201cver custos de envio\u201d.<\/li>\n<li>Verifique o endere\u00e7o de entrega cadastrado e atualize caso necess\u00e1rio.<\/li>\n<li>Confirme se a pe\u00e7a \u00e9 correta para o seu modelo de ve\u00edculo.<\/li>\n<li>Para pe\u00e7as automotivas, recomendamos a instala\u00e7\u00e3o por um profissional especializado.<\/li>\n<\/ul>\n<p>Caso possua outras d\u00favidas, entre em contato.<\/p>\n","protected":false},"excerpt":{"rendered":"<h2>Bobina Igni\u00e7\u00e3o Original Bosch Bmw 120i 320i 2005- 0221504470 \/ 5970 A8 \/ 98 067 027 80; 98 067 027 80 \/ 1618 V3 \/ 12 13 8 647 689 \/ 12 13 7 571 643 \/ \u00a012 13 7 594 937 \/ \u00a012 13 8 647 689 \/ \u00a012 13 8 647 689 \/ 12 13 7 594 938 \/ 98 067 027 80<\/h2>\n","protected":false},"featured_media":28998,"template":"","meta":{"_seopress_robots_primary_cat":"none","_seopress_titles_title":"","_seopress_titles_desc":"","_seopress_robots_index":"","_joinchat":[]},"product_cat":[106,17],"product_tag":[1682,1948,199,196,1791,202,204,205],"berocket_brand":[379],"_links":{"self":[{"href":"https:\/\/www.casadainjecao.com.br\/loja\/wp-json\/wp\/v2\/product\/28956"}],"collection":[{"href":"https:\/\/www.casadainjecao.com.br\/loja\/wp-json\/wp\/v2\/product"}],"about":[{"href":"https:\/\/www.casadainjecao.com.br\/loja\/wp-json\/wp\/v2\/types\/product"}],"wp:featuredmedia":[{"embeddable":true,"href":"https:\/\/www.casadainjecao.com.br\/loja\/wp-json\/wp\/v2\/media\/28998"}],"wp:attachment":[{"href":"https:\/\/www.casadainjecao.com.br\/loja\/wp-json\/wp\/v2\/media?parent=28956"}],"wp:term":[{"taxonomy":"product_cat","embeddable":true,"href":"https:\/\/www.casadainjecao.com.br\/loja\/wp-json\/wp\/v2\/product_cat?post=28956"},{"taxonomy":"product_tag","embeddable":true,"href":"https:\/\/www.casadainjecao.com.br\/loja\/wp-json\/wp\/v2\/product_tag?post=28956"},{"taxonomy":"berocket_brand","embeddable":true,"href":"https:\/\/www.casadainjecao.com.br\/loja\/wp-json\/wp\/v2\/berocket_brand?post=28956"}],"curies":[{"name":"wp","href":"https:\/\/api.w.org\/{rel}","templated":true}]}}