{"id":28957,"date":"2024-02-23T10:18:58","date_gmt":"2024-02-23T13:18:58","guid":{"rendered":"https:\/\/www.casadainjecao.com.br\/loja\/?post_type=product&#038;p=28957"},"modified":"2025-08-05T18:04:13","modified_gmt":"2025-08-05T21:04:13","slug":"junta-carter-motor-doblo-linea-toro-idea-renegade-55226126","status":"publish","type":"product","link":"https:\/\/www.casadainjecao.com.br\/loja\/autopecas\/motor\/juntas-motor\/junta-carter-motor-doblo-linea-toro-idea-renegade-55226126\/","title":{"rendered":"Junta Carter Motor Doblo Linea Toro Idea Renegade &#8211; 55"},"content":{"rendered":"<h2>Junta Carter Motor<\/h2>\n<p><strong>FIAT<\/strong><\/p>\n<p>FIAT &#8211; 83 ARGO (2017 em diante)<\/p>\n<p>FIAT &#8211; 59 BRAVO (2011 &#8211; 2015)<\/p>\n<p>FIAT &#8211; 75 BRAVO FASE 1 (2016 &#8211; 2016)<\/p>\n<p>FIAT &#8211; 86 CRONOS (2018 em diante)<\/p>\n<p>FIAT &#8211; 56 DOBL\u00d2 FASE 1 (2010-2021)<\/p>\n<p>FIAT &#8211; 63 GRAND SIENA (2012-2021)<\/p>\n<p>FIAT &#8211; 58 IDEA FASE 1 (2011-2016)<\/p>\n<p>FIAT &#8211; 54 LINEA (2009-2014)<\/p>\n<p>FIAT &#8211; 70 LINEA FASE 1 (2015-2016)<\/p>\n<p>FIAT &#8211; 60 NOVO PALIO (2012 &#8211; 2017)<\/p>\n<p>FIAT &#8211; 47 PALIO FASE 3 (2008-2012)<\/p>\n<p>FIAT &#8211; 52 PALIO WEEKEND FASE 3 (2008-2012)<\/p>\n<p>FIAT &#8211; 66 PALIO WEEKEND FASE 4 (2013-2020)<\/p>\n<p>FIAT &#8211; 49 PUNTO (2008-2012)<\/p>\n<p>FIAT &#8211; 61 PUNTO FASE 1 (2013-2017)<\/p>\n<p>FIAT &#8211; 51 SIENA FASE 3 (2008-2012)<\/p>\n<p>FIAT &#8211; 53 STRADA FASE 3 (2008-2012)<\/p>\n<p>FIAT &#8211; 67 STRADA FASE 4 (2013-2020)<\/p>\n<p>FIAT &#8211; 77 TORO (2016 &#8211; 2022)<\/p>\n<p><strong>JEEP<\/strong><\/p>\n<p>JEEP &#8211; RENEGADE (2015 &#8211; 2022)<\/p>\n<p><strong>RAM<\/strong><\/p>\n<p>RAM &#8211; RAM 1000 (2019 em diante)<\/p>\n<p>RAM &#8211; RAM 700 (2015 em diante)<\/p>\n<h4><strong>C\u00f3digo de refer\u00eancia:<\/strong><\/h4>\n<p>55226126<\/p>\n<p><strong>Condi\u00e7\u00f5es:<\/strong><\/p>\n<p>Novo Original \/ Marca Fiat Mopar<\/p>\n<h4>Especifica\u00e7\u00f5es:<\/h4>\n<p>Aplica\u00e7\u00e3o motor 1.6 1.8 Etorq<\/p>\n<p><strong>Garantia:<\/strong><\/p>\n<p>3 Meses<strong>\u00a0<\/strong><\/p>\n<h3><strong>APLICA\u00c7\u00c3O:<\/strong><\/h3>\n<p>Linha Fiat \/ Jeep\/ Ram<\/p>\n<h3><strong> ATEN\u00c7\u00c3O: Antes de efetuar a compra verifique o c\u00f3digo da pe\u00e7a que est\u00e1 instalada no seu ve\u00edculo.<\/strong><\/h3>\n<h4><strong>O que \u00e9 e para que serve a Junta Carter Motor?<\/strong><\/h4>\n<p>A Junta do c\u00e1rter, tamb\u00e9m conhecida como junta do c\u00e1rter do motor, \u00e9 uma pe\u00e7a fundamental em um motor de combust\u00e3o interna. Sua fun\u00e7\u00e3o principal \u00e9 selar a uni\u00e3o entre o bloco do motor e o c\u00e1rter, evitando vazamentos de \u00f3leo e mantendo a press\u00e3o interna adequada.<\/p>\n<p>&nbsp;<\/p>\n<p>A Casa da Inje\u00e7\u00e3o oferece total garantia nos produtos comprados em nosso site.<\/p>\n<ol>\n<li>Cada item \u00e9 rigorosamente testado antes do envio<\/li>\n<li>Se os itens estiverem danificados ou parcialmente defeituosos, entre em contato conosco.<\/li>\n<\/ol>\n<p>Se houver qualquer defeito, n\u00f3s lhe enviaremos uma substitui\u00e7\u00e3o ap\u00f3s receber o pacote ou devolvemos seu dinheiro.<\/p>\n<p>Leia nossa <span style=\"color: #ff0000;\"><a style=\"color: #ff0000;\" href=\"https:\/\/www.casadainjecao.com.br\/loja\/politica-de-devolucao\">pol\u00edtica de devolu\u00e7\u00e3o aqui<\/a><\/span><\/p>\n<p>&#8212;&#8212;&#8212;&#8212;&#8212;&#8212;&#8212;&#8212;&#8212;&#8212;&#8212;&#8212;&#8212;&#8212;&#8212;&#8212;&#8212;&#8212;&#8212;&#8211;<\/p>\n<p><strong>Tem alguma d\u00favida?<\/strong><\/p>\n<p>Entre em contato que podemos ajudar!<\/p>\n<p>Confira as informa\u00e7\u00f5es adicionais abaixo:<\/p>\n<ul>\n<li>Todos os nossos produtos s\u00e3o novos, semi-novos, originais e paralelos possuem garantia.<\/li>\n<li>Todos os produtos anunciados est\u00e3o dispon\u00edveis em estoque e s\u00e3o enviados com extrema rapidez.<\/li>\n<li>O frete pode ser simulado antes de efetuar a compra, basta clicar em \u201cver custos de envio\u201d.<\/li>\n<li>Verifique o endere\u00e7o de entrega cadastrado e atualize caso necess\u00e1rio.<\/li>\n<li>Confirme se a pe\u00e7a \u00e9 correta para o seu modelo de ve\u00edculo.<\/li>\n<li>Para pe\u00e7as automotivas, recomendamos a instala\u00e7\u00e3o por um profissional especializado.<\/li>\n<\/ul>\n<p>Caso possua outras d\u00favidas, entre em contato.<\/p>\n","protected":false},"excerpt":{"rendered":"<h2>Junta Carter Motor Doblo Linea Toro Idea Renegade &#8211; 55226126<\/h2>\n","protected":false},"featured_media":28991,"template":"","meta":{"_seopress_robots_primary_cat":"none","_seopress_titles_title":"","_seopress_titles_desc":"","_seopress_robots_index":"","_joinchat":[]},"product_cat":[222,22],"product_tag":[289,1489,1635,1971,247,1713,709,1100,1855,1892,1969,1041],"berocket_brand":[383,387],"_links":{"self":[{"href":"https:\/\/www.casadainjecao.com.br\/loja\/wp-json\/wp\/v2\/product\/28957"}],"collection":[{"href":"https:\/\/www.casadainjecao.com.br\/loja\/wp-json\/wp\/v2\/product"}],"about":[{"href":"https:\/\/www.casadainjecao.com.br\/loja\/wp-json\/wp\/v2\/types\/product"}],"wp:featuredmedia":[{"embeddable":true,"href":"https:\/\/www.casadainjecao.com.br\/loja\/wp-json\/wp\/v2\/media\/28991"}],"wp:attachment":[{"href":"https:\/\/www.casadainjecao.com.br\/loja\/wp-json\/wp\/v2\/media?parent=28957"}],"wp:term":[{"taxonomy":"product_cat","embeddable":true,"href":"https:\/\/www.casadainjecao.com.br\/loja\/wp-json\/wp\/v2\/product_cat?post=28957"},{"taxonomy":"product_tag","embeddable":true,"href":"https:\/\/www.casadainjecao.com.br\/loja\/wp-json\/wp\/v2\/product_tag?post=28957"},{"taxonomy":"berocket_brand","embeddable":true,"href":"https:\/\/www.casadainjecao.com.br\/loja\/wp-json\/wp\/v2\/berocket_brand?post=28957"}],"curies":[{"name":"wp","href":"https:\/\/api.w.org\/{rel}","templated":true}]}}