{"id":29000,"date":"2024-02-23T16:55:36","date_gmt":"2024-02-23T19:55:36","guid":{"rendered":"https:\/\/www.casadainjecao.com.br\/loja\/?post_type=product&#038;p=29000"},"modified":"2025-04-09T14:47:55","modified_gmt":"2025-04-09T17:47:55","slug":"bomba-de-combustivel-original-bosch-vectra-98-01-f000te164w","status":"publish","type":"product","link":"https:\/\/www.casadainjecao.com.br\/loja\/autopecas\/injecao-eletronica\/bomba-de-combustivel\/bomba-de-combustivel-original-bosch-vectra-98-01-f000te164w\/","title":{"rendered":"Bomba de Combustivel Original Bosch Vectra 98\/01 &#8211; F00"},"content":{"rendered":"<h2>Bomba de Combustivel Original Bosch<\/h2>\n<p><strong>CHEVROLET<\/strong><\/p>\n<p>CHEVROLET VECTRA SEDAN 2.0 8V CD, COLLECTION, COMFORT, ELEGANCE, ELITE, EXPRESSION GASOLINA (1994 a 2005)<\/p>\n<p>CHEVROLET ASTRA SEDAN, ASTRA HATCH 1.8 2.0 8V CD, COMFORT, ELEGANCE, EXPRESSION, GL, GLS, SPORT, STD, SUNNY GASOLINA (1994 a 2007)<\/p>\n<p>CHEVROLET ZAFIRA MINIVAN 2.0 8V CD, STD GASOLINA (2001, 2002, 2003, 2004, 2005, 2006)<\/p>\n<p>CHEVROLET BLAZER SUV 2.2 2.4 8V C24NE ADVANTAGE, DLX, STD, TORNADO (1999 a 2007)<\/p>\n<h4>C\u00f3digo de Refer\u00eancia:<\/h4>\n<p>F000TE164w, 0580454093<\/p>\n<p><strong>Condi\u00e7\u00f5es:<\/strong><\/p>\n<p>Novo Original \/ Marca Bosch<\/p>\n<h4>Especifica\u00e7\u00f5es:<\/h4>\n<p>Dimens\u00f5es da embalagem 10X30X20 cm peso 1,23 kg 01 Bomba Combust\u00edvel BOSCH \/ 1 Pr\u00e9 Filtro \/ 1 Mangueira Conrrugada \/ 1 Abra\u00e7adeira\/ Tens\u00e3o El\u00e9trica 12v \/ Vaz\u00e3o 90 a 110L\/H<\/p>\n<p><strong>Garantia:<\/strong><\/p>\n<p>3 Meses<strong>\u00a0<\/strong><\/p>\n<h3><strong>APLICA\u00c7\u00c3O:<\/strong><\/h3>\n<p>Linha Chevrolet<\/p>\n<h3>ATEN\u00c7\u00c3O: Antes de efetuar a compra verifique o c\u00f3digo da sua pe\u00e7a que est\u00e1 instalada no seu ve\u00edculo.<\/h3>\n<h4><strong>O que \u00e9 e para que serve a Bomba de Combust\u00edvel?<\/strong><\/h4>\n<p>A Bomba de combust\u00edvel \u00e9 um componente essencial em ve\u00edculos com motores de combust\u00e3o interna. Sua principal fun\u00e7\u00e3o \u00e9 fornecer uma quantidade adequada de combust\u00edvel do tanque para o sistema de inje\u00e7\u00e3o ou carburador do motor, garantindo que o ve\u00edculo tenha combust\u00edvel suficiente para operar.<\/p>\n<p>&nbsp;<\/p>\n<p>A Casa da Inje\u00e7\u00e3o oferece total garantia nos produtos comprados em nosso site.<\/p>\n<ol>\n<li>Cada item \u00e9 rigorosamente testado antes do envio<\/li>\n<li>Se os itens estiverem danificados ou parcialmente defeituosos, entre em contato conosco.<\/li>\n<\/ol>\n<p>Se houver qualquer defeito, n\u00f3s lhe enviaremos uma substitui\u00e7\u00e3o ap\u00f3s receber o pacote ou devolvemos seu dinheiro.<\/p>\n<p>Leia nossa<span style=\"color: #ff0000;\">\u00a0<a style=\"color: #ff0000;\" href=\"https:\/\/www.casadainjecao.com.br\/loja\/politica-de-devolucao\">pol\u00edtica de devolu\u00e7\u00e3o aqui<\/a><\/span><\/p>\n<p>\u2014\u2014\u2014\u2014\u2014\u2014\u2014\u2014\u2014\u2014\u2014\u2014\u2014\u2014\u2014\u2014\u2014\u2014\u2014\u2013<\/p>\n<p><strong>Tem alguma d\u00favida?<\/strong><\/p>\n<p>Entre em contato que podemos ajudar!<\/p>\n<p>Confira as informa\u00e7\u00f5es adicionais abaixo:<\/p>\n<ul>\n<li>Todos os nossos produtos s\u00e3o novos, semi-novos, originais e paralelos possuem garantia.<\/li>\n<li>Todos os produtos anunciados est\u00e3o dispon\u00edveis em estoque e s\u00e3o enviados com extrema rapidez.<\/li>\n<li>O frete pode ser simulado antes de efetuar a compra, basta clicar em \u201cver custos de envio\u201d.<\/li>\n<li>Verifique o endere\u00e7o de entrega cadastrado e atualize caso necess\u00e1rio.<\/li>\n<li>Confirme se a pe\u00e7a \u00e9 correta para o seu modelo de ve\u00edculo.<\/li>\n<li>Para pe\u00e7as automotivas, recomendamos a instala\u00e7\u00e3o por um profissional especializado.<\/li>\n<\/ul>\n<p>Caso possua outras d\u00favidas, entre em contato.<\/p>\n","protected":false},"excerpt":{"rendered":"<h2>Bomba de Combustivel Original Bosch Vectra 98\/01 &#8211; F000TE164W, 0580454093<\/h2>\n","protected":false},"featured_media":29013,"template":"","meta":{"_seopress_robots_primary_cat":"none","_seopress_titles_title":"","_seopress_titles_desc":"","_seopress_robots_index":"","_joinchat":[]},"product_cat":[257,21],"product_tag":[116,1641,109,1408],"berocket_brand":[381],"_links":{"self":[{"href":"https:\/\/www.casadainjecao.com.br\/loja\/wp-json\/wp\/v2\/product\/29000"}],"collection":[{"href":"https:\/\/www.casadainjecao.com.br\/loja\/wp-json\/wp\/v2\/product"}],"about":[{"href":"https:\/\/www.casadainjecao.com.br\/loja\/wp-json\/wp\/v2\/types\/product"}],"wp:featuredmedia":[{"embeddable":true,"href":"https:\/\/www.casadainjecao.com.br\/loja\/wp-json\/wp\/v2\/media\/29013"}],"wp:attachment":[{"href":"https:\/\/www.casadainjecao.com.br\/loja\/wp-json\/wp\/v2\/media?parent=29000"}],"wp:term":[{"taxonomy":"product_cat","embeddable":true,"href":"https:\/\/www.casadainjecao.com.br\/loja\/wp-json\/wp\/v2\/product_cat?post=29000"},{"taxonomy":"product_tag","embeddable":true,"href":"https:\/\/www.casadainjecao.com.br\/loja\/wp-json\/wp\/v2\/product_tag?post=29000"},{"taxonomy":"berocket_brand","embeddable":true,"href":"https:\/\/www.casadainjecao.com.br\/loja\/wp-json\/wp\/v2\/berocket_brand?post=29000"}],"curies":[{"name":"wp","href":"https:\/\/api.w.org\/{rel}","templated":true}]}}