{"id":29004,"date":"2024-02-23T16:26:05","date_gmt":"2024-02-23T19:26:05","guid":{"rendered":"https:\/\/www.casadainjecao.com.br\/loja\/?post_type=product&#038;p=29004"},"modified":"2025-01-28T13:45:45","modified_gmt":"2025-01-28T16:45:45","slug":"bomba-combustivel-eletrica-bosch-0580314414","status":"publish","type":"product","link":"https:\/\/www.casadainjecao.com.br\/loja\/autopecas\/eletrica\/bomba-reservatorio-combustivel\/bomba-combustivel-eletrica-bosch-0580314414\/","title":{"rendered":"Bomba De Combustivel Ford New Fiesta 1.6 Flex &#8211; 058031"},"content":{"rendered":"<h2>Bomba Combust\u00edvel El\u00e9trica Original Bosch<\/h2>\n<p>NEW FIESTA<br \/>\nAno: 2011 A\u00a0 2013<br \/>\nMarca: FORD<br \/>\nMotor: Motor Sigma<br \/>\nC\u00f3d. Original: 0580314415<br \/>\nObserva\u00e7\u00e3o: Flex<br \/>\n&#8212;&#8212;&#8212;&#8212;&#8212;&#8212;&#8212;&#8212;&#8212;&#8212;&#8212;&#8212;&#8211;<br \/>\nNEW FIESTA<br \/>\nAno: 2011 A 2013<br \/>\nMarca: FORD<br \/>\nMotor: 1.6 16V Sigma<br \/>\nC\u00f3d. Original: 0580314415<br \/>\nObserva\u00e7\u00e3o: Flex<br \/>\n&#8212;&#8212;&#8212;&#8212;&#8212;&#8212;&#8212;&#8212;&#8212;&#8212;&#8212;&#8212;&#8211;<br \/>\nFIESTA<br \/>\nAno: 2010 A 2013<br \/>\nMarca: FORD<br \/>\nMotor: 1.5 SIGMA<br \/>\nC\u00f3d. Original: AE839H307BA<br \/>\nObserva\u00e7\u00e3o: Flex<br \/>\n&#8212;&#8212;&#8212;&#8212;&#8212;&#8212;&#8212;&#8212;&#8212;&#8212;&#8212;&#8212;&#8211;<br \/>\nNEW FIESTA<br \/>\nAno: 2010 A 2013<br \/>\nMarca: FORD<br \/>\nMotor: 1.5 SIGMA<br \/>\nC\u00f3d. Original: AE839H307BC<br \/>\nObserva\u00e7\u00e3o: Flex<\/p>\n<h4>C\u00f3digo de Refer\u00eancia:<\/h4>\n<p>0580314414, AE839H307BA, AE839H307CA, AE839H307BC, 0580314415<\/p>\n<p><strong>Condi\u00e7\u00f5es:<\/strong><\/p>\n<p>Novo Original \/ Marca Bosch<\/p>\n<h4>Especifica\u00e7\u00f5es:<\/h4>\n<p>El\u00e9trica \/ inclui filtro \/ tipo de combust\u00edvel flex<\/p>\n<p><strong>Garantia:<\/strong><\/p>\n<p>3 Meses<strong>\u00a0<\/strong><\/p>\n<h3><strong>APLICA\u00c7\u00c3O:<\/strong><\/h3>\n<p>Linha Ford<\/p>\n<h3>ATEN\u00c7\u00c3O: Antes de efetuar a compra verifique o c\u00f3digo da sua pe\u00e7a que est\u00e1 instalada no seu ve\u00edculo.<\/h3>\n<h4><strong>O que \u00e9 e para que serve a Bomba de Combust\u00edvel El\u00e9trica?<\/strong><\/h4>\n<p>A Bomba de combust\u00edvel el\u00e9trica \u00e9 um componente importante em ve\u00edculos modernos com sistemas de inje\u00e7\u00e3o eletr\u00f4nica de combust\u00edvel. Sua principal fun\u00e7\u00e3o \u00e9 fornecer combust\u00edvel do tanque para o sistema de inje\u00e7\u00e3o, garantindo um fluxo constante de combust\u00edvel para o motor.<\/p>\n<p>&nbsp;<\/p>\n<p>A Casa da Inje\u00e7\u00e3o oferece total garantia nos produtos comprados em nosso site.<\/p>\n<ol>\n<li>Cada item \u00e9 rigorosamente testado antes do envio<\/li>\n<li>Se os itens estiverem danificados ou parcialmente defeituosos, entre em contato conosco.<\/li>\n<\/ol>\n<p>Se houver qualquer defeito, n\u00f3s lhe enviaremos uma substitui\u00e7\u00e3o ap\u00f3s receber o pacote ou devolvemos seu dinheiro.<\/p>\n<p>Leia nossa<span style=\"color: #ff0000;\">\u00a0<a style=\"color: #ff0000;\" href=\"https:\/\/www.casadainjecao.com.br\/loja\/politica-de-devolucao\">pol\u00edtica de devolu\u00e7\u00e3o aqui<\/a><\/span><\/p>\n<p>\u2014\u2014\u2014\u2014\u2014\u2014\u2014\u2014\u2014\u2014\u2014\u2014\u2014\u2014\u2014\u2014\u2014\u2014\u2014\u2013<\/p>\n<p><strong>Tem alguma d\u00favida?<\/strong><\/p>\n<p>Entre em contato que podemos ajudar!<\/p>\n<p>Confira as informa\u00e7\u00f5es adicionais abaixo:<\/p>\n<ul>\n<li>Todos os nossos produtos s\u00e3o novos, semi-novos, originais e paralelos possuem garantia.<\/li>\n<li>Todos os produtos anunciados est\u00e3o dispon\u00edveis em estoque e s\u00e3o enviados com extrema rapidez.<\/li>\n<li>O frete pode ser simulado antes de efetuar a compra, basta clicar em \u201cver custos de envio\u201d.<\/li>\n<li>Verifique o endere\u00e7o de entrega cadastrado e atualize caso necess\u00e1rio.<\/li>\n<li>Confirme se a pe\u00e7a \u00e9 correta para o seu modelo de ve\u00edculo.<\/li>\n<li>Para pe\u00e7as automotivas, recomendamos a instala\u00e7\u00e3o por um profissional especializado.<\/li>\n<\/ul>\n<p>Caso possua outras d\u00favidas, entre em contato.<\/p>\n","protected":false},"excerpt":{"rendered":"<h2>Bomba El\u00e9trica de Combust\u00edvel Completa<\/h2>\n<h2>Original Bosch<\/h2>\n","protected":false},"featured_media":29007,"template":"","meta":{"_seopress_robots_primary_cat":"none","_seopress_titles_title":"","_seopress_titles_desc":"","_seopress_robots_index":"","_joinchat":[]},"product_cat":[1514,17],"product_tag":[276],"berocket_brand":[384],"_links":{"self":[{"href":"https:\/\/www.casadainjecao.com.br\/loja\/wp-json\/wp\/v2\/product\/29004"}],"collection":[{"href":"https:\/\/www.casadainjecao.com.br\/loja\/wp-json\/wp\/v2\/product"}],"about":[{"href":"https:\/\/www.casadainjecao.com.br\/loja\/wp-json\/wp\/v2\/types\/product"}],"wp:featuredmedia":[{"embeddable":true,"href":"https:\/\/www.casadainjecao.com.br\/loja\/wp-json\/wp\/v2\/media\/29007"}],"wp:attachment":[{"href":"https:\/\/www.casadainjecao.com.br\/loja\/wp-json\/wp\/v2\/media?parent=29004"}],"wp:term":[{"taxonomy":"product_cat","embeddable":true,"href":"https:\/\/www.casadainjecao.com.br\/loja\/wp-json\/wp\/v2\/product_cat?post=29004"},{"taxonomy":"product_tag","embeddable":true,"href":"https:\/\/www.casadainjecao.com.br\/loja\/wp-json\/wp\/v2\/product_tag?post=29004"},{"taxonomy":"berocket_brand","embeddable":true,"href":"https:\/\/www.casadainjecao.com.br\/loja\/wp-json\/wp\/v2\/berocket_brand?post=29004"}],"curies":[{"name":"wp","href":"https:\/\/api.w.org\/{rel}","templated":true}]}}