{"id":29019,"date":"2024-02-23T17:01:27","date_gmt":"2024-02-23T20:01:27","guid":{"rendered":"https:\/\/www.casadainjecao.com.br\/loja\/?post_type=product&#038;p=29019"},"modified":"2026-03-11T16:51:14","modified_gmt":"2026-03-11T19:51:14","slug":"sonda-lambda-universal-original-bosch-chery-tiggo-2-0-pre-catalizador-0258986507","status":"publish","type":"product","link":"https:\/\/www.casadainjecao.com.br\/loja\/autopecas\/injecao-eletronica\/sonda-lambda\/sonda-lambda-universal-original-bosch-chery-tiggo-2-0-pre-catalizador-0258986507\/","title":{"rendered":"Sonda Lambda Universal Original Bosch Chery Tiggo 2.0 Pr\u00e9 C"},"content":{"rendered":"<h2>Sonda Lambda Sensor de Oxig\u00eanio Universal Original Bosch<\/h2>\n<p>&nbsp;<\/p>\n<p>&nbsp;<\/p>\n<h3>ASIA MOTORS:<\/h3>\n<p>ASIA MOTORS TOWNER TRUCK 0.8 GASOLINA &#8211; 1998 1999 2000 2001 2002 2003<\/p>\n<p>ASIA MOTORS TOWNER TRUCK 0.8I MPI &#8211; 1998 1999 2000 2001 2002<\/p>\n<p>ASIA MOTORS TOWNER VAN\/COACH 0.8 &#8211; 1998 1999 2000 2001 2002 2003<\/p>\n<p>ASIA MOTORS TOWNER VAN\/COACH 0.8I MPI &#8211; 1998 1999 2000 2001 2002 2003<\/p>\n<h3>AUDI:<\/h3>\n<p>AUDI A4 1.6 &#8211; 2000 2001 2002 2003 2004<\/p>\n<p>AUDI A4 1.6 &#8211; 1998 1999 2000<\/p>\n<p>AUDI A4 1.6 AVANT &#8211; 2001 2002 2003 2004<\/p>\n<p>AUDI A4 2.4 &#8211; 1997 1998<\/p>\n<p>AUDI A4 2.8 &#8211; 1996 1997 1998<\/p>\n<p>AUDI A6 2.4 &#8211; 1997 1998<\/p>\n<p>AUDI A6 2.8 &#8211; 1997 1998<\/p>\n<p>AUDI A6 3.2 FSI &#8211; 2006 em diante<\/p>\n<p>AUDI A8 2.8 &#8211; 1996 1997 1998<\/p>\n<h3>CHERY<\/h3>\n<p>CHERY QQ 1.1I &#8211; 2004 2005 2006<\/p>\n<p>CHEVROLET:<\/p>\n<p>CHEVROLET ASTRA 2.0 SFI 16V &#8211; 1999 2000 2001 2002 2003 2004 2005<\/p>\n<p>CHEVROLET ASTRA SEDAN 1.8 MPFI &#8211; 2001 EM DIANTE<\/p>\n<p>CHEVROLET ASTRA SEDAN 2.0 SFI 16V &#8211; 1999 2000 2001 2002 2003 2004<\/p>\n<p>CHEVROLET ZAFIRA 2.0 SFI 16V &#8211; 2001 2002 2003 2004 2005<\/p>\n<h3>CITROEN:<\/h3>\n<p>CITROEN BERLINGO 1.4 &#8211; 2002 EM DIANTE<\/p>\n<p>CITROEN C3 1.4 &#8211; 2002 EM DIANTE<\/p>\n<p>CITROEN C5 1.8 16V &#8211; 2001 2002 2003 2004<\/p>\n<p>CITROEN XSARA PICASSO 1.8 &#8211; 2000 EM DIANTE<\/p>\n<h3>FIAT:<\/h3>\n<p>FIAT BRAVA 1.6\/1.8 16V &#8211; 1995 1996 1997 1998 1999 2000 2001<\/p>\n<p>FIAT BRAVO 1.6\/1.8 16V &#8211; 1995 1996 1997 1998 1999 2001<\/p>\n<p>FIAT DOBLO 1.6\/1.8 MPI 8\/16V &#8211; 2001 2002 2003 2004 2005 2006<\/p>\n<p>FIAT DOBLO ADVENTURE 1.8 MPI 8V &#8211; 2003 2004 2005 2006<\/p>\n<p>FIAT ELBA 1.5 SPI &#8211; 1993 1994 1995 1996<\/p>\n<p>FIAT FIORINO FURGAO 1.3 8V &#8211; 2003 EM DIANTE<\/p>\n<p>FIAT FIORINO FURGAO 1.5 &#8211; 1997 1998 1999 2000 2001 2002<\/p>\n<p>FIAT MAREA 1.6 16V &#8211; 2005 EM DIANTE<\/p>\n<p>FIAT MAREA 1.8 16V &#8211; 1999 EM DIANTE<\/p>\n<p>FIAT MAREA WEEKWND 1.6\/1.8 16V &#8211; 2005 EM DIANTE<\/p>\n<p>FIAT PALIO 1.0 8V &#8211; 1996 1997 1998 1999 2000 2001<\/p>\n<p>FIAT PALIO 1.0 FIRE 8V &#8211; 2000 EM DIANTE<\/p>\n<p>FIAT PALIO 1.3 &#8211; 2002 2003 2004 2005<\/p>\n<p>FIAT PALIO 1.4 &#8211; 2006 EM DIANTE<\/p>\n<p>FIAT PALIO 1.5 &#8211; 1996 1997 1998 1999 2000 2001 2002 2003 2004<\/p>\n<p>FIAT PALIO 1.6 &#8211; 1997 EM DIANTE<\/p>\n<p>FIAT PALIO 1.8 &#8211; 2003 EM DIANTE<\/p>\n<p>FIAT PALIO WEEKEND 1.0 &#8211; 1999 EM DIANTE<\/p>\n<p>FIAT PALIO WEEKEND 1.3 &#8211; 2002 EM DIANTE<\/p>\n<p>FIAT PALIO WEEKEND 1.4 &#8211; 2006 EM DIANTE<\/p>\n<p>FIAT PALIO WEEKEND 1.5 &#8211; 1998 EM DIANTE<\/p>\n<p>FIAT PALIO WEEKENDO 1.6\/1.8 &#8211; 1997 1998 1999 2000 2001 2002 2003 2004<\/p>\n<p>FIAT SIENA 1.0 8V &#8211; 2004 EM DIANTE<\/p>\n<p>FIAT SIENA 1.3\/1.4\/1.5 &#8211; 2004 EM DIANTE<\/p>\n<p>FIAT STRADA 1.3\/1.4 8V &#8211; 2002 EM DIANTE<\/p>\n<p>FIAT STRADA 1.6 &#8211; 1998 1999 2000 2001 2002 2003<\/p>\n<p>FIAT STRADA 1.8 8V &#8211; 2004 EM DIANTE<\/p>\n<p>FIAT STRADA ADVENTURE 1.8 8V &#8211; 2005 EM DIANTE<\/p>\n<p>FIAT TEMPRA 2.0 16V &#8211; 1994 1995 1996 1997 1998<\/p>\n<p>FIAT UNO MILLE 1.0 &#8211; 2001 EM DIANTE<\/p>\n<h3>FORD:<\/h3>\n<p>FORD ECOSPORT SUPERCHARGEE &#8211; 2003 2004<\/p>\n<p>FORD ECOSPORT 2.0 16V &#8211; 2003 2004<\/p>\n<p>FORD ESCORT 1.6 &#8211; 2000 2001 2002<\/p>\n<p>FORD ESCORT 1.8 16V &#8211; 1996 1997 1998 1999 2000 2001 2002<\/p>\n<p>FORD F1000 &#8211; 1995 1996 1997 1998<\/p>\n<p>FORD F250 &#8211; 1998 1999 2000 2001 2002 2003<\/p>\n<p>FORD FIESTA 1.0 &#8211; 1996 1997 1998 1999 2000 2001 2002 2003 2004<\/p>\n<p>FORD FIESTA 1.6 &#8211; 1999 2000 2001 2002 2003 2004<\/p>\n<p>FORD FOCUS 1.6 8V &#8211; 2003 EM DIANTE<\/p>\n<p>FORD KA 1.0 &#8211; 1994 1995 1996 1997 1998 1999 2000 2001 2002 2003 2004<\/p>\n<p>FORD KA 1.3 &#8211; 2002 EM DIANTE<\/p>\n<p>FORD KA 1.6 &#8211; 2001 2002 2003 2004<\/p>\n<p>FORD MONDEO 1.8 &#8211; 1993 1994 1995 1996<\/p>\n<p>FORD RANGER 2.5\/2.9\/4.1 &#8211; 1997 1998 1999 2000 2001<\/p>\n<p>&nbsp;<\/p>\n<p>ELANTRA 1.5 &#8211; 1990 1991 1992 1993 1994 1995<\/p>\n<p>SANTA FE 2.7 4X4 &#8211; 2003 2004 2005<\/p>\n<p>SONATA &#8211; 1993 1994 1995 1996<\/p>\n<h3>PEUGEOT:<\/h3>\n<p>PEUGEOT 106 1.6 &#8211; 1999 2000 2001 2002 2003 2004 2005<\/p>\n<p>PEUGEOT 206 1.1 &#8211; 2000 EM DIANTE<\/p>\n<p>PEUGEOT 206 1.4 SW &#8211; 2002 EM DIANTE<\/p>\n<p>PEUGEOT 406 1.8 16V &#8211; 2000 2001 2002 2003 2004<\/p>\n<h3>RENAULT:<\/h3>\n<p>RENAULT CLIO 1.0 16V &#8211; 2001 2002 2003 2004 2005<\/p>\n<p>RENAULT KANGOO 1.0 16V &#8211; 2001 EM DIANTE<\/p>\n<p>RENAULT MEGANE 2.0 &#8211; 1998 1999 2000 2001<\/p>\n<h3>VOLKSWAGEN<\/h3>\n<p>VOLKSWAGEN FOX 1.0 &#8211; 2003 2004 2005<\/p>\n<p>VOLKSWAGEN GOL G2 &#8211; 1994 1995 1996<\/p>\n<p>VOLKSWAGEN GOL G3 &#8211; 1999 2000 2001<\/p>\n<p>VOLKSWAGEN GOL G4 &#8211; 2005 EM DIANTE<\/p>\n<p>VOLKSWAGEN GOLF 1.6 &#8211; 2001 2002 2003 2004<\/p>\n<p>VOLKSWAGEN KOMBI 1.6 &#8211; 1997 1998 1999 2000 2001 2002 2003 2004 2005<\/p>\n<p>VOLKSWAGEN PARATI 1.6 &#8211; 1995 1996<\/p>\n<p>VOLKSWAGEN PASSAT 1.8 &#8211; 1994 1995 1996 1997<\/p>\n<p>VOLKSWAGEN POLO 1.0 &#8211; 1996 1997 1998 1999<\/p>\n<p>VOLKSWAGEN SANTANA 1.8 &#8211; 1994 1995 1996<\/p>\n<p>VOLKSWAGEN SAVERIO G2 G3 G4<\/p>\n<h4>C\u00f3digo de Refer\u00eancia:<\/h4>\n<p>0258986507<\/p>\n<h4>Especifica\u00e7\u00f5es:<\/h4>\n<p>1 SONDA LAMBDA UNIVERSAL 4 FIOS ORIGINAL BOSCH \/ comprimento: 69 cm\u00a0 cabos fios (2 1\u00a0 1 )<\/p>\n<h4>Condi\u00e7\u00f5es:<\/h4>\n<p>Novo Original \/ Marca Bosch<\/p>\n<h4>Garantia:<\/h4>\n<p>3 Meses<\/p>\n<h3>APLICA\u00c7\u00c3O:<\/h3>\n<p>Linha Asia Motors \/ Audi \/ Cherry \/ Chevrolet \/ Citroen \/ Fiat \/ Ford \/ Hyundai \/ Peugeot \/ Volkswagen \/ Renault<\/p>\n<h3>ATEN\u00c7\u00c3O: Antes de efetuar a compra verifique o c\u00f3digo da pe\u00e7a que est\u00e1 instalada no seu ve\u00edculo.<\/h3>\n<h4>O que \u00e9 e para que serve a Sonda Lambda?<\/h4>\n<p>A Sonda lambda \u00e9 um componente essencial em ve\u00edculos equipados com motores a combust\u00e3o interna, especialmente em sistemas de inje\u00e7\u00e3o eletr\u00f4nica de combust\u00edvel. Sua principal fun\u00e7\u00e3o \u00e9 monitorar a quantidade de oxig\u00eanio nos gases de escape do motor.<\/p>\n<p>&nbsp;<\/p>\n<p>A Casa da Inje\u00e7\u00e3o oferece total garantia nos produtos comprados em nosso site.<\/p>\n<ol>\n<li>Cada item \u00e9 rigorosamente testado antes do envio<\/li>\n<li>Se os itens estiverem danificados ou parcialmente defeituosos, entre em contato conosco.<\/li>\n<\/ol>\n<p>Se houver qualquer defeito, n\u00f3s lhe enviaremos uma substitui\u00e7\u00e3o ap\u00f3s receber o pacote ou devolvemos seu dinheiro.<\/p>\n<p>Leia nossa <span style=\"color: #ff0000;\"><a style=\"color: #ff0000;\" href=\"https:\/\/www.casadainjecao.com.br\/loja\/politica-de-devolucao\">pol\u00edtica de devolu\u00e7\u00e3o aqui<\/a><\/span><\/p>\n<p>&#8212;&#8212;&#8212;&#8212;&#8212;&#8212;&#8212;&#8212;&#8212;&#8212;&#8212;&#8212;&#8212;&#8212;&#8212;&#8212;&#8212;&#8212;&#8212;&#8211;<\/p>\n<p><strong>Tem alguma d\u00favida?<\/strong><\/p>\n<p>Entre em contato que podemos ajudar!<\/p>\n<p>Confira as informa\u00e7\u00f5es adicionais abaixo:<\/p>\n<ul>\n<li>Todos os nossos produtos s\u00e3o novos, semi-novos, originais e paralelos possuem garantia.<\/li>\n<li>Todos os produtos anunciados est\u00e3o dispon\u00edveis em estoque e s\u00e3o enviados com extrema rapidez.<\/li>\n<li>O frete pode ser simulado antes de efetuar a compra, basta clicar em \u201cver custos de envio\u201d.<\/li>\n<li>Verifique o endere\u00e7o de entrega cadastrado e atualize caso necess\u00e1rio.<\/li>\n<li>Confirme se a pe\u00e7a \u00e9 correta para o seu modelo de ve\u00edculo.<\/li>\n<li>Para pe\u00e7as automotivas, recomendamos a instala\u00e7\u00e3o por um profissional especializado.<\/li>\n<\/ul>\n<p>Caso possua outras d\u00favidas, entre em contato<\/p>\n","protected":false},"excerpt":{"rendered":"<h2 class=\"ui-pdp-title\">Sonda Lambda Universal Original Bosch Chery Tiggo 2.0 Pr\u00e9 Catalizador &#8211; 0258986507<\/h2>\n","protected":false},"featured_media":29023,"template":"","meta":{"_seopress_robots_primary_cat":"none","_seopress_titles_title":"","_seopress_titles_desc":"","_seopress_robots_index":"","_joinchat":[]},"product_cat":[21,270],"product_tag":[116,1470,274,697,50,1975,1974,297,1973],"berocket_brand":[1326,378,381,382,383,384,386,393,394,396],"_links":{"self":[{"href":"https:\/\/www.casadainjecao.com.br\/loja\/wp-json\/wp\/v2\/product\/29019"}],"collection":[{"href":"https:\/\/www.casadainjecao.com.br\/loja\/wp-json\/wp\/v2\/product"}],"about":[{"href":"https:\/\/www.casadainjecao.com.br\/loja\/wp-json\/wp\/v2\/types\/product"}],"wp:featuredmedia":[{"embeddable":true,"href":"https:\/\/www.casadainjecao.com.br\/loja\/wp-json\/wp\/v2\/media\/29023"}],"wp:attachment":[{"href":"https:\/\/www.casadainjecao.com.br\/loja\/wp-json\/wp\/v2\/media?parent=29019"}],"wp:term":[{"taxonomy":"product_cat","embeddable":true,"href":"https:\/\/www.casadainjecao.com.br\/loja\/wp-json\/wp\/v2\/product_cat?post=29019"},{"taxonomy":"product_tag","embeddable":true,"href":"https:\/\/www.casadainjecao.com.br\/loja\/wp-json\/wp\/v2\/product_tag?post=29019"},{"taxonomy":"berocket_brand","embeddable":true,"href":"https:\/\/www.casadainjecao.com.br\/loja\/wp-json\/wp\/v2\/berocket_brand?post=29019"}],"curies":[{"name":"wp","href":"https:\/\/api.w.org\/{rel}","templated":true}]}}