{"id":29038,"date":"2024-02-26T16:17:54","date_gmt":"2024-02-26T19:17:54","guid":{"rendered":"https:\/\/www.casadainjecao.com.br\/loja\/?post_type=product&#038;p=29038"},"modified":"2026-03-30T16:50:52","modified_gmt":"2026-03-30T19:50:52","slug":"sonda-lambda-pre-pos-bosch-gm-celta-classic-corsa-meriva-montana-prisma-0258986770","status":"publish","type":"product","link":"https:\/\/www.casadainjecao.com.br\/loja\/autopecas\/injecao-eletronica\/sonda-lambda\/sonda-lambda-pre-pos-bosch-gm-celta-classic-corsa-meriva-montana-prisma-0258986770\/","title":{"rendered":"Sonda Lambda Pr\u00e9\/P\u00f3s Bosch Gm Celta Classic Corsa Meriva M"},"content":{"rendered":"<h2>Sonda Lambda Sensor de Oxig\u00eanio Pr\u00e9\/P\u00f3s Catalisador Original Bosch<\/h2>\n<p><strong>CHEVROLET<\/strong><\/p>\n<p>Chevrolet Celta 1.0 2009 2010 2011 2012 2013 2014 2015 PR\u00c9 \/ P\u00d3S<\/p>\n<p>Chevrolet Celta 1.0 Advantage Flex Power 2014 PR\u00c9 \/ P\u00d3S<\/p>\n<p>Chevrolet Celta 1.0 Life Flex Power 2009 2010 2011 PR\u00c9 \/ P\u00d3S<\/p>\n<p>Chevrolet Celta 1.0 Ls Flex Power 2012 2013 2014 PR\u00c9 \/ P\u00d3S<\/p>\n<p>Chevrolet Celta 1.0 Lt Edi\u00e7\u00e3o Limitada Flex Power 2012 PR\u00c9 \/ P\u00d3S<\/p>\n<p>Chevrolet Celta 1.0 Lt Flex Power 2012 2013 2014 2015 PR\u00c9 \/ P\u00d3S<\/p>\n<p>Chevrolet Celta 1.0 Spirit Flex Power 2009 2010 2011 PR\u00c9 \/ P\u00d3S<\/p>\n<p>Chevrolet Celta 1.0 Super Flex Power 2009 PR\u00c9 \/ P\u00d3S<\/p>\n<p>Chevrolet Classic 1.0 VHCE 2009 2010 2011 2012 2013 2014 2015 2016 PR\u00c9<\/p>\n<p>Chevrolet Classic 1.0 VHCE 2009 2010 2011 2012 2013 2014 2015 2016 P\u00d3S<\/p>\n<p>Chevrolet Corsa 1.0 VHCE 2008 2009 PR\u00c9<\/p>\n<p>Chevrolet Corsa 1.4 Maxx Econoflex 2010 2011 2012 P\u00d3S<\/p>\n<p>Chevrolet Corsa 1.4 Maxx Econoflex 2007 2008 2009 2010 2011 2012 PR\u00c9<\/p>\n<p>Chevrolet Corsa 1.8 MPFI FLEXPOWER 2005 2006 2007 2008 2009 PR\u00c9<\/p>\n<p>Chevrolet Corsa Sedan 1.4 Econoflex 2010 2011 2012 P\u00d3S<\/p>\n<p>Chevrolet Corsa Sedan 1.4 Econoflex 2007 2008 2009 2010 2011 2012 PR\u00c9<\/p>\n<p>Chevrolet Corsa Sedan 1.8 MPFI 2005 2006 2007 2008 2009 GASOLINA PR\u00c9<\/p>\n<p>Chevrolet Corsa Sedan 1.8 MPFI Flexpower 2005 2006 2007 2008 2009 PR\u00c9<\/p>\n<p>Chevrolet Meriva 1.4 Econoflex 2009 2010 2011 2012 PR\u00c9<\/p>\n<p>Chevrolet Meriva 1.4 Collection Econoflex 2010 2011 2012 P\u00d3S<\/p>\n<p>Chevrolet Meriva 1.4 Joy Econoflex 2010 2011 2012 P\u00d3S<\/p>\n<p>Chevrolet Meriva 1.4 Maxx Econoflex 2010 2011 2012 P\u00d3S<\/p>\n<p>Chevrolet Meriva 1.8 MPFI FlexPower 2010 2011 2012 P\u00d3S<\/p>\n<p>Chevrolet Meriva 1.8 MPFI FlexPower 2005 2006 2007 2008 2009 2010 2011 2012 PR\u00c9<\/p>\n<p>Chevrolet Montana 1.4 Econo.Flex 2010 P\u00d3S<\/p>\n<p>Chevrolet Montana 1.4 Econo.Flex 2007 2008 2009 2010 PR\u00c9<\/p>\n<p>Chevrolet Montana 1.4 Combo Econoflex 2007 2008 2009 2010 PR\u00c9<\/p>\n<p>Chevrolet Montana 1.8 MPFI Flexpower 2005 2006 2007 PR\u00c9<\/p>\n<p>Chevrolet Prisma 1.0 VHCE Flexpower 2009 2010 2011 PR\u00c9<\/p>\n<p>Chevrolet Prisma 1.0 VHCE Flexpower 2010 2011 P\u00d3S<\/p>\n<p>Chevrolet Prisma 1.4 Joy, Econoflex, Maxx Flexpower 2009 2010 2011 2012 2013<\/p>\n<h4>C\u00f3digo de Refer\u00eancia:<\/h4>\n<p>0258986770 \/ LS86770 \/ LSF-4.2 \/ 93310435 \/ OZA683EE19 \/ 883445040 \/ ES20331<\/p>\n<h4>Especifica\u00e7\u00f5es:<\/h4>\n<p>Tipo de sonda lambda: Direct-Fit \/ Sonda de regula\u00e7\u00e3o \/ local de montagem: antes do catalisador<\/p>\n<p>1 Sonda Lambda Original Bosch \/ comprimento: 425 mm\u00a0 4 cabos 4 fios (2 brancos, 1 preto, 1 cinza)<\/p>\n<h4>Condi\u00e7\u00f5es:<\/h4>\n<p>Novo Original \/ Marca Bosch<\/p>\n<h4>Garantia:<\/h4>\n<p>3 Meses<\/p>\n<h3>APLICA\u00c7\u00c3O:<\/h3>\n<p>Linha Chevrolet<\/p>\n<h3>ATEN\u00c7\u00c3O: Antes de efetuar a compra verifique o c\u00f3digo da pe\u00e7a que est\u00e1 instalada no seu ve\u00edculo.<\/h3>\n<h4>O que \u00e9 e para que serve a Sonda Lambda?<\/h4>\n<p>A Sonda lambda \u00e9 um componente essencial em ve\u00edculos equipados com motores a combust\u00e3o interna, especialmente em sistemas de inje\u00e7\u00e3o eletr\u00f4nica de combust\u00edvel. Sua principal fun\u00e7\u00e3o \u00e9 monitorar a quantidade de oxig\u00eanio nos gases de escape do motor.<\/p>\n<p>&nbsp;<\/p>\n<p>A Casa da Inje\u00e7\u00e3o oferece total garantia nos produtos comprados em nosso site.<\/p>\n<ol>\n<li>Cada item \u00e9 rigorosamente testado antes do envio<\/li>\n<li>Se os itens estiverem danificados ou parcialmente defeituosos, entre em contato conosco.<\/li>\n<\/ol>\n<p>Se houver qualquer defeito, n\u00f3s lhe enviaremos uma substitui\u00e7\u00e3o ap\u00f3s receber o pacote ou devolvemos seu dinheiro.<\/p>\n<p>Leia nossa <span style=\"color: #ff0000;\"><a style=\"color: #ff0000;\" href=\"https:\/\/www.casadainjecao.com.br\/loja\/politica-de-devolucao\">pol\u00edtica de devolu\u00e7\u00e3o aqui<\/a><\/span><\/p>\n<p>&#8212;&#8212;&#8212;&#8212;&#8212;&#8212;&#8212;&#8212;&#8212;&#8212;&#8212;&#8212;&#8212;&#8212;&#8212;&#8212;&#8212;&#8212;&#8212;&#8211;<\/p>\n<p><strong>Tem alguma d\u00favida?<\/strong><\/p>\n<p>Entre em contato que podemos ajudar!<\/p>\n<p>Confira as informa\u00e7\u00f5es adicionais abaixo:<\/p>\n<ul>\n<li>Todos os nossos produtos s\u00e3o novos, semi-novos, originais e paralelos possuem garantia.<\/li>\n<li>Todos os produtos anunciados est\u00e3o dispon\u00edveis em estoque e s\u00e3o enviados com extrema rapidez.<\/li>\n<li>O frete pode ser simulado antes de efetuar a compra, basta clicar em \u201cver custos de envio\u201d.<\/li>\n<li>Verifique o endere\u00e7o de entrega cadastrado e atualize caso necess\u00e1rio.<\/li>\n<li>Confirme se a pe\u00e7a \u00e9 correta para o seu modelo de ve\u00edculo.<\/li>\n<li>Para pe\u00e7as automotivas, recomendamos a instala\u00e7\u00e3o por um profissional especializado.<\/li>\n<\/ul>\n<p>Caso possua outras d\u00favidas, entre em contato<\/p>\n","protected":false},"excerpt":{"rendered":"<h2 class=\"ui-pdp-title\">Sonda Lambda Pr\u00e9\/P\u00f3s Bosch Gm Celta Classic Corsa Meriva Montana Prisma &#8211; 0258986770<\/h2>\n","protected":false},"featured_media":29042,"template":"","meta":{"_seopress_robots_primary_cat":"none","_seopress_titles_title":"","_seopress_titles_desc":"","_seopress_robots_index":"","_kad_blocks_custom_css":"","_kad_blocks_head_custom_js":"","_kad_blocks_body_custom_js":"","_kad_blocks_footer_custom_js":"","_joinchat":[]},"product_cat":[21,270],"product_tag":[295,1484,115,1977,117,296,1263],"berocket_brand":[381],"taxonomy_info":{"product_cat":[{"value":21,"label":"Inje\u00e7\u00e3o Eletr\u00f4nica"},{"value":270,"label":"Sonda Lambda"}],"product_tag":[{"value":295,"label":"Celta"},{"value":1484,"label":"Classic"},{"value":115,"label":"Corsa"},{"value":1977,"label":"Corsa Sedan"},{"value":117,"label":"Meriva"},{"value":296,"label":"Montana"},{"value":1263,"label":"Prisma"}],"berocket_brand":[{"value":381,"label":"Chevrolet"}]},"featured_image_src_large":["https:\/\/www.casadainjecao.com.br\/loja\/wp-content\/uploads\/2024\/02\/0258986770-3-885x780.jpg",640,564,true],"author_info":[],"comment_info":"","_links":{"self":[{"href":"https:\/\/www.casadainjecao.com.br\/loja\/wp-json\/wp\/v2\/product\/29038"}],"collection":[{"href":"https:\/\/www.casadainjecao.com.br\/loja\/wp-json\/wp\/v2\/product"}],"about":[{"href":"https:\/\/www.casadainjecao.com.br\/loja\/wp-json\/wp\/v2\/types\/product"}],"wp:featuredmedia":[{"embeddable":true,"href":"https:\/\/www.casadainjecao.com.br\/loja\/wp-json\/wp\/v2\/media\/29042"}],"wp:attachment":[{"href":"https:\/\/www.casadainjecao.com.br\/loja\/wp-json\/wp\/v2\/media?parent=29038"}],"wp:term":[{"taxonomy":"product_cat","embeddable":true,"href":"https:\/\/www.casadainjecao.com.br\/loja\/wp-json\/wp\/v2\/product_cat?post=29038"},{"taxonomy":"product_tag","embeddable":true,"href":"https:\/\/www.casadainjecao.com.br\/loja\/wp-json\/wp\/v2\/product_tag?post=29038"},{"taxonomy":"berocket_brand","embeddable":true,"href":"https:\/\/www.casadainjecao.com.br\/loja\/wp-json\/wp\/v2\/berocket_brand?post=29038"}],"curies":[{"name":"wp","href":"https:\/\/api.w.org\/{rel}","templated":true}]}}