{"id":29049,"date":"2024-02-27T11:28:46","date_gmt":"2024-02-27T14:28:46","guid":{"rendered":"https:\/\/www.casadainjecao.com.br\/loja\/?post_type=product&#038;p=29049"},"modified":"2026-04-27T15:33:16","modified_gmt":"2026-04-27T18:33:16","slug":"coifa-comando-de-marchas-trambulador-fiat-palio-uno-51898200","status":"publish","type":"product","link":"https:\/\/www.casadainjecao.com.br\/loja\/autopecas\/interior\/coifa-comando-de-marchas-trambulador-fiat-palio-uno-51898200\/","title":{"rendered":"Coifa Comando De Marchas Trambulador Fiat Palio Uno &#8211; "},"content":{"rendered":"<h1>Coifa Comando De Marchas Trambulador Original<\/h1>\n<h3>FIAT &#8211; 58 IDEA FASE 1 (2011-2016)<\/h3>\n<h3>FIAT &#8211; 54 LINEA (2009-2014)<\/h3>\n<h3>FIAT &#8211; 70 LINEA FASE 1 (2015-2016)<\/h3>\n<h3>FIAT &#8211; 20 MAREA (1999-2007)<\/h3>\n<h3>FIAT &#8211; 21 MAREA WEEKEND (1999-2007)<\/h3>\n<h3>FIAT &#8211; 78 MOBI (2017 \u2013 em diante)<\/h3>\n<h3>FIAT &#8211; 91 NOVA STRADA (2020 \u2013 em diante)<\/h3>\n<h3>FIAT &#8211; 82 NOVO FIORINO (2011 &#8211; 2021)<\/h3>\n<h3>FIAT &#8211; 60 NOVO PALIO (2012 &#8211; 2017)<\/h3>\n<h3>FIAT &#8211; 57 NOVO UNO (2011-2014)<\/h3>\n<h3>FIAT &#8211; 71 NOVO UNO FASE 1 (2015-2016)<\/h3>\n<h3>FIAT &#8211; 80 NOVO UNO FASE 2 (2016 &#8211; 2021)<\/h3>\n<h3>FIAT &#8211; 69 NOVO UNO FURGONETA (2011-2016)<\/h3>\n<h3>FIAT &#8211; 16 PALIO (1996-2002)<\/h3>\n<h3>FIAT &#8211; 25 PALIO FASE 1 (2001-2007)<\/h3>\n<h3>FIAT &#8211; 34 PALIO FASE 2 (2004-2017)<\/h3>\n<h3>FIAT &#8211; 47 PALIO FASE 3 (2008-2012)<\/h3>\n<h3>FIAT &#8211; 17 PALIO WEEKEND (1996-2002)<\/h3>\n<h3>FIAT &#8211; 26 PALIO WEEKEND FASE 1 (2001-2007)<\/h3>\n<h3>FIAT &#8211; 38 PALIO WEEKEND FASE 2 (2004-2008)<\/h3>\n<h3>FIAT &#8211; 52 PALIO WEEKEND FASE 3 (2008-2012)<\/h3>\n<h3>FIAT &#8211; 66 PALIO WEEKEND FASE 4 (2013-2020)<\/h3>\n<h3>FIAT &#8211; 02 PR\u00caMIO (1985-2004)<\/h3>\n<h3>FIAT &#8211; 95 PULSE (2022 \u2013 em diante)<\/h3>\n<h3>FIAT &#8211; 49 PUNTO (2008-2012)<\/h3>\n<h3>FIAT &#8211; 61 PUNTO FASE 1 (2013-2017)<\/h3>\n<h3>FIAT &#8211; 19 SIENA (1996-2002)<\/h3>\n<h3>FIAT &#8211; 27 SIENA FASE 1 (2001-2007)<\/h3>\n<h3>FIAT &#8211; 39 SIENA FASE 2 (2004-2013)<\/h3>\n<h3>FIAT &#8211; 51 SIENA FASE 3 (2008-2012)<\/h3>\n<h3>FIAT &#8211; 65 SIENA FASE 4 (2013 &#8211; 2017)<\/h3>\n<h3>FIAT &#8211; 31 STILO (2003-2007)<\/h3>\n<h3>FIAT &#8211; 50 STILO FASE 1 (2008-2011)<\/h3>\n<h3>FIAT &#8211; 22 STRADA (1996-2002)<\/h3>\n<h3>FIAT &#8211; 32 STRADA FASE 1 (2001-2007)<\/h3>\n<h3>FIAT &#8211; 40 STRADA FASE 2 (2004-2013)<\/h3>\n<h3>FIAT &#8211; 53 STRADA FASE 3 (2008-2012)<\/h3>\n<h3>FIAT &#8211; 67 STRADA FASE 4 (2013-2020)<\/h3>\n<h3>FIAT &#8211; 06 TEMPRA (1992-1999)<\/h3>\n<h3>FIAT &#8211; 10 TEMPRA SW (1992-1999)<\/h3>\n<h3>FIAT &#8211; 07 TIPO 1.6 (1993-1997)<\/h3>\n<h3>FIAT &#8211; 08 TIPO 2.0 (1993-1997)<\/h3>\n<h3>FIAT &#8211; 77 TORO (2016 &#8211; 2021)<\/h3>\n<h3>FIAT &#8211; 01 UNO (1985-2004)<\/h3>\n<h3>FIAT &#8211; 36 UNO FASE 1 (2004-2013)<\/h3>\n<h3>FIAT &#8211; 09 UNO MILLE (1985-2004)<\/h3>\n<h3>FIAT &#8211; 35 UNO MILLE (2004-2013)<\/h3>\n<h3>C\u00f3digo de Refer\u00eancia:<\/h3>\n<h3>51898200<\/h3>\n<h4>Especifica\u00e7\u00f5es:<\/h4>\n<p>1 Coifa do Comando de Marchas Do Trambulador Original Fiat Mopar<\/p>\n<h4>Condi\u00e7\u00f5es:<\/h4>\n<p>Novo Original \/ Marca Fiat Mopar<\/p>\n<h4>Garantia:<\/h4>\n<p>3 Meses<\/p>\n<h3>APLICA\u00c7\u00c3O:<\/h3>\n<p>Linha Fiat<\/p>\n<h3>ATEN\u00c7\u00c3O: Antes de efetuar a compra verifique o c\u00f3digo da pe\u00e7a que est\u00e1 instalada no seu ve\u00edculo.<\/h3>\n<h4>O que \u00e9 e para que serve a Coifa Comando De Marchas Trambulador?<\/h4>\n<p>A Coifa do Comando de marchas, tamb\u00e9m conhecida como coifa do trambulador, \u00e9 uma pe\u00e7a automotiva que desempenha um papel importante nos ve\u00edculos equipados com transmiss\u00e3o manual. Ela impede a entrada de poeira, sujeira, \u00e1gua e outros detritos que podem comprometer o funcionamento adequado do trambulador.<\/p>\n<p>&nbsp;<\/p>\n<p>A Casa da Inje\u00e7\u00e3o oferece total garantia nos produtos comprados em nosso site.<\/p>\n<ol>\n<li>Cada item \u00e9 rigorosamente testado antes do envio<\/li>\n<li>Se os itens estiverem danificados ou parcialmente defeituosos, entre em contato conosco.<\/li>\n<\/ol>\n<p>Se houver qualquer defeito, n\u00f3s lhe enviaremos uma substitui\u00e7\u00e3o ap\u00f3s receber o pacote ou devolvemos seu dinheiro.<\/p>\n<p>Leia nossa<span style=\"color: #ff0000;\">\u00a0<a style=\"color: #ff0000;\" href=\"https:\/\/www.casadainjecao.com.br\/loja\/politica-de-devolucao\">pol\u00edtica de devolu\u00e7\u00e3o aqui<\/a><\/span><\/p>\n<p>\u2014\u2014\u2014\u2014\u2014\u2014\u2014\u2014\u2014\u2014\u2014\u2014\u2014\u2014\u2014\u2014\u2014\u2014\u2014\u2013<\/p>\n<p><strong>Tem alguma d\u00favida?<\/strong><\/p>\n<p>Entre em contato que podemos ajudar!<\/p>\n<p>Confira as informa\u00e7\u00f5es adicionais abaixo:<\/p>\n<ul>\n<li>Todos os nossos produtos s\u00e3o novos, semi-novos, originais e paralelos possuem garantia.<\/li>\n<li>Todos os produtos anunciados est\u00e3o dispon\u00edveis em estoque e s\u00e3o enviados com extrema rapidez.<\/li>\n<li>O frete pode ser simulado antes de efetuar a compra, basta clicar em \u201cver custos de envio\u201d.<\/li>\n<li>Verifique o endere\u00e7o de entrega cadastrado e atualize caso necess\u00e1rio.<\/li>\n<li>Confirme se a pe\u00e7a \u00e9 correta para o seu modelo de ve\u00edculo.<\/li>\n<li>Para pe\u00e7as automotivas, recomendamos a instala\u00e7\u00e3o por um profissional especializado.<\/li>\n<\/ul>\n<p>Caso possua outras d\u00favidas, entre em contato<\/p>\n","protected":false},"excerpt":{"rendered":"<h2>Coifa Comando De Marchas Trambulador Fiat Palio Uno &#8211; 51898200<\/h2>\n","protected":false},"featured_media":29052,"template":"","meta":{"_seopress_robots_primary_cat":"none","_seopress_titles_title":"","_seopress_titles_desc":"","_seopress_robots_index":"","_joinchat":[]},"product_cat":[24],"product_tag":[1979,1470,1489,1635,247,281,280,1713,709,1100,1469,298,119,1892,279,108,1613,121,1521,1193,1041,214],"berocket_brand":[383],"_links":{"self":[{"href":"https:\/\/www.casadainjecao.com.br\/loja\/wp-json\/wp\/v2\/product\/29049"}],"collection":[{"href":"https:\/\/www.casadainjecao.com.br\/loja\/wp-json\/wp\/v2\/product"}],"about":[{"href":"https:\/\/www.casadainjecao.com.br\/loja\/wp-json\/wp\/v2\/types\/product"}],"wp:featuredmedia":[{"embeddable":true,"href":"https:\/\/www.casadainjecao.com.br\/loja\/wp-json\/wp\/v2\/media\/29052"}],"wp:attachment":[{"href":"https:\/\/www.casadainjecao.com.br\/loja\/wp-json\/wp\/v2\/media?parent=29049"}],"wp:term":[{"taxonomy":"product_cat","embeddable":true,"href":"https:\/\/www.casadainjecao.com.br\/loja\/wp-json\/wp\/v2\/product_cat?post=29049"},{"taxonomy":"product_tag","embeddable":true,"href":"https:\/\/www.casadainjecao.com.br\/loja\/wp-json\/wp\/v2\/product_tag?post=29049"},{"taxonomy":"berocket_brand","embeddable":true,"href":"https:\/\/www.casadainjecao.com.br\/loja\/wp-json\/wp\/v2\/berocket_brand?post=29049"}],"curies":[{"name":"wp","href":"https:\/\/api.w.org\/{rel}","templated":true}]}}