{"id":29070,"date":"2024-02-28T16:50:47","date_gmt":"2024-02-28T19:50:47","guid":{"rendered":"https:\/\/www.casadainjecao.com.br\/loja\/?post_type=product&#038;p=29070"},"modified":"2026-01-17T21:11:59","modified_gmt":"2026-01-18T00:11:59","slug":"junta-tampa-valvula-defletora-peugeot-1-6-16v-207-307-0249c6","status":"publish","type":"product","link":"https:\/\/www.casadainjecao.com.br\/loja\/autopecas\/motor\/juntas-motor\/junta-tampa-valvula-defletora-peugeot-1-6-16v-207-307-0249c6\/","title":{"rendered":"Par Juntas Tampa V\u00e1lvula Defletora Peugeot Cintroen Origina"},"content":{"rendered":"<h2>Par Juntas Tampa V\u00e1lvula Defletora Original<\/h2>\n<p><strong>PEUGEOT<\/strong><\/p>\n<p>Peugeot 206 1.6 16v<\/p>\n<p>Peugeot 207 1.6 16v<\/p>\n<p>Peugeot 208 1.6 16v<\/p>\n<p>Peugeot 2008 1.6 16v<\/p>\n<p>Peugeot 307 1.6 16v<\/p>\n<p>Peugeot 308 1.6 16v<\/p>\n<p>Peugeot Partner 1.6 16v<\/p>\n<p><strong>CITROEN<\/strong><\/p>\n<p>Citroen C3 1.6 16V<\/p>\n<p>Citroen C3 Aircross 1.6 16V<\/p>\n<p>Citroen C3 Picasso 1.6 16V<\/p>\n<p>Citroen Xsara Picasso 1.6 16V<\/p>\n<p>Citroen C3 Picasso 1.6 16V<\/p>\n<p>Citroen C4 1.6 16V<\/p>\n<p>Citroen Berlingo 1.6 16V<\/p>\n<h4>C\u00f3digo de Refer\u00eancia:<\/h4>\n<p>0249c6<\/p>\n<p><strong>Condi\u00e7\u00f5es:<\/strong><\/p>\n<p>Novo Original \/ Marca Fiat Mopar<\/p>\n<h4><strong>Especifica\u00e7\u00f5es:<\/strong><\/h4>\n<p>Kit composto por 1 par (2 unidades) de juntas tampa v\u00e1lvula defletora<\/p>\n<p><strong>Garantia:<\/strong><\/p>\n<p>3 Meses<\/p>\n<h3><strong> ATEN\u00c7\u00c3O: Antes de efetuar a compra verifique o c\u00f3digo da sua pe\u00e7a que est\u00e1 instalado no seu ve\u00edculo.<\/strong><\/h3>\n<h4>O que \u00e9 e para que serve o\u00a0Junta Tampa V\u00e1lvula Defletora?<\/h4>\n<p>A Junta tampa de v\u00e1lvulas s\u00e3o respons\u00e1veis pela perfeita veda\u00e7\u00e3o entre a tampa de v\u00e1lvulas e o motor, impedindo o \u00f3leo vaze para a \u00e1rea externa, danificando outros componentes e sistemas do ve\u00edculo.<\/p>\n<p>&nbsp;<\/p>\n<p>A Casa da Inje\u00e7\u00e3o oferece total garantia nos produtos comprados em nosso site.<\/p>\n<ol>\n<li>Cada item \u00e9 rigorosamente testado antes do envio<\/li>\n<li>Se os itens estiverem danificados ou parcialmente defeituosos, entre em contato conosco.<\/li>\n<\/ol>\n<p>Se houver qualquer defeito, n\u00f3s lhe enviaremos uma substitui\u00e7\u00e3o ap\u00f3s receber o pacote ou devolvemos seu dinheiro.<\/p>\n<p>Leia nossa<span style=\"color: #ff0000;\">\u00a0<a style=\"color: #ff0000;\" href=\"https:\/\/www.casadainjecao.com.br\/loja\/politica-de-devolucao\">pol\u00edtica de devolu\u00e7\u00e3o aqui<\/a><\/span><\/p>\n<p>-\u2014\u2014\u2014\u2014\u2014\u2014\u2014\u2014\u2014\u2014\u2014\u2014\u2014\u2014\u2014\u2014\u2014\u2014\u2014\u2013<\/p>\n<p><strong>Tem alguma d\u00favida?<\/strong><\/p>\n<p>Entre em contato que podemos ajudar!<\/p>\n<p>Confira as informa\u00e7\u00f5es adicionais abaixo:<\/p>\n<ul>\n<li>Todos os nossos produtos s\u00e3o novos, originais e possuem garantia.<\/li>\n<li>Todos os produtos anunciados est\u00e3o dispon\u00edveis em estoque e s\u00e3o enviados com extrema rapidez.<\/li>\n<li>O frete pode ser simulado antes de efetuar a compra, basta clicar em \u201cver custos de envio\u201d.<\/li>\n<li>Verifique o endere\u00e7o de entrega cadastrado e atualize caso necess\u00e1rio.<\/li>\n<li>Confirme se a pe\u00e7a \u00e9 correta para o seu modelo de ve\u00edculo.<\/li>\n<li>Para pe\u00e7as automotivas, recomendamos a instala\u00e7\u00e3o por um profissional especializado.<\/li>\n<\/ul>\n<p>Caso possua outras d\u00favidas, entre em contato.<\/p>\n","protected":false},"excerpt":{"rendered":"<h2>Par Juntas Tampa V\u00e1lvula Defletora Peugeot Cintroen Original &#8211; 0249c6<\/h2>\n","protected":false},"featured_media":29115,"template":"","meta":{"_seopress_robots_primary_cat":"none","_seopress_titles_title":"","_seopress_titles_desc":"","_seopress_robots_index":"","_joinchat":[]},"product_cat":[222,22],"product_tag":[1557,245,131],"berocket_brand":[382,393],"_links":{"self":[{"href":"https:\/\/www.casadainjecao.com.br\/loja\/wp-json\/wp\/v2\/product\/29070"}],"collection":[{"href":"https:\/\/www.casadainjecao.com.br\/loja\/wp-json\/wp\/v2\/product"}],"about":[{"href":"https:\/\/www.casadainjecao.com.br\/loja\/wp-json\/wp\/v2\/types\/product"}],"wp:featuredmedia":[{"embeddable":true,"href":"https:\/\/www.casadainjecao.com.br\/loja\/wp-json\/wp\/v2\/media\/29115"}],"wp:attachment":[{"href":"https:\/\/www.casadainjecao.com.br\/loja\/wp-json\/wp\/v2\/media?parent=29070"}],"wp:term":[{"taxonomy":"product_cat","embeddable":true,"href":"https:\/\/www.casadainjecao.com.br\/loja\/wp-json\/wp\/v2\/product_cat?post=29070"},{"taxonomy":"product_tag","embeddable":true,"href":"https:\/\/www.casadainjecao.com.br\/loja\/wp-json\/wp\/v2\/product_tag?post=29070"},{"taxonomy":"berocket_brand","embeddable":true,"href":"https:\/\/www.casadainjecao.com.br\/loja\/wp-json\/wp\/v2\/berocket_brand?post=29070"}],"curies":[{"name":"wp","href":"https:\/\/api.w.org\/{rel}","templated":true}]}}