{"id":29074,"date":"2024-02-28T16:53:14","date_gmt":"2024-02-28T19:53:14","guid":{"rendered":"https:\/\/www.casadainjecao.com.br\/loja\/?post_type=product&#038;p=29074"},"modified":"2025-09-11T15:04:03","modified_gmt":"2025-09-11T18:04:03","slug":"par-lanternas-luz-placa-led-citroen-c3-c4-original-6340a3","status":"publish","type":"product","link":"https:\/\/www.casadainjecao.com.br\/loja\/autopecas\/exterior\/lanterna\/par-lanternas-luz-placa-led-citroen-c3-c4-original-6340a3\/","title":{"rendered":"Par Lanterna Luz Placa Led Citroen C3 C4 Original &#8211; 63"},"content":{"rendered":"<h2>Par Lanternas Luz da Placa de Led<\/h2>\n<p><strong>PEUGEOT<\/strong><\/p>\n<p>Peugeot 206<\/p>\n<p>Peugeot 207<\/p>\n<p>Peugeot 307<\/p>\n<p>Peugeot Hoggar<\/p>\n<p>Peugeot 308<\/p>\n<p>Peugeot 406<\/p>\n<p>Peugeot 407<\/p>\n<p>Peugeot Partner<\/p>\n<p>Peugeot 5008<\/p>\n<p><strong>CITROEN<\/strong><\/p>\n<p>Citroen C3<\/p>\n<p>Citroen C4<\/p>\n<p>Citroen Xsara Picasso<\/p>\n<p>Citroen Berlingo<\/p>\n<p>Citroen\u00a0 C4 Lounge<\/p>\n<p>Citroen\u00a0 C4 Picasso<\/p>\n<p>Citroen C5<\/p>\n<p>Citroen\u00a0 DS4<\/p>\n<p>Citroen\u00a0 Jumpy<\/p>\n<h4>C\u00f3digo de Refer\u00eancia:<\/h4>\n<p>6340A3<\/p>\n<h4>Especifica\u00e7\u00f5es:<\/h4>\n<p>1 Par de Lanternas Luz Placa de Led<\/p>\n<h4>Condi\u00e7\u00f5es:<\/h4>\n<p>Novo Original \/ Marca Fiat Mopar<\/p>\n<h4>Garantia:<\/h4>\n<p>3 Meses<\/p>\n<h3>APLICA\u00c7\u00c3O:<\/h3>\n<p>Linha Peugeot \/ Citroen<\/p>\n<h3>ATEN\u00c7\u00c3O: Antes de efetuar a compra verifique o c\u00f3digo da pe\u00e7a que est\u00e1 instalada no seu ve\u00edculo.<\/h3>\n<h4>O que \u00e9 e para que serve a Lanterna da Placa?<\/h4>\n<p>A Lanterna da placa, tamb\u00e9m conhecida como luz de placa, \u00e9 uma pequena luz localizada na parte traseira de um ve\u00edculo, geralmente montada na \u00e1rea pr\u00f3xima \u00e0 placa de identifica\u00e7\u00e3o do ve\u00edculo.<\/p>\n<p>&nbsp;<\/p>\n<p>A Casa da Inje\u00e7\u00e3o oferece total garantia nos produtos comprados em nosso site.<\/p>\n<ol>\n<li>Cada item \u00e9 rigorosamente testado antes do envio<\/li>\n<li>Se os itens estiverem danificados ou parcialmente defeituosos, entre em contato conosco.<\/li>\n<\/ol>\n<p>Se houver qualquer defeito, n\u00f3s lhe enviaremos uma substitui\u00e7\u00e3o ap\u00f3s receber o pacote ou devolvemos seu dinheiro.<\/p>\n<p>Leia nossa<span style=\"color: #ff0000;\">\u00a0<a style=\"color: #ff0000;\" href=\"https:\/\/www.casadainjecao.com.br\/loja\/politica-de-devolucao\">pol\u00edtica de devolu\u00e7\u00e3o aqui<\/a><\/span><\/p>\n<p>\u2014\u2014\u2014\u2014\u2014\u2014\u2014\u2014\u2014\u2014\u2014\u2014\u2014\u2014\u2014\u2014\u2014\u2014\u2014\u2013<\/p>\n<p><strong>Tem alguma d\u00favida?<\/strong><\/p>\n<p>Entre em contato que podemos ajudar!<\/p>\n<p>Confira as informa\u00e7\u00f5es adicionais abaixo:<\/p>\n<ul>\n<li>Todos os nossos produtos s\u00e3o novos, semi-novos, originais e paralelos possuem garantia.<\/li>\n<li>Todos os produtos anunciados est\u00e3o dispon\u00edveis em estoque e s\u00e3o enviados com extrema rapidez.<\/li>\n<li>O frete pode ser simulado antes de efetuar a compra, basta clicar em \u201cver custos de envio\u201d.<\/li>\n<li>Verifique o endere\u00e7o de entrega cadastrado e atualize caso necess\u00e1rio.<\/li>\n<li>Confirme se a pe\u00e7a \u00e9 correta para o seu modelo de ve\u00edculo.<\/li>\n<li>Para pe\u00e7as automotivas, recomendamos a instala\u00e7\u00e3o por um profissional especializado.<\/li>\n<\/ul>\n<p>Caso possua outras d\u00favidas, entre em contato<\/p>\n","protected":false},"excerpt":{"rendered":"<h2>Par Lanterna Luz Placa Led Citroen C3 C4 Original &#8211; 6340a3<\/h2>\n","protected":false},"featured_media":29082,"template":"","meta":{"_seopress_robots_primary_cat":"none","_seopress_titles_title":"","_seopress_titles_desc":"","_seopress_robots_index":"","_joinchat":[]},"product_cat":[23,1095,308],"product_tag":[784,785,787,1756,1852,1757,1982,1166,782,783,1983,1679,1692,1984,1854,1985,1574,1640],"berocket_brand":[382,393],"_links":{"self":[{"href":"https:\/\/www.casadainjecao.com.br\/loja\/wp-json\/wp\/v2\/product\/29074"}],"collection":[{"href":"https:\/\/www.casadainjecao.com.br\/loja\/wp-json\/wp\/v2\/product"}],"about":[{"href":"https:\/\/www.casadainjecao.com.br\/loja\/wp-json\/wp\/v2\/types\/product"}],"wp:featuredmedia":[{"embeddable":true,"href":"https:\/\/www.casadainjecao.com.br\/loja\/wp-json\/wp\/v2\/media\/29082"}],"wp:attachment":[{"href":"https:\/\/www.casadainjecao.com.br\/loja\/wp-json\/wp\/v2\/media?parent=29074"}],"wp:term":[{"taxonomy":"product_cat","embeddable":true,"href":"https:\/\/www.casadainjecao.com.br\/loja\/wp-json\/wp\/v2\/product_cat?post=29074"},{"taxonomy":"product_tag","embeddable":true,"href":"https:\/\/www.casadainjecao.com.br\/loja\/wp-json\/wp\/v2\/product_tag?post=29074"},{"taxonomy":"berocket_brand","embeddable":true,"href":"https:\/\/www.casadainjecao.com.br\/loja\/wp-json\/wp\/v2\/berocket_brand?post=29074"}],"curies":[{"name":"wp","href":"https:\/\/api.w.org\/{rel}","templated":true}]}}