{"id":29157,"date":"2024-03-05T15:28:13","date_gmt":"2024-03-05T18:28:13","guid":{"rendered":"https:\/\/www.casadainjecao.com.br\/loja\/?post_type=product&#038;p=29157"},"modified":"2025-03-10T13:00:21","modified_gmt":"2025-03-10T16:00:21","slug":"corpo-de-borboleta-tbi-fiat-freemont-2-4-12-a-15-04891735ac","status":"publish","type":"product","link":"https:\/\/www.casadainjecao.com.br\/loja\/autopecas\/injecao-eletronica\/corpo-de-borboleta\/corpo-de-borboleta-tbi-fiat-freemont-2-4-12-a-15-04891735ac\/","title":{"rendered":"Corpo De Borboleta Tbi Fiat Freemont 2.4 12 A 15 &#8211; 048"},"content":{"rendered":"<h2>CORPO DE BORBOLETA TBI<\/h2>\n<p><strong>FIAT<\/strong><\/p>\n<p>FREEMONT 2.4 &#8211; 2012 A 2015<\/p>\n<p><strong>DODGE<\/strong><\/p>\n<p>JOURNEY &#8211; 2009 A 2015 L4-2.4L<\/p>\n<p>AVENGER &#8211; 2008 A 2014 L4-2.4L<\/p>\n<p>CALIBER &#8211; 2007 A 2012 L4-1.8L 2.0L 2.4L<\/p>\n<p><strong>JEEP<\/strong><\/p>\n<p>COMPASS &#8211; 2007 A 2015 L4-2.0L 2.4L<\/p>\n<p>PATRIOT &#8211; 2007 A 2015 L4-2.0L 2.4L<\/p>\n<p><strong>CHRYSLER<\/strong><\/p>\n<p>200 &#8211; 2011 A 2014 L4-2.4L<\/p>\n<p>SEBRING &#8211; 2007 A 2010 L4-2.4L<\/p>\n<h4>C\u00d3DIGO REFER\u00caNCIA:<\/h4>\n<p>04891735AC \/ 04891735AD \/ 5429090<\/p>\n<h4>Condi\u00e7\u00f5es:<\/h4>\n<p>Produto Novo Paralelo \/ Marca Torken<\/p>\n<h4>Especifica\u00e7\u00f5es:<\/h4>\n<p>Conte\u00fado da embalagem: 1 corpo de borboleta TBI<\/p>\n<p><strong>Garantia:<\/strong><\/p>\n<p>3 Meses<\/p>\n<h3><strong>ATEN\u00c7\u00c3O: Antes de efetuar a compra verifique o c\u00f3digo da sua pe\u00e7a que est\u00e1 instalada no seu ve\u00edculo.<\/strong><\/h3>\n<h4>O que \u00e9 e para que serve o Corpo de Borboleta TBI?<\/h4>\n<p>O corpo de borboleta (tamb\u00e9m conhecido como TBI \u2013 Throttle Body Injection)\u00a0controla a entrada de ar na admiss\u00e3o do motor para o cilindro, auxiliando o funcionamento da marcha lenta e da acelera\u00e7\u00e3o. Apesar de existir o filtro de ar, a borboleta acaba ficando \u201csuja\u201d pelos vapores que saem de outros componentes.<\/p>\n<p>&nbsp;<\/p>\n<p>A Casa da Inje\u00e7\u00e3o oferece total garantia nos produtos comprados em nosso site.<\/p>\n<ol>\n<li>Cada item \u00e9 rigorosamente testado antes do envio<\/li>\n<li>Se os itens estiverem danificados ou parcialmente defeituosos, entre em contato conosco.<\/li>\n<\/ol>\n<p>Se houver qualquer defeito, n\u00f3s lhe enviaremos uma substitui\u00e7\u00e3o ap\u00f3s receber o pacote ou devolvemos seu dinheiro.<\/p>\n<p>Leia nossa<span style=\"color: #ff0000;\">\u00a0<a style=\"color: #ff0000;\" href=\"https:\/\/www.casadainjecao.com.br\/loja\/politica-de-devolucao\">pol\u00edtica de devolu\u00e7\u00e3o aqui<\/a><\/span><\/p>\n<p>-\u2014\u2014\u2014\u2014\u2014\u2014\u2014\u2014\u2014\u2014\u2014\u2014\u2014\u2014\u2014\u2014\u2014\u2014\u2014\u2013<\/p>\n<p><strong>Tem alguma d\u00favida?<\/strong><\/p>\n<p>Entre em contato que podemos ajudar!<\/p>\n<p>Confira as informa\u00e7\u00f5es adicionais abaixo:<\/p>\n<ul>\n<li>Todos os nossos produtos s\u00e3o novos, originais e possuem garantia.<\/li>\n<li>Todos os produtos anunciados est\u00e3o dispon\u00edveis em estoque e s\u00e3o enviados com extrema rapidez.<\/li>\n<li>O frete pode ser simulado antes de efetuar a compra, basta clicar em \u201cver custos de envio\u201d.<\/li>\n<li>Verifique o endere\u00e7o de entrega cadastrado e atualize caso necess\u00e1rio.<\/li>\n<li>Confirme se a pe\u00e7a \u00e9 correta para o seu modelo de ve\u00edculo.<\/li>\n<li>Para pe\u00e7as automotivas, recomendamos a instala\u00e7\u00e3o por um profissional especializado.<\/li>\n<\/ul>\n<p>Caso possua outras d\u00favidas, entre em contato.<\/p>\n","protected":false},"excerpt":{"rendered":"<h2>Corpo De Borboleta Tbi Fiat Freemont 2.4 12 A 15 &#8211; 04891735AC \/ 04891735AD \/ 5429090<\/h2>\n","protected":false},"featured_media":29206,"template":"","meta":{"_seopress_robots_primary_cat":"none","_seopress_titles_title":"","_seopress_titles_desc":"","_seopress_robots_index":"","_joinchat":[]},"product_cat":[258,21],"product_tag":[1991,1992,1995,1993,1566,1990,1994,1996],"berocket_brand":[1667,1133,383,387],"_links":{"self":[{"href":"https:\/\/www.casadainjecao.com.br\/loja\/wp-json\/wp\/v2\/product\/29157"}],"collection":[{"href":"https:\/\/www.casadainjecao.com.br\/loja\/wp-json\/wp\/v2\/product"}],"about":[{"href":"https:\/\/www.casadainjecao.com.br\/loja\/wp-json\/wp\/v2\/types\/product"}],"wp:featuredmedia":[{"embeddable":true,"href":"https:\/\/www.casadainjecao.com.br\/loja\/wp-json\/wp\/v2\/media\/29206"}],"wp:attachment":[{"href":"https:\/\/www.casadainjecao.com.br\/loja\/wp-json\/wp\/v2\/media?parent=29157"}],"wp:term":[{"taxonomy":"product_cat","embeddable":true,"href":"https:\/\/www.casadainjecao.com.br\/loja\/wp-json\/wp\/v2\/product_cat?post=29157"},{"taxonomy":"product_tag","embeddable":true,"href":"https:\/\/www.casadainjecao.com.br\/loja\/wp-json\/wp\/v2\/product_tag?post=29157"},{"taxonomy":"berocket_brand","embeddable":true,"href":"https:\/\/www.casadainjecao.com.br\/loja\/wp-json\/wp\/v2\/berocket_brand?post=29157"}],"curies":[{"name":"wp","href":"https:\/\/api.w.org\/{rel}","templated":true}]}}