{"id":29224,"date":"2024-03-06T13:47:45","date_gmt":"2024-03-06T16:47:45","guid":{"rendered":"https:\/\/www.casadainjecao.com.br\/loja\/?post_type=product&#038;p=29224"},"modified":"2025-04-08T08:03:23","modified_gmt":"2025-04-08T11:03:23","slug":"coletor-admissao-mercedes-a160-98-a-05-96615003","status":"publish","type":"product","link":"https:\/\/www.casadainjecao.com.br\/loja\/autopecas\/motor\/coletores-de-admissao\/coletor-admissao-mercedes-a160-98-a-05-96615003\/","title":{"rendered":"Coletor Admiss\u00e3o Mercedes A160 98 a 05 &#8211; 96615003"},"content":{"rendered":"<h2>Coletor Admiss\u00e3o Semi Novo ( Com Detalhes)<\/h2>\n<p><strong>Mercedes-Benz<\/strong><\/p>\n<p>Mercedes Classe A 160 (1998 a 2005)<\/p>\n<h4>C\u00f3digo de Refer\u00eancia:<\/h4>\n<p>2900303849, a1661410201, 96615003<\/p>\n<h4>Condi\u00e7\u00f5es:<\/h4>\n<p>Produto Novo Semi\/ Marca VDO<\/p>\n<p><strong>Garantia:<\/strong><\/p>\n<p>3 Meses<\/p>\n<h3><strong>ATEN\u00c7\u00c3O: Antes de efetuar a compra verifique o c\u00f3digo da sua pe\u00e7a que est\u00e1 instalada no seu ve\u00edculo.<\/strong><\/h3>\n<h4>O que \u00e9 e para que serve o Coletor Admiss\u00e3o?<\/h4>\n<p>O Coletor de admiss\u00e3o \u00e9 um componente crucial no sistema de alimenta\u00e7\u00e3o de um motor de combust\u00e3o interna. Sua principal fun\u00e7\u00e3o \u00e9 coletar o ar necess\u00e1rio para a mistura com o combust\u00edvel antes da entrada nas c\u00e2maras de combust\u00e3o do motor. Existem diferentes tipos de coletores de admiss\u00e3o, como o coletor de admiss\u00e3o de ar e o coletor de admiss\u00e3o de combust\u00edvel, cada um desempenhando um papel espec\u00edfico no processo de combust\u00e3o.<\/p>\n<p>&nbsp;<\/p>\n<p>A Casa da Inje\u00e7\u00e3o oferece total garantia nos produtos comprados em nosso site.<\/p>\n<ol>\n<li>Cada item \u00e9 rigorosamente testado antes do envio<\/li>\n<li>Se os itens estiverem danificados ou parcialmente defeituosos, entre em contato conosco.<\/li>\n<\/ol>\n<p>Se houver qualquer defeito, n\u00f3s lhe enviaremos uma substitui\u00e7\u00e3o ap\u00f3s receber o pacote ou devolvemos seu dinheiro.<\/p>\n<p>Leia nossa<span style=\"color: #ff0000;\">\u00a0<a style=\"color: #ff0000;\" href=\"https:\/\/www.casadainjecao.com.br\/loja\/politica-de-devolucao\">pol\u00edtica de devolu\u00e7\u00e3o aqui<\/a><\/span><\/p>\n<p>-\u2014\u2014\u2014\u2014\u2014\u2014\u2014\u2014\u2014\u2014\u2014\u2014\u2014\u2014\u2014\u2014\u2014\u2014\u2014\u2013<\/p>\n<p><strong>Tem alguma d\u00favida?<\/strong><\/p>\n<p>Entre em contato que podemos ajudar!<\/p>\n<p>Confira as informa\u00e7\u00f5es adicionais abaixo:<\/p>\n<ul>\n<li>Todos os nossos produtos s\u00e3o novos, originais e possuem garantia.<\/li>\n<li>Todos os produtos anunciados est\u00e3o dispon\u00edveis em estoque e s\u00e3o enviados com extrema rapidez.<\/li>\n<li>O frete pode ser simulado antes de efetuar a compra, basta clicar em \u201cver custos de envio\u201d.<\/li>\n<li>Verifique o endere\u00e7o de entrega cadastrado e atualize caso necess\u00e1rio.<\/li>\n<li>Confirme se a pe\u00e7a \u00e9 correta para o seu modelo de ve\u00edculo.<\/li>\n<li>Para pe\u00e7as automotivas, recomendamos a instala\u00e7\u00e3o por um profissional especializado.<\/li>\n<\/ul>\n<p>Caso possua outras d\u00favidas, entre em contato.<\/p>\n","protected":false},"excerpt":{"rendered":"<h2>Coletor Admiss\u00e3o Mercedes A160\u00a0 Semi Novo ( Com Detalhes)<\/h2>\n<p><strong>Mercedes-Benz<\/strong><\/p>\n<p>Mercedes Classe A 160 (1998 a 2005)<\/p>\n<h4>C\u00f3digo de Refer\u00eancia:<\/h4>\n<p>2900303849, a1661410201, 96615003<\/p>\n<h4>Condi\u00e7\u00f5es:<\/h4>\n<p>Produto Novo Semi\/ Marca VDO<\/p>\n","protected":false},"featured_media":29228,"template":"","meta":{"_seopress_robots_primary_cat":"none","_seopress_titles_title":"","_seopress_titles_desc":"","_seopress_robots_index":"","_joinchat":[]},"product_cat":[212,22],"product_tag":[1849],"berocket_brand":[390],"_links":{"self":[{"href":"https:\/\/www.casadainjecao.com.br\/loja\/wp-json\/wp\/v2\/product\/29224"}],"collection":[{"href":"https:\/\/www.casadainjecao.com.br\/loja\/wp-json\/wp\/v2\/product"}],"about":[{"href":"https:\/\/www.casadainjecao.com.br\/loja\/wp-json\/wp\/v2\/types\/product"}],"wp:featuredmedia":[{"embeddable":true,"href":"https:\/\/www.casadainjecao.com.br\/loja\/wp-json\/wp\/v2\/media\/29228"}],"wp:attachment":[{"href":"https:\/\/www.casadainjecao.com.br\/loja\/wp-json\/wp\/v2\/media?parent=29224"}],"wp:term":[{"taxonomy":"product_cat","embeddable":true,"href":"https:\/\/www.casadainjecao.com.br\/loja\/wp-json\/wp\/v2\/product_cat?post=29224"},{"taxonomy":"product_tag","embeddable":true,"href":"https:\/\/www.casadainjecao.com.br\/loja\/wp-json\/wp\/v2\/product_tag?post=29224"},{"taxonomy":"berocket_brand","embeddable":true,"href":"https:\/\/www.casadainjecao.com.br\/loja\/wp-json\/wp\/v2\/berocket_brand?post=29224"}],"curies":[{"name":"wp","href":"https:\/\/api.w.org\/{rel}","templated":true}]}}