{"id":29238,"date":"2024-03-06T14:44:16","date_gmt":"2024-03-06T17:44:16","guid":{"rendered":"https:\/\/www.casadainjecao.com.br\/loja\/?post_type=product&#038;p=29238"},"modified":"2024-12-10T23:30:21","modified_gmt":"2024-12-11T02:30:21","slug":"coletor-de-admissao-ford-ka-fiesta-zetec-1-0-8v","status":"publish","type":"product","link":"https:\/\/www.casadainjecao.com.br\/loja\/autopecas\/motor\/coletores-de-admissao\/coletor-de-admissao-ford-ka-fiesta-zetec-1-0-8v\/","title":{"rendered":"Coletor De Admiss\u00e3o Ford Ka Fiesta Zetec 1.0 8v &#8211; 290"},"content":{"rendered":"<h2>Coletor De Admiss\u00e3o Ford Semi Novo<\/h2>\n<p><b>FORD<\/b><\/p>\n<p>Ford Ka 1.0 8v 1999 A 2004<\/p>\n<p>Ford Fiesta Zetec 1.0 8v 1999 A 2004<\/p>\n<p>C\u00d3DIGO DA PE\u00c7A:<\/p>\n<p>2900304909, XS6E-9424-MD, XS6E9424MD<\/p>\n<h4>Condi\u00e7\u00f5es:<\/h4>\n<p>Produto Semi Novo \/ Marca Ford<\/p>\n<h4>Especifica\u00e7\u00f5es:<\/h4>\n<p>Conte\u00fado da embalagem: Coletor admiss\u00e3o Ford com detalhes.<\/p>\n<p><strong>Garantia:<\/strong><\/p>\n<p>3 Meses<\/p>\n<h3><strong> ATEN\u00c7\u00c3O: Antes de efetuar a compra verifique o c\u00f3digo da sua pe\u00e7a que est\u00e1 instalada no seu ve\u00edculo.<\/strong><\/h3>\n<h4>O que \u00e9 e para que serve o Coletor admiss\u00e3o?<\/h4>\n<p>O coletor de admiss\u00e3o \u00e9 um componente fundamental em sistemas de combust\u00e3o interna, especialmente em motores de autom\u00f3veis. Sua fun\u00e7\u00e3o principal \u00e9 canalizar e distribuir o ar necess\u00e1rio para a combust\u00e3o no interior dos cilindros do motor, juntamente com o combust\u00edvel. O termo &#8220;admiss\u00e3o&#8221; refere-se \u00e0 entrada de ar no motor.<\/p>\n<p>&nbsp;<\/p>\n<p>A Casa da Inje\u00e7\u00e3o oferece total garantia nos produtos comprados em nosso site.<\/p>\n<ol>\n<li>Cada item \u00e9 rigorosamente testado antes do envio<\/li>\n<li>Se os itens estiverem danificados ou parcialmente defeituosos, entre em contato conosco.<\/li>\n<\/ol>\n<p>Se houver qualquer defeito, n\u00f3s lhe enviaremos uma substitui\u00e7\u00e3o ap\u00f3s receber o pacote ou devolvemos seu dinheiro.<\/p>\n<p>Leia nossa<span style=\"color: #ff0000;\">\u00a0<a style=\"color: #ff0000;\" href=\"https:\/\/www.casadainjecao.com.br\/loja\/politica-de-devolucao\">pol\u00edtica de devolu\u00e7\u00e3o aqui<\/a><\/span><\/p>\n<p>-\u2014\u2014\u2014\u2014\u2014\u2014\u2014\u2014\u2014\u2014\u2014\u2014\u2014\u2014\u2014\u2014\u2014\u2014\u2014\u2013<\/p>\n<p><strong>Tem alguma d\u00favida?<\/strong><\/p>\n<p>Entre em contato que podemos ajudar!<\/p>\n<p>Confira as informa\u00e7\u00f5es adicionais abaixo:<\/p>\n<ul>\n<li>Todos os nossos produtos s\u00e3o novos, originais e possuem garantia.<\/li>\n<li>Todos os produtos anunciados est\u00e3o dispon\u00edveis em estoque e s\u00e3o enviados com extrema rapidez.<\/li>\n<li>O frete pode ser simulado antes de efetuar a compra, basta clicar em \u201cver custos de envio\u201d.<\/li>\n<li>Verifique o endere\u00e7o de entrega cadastrado e atualize caso necess\u00e1rio.<\/li>\n<li>Confirme se a pe\u00e7a \u00e9 correta para o seu modelo de ve\u00edculo.<\/li>\n<li>Para pe\u00e7as automotivas, recomendamos a instala\u00e7\u00e3o por um profissional especializado.<\/li>\n<\/ul>\n<p>Caso possua outras d\u00favidas, entre em contato.<\/p>\n","protected":false},"excerpt":{"rendered":"<h2 class=\"ui-pdp-title\">Coletor De Admiss\u00e3o Ford Ka Fiesta Zetec 1.0 8v 1999 A 2004 &#8211; 2900304909\/XS6E-9424-MD<\/h2>\n<p><b>FORD<\/b><\/p>\n<p>Ford Ka 1.0 8v 1999 A 2004<\/p>\n<p>Ford Fiesta Zetec 1.0 8v 1999 A 2004<\/p>\n<p>C\u00d3DIGO DA PE\u00c7A:<\/p>\n<p>2900304909, XS6E-9424-MD, XS6E9424MD<\/p>\n<h4>Condi\u00e7\u00f5es:<\/h4>\n<h3>Produto Semi Novo \/ Marca Ford<\/h3>\n","protected":false},"featured_media":29252,"template":"","meta":{"_seopress_robots_primary_cat":"none","_seopress_titles_title":"","_seopress_titles_desc":"","_seopress_robots_index":"","_joinchat":[]},"product_cat":[212,22],"product_tag":[276,429,1997],"berocket_brand":[384],"_links":{"self":[{"href":"https:\/\/www.casadainjecao.com.br\/loja\/wp-json\/wp\/v2\/product\/29238"}],"collection":[{"href":"https:\/\/www.casadainjecao.com.br\/loja\/wp-json\/wp\/v2\/product"}],"about":[{"href":"https:\/\/www.casadainjecao.com.br\/loja\/wp-json\/wp\/v2\/types\/product"}],"wp:featuredmedia":[{"embeddable":true,"href":"https:\/\/www.casadainjecao.com.br\/loja\/wp-json\/wp\/v2\/media\/29252"}],"wp:attachment":[{"href":"https:\/\/www.casadainjecao.com.br\/loja\/wp-json\/wp\/v2\/media?parent=29238"}],"wp:term":[{"taxonomy":"product_cat","embeddable":true,"href":"https:\/\/www.casadainjecao.com.br\/loja\/wp-json\/wp\/v2\/product_cat?post=29238"},{"taxonomy":"product_tag","embeddable":true,"href":"https:\/\/www.casadainjecao.com.br\/loja\/wp-json\/wp\/v2\/product_tag?post=29238"},{"taxonomy":"berocket_brand","embeddable":true,"href":"https:\/\/www.casadainjecao.com.br\/loja\/wp-json\/wp\/v2\/berocket_brand?post=29238"}],"curies":[{"name":"wp","href":"https:\/\/api.w.org\/{rel}","templated":true}]}}