{"id":29266,"date":"2024-03-06T17:01:40","date_gmt":"2024-03-06T20:01:40","guid":{"rendered":"https:\/\/www.casadainjecao.com.br\/loja\/?post_type=product&#038;p=29266"},"modified":"2025-01-29T16:02:33","modified_gmt":"2025-01-29T19:02:33","slug":"coletor-admissao-volkswagen-gol-parati-1-0-16v-power-g3-036129711eq","status":"publish","type":"product","link":"https:\/\/www.casadainjecao.com.br\/loja\/autopecas\/motor\/coletores-de-admissao\/coletor-admissao-volkswagen-gol-parati-1-0-16v-power-g3-036129711eq\/","title":{"rendered":"Coletor Admiss\u00e3o Volkswagen Gol Parati 1.0 16v Power G3 &#8"},"content":{"rendered":"<h2>Coletor Admiss\u00e3o Volkswagen Semi Novo ( Com Detalhes)<\/h2>\n<p><b>VOLKSWAGEN<\/b><\/p>\n<p>Volkswagen Gol 1.0 16v Power G3 2002-2006<\/p>\n<p>Volkswagen Parati 1.0 16v Power G3 2002-2006<\/p>\n<h4>C\u00d3DIGO DA PE\u00c7A:<\/h4>\n<p>036129711EQ\/56004B009<\/p>\n<h4>Condi\u00e7\u00f5es:<\/h4>\n<p>Produto Semi Novo \/ Marca Magneti Marelli<\/p>\n<h4>Especifica\u00e7\u00f5es:<\/h4>\n<p>Conte\u00fado da embalagem: 1 Coletor Admiss\u00e3o Volkswagen Com Detalhes<\/p>\n<p><strong>Garantia:<\/strong><\/p>\n<p>3 Meses<\/p>\n<h3><strong> ATEN\u00c7\u00c3O: Antes de efetuar a compra verifique o c\u00f3digo da sua pe\u00e7a que est\u00e1 instalada no seu ve\u00edculo.<\/strong><\/h3>\n<h4>O que \u00e9 e para que serve o Coletor Admiss\u00e3o?<\/h4>\n<p>O Coletor de admiss\u00e3o \u00e9 um componente fundamental em sistemas de combust\u00e3o interna, especialmente em motores de autom\u00f3veis. Sua fun\u00e7\u00e3o principal \u00e9 canalizar e distribuir o ar necess\u00e1rio para a combust\u00e3o no interior dos cilindros do motor, juntamente com o combust\u00edvel. O termo &#8220;admiss\u00e3o&#8221; refere-se \u00e0 entrada de ar no motor.<\/p>\n<p>&nbsp;<\/p>\n<p>A Casa da Inje\u00e7\u00e3o oferece total garantia nos produtos comprados em nosso site.<\/p>\n<ol>\n<li>Cada item \u00e9 rigorosamente testado antes do envio<\/li>\n<li>Se os itens estiverem danificados ou parcialmente defeituosos, entre em contato conosco.<\/li>\n<\/ol>\n<p>Se houver qualquer defeito, n\u00f3s lhe enviaremos uma substitui\u00e7\u00e3o ap\u00f3s receber o pacote ou devolvemos seu dinheiro.<\/p>\n<p>Leia nossa<span style=\"color: #ff0000;\">\u00a0<a style=\"color: #ff0000;\" href=\"https:\/\/www.casadainjecao.com.br\/loja\/politica-de-devolucao\">pol\u00edtica de devolu\u00e7\u00e3o aqui<\/a><\/span><\/p>\n<p>-\u2014\u2014\u2014\u2014\u2014\u2014\u2014\u2014\u2014\u2014\u2014\u2014\u2014\u2014\u2014\u2014\u2014\u2014\u2014\u2013<\/p>\n<p><strong>Tem alguma d\u00favida?<\/strong><\/p>\n<p>Entre em contato que podemos ajudar!<\/p>\n<p>Confira as informa\u00e7\u00f5es adicionais abaixo:<\/p>\n<ul>\n<li>Todos os nossos produtos s\u00e3o novos, originais e possuem garantia.<\/li>\n<li>Todos os produtos anunciados est\u00e3o dispon\u00edveis em estoque e s\u00e3o enviados com extrema rapidez.<\/li>\n<li>O frete pode ser simulado antes de efetuar a compra, basta clicar em \u201cver custos de envio\u201d.<\/li>\n<li>Verifique o endere\u00e7o de entrega cadastrado e atualize caso necess\u00e1rio.<\/li>\n<li>Confirme se a pe\u00e7a \u00e9 correta para o seu modelo de ve\u00edculo.<\/li>\n<li>Para pe\u00e7as automotivas, recomendamos a instala\u00e7\u00e3o por um profissional especializado.<\/li>\n<\/ul>\n<p>Caso possua outras d\u00favidas, entre em contato.<\/p>\n","protected":false},"excerpt":{"rendered":"<h2 class=\"ui-pdp-title\">Coletor Admiss\u00e3o Volkswagen Gol Parati 1.0 16v Power G3 2002-2006 &#8211; 036129711EQ\/56004B009<\/h2>\n<p><b>VOLKSWAGEN<\/b><\/p>\n<p>Volkswagen Gol 1.0 16v Power G3 2002-2006<\/p>\n<p>Volkswagen Parati 1.0 16v Power G3 2002-2006<\/p>\n<h4>C\u00d3DIGO DA PE\u00c7A:<\/h4>\n<p>036129711EQ\/56004B009<\/p>\n<h4>Condi\u00e7\u00f5es:<\/h4>\n<p>Produto Semi Novo \/ Marca Magneti Marelli<\/p>\n<h4>Especifica\u00e7\u00f5es:<\/h4>\n<h3>Conte\u00fado da embalagem: 1 Coletor Admiss\u00e3o Volkswagen Com Detalhes<\/h3>\n","protected":false},"featured_media":29277,"template":"","meta":{"_seopress_robots_primary_cat":"none","_seopress_titles_title":"","_seopress_titles_desc":"","_seopress_robots_index":"","_seopress_analysis_target_kw":"","_kad_blocks_custom_css":"","_kad_blocks_head_custom_js":"","_kad_blocks_body_custom_js":"","_kad_blocks_footer_custom_js":"","_kadence_starter_templates_imported_post":false,"_joinchat":[]},"product_brand":[],"product_cat":[212,22],"product_tag":[59,232],"berocket_brand":[396],"class_list":{"0":"post-29266","1":"product","2":"type-product","3":"status-publish","4":"has-post-thumbnail","6":"product_cat-coletores-de-admissao","7":"product_cat-motor","8":"product_tag-gol","9":"product_tag-parati","10":"berocket_brand-volkswagen","11":"thunk-woo-product-list","12":"big-store-woo-hover-zoom","13":"open-single-product-tab-horizontal","14":"open-shadow-","15":"open-shadow-hover-","17":"first","18":"outofstock","19":"sale","20":"taxable","21":"shipping-taxable","22":"purchasable","23":"product-type-simple"},"taxonomy_info":{"product_cat":[{"value":212,"label":"Coletores de Admiss\u00e3o"},{"value":22,"label":"Motor"}],"product_tag":[{"value":59,"label":"gol"},{"value":232,"label":"Parati"}],"berocket_brand":[{"value":396,"label":"Volkswagen"}]},"featured_image_src_large":["https:\/\/www.casadainjecao.com.br\/loja\/wp-content\/uploads\/2024\/03\/036129711EQ-900x630.jpg",640,448,true],"author_info":[],"comment_info":"","_links":{"self":[{"href":"https:\/\/www.casadainjecao.com.br\/loja\/wp-json\/wp\/v2\/product\/29266","targetHints":{"allow":["GET"]}}],"collection":[{"href":"https:\/\/www.casadainjecao.com.br\/loja\/wp-json\/wp\/v2\/product"}],"about":[{"href":"https:\/\/www.casadainjecao.com.br\/loja\/wp-json\/wp\/v2\/types\/product"}],"wp:featuredmedia":[{"embeddable":true,"href":"https:\/\/www.casadainjecao.com.br\/loja\/wp-json\/wp\/v2\/media\/29277"}],"wp:attachment":[{"href":"https:\/\/www.casadainjecao.com.br\/loja\/wp-json\/wp\/v2\/media?parent=29266"}],"wp:term":[{"taxonomy":"product_brand","embeddable":true,"href":"https:\/\/www.casadainjecao.com.br\/loja\/wp-json\/wp\/v2\/product_brand?post=29266"},{"taxonomy":"product_cat","embeddable":true,"href":"https:\/\/www.casadainjecao.com.br\/loja\/wp-json\/wp\/v2\/product_cat?post=29266"},{"taxonomy":"product_tag","embeddable":true,"href":"https:\/\/www.casadainjecao.com.br\/loja\/wp-json\/wp\/v2\/product_tag?post=29266"},{"taxonomy":"berocket_brand","embeddable":true,"href":"https:\/\/www.casadainjecao.com.br\/loja\/wp-json\/wp\/v2\/berocket_brand?post=29266"}],"curies":[{"name":"wp","href":"https:\/\/api.w.org\/{rel}","templated":true}]}}