{"id":29285,"date":"2024-03-07T14:28:59","date_gmt":"2024-03-07T17:28:59","guid":{"rendered":"https:\/\/www.casadainjecao.com.br\/loja\/?post_type=product&#038;p=29285"},"modified":"2024-11-04T13:11:08","modified_gmt":"2024-11-04T16:11:08","slug":"sonda-lambda-pre-audi-a5-2-0-tfsi-gasolina-09-17-1k0998262l","status":"publish","type":"product","link":"https:\/\/www.casadainjecao.com.br\/loja\/autopecas\/injecao-eletronica\/sonda-lambda\/sonda-lambda-pre-audi-a5-2-0-tfsi-gasolina-09-17-1k0998262l\/","title":{"rendered":"Sonda Lambda Pre Audi A5 2.0 Tfsi Gasolina 09\/17 &#8211; 1K0"},"content":{"rendered":"<h2>Sonda Lambda Sensor de Oxig\u00eanio Wide Band Pr\u00e9 Catalisador<\/h2>\n<p><strong>AUDI<\/strong><\/p>\n<p>Audi A1 1.4 TFSI Gasolina 122Cv 05\/2010 a 04\/2015<\/p>\n<p>Audi A1 1.4 TFSI Gasolina 185Cv 01\/2011 a 04\/2015<\/p>\n<p>Audi A1 1.4 TFSI Gasolina Sportback 122Cv 11\/2011 a 04\/2015<\/p>\n<p>Audi A4 2.0 TFSI Gasolina 180Cv 06\/2008 a 12\/2015<\/p>\n<p>Audi A4 2.0 TFSI Gasolina 211Cv 06\/2008 a 05\/2013<\/p>\n<p>Audi A4 2.0 TFSI Gasolina Avant 180Cv 06\/2008 a 12\/2015<\/p>\n<p>Audi A5 2.0 TFSI Gasolina Cabriolet 211Cv 03\/2009 a 05\/2013<\/p>\n<p>Audi A5 2.0 TFSI Gasolina Cabriolet Quattro 211Cv 03\/2009 a 05\/2013<\/p>\n<p>Audi A5 2.0 TFSI Gasolina Coupe 211Cv 06\/2008 a 05\/2013<\/p>\n<p>Audi A5 2.0 TFSI Gasolina Coupe Quattro 211Cv 06\/2008 a 05\/2013<\/p>\n<p>Audi A5 2.0 TFSI Gasolina Sportback 211Cv 09\/2009 a 01\/2017<\/p>\n<p>Audi Q5 2.0 TFSI Gasolina Quattro 11\/2008 a 09\/2012<\/p>\n<p>Audi Q5 2.0 TFSI Flex Quattro Flexible Fuel 211Cv 07\/2011 a 05\/2013<\/p>\n<p>Audi Q7 1.2 FAS Gasolina Quattro 03\/2007 a 05\/2010 (Montagem a Direita ou Esquerda)<\/p>\n<p>Audi Q7 3.6 FSi Gasolina 280Cv 03\/2007 a 05\/2010 (Montagem a Direita ou Esquerda)<\/p>\n<p>Audi R8 5.2 FSi GT Quattro Gasolina 11\/2010 a 10\/2012 (Para Cilindros 1-5)<\/p>\n<p>Audi R8 5.2 FSi GT Spyder Quattro Gasolina 11\/2011 a 10\/2012 (Para Cilindros 1-5)<\/p>\n<p>Audi S6 5.2 FSi Avant Quattro Gasolina 06\/2006 a 08\/2011 (Para Cilindros 6 a 8)<\/p>\n<p>Audi S6 5.2 FSi Quattro Gasolina 06\/2006 a 08\/2011 (Para Cilindros 6 a 8)<\/p>\n<p><strong>PORSCHE<\/strong><\/p>\n<p>Porsche Cayenne 3.0 Hybrid S Touring 09\/2011 a 05\/2018 (Montagem a Direita)<\/p>\n<p>Porsche\u00a0Cayenne 3.6 Gasolina 07\/2010 a 08\/2014 (Para Cilindros 1-3)<\/p>\n<p>Porsche\u00a0Cayenne 3.6 Gasolina 07\/2010 a 08\/2014 (Para Cilindros 4-6)<\/p>\n<p>Porsche\u00a0Panamera 3.0 Hybrid S 06\/2011 a 10\/2016 (Montagem a Direita)<\/p>\n<p><strong>VOLKSWAGEN<\/strong><\/p>\n<p>Volkswagen Passati 2.0 FSi 150Cv Gasolina 03\/2005 a 11\/2005<\/p>\n<p>Volkswagen Touareg 3.6 FSi 280Cv Gasolina 12\/2006 a 05\/2010 (Montagem a Esquerda ou Direita)<\/p>\n<h4>C\u00f3digo de Refer\u00eancia:<\/h4>\n<p>1K0998262L \/ 0258017178\/ 0258007212 \/ 0258017073 \/ 0258017075 \/ 0258017077 \/ 0258017079 \/ 0258017154 \/ 0258017179 \/ 0258017195 \/ 0258017243 \/ 0258017260 \/ 0258017261 \/ 0258017299 \/ 0258017300 \/ 0258017002 \/ 0258017082 \/ 0258017084 \/ 0258017086 \/ 0258017176 \/ 07C906262BR \/ 07L906262L \/ 07L906262N \/ 1K0998262K \/ 1K0998262L \/ 022906262CD \/ 0258017268 \/ 03C906262AF \/ 03C906262AJ \/ 03C906262AM \/ 03C906262BJ \/ 03C906263BJ \/ 03H906262AB \/ 03H906262D \/ 03H906262E \/ 03H906262M \/ 03H906262N \/ 06A906262EH \/ 06A906262EM \/ 06H906262D \/ 07C906262BH \/ 07C906262BJ \/ 07C906262BL \/ 07C906262BR \/ 07L906262L \/ 07L906262N \/ 07L906262Q \/ 07L906262S \/ 1K0998262K \/ 1K0998262L \/ L03C906262BJ \/ 06E906262M \/ 06E906262N \/ 95560612830 \/ 95560612930 \/ 95860612801 \/ 95860612900 \/ 95860612901 \/ 958906262E \/ 958906262S<\/p>\n<p><strong>Condi\u00e7\u00f5es:<\/strong><\/p>\n<p>Novo Paralelo \/ Marca Torken<\/p>\n<h4>Especifica\u00e7\u00f5es:<\/h4>\n<p>Comprimento total: 750mm \/ Conector Macho com Pino Retangular \/ 5 fios (1 cinza 1 branco 1 preto 1 amarelo 1 vermelho) \/ Intervalo de Substitui\u00e7\u00e3o Recomendado: 250.000 Km<\/p>\n<h4><strong>Garantia:<\/strong><\/h4>\n<p>3 Meses<strong>\u00a0<\/strong><\/p>\n<h3>ATEN\u00c7\u00c3O: Antes de efetuar a compra verifique o c\u00f3digo da sua pe\u00e7a que est\u00e1 instalada no seu ve\u00edculo.<\/h3>\n<h3><strong>APLICA\u00c7\u00c3O:<\/strong><\/h3>\n<p>Linha Audi \/ Porsche \/ Volkswagen<\/p>\n<h4><strong>\u00a0O que \u00e9 e para que serve a Sonda Lambda?<\/strong><\/h4>\n<p>A Sonda Lambda \u00e9 um componente importante em sistemas de controle de emiss\u00f5es de ve\u00edculos a combust\u00e3o interna, como carros a gasolina e diesel. Seu principal objetivo \u00e9 medir a quantidade de oxig\u00eanio nos gases de escape do motor. Essa informa\u00e7\u00e3o \u00e9 crucial para otimizar a mistura ar\/combust\u00edvel, garantindo uma combust\u00e3o mais eficiente e reduzindo as emiss\u00f5es de poluentes.<\/p>\n<p>&nbsp;<\/p>\n<p>A Casa da Inje\u00e7\u00e3o oferece total garantia nos produtos comprados em nosso site.<\/p>\n<ol>\n<li>Cada item \u00e9 rigorosamente testado antes do envio<\/li>\n<li>Se os itens estiverem danificados ou parcialmente defeituosos, entre em contato conosco.<\/li>\n<\/ol>\n<p>Se houver qualquer defeito, n\u00f3s lhe enviaremos uma substitui\u00e7\u00e3o ap\u00f3s receber o pacote ou devolvemos seu dinheiro.<\/p>\n<p>Leia nossa\u00a0<span style=\"color: #ff0000;\"><a style=\"color: #ff0000;\" href=\"https:\/\/www.casadainjecao.com.br\/loja\/politica-de-devolucao\">pol\u00edtica de devolu\u00e7\u00e3o aqui<\/a><\/span><\/p>\n<p>\u2014\u2014\u2014\u2014\u2014\u2014\u2014\u2014\u2014\u2014\u2014\u2014\u2014\u2014\u2014\u2014\u2014\u2014\u2014\u2013<\/p>\n<p><strong>Tem alguma d\u00favida?<\/strong><\/p>\n<p>Entre em contato que podemos ajudar!<\/p>\n<p>Confira as informa\u00e7\u00f5es adicionais abaixo:<\/p>\n<ul>\n<li>Todos os nossos produtos s\u00e3o novos, semi-novos, originais e paralelos possuem garantia.<\/li>\n<li>Todos os produtos anunciados est\u00e3o dispon\u00edveis em estoque e s\u00e3o enviados com extrema rapidez.<\/li>\n<li>O frete pode ser simulado antes de efetuar a compra, basta clicar em \u201cver custos de envio\u201d.<\/li>\n<li>Verifique o endere\u00e7o de entrega cadastrado e atualize caso necess\u00e1rio.<\/li>\n<li>Confirme se a pe\u00e7a \u00e9 correta para o seu modelo de ve\u00edculo.<\/li>\n<li>Para pe\u00e7as automotivas, recomendamos a instala\u00e7\u00e3o por um profissional especializado.<\/li>\n<\/ul>\n<p>Caso possua outras d\u00favidas, entre em contato.<\/p>\n","protected":false},"excerpt":{"rendered":"<h2>Sonda Lambda Pre Audi A5 2.0 Tfsi Gasolina 09\/17 &#8211; 1K0998262L \/ 0258017178\/ 0258007212 \/ 0258017073 \/ 0258017075 \/ 0258017077 \/ 0258017079 \/ 0258017154 \/ 0258017179 \/ 0258017195 \/ 0258017243 \/ 0258017260 \/ 0258017261 \/ 0258017299 \/ 0258017300 \/ 0258017002 \/ 0258017082 \/ 0258017084 \/ 0258017086 \/ 0258017176 \/ 07C906262BR \/ 07L906262L \/ 07L906262N \/ 1K0998262K \/ 1K0998262L \/ 022906262CD \/ 0258017268 \/ 03C906262AF \/ 03C906262AJ \/ 03C906262AM \/ 03C906262BJ \/ 03C906263BJ \/ 03H906262AB \/ 03H906262D \/ 03H906262E \/ 03H906262M \/ 03H906262N \/ 06A906262EH \/ 06A906262EM \/ 06H906262D \/ 07C906262BH \/ 07C906262BJ \/ 07C906262BL \/ 07C906262BR \/ 07L906262L \/ 07L906262N \/ 07L906262Q \/ 07L906262S \/ 1K0998262K \/ 1K0998262L \/ L03C906262BJ \/ 06E906262M \/ 06E906262N \/ 95560612830 \/ 95560612930 \/ 95860612801 \/ 95860612900 \/ 95860612901 \/ 958906262E \/ 958906262S<\/h2>\n","protected":false},"featured_media":29298,"template":"","meta":{"_seopress_robots_primary_cat":"none","_seopress_titles_title":"","_seopress_titles_desc":"","_seopress_robots_index":"","_joinchat":[]},"product_cat":[21,270],"product_tag":[1998,1874,1875,1881,1882,1975,1999,1878,1879,2000,1417],"berocket_brand":[378,1873,396],"_links":{"self":[{"href":"https:\/\/www.casadainjecao.com.br\/loja\/wp-json\/wp\/v2\/product\/29285"}],"collection":[{"href":"https:\/\/www.casadainjecao.com.br\/loja\/wp-json\/wp\/v2\/product"}],"about":[{"href":"https:\/\/www.casadainjecao.com.br\/loja\/wp-json\/wp\/v2\/types\/product"}],"wp:featuredmedia":[{"embeddable":true,"href":"https:\/\/www.casadainjecao.com.br\/loja\/wp-json\/wp\/v2\/media\/29298"}],"wp:attachment":[{"href":"https:\/\/www.casadainjecao.com.br\/loja\/wp-json\/wp\/v2\/media?parent=29285"}],"wp:term":[{"taxonomy":"product_cat","embeddable":true,"href":"https:\/\/www.casadainjecao.com.br\/loja\/wp-json\/wp\/v2\/product_cat?post=29285"},{"taxonomy":"product_tag","embeddable":true,"href":"https:\/\/www.casadainjecao.com.br\/loja\/wp-json\/wp\/v2\/product_tag?post=29285"},{"taxonomy":"berocket_brand","embeddable":true,"href":"https:\/\/www.casadainjecao.com.br\/loja\/wp-json\/wp\/v2\/berocket_brand?post=29285"}],"curies":[{"name":"wp","href":"https:\/\/api.w.org\/{rel}","templated":true}]}}