{"id":29294,"date":"2024-03-07T15:22:31","date_gmt":"2024-03-07T18:22:31","guid":{"rendered":"https:\/\/www.casadainjecao.com.br\/loja\/?post_type=product&#038;p=29294"},"modified":"2025-06-09T08:44:26","modified_gmt":"2025-06-09T11:44:26","slug":"coletor-admissao-peugeot-106-206-306-1-6-8v-9613250080-2","status":"publish","type":"product","link":"https:\/\/www.casadainjecao.com.br\/loja\/autopecas\/motor\/coletores-de-admissao\/coletor-admissao-peugeot-106-206-306-1-6-8v-9613250080-2\/","title":{"rendered":"Coletor Admiss\u00e3o Peugeot 106 206 306 1.6 8v &#8211; 9613250"},"content":{"rendered":"<h1>Coletor Admiss\u00e3o Peugeot Semi Novo<\/h1>\n<h3><b>PEUGEOT<\/b><\/h3>\n<h3>Peugeot 106 1.6 8v Ano 1994 &#8211; 1999<\/h3>\n<h3>Peugeot 206 1.6 8v Ano 1994 &#8211; 1999<\/h3>\n<h3>Peugeot 306 1.6 8v Ano 1994 &#8211; 1999<\/h3>\n<h3>C\u00d3DIGO DA PE\u00c7A:<\/h3>\n<h3>9613250080<\/h3>\n<h5>Condi\u00e7\u00f5es:<\/h5>\n<h5>Produto Semi Novo \/ Marca Peugeot<\/h5>\n<h5>Especifica\u00e7\u00f5es:<\/h5>\n<h5>Conte\u00fado da embalagem: 1 Coletor Admiss\u00e3o Peugeot com detalhes.<\/h5>\n<h5><strong>Garantia:<\/strong><\/h5>\n<h5>3 Meses<\/h5>\n<h5><strong> ATEN\u00c7\u00c3O: Antes de efetuar a compra verifique o c\u00f3digo da sua pe\u00e7a que est\u00e1 instalada no seu ve\u00edculo.<\/strong><\/h5>\n<h5>O que \u00e9 e para que serve o Coletor Admiss\u00e3o?<\/h5>\n<h5>O Coletor de admiss\u00e3o \u00e9 um componente fundamental em sistemas de combust\u00e3o interna, especialmente em motores de autom\u00f3veis. Sua fun\u00e7\u00e3o principal \u00e9 canalizar e distribuir o ar necess\u00e1rio para a combust\u00e3o no interior dos cilindros do motor, juntamente com o combust\u00edvel. O termo &#8220;admiss\u00e3o&#8221; refere-se \u00e0 entrada de ar no motor.<\/h5>\n<h5><\/h5>\n<h5>A Casa da Inje\u00e7\u00e3o oferece total garantia nos produtos comprados em nosso site.<\/h5>\n<ol>\n<li>\n<h5>Cada item \u00e9 rigorosamente testado antes do envio<\/h5>\n<\/li>\n<li>\n<h5>Se os itens estiverem danificados ou parcialmente defeituosos, entre em contato conosco.<\/h5>\n<\/li>\n<\/ol>\n<h5>Se houver qualquer defeito, n\u00f3s lhe enviaremos uma substitui\u00e7\u00e3o ap\u00f3s receber o pacote ou devolvemos seu dinheiro.<\/h5>\n<h5>Leia nossa<span style=\"color: #ff0000;\">\u00a0<a style=\"color: #ff0000;\" href=\"https:\/\/www.casadainjecao.com.br\/loja\/politica-de-devolucao\">pol\u00edtica de devolu\u00e7\u00e3o aqui<\/a><\/span><\/h5>\n<h5>-\u2014\u2014\u2014\u2014\u2014\u2014\u2014\u2014\u2014\u2014\u2014\u2014\u2014\u2014\u2014\u2014\u2014\u2014\u2014\u2013<\/h5>\n<h5><strong>Tem alguma d\u00favida?<\/strong><\/h5>\n<h5>Entre em contato que podemos ajudar!<\/h5>\n<h5>Confira as informa\u00e7\u00f5es adicionais abaixo:<\/h5>\n<ul>\n<li>\n<h5>Todos os nossos produtos s\u00e3o novos, originais e possuem garantia.<\/h5>\n<\/li>\n<li>\n<h5>Todos os produtos anunciados est\u00e3o dispon\u00edveis em estoque e s\u00e3o enviados com extrema rapidez.<\/h5>\n<\/li>\n<li>\n<h5>O frete pode ser simulado antes de efetuar a compra, basta clicar em \u201cver custos de envio\u201d.<\/h5>\n<\/li>\n<li>\n<h5>Verifique o endere\u00e7o de entrega cadastrado e atualize caso necess\u00e1rio.<\/h5>\n<\/li>\n<li>\n<h5>Confirme se a pe\u00e7a \u00e9 correta para o seu modelo de ve\u00edculo.<\/h5>\n<\/li>\n<li>\n<h5>Para pe\u00e7as automotivas, recomendamos a instala\u00e7\u00e3o por um profissional especializado.<\/h5>\n<\/li>\n<\/ul>\n<h5>Caso possua outras d\u00favidas, entre em contato.<\/h5>\n","protected":false},"excerpt":{"rendered":"<h2 class=\"ui-pdp-title\">Coletor Admiss\u00e3o Peugeot 106 206 306 1.6 8v Ano 1994 &#8211; 1999 &#8211; 9613250080<\/h2>\n","protected":false},"featured_media":29305,"template":"","meta":{"_seopress_robots_primary_cat":"none","_seopress_titles_title":"","_seopress_titles_desc":"","_seopress_robots_index":"","_joinchat":[]},"product_cat":[212,22],"product_tag":[2001,784,786],"berocket_brand":[393],"_links":{"self":[{"href":"https:\/\/www.casadainjecao.com.br\/loja\/wp-json\/wp\/v2\/product\/29294"}],"collection":[{"href":"https:\/\/www.casadainjecao.com.br\/loja\/wp-json\/wp\/v2\/product"}],"about":[{"href":"https:\/\/www.casadainjecao.com.br\/loja\/wp-json\/wp\/v2\/types\/product"}],"wp:featuredmedia":[{"embeddable":true,"href":"https:\/\/www.casadainjecao.com.br\/loja\/wp-json\/wp\/v2\/media\/29305"}],"wp:attachment":[{"href":"https:\/\/www.casadainjecao.com.br\/loja\/wp-json\/wp\/v2\/media?parent=29294"}],"wp:term":[{"taxonomy":"product_cat","embeddable":true,"href":"https:\/\/www.casadainjecao.com.br\/loja\/wp-json\/wp\/v2\/product_cat?post=29294"},{"taxonomy":"product_tag","embeddable":true,"href":"https:\/\/www.casadainjecao.com.br\/loja\/wp-json\/wp\/v2\/product_tag?post=29294"},{"taxonomy":"berocket_brand","embeddable":true,"href":"https:\/\/www.casadainjecao.com.br\/loja\/wp-json\/wp\/v2\/berocket_brand?post=29294"}],"curies":[{"name":"wp","href":"https:\/\/api.w.org\/{rel}","templated":true}]}}