{"id":29386,"date":"2024-03-13T17:50:30","date_gmt":"2024-03-13T20:50:30","guid":{"rendered":"https:\/\/www.casadainjecao.com.br\/loja\/?post_type=product&#038;p=29386"},"modified":"2025-12-18T09:46:27","modified_gmt":"2025-12-18T12:46:27","slug":"comutador-comando-ar-condicionado-doblo-02-a-21-46722666","status":"publish","type":"product","link":"https:\/\/www.casadainjecao.com.br\/loja\/autopecas\/ar-condicionado\/comando-do-ar\/comutador-comando-ar-condicionado-doblo-02-a-21-46722666\/","title":{"rendered":"Comutador Comando Ar Condicionado Doblo 02 a 21 &#8211; 4672"},"content":{"rendered":"<h2>COMUTADOR COMANDO DO AR CONDICIONADO<\/h2>\n<p><strong>FIAT<\/strong><\/p>\n<p>FIAT DOBL\u00d2 (2002 &#8211; 2009)<\/p>\n<p>FIAT DOBL\u00d2 FASE 1 (2010 &#8211; EM DIANTE)<\/p>\n<p>FIAT GRAND SIENA (2012 &#8211; EM DIANTE)<\/p>\n<p>FIAT IDEA (2006 &#8211; 2010)<\/p>\n<p>FIAT IDEA FASE 1 (2011 &#8211; 2016)<\/p>\n<p>FIAT LINEA (2009-2014)<\/p>\n<p>FIAT LINEA FASE 1 (2015 &#8211; 2016)<\/p>\n<p>FIAT MOBI (2017 &#8211; EM DIANTE)<\/p>\n<p>FIAT NOVA STRADA (2020 &#8211; EM DIANTE)<\/p>\n<p>FIAT NOVO FIORINO (2011 &#8211; EM DIANTE)<\/p>\n<p>FIAT NOVO PALIO (2012 &#8211; 2017)<\/p>\n<p>FIAT NOVO UNO (2011-2014)<\/p>\n<p>FIAT NOVO UNO FASE 2 (2016 EM DIANTE)<\/p>\n<p>FIAT NOVO UNO FURGONETA (2011 &#8211; 2016)<\/p>\n<p>FIAT PALIO FASE 1 (2001 &#8211; 2007)<\/p>\n<p>FIAT PALIO FASE 2 (2004\u00a0&#8211; 2017)<\/p>\n<p>FIAT PALIO FASE 3 (2008 &#8211; 2012)<\/p>\n<p>FIAT PALIO WEEKEND FASE 1 (2001 &#8211; 2007)<\/p>\n<p>FIAT PALIO WEEKEND FASE 2 (2004 &#8211; 2008)<\/p>\n<p>FIAT PALIO WEEKEND FASE 3 (2008 &#8211; 2012)<\/p>\n<p>FIAT PALIO WEEKEND FASE 4 (2013 &#8211; 2020)<\/p>\n<p>FIAT PUNTO (2008 &#8211; 2012)<\/p>\n<p>FIAT PUNTO FASE 1 (2013 &#8211; 2017)<\/p>\n<p>FIAT SIENA FASE 1 (2001 &#8211; 2007)<\/p>\n<p>FIAT SIENA FASE 2 (2004 &#8211; 2013)<\/p>\n<p>FIAT SIENA FASE 3 (2008 &#8211; 2012)<\/p>\n<p>FIAT SIENA FASE 4 (2013 &#8211; 2017)<\/p>\n<p>FIAT STRADA FASE 1 (2001 &#8211; 2007)<\/p>\n<p>FIAT STRADA FASE 2 (2004 &#8211; 2013)<\/p>\n<p>FIAT STRADA FASE 3 (2008 &#8211; 2012)<\/p>\n<p>FIAT STRADA FASE 4 (2013 &#8211; 2020)<\/p>\n<h4>C\u00d3DIGO DE REFER\u00caNCIA:<\/h4>\n<p>46722666<\/p>\n<h4>ESPECIFICA\u00c7\u00d5ES:<\/h4>\n<p>LUZ DE LED<\/p>\n<h4>CONDI\u00c7\u00d5ES:<\/h4>\n<p>NOVO\u00a0ORIGINAL \/ FIAT MOPAR<\/p>\n<h4>Garantia:<\/h4>\n<p>3 Meses<\/p>\n<h3>ATEN\u00c7\u00c3O: Antes de efetuar a compra verifique o c\u00f3digo da sua pe\u00e7a que est\u00e1 instalada no seu ve\u00edculo.<\/h3>\n<h4>O QUE \u00c9 E PARA QUE SERVE O COMUTADOR COMANDO DO AR CONDICIONADO?<\/h4>\n<p>O Comutador de Comando do ar-condicionado, tamb\u00e9m conhecido como painel de controle do ar-condicionado ou painel de controle do climatizador, \u00e9 um componente encontrado nos ve\u00edculos equipados com sistemas de ar-condicionado ou climatiza\u00e7\u00e3o. Sua fun\u00e7\u00e3o \u00e9 permitir que o motorista ou os ocupantes do ve\u00edculo controlem diversos aspectos do sistema de climatiza\u00e7\u00e3o do ve\u00edculo, como temperatura, modo de ventila\u00e7\u00e3o, velocidade do ventilador e distribui\u00e7\u00e3o de ar.<\/p>\n<p>&nbsp;<\/p>\n<p>A Casa da Inje\u00e7\u00e3o oferece total garantia nos produtos comprados em nosso site.<\/p>\n<ol>\n<li>Cada item \u00e9 rigorosamente testado antes do envio<\/li>\n<li>Se os itens estiverem danificados ou parcialmente defeituosos, entre em contato conosco.<\/li>\n<\/ol>\n<p>Se houver qualquer defeito, n\u00f3s lhe enviaremos uma substitui\u00e7\u00e3o ap\u00f3s receber o pacote ou devolvemos seu dinheiro.<\/p>\n<p>Leia nossa<span style=\"color: #ff0000;\">\u00a0<a style=\"color: #ff0000;\" href=\"https:\/\/www.casadainjecao.com.br\/loja\/politica-de-devolucao\">pol\u00edtica de devolu\u00e7\u00e3o aqui<\/a><\/span><\/p>\n<p>-\u2014\u2014\u2014\u2014\u2014\u2014\u2014\u2014\u2014\u2014\u2014\u2014\u2014\u2014\u2014\u2014\u2014\u2014\u2014\u2013<\/p>\n<p><strong>Tem alguma d\u00favida?<\/strong><\/p>\n<p>Entre em contato que podemos ajudar!<\/p>\n<p>Confira as informa\u00e7\u00f5es adicionais abaixo:<\/p>\n<ul>\n<li>Todos os nossos produtos s\u00e3o novos, originais e possuem garantia.<\/li>\n<li>Todos os produtos anunciados est\u00e3o dispon\u00edveis em estoque e s\u00e3o enviados com extrema rapidez.<\/li>\n<li>O frete pode ser simulado antes de efetuar a compra, basta clicar em \u201cver custos de envio\u201d.<\/li>\n<li>Verifique o endere\u00e7o de entrega cadastrado e atualize caso necess\u00e1rio.<\/li>\n<li>Confirme se a pe\u00e7a \u00e9 correta para o seu modelo de ve\u00edculo.<\/li>\n<li>Para pe\u00e7as automotivas, recomendamos a instala\u00e7\u00e3o por um profissional especializado.<\/li>\n<\/ul>\n<p>Caso possua outras d\u00favidas, entre em contato.<\/p>\n","protected":false},"excerpt":{"rendered":"<h2>Comutador Comando Ar Condicionado Doblo 02 a 21 &#8211; 46722666<\/h2>\n","protected":false},"featured_media":29422,"template":"","meta":{"_seopress_robots_primary_cat":"none","_seopress_titles_title":"","_seopress_titles_desc":"","_seopress_robots_index":"","_joinchat":[]},"product_cat":[16,58,1104],"product_tag":[247,280,1713,709,1100,298,1715,1855,119,1892,108,121,214],"berocket_brand":[383],"_links":{"self":[{"href":"https:\/\/www.casadainjecao.com.br\/loja\/wp-json\/wp\/v2\/product\/29386"}],"collection":[{"href":"https:\/\/www.casadainjecao.com.br\/loja\/wp-json\/wp\/v2\/product"}],"about":[{"href":"https:\/\/www.casadainjecao.com.br\/loja\/wp-json\/wp\/v2\/types\/product"}],"wp:featuredmedia":[{"embeddable":true,"href":"https:\/\/www.casadainjecao.com.br\/loja\/wp-json\/wp\/v2\/media\/29422"}],"wp:attachment":[{"href":"https:\/\/www.casadainjecao.com.br\/loja\/wp-json\/wp\/v2\/media?parent=29386"}],"wp:term":[{"taxonomy":"product_cat","embeddable":true,"href":"https:\/\/www.casadainjecao.com.br\/loja\/wp-json\/wp\/v2\/product_cat?post=29386"},{"taxonomy":"product_tag","embeddable":true,"href":"https:\/\/www.casadainjecao.com.br\/loja\/wp-json\/wp\/v2\/product_tag?post=29386"},{"taxonomy":"berocket_brand","embeddable":true,"href":"https:\/\/www.casadainjecao.com.br\/loja\/wp-json\/wp\/v2\/berocket_brand?post=29386"}],"curies":[{"name":"wp","href":"https:\/\/api.w.org\/{rel}","templated":true}]}}