{"id":29389,"date":"2024-03-13T15:39:43","date_gmt":"2024-03-13T18:39:43","guid":{"rendered":"https:\/\/www.casadainjecao.com.br\/loja\/?post_type=product&#038;p=29389"},"modified":"2025-11-01T08:16:09","modified_gmt":"2025-11-01T11:16:09","slug":"sensor-abs-traseiro-esquerdo-fiat-gran-siena-52144314-2","status":"publish","type":"product","link":"https:\/\/www.casadainjecao.com.br\/loja\/autopecas\/freios\/sensor-abs\/sensor-abs-traseiro-esquerdo-fiat-gran-siena-52144314-2\/","title":{"rendered":"Sensor Abs Traseiro Esquerdo Fiat Gran Siena &#8211; 5214431"},"content":{"rendered":"<h2><strong>Sensor ABS Traseiro Esquerdo<\/strong><\/h2>\n<p><strong>Aplica\u00e7\u00f5es Compat\u00edveis:<\/strong><\/p>\n<ul>\n<li><strong>Fiat Grand Siena 1.0 Attractive Flex 4p:<\/strong> 2017\/2021<\/li>\n<li><strong>Fiat Grand Siena 1.0 Flex 4p:<\/strong> 2021<\/li>\n<li><strong>Fiat Grand Siena 1.0 Flex 4p (5 marchas):<\/strong> 2021<\/li>\n<li><strong>Fiat Grand Siena 1.6 16v Essence Flex 4p:<\/strong> 2016\/2018<\/li>\n<li><strong>Fiat Punto 1.4 Attractive Flex 5p:<\/strong> 2016\/2017<\/li>\n<li><strong>Fiat Punto 1.6 16v Essence Flex Dualogic 5p:<\/strong> 2016\/2017<\/li>\n<\/ul>\n<p><strong>Caracter\u00edsticas:<\/strong><\/p>\n<ul>\n<li><strong>C\u00f3digo OEM:<\/strong> 52144314<\/li>\n<li><strong>C\u00f3digo universal de produto:<\/strong> 4770000009865<\/li>\n<li><strong>Condi\u00e7\u00e3o:<\/strong> Novo<\/li>\n<li><strong>Marca:<\/strong> Fiat<\/li>\n<li><strong>C\u00f3digo de Refer\u00eancia:<\/strong> 52144314<\/li>\n<li><strong>Garantia:<\/strong> 90 dias<\/li>\n<li><strong>Tipo de Garantia:<\/strong> Garantia do vendedor<\/li>\n<\/ul>\n<p><strong>Informa\u00e7\u00f5es sobre a Marca:<\/strong><br \/>\n<strong>MOPAR\u00ae<\/strong> \u00e9 a marca de pe\u00e7as de reposi\u00e7\u00e3o genu\u00ednas do Grupo Stellantis, respons\u00e1vel pelas marcas Fiat, Jeep, Peugeot, Citro\u00ebn e RAM. As pe\u00e7as e acess\u00f3rios MOPAR\u00ae s\u00e3o criadas pelas mesmas equipes que projetaram seu ve\u00edculo, atendendo a todos os padr\u00f5es de f\u00e1brica, garantindo excelente desempenho.<\/p>\n<h3><strong>Aten\u00e7\u00e3o:<\/strong><br \/>\nAntes de efetuar a compra, verifique o c\u00f3digo da pe\u00e7a instalada em seu ve\u00edculo.<\/h3>\n<p><strong>Garantia e Pol\u00edtica de Devolu\u00e7\u00e3o: <\/strong><strong>Leia nossa <\/strong><a href=\"https:\/\/www.casadainjecao.com.br\/loja\/politica-de-devolucao\">pol\u00edtica de devolu\u00e7\u00e3o aqui<\/a><\/p>\n<p>A <strong>Casa da Inje\u00e7\u00e3o<\/strong> oferece total garantia nos produtos comprados em nosso site. Todos os itens s\u00e3o rigorosamente testados antes do envio.<br \/>\nSe o item estiver danificado ou com defeito, entre em contato conosco para substitui\u00e7\u00e3o ou devolu\u00e7\u00e3o.<br \/>\nSe houver qualquer defeito, enviaremos uma substitui\u00e7\u00e3o ap\u00f3s receber o pacote ou devolveremos o dinheiro.<br \/>\nLeia nossa pol\u00edtica de devolu\u00e7\u00e3o para mais informa\u00e7\u00f5es.<\/p>\n<hr \/>\n<p><strong>Tem Alguma D\u00favida?<\/strong><br \/>\nEntre em contato que podemos ajudar!<\/p>\n<p><strong>Informa\u00e7\u00f5es Adicionais:<\/strong><\/p>\n<ul>\n<li>Todos os nossos produtos s\u00e3o novos, originais e possuem garantia.<\/li>\n<li>Todos os produtos anunciados est\u00e3o dispon\u00edveis em estoque e s\u00e3o enviados com rapidez.<\/li>\n<li>O frete pode ser simulado antes de efetuar a compra, basta clicar em &#8220;ver custos de envio&#8221;.<\/li>\n<li>Verifique o endere\u00e7o de entrega cadastrado e atualize-o, se necess\u00e1rio.<\/li>\n<li>Confirme se a pe\u00e7a \u00e9 compat\u00edvel com o seu modelo de ve\u00edculo.<\/li>\n<li>Para pe\u00e7as automotivas, recomendamos a instala\u00e7\u00e3o por um profissional especializado.<\/li>\n<\/ul>\n<p>Caso tenha outras d\u00favidas, entre em contato.<\/p>\n","protected":false},"excerpt":{"rendered":"<h2><strong>Sensor ABS Traseiro Lado Esquerdo Original &#8211; Fiat Grand Siena &#8211;<\/strong>\u00a052144314<\/h2>\n","protected":false},"featured_media":36624,"template":"","meta":{"_seopress_robots_primary_cat":"none","_seopress_titles_title":"","_seopress_titles_desc":"","_seopress_robots_index":"","_kad_blocks_custom_css":"","_kad_blocks_head_custom_js":"","_kad_blocks_body_custom_js":"","_kad_blocks_footer_custom_js":"","_joinchat":[]},"product_cat":[20,189],"product_tag":[1715],"berocket_brand":[383],"taxonomy_info":{"product_cat":[{"value":20,"label":"Freios"},{"value":189,"label":"Sensor ABS"}],"product_tag":[{"value":1715,"label":"Nova Strada"}],"berocket_brand":[{"value":383,"label":"Fiat"}]},"featured_image_src_large":["https:\/\/www.casadainjecao.com.br\/loja\/wp-content\/uploads\/2024\/03\/Sensor-Abs-Traseiro-Esquerdo-Fiat-Gran-Siena-52144314-ORIGINAL-920x920.jpg",640,640,true],"author_info":[],"comment_info":"","_links":{"self":[{"href":"https:\/\/www.casadainjecao.com.br\/loja\/wp-json\/wp\/v2\/product\/29389"}],"collection":[{"href":"https:\/\/www.casadainjecao.com.br\/loja\/wp-json\/wp\/v2\/product"}],"about":[{"href":"https:\/\/www.casadainjecao.com.br\/loja\/wp-json\/wp\/v2\/types\/product"}],"wp:featuredmedia":[{"embeddable":true,"href":"https:\/\/www.casadainjecao.com.br\/loja\/wp-json\/wp\/v2\/media\/36624"}],"wp:attachment":[{"href":"https:\/\/www.casadainjecao.com.br\/loja\/wp-json\/wp\/v2\/media?parent=29389"}],"wp:term":[{"taxonomy":"product_cat","embeddable":true,"href":"https:\/\/www.casadainjecao.com.br\/loja\/wp-json\/wp\/v2\/product_cat?post=29389"},{"taxonomy":"product_tag","embeddable":true,"href":"https:\/\/www.casadainjecao.com.br\/loja\/wp-json\/wp\/v2\/product_tag?post=29389"},{"taxonomy":"berocket_brand","embeddable":true,"href":"https:\/\/www.casadainjecao.com.br\/loja\/wp-json\/wp\/v2\/berocket_brand?post=29389"}],"curies":[{"name":"wp","href":"https:\/\/api.w.org\/{rel}","templated":true}]}}