{"id":29415,"date":"2024-03-13T17:39:34","date_gmt":"2024-03-13T20:39:34","guid":{"rendered":"https:\/\/www.casadainjecao.com.br\/loja\/autopecas\/sem%20categoria\/corpo-de-borboleta-fiat-doblo-idea-palio-punto-50gte3f1d\/"},"modified":"2026-04-22T17:25:21","modified_gmt":"2026-04-22T20:25:21","slug":"corpo-de-borboleta-fiat-doblo-idea-palio-punto-50gte3f1d","status":"publish","type":"product","link":"https:\/\/www.casadainjecao.com.br\/loja\/autopecas\/injecao-eletronica\/corpo-de-borboleta\/corpo-de-borboleta-fiat-doblo-idea-palio-punto-50gte3f1d\/","title":{"rendered":"Corpo De Borboleta Fiat Doblo Idea Palio Punto &#8211; 55223"},"content":{"rendered":"<h2>Corpo Borboleta Tbi<\/h2>\n<p>Motor E-torq 1.6 16v\/1.8 16v<\/p>\n<h3>Aplica\u00e7\u00f5es:<\/h3>\n<p>Fiat Argo \u2013 2017 Diante<\/p>\n<p>Fiat Bravo 2011 at\u00e9 2015<\/p>\n<p>Fiat Bravo Fase 1 \u2013 2016 Diante<\/p>\n<p>Fiat Cronos \u2013 2018 Diante<\/p>\n<p>Fiat Doblo Fase 1 \u2013 2010 at\u00e9 2021<\/p>\n<p>Fiat Grand Siena \u2013 2012 at\u00e9 2021<\/p>\n<p>Fiat Idea Fase 1 \u2013 2011 at\u00e9 2016<\/p>\n<p>Fiat Linea \u2013 2009 at\u00e9 2014<\/p>\n<p>Fiat Linea Fase 1 \u2013 2015 at\u00e9 2016<\/p>\n<p>Fiat Novo Palio \u2013 2012 at\u00e9 2017<\/p>\n<p>Fiat Palio Fase 3 \u2013 2008 at\u00e9 2012<\/p>\n<p>Fiat Palio Weekend Fase 3 \u2013 2008 at\u00e9 2012<\/p>\n<p>Fiat Palio Weekend Fase 4 \u2013 2013 at\u00e9 2020<\/p>\n<p>Fiat Punto \u2013 2008 at\u00e9 2012<\/p>\n<p>Fiat Punto Fase 1\u00a0 \u2013 2013 at\u00e9 2017<\/p>\n<p>Fiat Siena Fase 3 \u2013 2008 at\u00e9 2012<\/p>\n<p>Fiat Strada Fase 3 \u2013 2008\u00a0 at\u00e9 2012<\/p>\n<p>Fiat Strada Fase 4 \u2013 2013 at\u00e9 2020<\/p>\n<p>Fiat Toro \u2013 2016 at\u00e9 2021<\/p>\n<p>Fiat Toro Mca \u2013 2021 Diante<\/p>\n<p>Especifica\u00e7\u00f5es T\u00e9cnicas:<br \/>\n\u2013 Marca: Torken<br \/>\n\u2013 Condi\u00e7\u00e3o do item: Novo Similar ao Original ( Paralelo)<br \/>\n\u2013 Modelo: Motor E-torq 1.6 16v\/1.8 16v<br \/>\n\u2013 C\u00f3digo de refer\u00eancia: \u2013 55223625, 55254306, 50GTE, GTEF0101, 50GTE3F1<\/p>\n<p>88800668776, 50GTE3F, 50GTE3F1, 50GTE3F1\/B, 50GTE3F1 B,<\/p>\n<p>50GTE3F1B, 50GTE3F1\/D, 50GTE3F1 D, 50GTE3F1D, 714034<\/p>\n<p>\u2013\u00a0Garantia 3 Meses<\/p>\n<h3>Confirme a numera\u00e7\u00e3o antes da compra, se a numera\u00e7\u00e3o da pe\u00e7a do an\u00fancio for igual a da pe\u00e7a do seu ve\u00edculo, ser\u00e1 compat\u00edvel.<\/h3>\n<p>O corpo de borboleta (tamb\u00e9m conhecido como TBI \u2013 Throttle Body Injection) controla a entrada de ar na admiss\u00e3o do motor para o cilindro, auxiliando o funcionamento da marcha lenta e da acelera\u00e7\u00e3o. Apesar de existir o filtro de ar, a borboleta acaba ficando \u201csuja\u201d pelos vapores que saem de outros componentes.<\/p>\n<p>&nbsp;<\/p>\n<p>A Casa da Inje\u00e7\u00e3o oferece total garantia nos produtos comprados em nosso site.<\/p>\n<ol>\n<li>Cada item \u00e9 rigorosamente testado antes do envio<\/li>\n<li>Se os itens estiverem danificados ou parcialmente defeituosos, entre em contato conosco.<\/li>\n<\/ol>\n<p>Se houver qualquer defeito, n\u00f3s lhe enviaremos uma substitui\u00e7\u00e3o ap\u00f3s receber o pacote ou devolvemos seu dinheiro.<\/p>\n<p>Leia nossa\u00a0<a href=\"https:\/\/www.casadainjecao.com.br\/loja\/politica-de-devolucao\">pol\u00edtica de devolu\u00e7\u00e3o aqui<\/a><\/p>\n<p>\u2014\u2014\u2014\u2014\u2014\u2014\u2014\u2014\u2014\u2014\u2014\u2014\u2014\u2014\u2014\u2014\u2014\u2014\u2014\u2013<\/p>\n<p><strong>Tem alguma d\u00favida?<\/strong><\/p>\n<p>Entre em contato que podemos ajudar!<\/p>\n<p>Confira as informa\u00e7\u00f5es adicionais abaixo:<\/p>\n<ul>\n<li>Todos os nossos produtos s\u00e3o novos, semi-novos, originais e paralelos possuem garantia.<\/li>\n<li>Todos os produtos anunciados est\u00e3o dispon\u00edveis em estoque e s\u00e3o enviados com extrema rapidez.<\/li>\n<li>O frete pode ser simulado antes de efetuar a compra, basta clicar em \u201cver custos de envio\u201d.<\/li>\n<li>Verifique o endere\u00e7o de entrega cadastrado e atualize caso necess\u00e1rio.<\/li>\n<li>Confirme se a pe\u00e7a \u00e9 correta para o seu modelo de ve\u00edculo.<\/li>\n<li>Para pe\u00e7as automotivas, recomendamos a instala\u00e7\u00e3o por um profissional especializado.<\/li>\n<\/ul>\n<p>Caso possua outras d\u00favidas, entre em contato.<\/p>\n","protected":false},"excerpt":{"rendered":"<h2>Corpo Borboleta Tbi Fiat Palio Toro Siena Strada 1.6 16v\/1.8 16v<\/h2>\n<p>\u2013 Marca: Torken<br \/>\n\u2013 Condi\u00e7\u00e3o do item: Novo\u00a0Similar ao Original ( Paralelo)<br \/>\n\u2013 Modelo: Motor E-torq 1.6 16v\/1.8 16v<br \/>\n\u2013 C\u00f3digo de refer\u00eancia: \u2013 55254306, 50GTE, GTEF0101, 55223625<\/p>\n","protected":false},"featured_media":29412,"template":"","meta":{"_seopress_robots_primary_cat":"none","_seopress_titles_title":"","_seopress_titles_desc":"","_seopress_robots_index":"","_joinchat":[]},"product_cat":[258,21],"product_tag":[1489,247,1100,119,108,121],"berocket_brand":[383],"_links":{"self":[{"href":"https:\/\/www.casadainjecao.com.br\/loja\/wp-json\/wp\/v2\/product\/29415"}],"collection":[{"href":"https:\/\/www.casadainjecao.com.br\/loja\/wp-json\/wp\/v2\/product"}],"about":[{"href":"https:\/\/www.casadainjecao.com.br\/loja\/wp-json\/wp\/v2\/types\/product"}],"wp:featuredmedia":[{"embeddable":true,"href":"https:\/\/www.casadainjecao.com.br\/loja\/wp-json\/wp\/v2\/media\/29412"}],"wp:attachment":[{"href":"https:\/\/www.casadainjecao.com.br\/loja\/wp-json\/wp\/v2\/media?parent=29415"}],"wp:term":[{"taxonomy":"product_cat","embeddable":true,"href":"https:\/\/www.casadainjecao.com.br\/loja\/wp-json\/wp\/v2\/product_cat?post=29415"},{"taxonomy":"product_tag","embeddable":true,"href":"https:\/\/www.casadainjecao.com.br\/loja\/wp-json\/wp\/v2\/product_tag?post=29415"},{"taxonomy":"berocket_brand","embeddable":true,"href":"https:\/\/www.casadainjecao.com.br\/loja\/wp-json\/wp\/v2\/berocket_brand?post=29415"}],"curies":[{"name":"wp","href":"https:\/\/api.w.org\/{rel}","templated":true}]}}