{"id":29504,"date":"2024-03-15T15:31:19","date_gmt":"2024-03-15T18:31:19","guid":{"rendered":"https:\/\/www.casadainjecao.com.br\/loja\/autopecas\/sem%20categoria\/corpo-de-borboleta-fiat-palio-flex-1-4-8v-44smf8\/"},"modified":"2026-04-14T11:23:37","modified_gmt":"2026-04-14T14:23:37","slug":"corpo-de-borboleta-fiat-palio-flex-1-4-8v-44smf8","status":"publish","type":"product","link":"https:\/\/www.casadainjecao.com.br\/loja\/autopecas\/injecao-eletronica\/corpo-de-borboleta\/corpo-de-borboleta-fiat-palio-flex-1-4-8v-44smf8\/","title":{"rendered":"Corpo De Borboleta Fiat Palio Flex 1.4 8v &#8211; 44smf8"},"content":{"rendered":"<p>Corpo de Borboleta TBI<\/p>\n<p>FIAT<\/p>\n<p>Fiat Idea 1.4 8V Flex 2008 em diante<\/p>\n<p>Fiat Punto 1.4 8V Flex 2008 em diante<\/p>\n<p>Fiat Palio 1.4 8V Flex 2006 em diante<\/p>\n<p>Fiat Siena 1.4 8V Flex 2006 em diante<\/p>\n<p>Fiat Strada 1.4 8V Flex 2006 em diante<\/p>\n<p>Fiat Doblo 1.4 8V Flex 2010 em diante<\/p>\n<p>C\u00d3DIGO DA PE\u00c7A:<\/p>\n<p>&#8211; 44SMF-8, 44smf8, 73502387, SM500801, 714029<\/p>\n<p>Condi\u00e7\u00f5es:<\/p>\n<p>Produto Novo Similar(Paralelo)\/ Marca TORKEN AUTOMOTIVE<\/p>\n<p>Especifica\u00e7\u00f5es:<\/p>\n<p>Conte\u00fado da embalagem: Corpo De Borboleta Fiat.<\/p>\n<p>Garantia:<\/p>\n<p>3 Meses<\/p>\n<p>ATEN\u00c7\u00c3O: Antes de efetuar a compra verifique o c\u00f3digo da sua pe\u00e7a que est\u00e1 instalada no seu ve\u00edculo.<br \/>\nO que \u00e9 e para que serve o Corpo de Borboleta?<\/p>\n<p>O corpo de borboleta (tamb\u00e9m conhecido como TBI \u2013 Throttle Body Injection) controla a entrada de ar na admiss\u00e3o do motor para o cilindro, auxiliando o funcionamento da marcha lenta e da acelera\u00e7\u00e3o. Apesar de existir o filtro de ar, a borboleta acaba ficando \u201csuja\u201d pelos vapores que saem de outros componentes.<\/p>\n<p>A Casa da Inje\u00e7\u00e3o oferece total garantia nos produtos comprados em nosso site.<\/p>\n<p>Cada item \u00e9 rigorosamente testado antes do envio<br \/>\nSe os itens estiverem danificados ou parcialmente defeituosos, entre em contato conosco.<\/p>\n<p>Se houver qualquer defeito, n\u00f3s lhe enviaremos uma substitui\u00e7\u00e3o ap\u00f3s receber o pacote ou devolvemos seu dinheiro.<\/p>\n<p>Leia nossa\u00a0pol\u00edtica de devolu\u00e7\u00e3o aqui<\/p>\n<p>\u2014\u2014\u2014\u2014\u2014\u2014\u2014\u2014\u2014\u2014\u2014\u2014\u2014\u2014\u2014\u2014\u2014\u2014\u2014\u2013<\/p>\n<p>Tem alguma d\u00favida?<\/p>\n<p>Entre em contato que podemos ajudar!<\/p>\n<p>Confira as informa\u00e7\u00f5es adicionais abaixo:<\/p>\n<p>Todos os nossos produtos s\u00e3o novos, semi-novos, originais e paralelos possuem garantia.<br \/>\nTodos os produtos anunciados est\u00e3o dispon\u00edveis em estoque e s\u00e3o enviados com extrema rapidez.<br \/>\nO frete pode ser simulado antes de efetuar a compra, basta clicar em \u201cver custos de envio\u201d.<br \/>\nVerifique o endere\u00e7o de entrega cadastrado e atualize caso necess\u00e1rio.<br \/>\nConfirme se a pe\u00e7a \u00e9 correta para o seu modelo de ve\u00edculo.<br \/>\nPara pe\u00e7as automotivas, recomendamos a instala\u00e7\u00e3o por um profissional especializado.<\/p>\n<p>Caso possua outras d\u00favidas, entre em contato.<\/p>\n","protected":false},"excerpt":{"rendered":"<h2>Corpo de Borboleta Fiat Palio Flex 1.4 8v<\/h2>\n<h2>Corpo de Borboleta TBI<\/h2>\n<p><strong>FIAT<\/strong><\/p>\n<p>Fiat Idea 1.4 8V Flex 2008 em diante<\/p>\n<p>Fiat Punto 1.4 8V Flex 2008 em diante<\/p>\n<p>Fiat Palio 1.4 8V Flex 2006 em diante<\/p>\n<p>Fiat Siena 1.4 8V Flex 2006 em diante<\/p>\n<p>Fiat Strada 1.4 8V Flex 2006 em diante<\/p>\n<p>Fiat Doblo 1.4 8V Flex 2010 em diante<\/p>\n<p>C\u00d3DIGO DA PE\u00c7A:<\/p>\n<p>&#8211; 44SMF-8, 44smf8, 73502387, SM500801, 714029<\/p>\n<h4>Condi\u00e7\u00f5es:<\/h4>\n<p>Produto Novo Similar(Paralelo)\/ Marca TORKEN AUTOMOTIVE<\/p>\n","protected":false},"featured_media":29501,"template":"","meta":{"_seopress_robots_primary_cat":"none","_seopress_titles_title":"","_seopress_titles_desc":"","_seopress_robots_index":"","_kad_blocks_custom_css":"","_kad_blocks_head_custom_js":"","_kad_blocks_body_custom_js":"","_kad_blocks_footer_custom_js":"","_joinchat":[]},"product_cat":[258,21],"product_tag":[247,709,119,108,120,121],"berocket_brand":[383],"taxonomy_info":{"product_cat":[{"value":258,"label":"Corpo de Borboleta"},{"value":21,"label":"Inje\u00e7\u00e3o Eletr\u00f4nica"}],"product_tag":[{"value":247,"label":"Doblo"},{"value":709,"label":"Idea"},{"value":119,"label":"Palio"},{"value":108,"label":"Punto"},{"value":120,"label":"Siena"},{"value":121,"label":"Strada"}],"berocket_brand":[{"value":383,"label":"Fiat"}]},"featured_image_src_large":["https:\/\/www.casadainjecao.com.br\/loja\/wp-content\/uploads\/2024\/03\/15258135240_44SMF8-920x920.jpg",640,640,true],"author_info":[],"comment_info":"","_links":{"self":[{"href":"https:\/\/www.casadainjecao.com.br\/loja\/wp-json\/wp\/v2\/product\/29504"}],"collection":[{"href":"https:\/\/www.casadainjecao.com.br\/loja\/wp-json\/wp\/v2\/product"}],"about":[{"href":"https:\/\/www.casadainjecao.com.br\/loja\/wp-json\/wp\/v2\/types\/product"}],"wp:featuredmedia":[{"embeddable":true,"href":"https:\/\/www.casadainjecao.com.br\/loja\/wp-json\/wp\/v2\/media\/29501"}],"wp:attachment":[{"href":"https:\/\/www.casadainjecao.com.br\/loja\/wp-json\/wp\/v2\/media?parent=29504"}],"wp:term":[{"taxonomy":"product_cat","embeddable":true,"href":"https:\/\/www.casadainjecao.com.br\/loja\/wp-json\/wp\/v2\/product_cat?post=29504"},{"taxonomy":"product_tag","embeddable":true,"href":"https:\/\/www.casadainjecao.com.br\/loja\/wp-json\/wp\/v2\/product_tag?post=29504"},{"taxonomy":"berocket_brand","embeddable":true,"href":"https:\/\/www.casadainjecao.com.br\/loja\/wp-json\/wp\/v2\/berocket_brand?post=29504"}],"curies":[{"name":"wp","href":"https:\/\/api.w.org\/{rel}","templated":true}]}}