{"id":29515,"date":"2024-03-15T16:01:00","date_gmt":"2024-03-15T19:01:00","guid":{"rendered":"https:\/\/www.casadainjecao.com.br\/loja\/autopecas\/sem%20categoria\/corpo-borboleta-fiat-uno-mobi-1-0-1-4-46336603\/"},"modified":"2024-09-19T13:21:56","modified_gmt":"2024-09-19T16:21:56","slug":"corpo-borboleta-fiat-uno-mobi-1-0-1-4-46336603","status":"publish","type":"product","link":"https:\/\/www.casadainjecao.com.br\/loja\/autopecas\/injecao-eletronica\/corpo-de-borboleta\/corpo-borboleta-fiat-uno-mobi-1-0-1-4-46336603\/","title":{"rendered":"Corpo Borboleta Fiat Uno Mobi 1.0 1.4 Original &#8211; 46336"},"content":{"rendered":"<h2>Corpo de Borboleta TBI Original<\/h2>\n<p><strong>FIAT<\/strong><\/p>\n<p>Fiat Uno\u00a0CELEBRATION 1.0 Flex 2014 a 2015<\/p>\n<p>Fiat Uno\u00a0WAY 1.4 Flex 2015 em diante<\/p>\n<p>Fiat Uno VIVACE 1.4 Flex 2015 em diante<\/p>\n<p>Fiat Mobi 2017 1.4 Flex em diante<\/p>\n<p>Fiat Palio 1.4 Flex 2017 em diante<\/p>\n<p>C\u00d3DIGO DA PE\u00c7A:<\/p>\n<p>46336603, 55258427, 0280750596<\/p>\n<h4>Condi\u00e7\u00f5es:<\/h4>\n<p>Produto Novo Original\/ Marca\u00a0Fiat Mopar, Bosch<\/p>\n<h4>Especifica\u00e7\u00f5es:<\/h4>\n<p>Conte\u00fado da embalagem: Corpo De Borboleta Fiat.<\/p>\n<p><strong>Garantia:<\/strong><\/p>\n<p>3 Meses<\/p>\n<h3><strong>ATEN\u00c7\u00c3O: Antes de efetuar a compra verifique o c\u00f3digo da sua pe\u00e7a que est\u00e1 instalada no seu ve\u00edculo.<\/strong><\/h3>\n<h4>O que \u00e9 e para que serve o Corpo de Borboleta?<\/h4>\n<p>O corpo de borboleta (tamb\u00e9m conhecido como TBI \u2013 Throttle Body Injection) controla a entrada de ar na admiss\u00e3o do motor para o cilindro, auxiliando o funcionamento da marcha lenta e da acelera\u00e7\u00e3o. Apesar de existir o filtro de ar, a borboleta acaba ficando \u201csuja\u201d pelos vapores que saem de outros componentes.<\/p>\n<p>A Casa da Inje\u00e7\u00e3o oferece total garantia nos produtos comprados em nosso site.<\/p>\n<ol>\n<li>Cada item \u00e9 rigorosamente testado antes do envio<\/li>\n<li>Se os itens estiverem danificados ou parcialmente defeituosos, entre em contato conosco.<\/li>\n<\/ol>\n<p>Se houver qualquer defeito, n\u00f3s lhe enviaremos uma substitui\u00e7\u00e3o ap\u00f3s receber o pacote ou devolvemos seu dinheiro.<\/p>\n<p>Leia nossa<span style=\"color: #ff0000;\">\u00a0<a style=\"color: #ff0000;\" href=\"https:\/\/www.casadainjecao.com.br\/loja\/politica-de-devolucao\">pol\u00edtica de devolu\u00e7\u00e3o aqui<\/a><\/span><\/p>\n<p>\u2014\u2014\u2014\u2014\u2014\u2014\u2014\u2014\u2014\u2014\u2014\u2014\u2014\u2014\u2014\u2014\u2014\u2014\u2014\u2013<\/p>\n<p><strong>Tem alguma d\u00favida?<\/strong><\/p>\n<p>Entre em contato que podemos ajudar!<\/p>\n<p>Confira as informa\u00e7\u00f5es adicionais abaixo:<\/p>\n<ul>\n<li>Todos os nossos produtos s\u00e3o novos, semi-novos, originais e paralelos possuem garantia.<\/li>\n<li>Todos os produtos anunciados est\u00e3o dispon\u00edveis em estoque e s\u00e3o enviados com extrema rapidez.<\/li>\n<li>O frete pode ser simulado antes de efetuar a compra, basta clicar em \u201cver custos de envio\u201d.<\/li>\n<li>Verifique o endere\u00e7o de entrega cadastrado e atualize caso necess\u00e1rio.<\/li>\n<li>Confirme se a pe\u00e7a \u00e9 correta para o seu modelo de ve\u00edculo.<\/li>\n<li>Para pe\u00e7as automotivas, recomendamos a instala\u00e7\u00e3o por um profissional especializado.<\/li>\n<\/ul>\n<p>Caso possua outras d\u00favidas, entre em contato.<\/p>\n","protected":false},"excerpt":{"rendered":"<h2>Corpo Borboleta Fiat Uno, Palio, Mobi\u00a0 1.0 1.4 Original &#8211; 46336603, 0280750596<\/h2>\n","protected":false},"featured_media":29510,"template":"","meta":{"_seopress_robots_primary_cat":"none","_seopress_titles_title":"","_seopress_titles_desc":"","_seopress_robots_index":"","_joinchat":[]},"product_cat":[258,21],"product_tag":[298,119,214],"berocket_brand":[383],"_links":{"self":[{"href":"https:\/\/www.casadainjecao.com.br\/loja\/wp-json\/wp\/v2\/product\/29515"}],"collection":[{"href":"https:\/\/www.casadainjecao.com.br\/loja\/wp-json\/wp\/v2\/product"}],"about":[{"href":"https:\/\/www.casadainjecao.com.br\/loja\/wp-json\/wp\/v2\/types\/product"}],"wp:featuredmedia":[{"embeddable":true,"href":"https:\/\/www.casadainjecao.com.br\/loja\/wp-json\/wp\/v2\/media\/29510"}],"wp:attachment":[{"href":"https:\/\/www.casadainjecao.com.br\/loja\/wp-json\/wp\/v2\/media?parent=29515"}],"wp:term":[{"taxonomy":"product_cat","embeddable":true,"href":"https:\/\/www.casadainjecao.com.br\/loja\/wp-json\/wp\/v2\/product_cat?post=29515"},{"taxonomy":"product_tag","embeddable":true,"href":"https:\/\/www.casadainjecao.com.br\/loja\/wp-json\/wp\/v2\/product_tag?post=29515"},{"taxonomy":"berocket_brand","embeddable":true,"href":"https:\/\/www.casadainjecao.com.br\/loja\/wp-json\/wp\/v2\/berocket_brand?post=29515"}],"curies":[{"name":"wp","href":"https:\/\/api.w.org\/{rel}","templated":true}]}}