{"id":29602,"date":"2024-03-19T17:06:14","date_gmt":"2024-03-19T20:06:14","guid":{"rendered":"https:\/\/www.casadainjecao.com.br\/loja\/autopecas\/sem%20categoria\/polia-citroen-1-6-16v-96415393\/"},"modified":"2024-12-04T11:20:29","modified_gmt":"2024-12-04T14:20:29","slug":"polia-citroen-1-6-16v-96415393","status":"publish","type":"product","link":"https:\/\/www.casadainjecao.com.br\/loja\/autopecas\/motor\/polias\/polia-citroen-1-6-16v-96415393\/","title":{"rendered":"Polia Alternador Dayco Original Citroen 1.6 16v &#8211; 9641"},"content":{"rendered":"<h2>Polia Alternador Dayco Original<\/h2>\n<p><strong>CITRO\u00cbN\u00a0<\/strong><\/p>\n<p>Citro\u00ebn Berlingo 1.6 16V &#8211; 2005 at\u00e9 2007<\/p>\n<p>Citro\u00ebn Xsara 1.6 16V &#8211; 1998 at\u00e9 2004<\/p>\n<p><strong>PEUGEOT<\/strong><\/p>\n<p>Peugeot 206 1.6 16V &#8211; 2002 at\u00e9 2008<\/p>\n<p>Peugeot 207 1.6 16V &#8211; 2009 at\u00e9 2013<\/p>\n<p>Peugeot Hoggar 1.6 16V &#8211; 2010 em diante<\/p>\n<p>Peugeot Partner 1.6 16V &#8211; 2003 em diante<\/p>\n<p><strong>RENAULT<\/strong><\/p>\n<p>Renault Master 2.3 16V &#8211; 2013 em diante<\/p>\n<p>Dimens\u00f5es:<\/p>\n<p>Di\u00e2metro &#8211; 6,0 cm; Altura &#8211; 3,0 cm; Di\u00e2metro furo &#8211; 1,3 cm<\/p>\n<p>C\u00d3DIGO DA PE\u00c7A:<\/p>\n<p>96415393, ATB2090, E6004RTN &#8211; GMB, 083048<\/p>\n<p><strong>Condi\u00e7\u00f5es:<\/strong><\/p>\n<p>Produto Original \/ Marca Dayco<\/p>\n<p><strong>Especifica\u00e7\u00f5es:<\/strong><\/p>\n<p>Conte\u00fado da embalagem:\u00a0Polia Alternador Citro\u00ebn, Peugeot, Renault<\/p>\n<p><strong>Garantia:<\/strong><\/p>\n<p>3 Meses<\/p>\n<p><strong>ATEN\u00c7\u00c3O: Antes de efetuar a compra verifique o c\u00f3digo da sua pe\u00e7a que est\u00e1 instalada no seu ve\u00edculo.<\/strong><\/p>\n<p><strong>O que \u00e9 e para que serve a polia do alternador?<\/strong><\/p>\n<p><span style=\"color: #0d0d0d; font-family: S\u00f6hne, ui-sans-serif, system-ui, -apple-system, Segoe UI, Roboto, Ubuntu, Cantarell, Noto Sans, sans-serif, Helvetica Neue, Arial, Apple Color Emoji, Segoe UI Emoji, Segoe UI Symbol, Noto Color Emoji;\"><span style=\"font-size: 16px;\">A polia do alternador serve para permitir que o alternador converta a energia mec\u00e2nica do motor em energia el\u00e9trica para recarregar a bateria e alimentar os sistemas el\u00e9tricos do ve\u00edculo.<\/span><\/span><\/p>\n<p>A Casa da Inje\u00e7\u00e3o oferece total garantia nos produtos comprados em nosso site.<\/p>\n<ol>\n<li>Cada item \u00e9 rigorosamente testado antes do envio<\/li>\n<li>Se os itens estiverem danificados ou parcialmente defeituosos, entre em contato conosco.<\/li>\n<\/ol>\n<p>Se houver qualquer defeito, n\u00f3s lhe enviaremos uma substitui\u00e7\u00e3o ap\u00f3s receber o pacote ou devolvemos seu dinheiro.<\/p>\n<p>Leia nossa<span style=\"color: #ff0000;\">\u00a0<a style=\"color: #ff0000;\" href=\"https:\/\/www.casadainjecao.com.br\/loja\/politica-de-devolucao\">pol\u00edtica de devolu\u00e7\u00e3o aqui<\/a><\/span><\/p>\n<p>\u2014\u2014\u2014\u2014\u2014\u2014\u2014\u2014\u2014\u2014\u2014\u2014\u2014\u2014\u2014\u2014\u2014\u2014\u2014\u2013<\/p>\n<p><strong>Tem alguma d\u00favida?<\/strong><\/p>\n<p>Entre em contato que podemos ajudar!<\/p>\n<p>Confira as informa\u00e7\u00f5es adicionais abaixo:<\/p>\n<ul>\n<li>Todos os nossos produtos s\u00e3o novos, semi-novos, originais e paralelos possuem garantia.<\/li>\n<li>Todos os produtos anunciados est\u00e3o dispon\u00edveis em estoque e s\u00e3o enviados com extrema rapidez.<\/li>\n<li>O frete pode ser simulado antes de efetuar a compra, basta clicar em \u201cver custos de envio\u201d.<\/li>\n<li>Verifique o endere\u00e7o de entrega cadastrado e atualize caso necess\u00e1rio.<\/li>\n<li>Confirme se a pe\u00e7a \u00e9 correta para o seu modelo de ve\u00edculo.<\/li>\n<li>Para pe\u00e7as automotivas, recomendamos a instala\u00e7\u00e3o por um profissional especializado.<\/li>\n<\/ul>\n<p>Caso possua outras d\u00favidas, entre em contato.<\/p>\n","protected":false},"excerpt":{"rendered":"<h2>Polia Alternador Peugeot Citroen 1.6 16v Renault 2.3 &#8211; 96415393, ATB2090<\/h2>\n","protected":false},"featured_media":29598,"template":"","meta":{"_seopress_robots_primary_cat":"none","_seopress_titles_title":"","_seopress_titles_desc":"","_seopress_robots_index":"","_joinchat":[]},"product_cat":[22,231],"product_tag":[784,785,1166,1854,81,1574,131],"berocket_brand":[382,393,394],"_links":{"self":[{"href":"https:\/\/www.casadainjecao.com.br\/loja\/wp-json\/wp\/v2\/product\/29602"}],"collection":[{"href":"https:\/\/www.casadainjecao.com.br\/loja\/wp-json\/wp\/v2\/product"}],"about":[{"href":"https:\/\/www.casadainjecao.com.br\/loja\/wp-json\/wp\/v2\/types\/product"}],"wp:featuredmedia":[{"embeddable":true,"href":"https:\/\/www.casadainjecao.com.br\/loja\/wp-json\/wp\/v2\/media\/29598"}],"wp:attachment":[{"href":"https:\/\/www.casadainjecao.com.br\/loja\/wp-json\/wp\/v2\/media?parent=29602"}],"wp:term":[{"taxonomy":"product_cat","embeddable":true,"href":"https:\/\/www.casadainjecao.com.br\/loja\/wp-json\/wp\/v2\/product_cat?post=29602"},{"taxonomy":"product_tag","embeddable":true,"href":"https:\/\/www.casadainjecao.com.br\/loja\/wp-json\/wp\/v2\/product_tag?post=29602"},{"taxonomy":"berocket_brand","embeddable":true,"href":"https:\/\/www.casadainjecao.com.br\/loja\/wp-json\/wp\/v2\/berocket_brand?post=29602"}],"curies":[{"name":"wp","href":"https:\/\/api.w.org\/{rel}","templated":true}]}}