{"id":29632,"date":"2024-03-20T15:09:59","date_gmt":"2024-03-20T18:09:59","guid":{"rendered":"https:\/\/www.casadainjecao.com.br\/loja\/autopecas\/sem%20categoria\/tensor-correia-elantra-sonata-elipse-space-wagon-atb2261\/"},"modified":"2024-03-20T15:20:35","modified_gmt":"2024-03-20T18:20:35","slug":"tensor-correia-elantra-sonata-elipse-space-wagon-atb2261","status":"publish","type":"product","link":"https:\/\/www.casadainjecao.com.br\/loja\/autopecas\/motor\/tensor-correia-dentada\/tensor-correia-elantra-sonata-elipse-space-wagon-atb2261\/","title":{"rendered":"Tensor Correia Elantra Sonata Elipse Space Wagon &#8211; Atb"},"content":{"rendered":"<h2>Tensor Correia Dentada Dayco Original<\/h2>\n<p><strong>MITSUBISHI<\/strong><\/p>\n<p>Mitsubishi Eclipse 2.0 16V (1993 &#8211; 1994) &#8211; Motor: 4G63\/4G63T<\/p>\n<p>Mitsubishi Eclipse\u00a02.0 TURBO 16V (1993 &#8211; 1994) &#8211; Motor: 4G63T<\/p>\n<p>Mitsubishi Space Wagon 2.0 16V (1993-1995) &#8211; Motor: 4G63K<\/p>\n<p>Mitsubishi Galant 2.0 16V (1993 &#8211; 1994) &#8211; Motor: 4G63\/4G63K<\/p>\n<p><strong>KIA<\/strong><\/p>\n<p>Kia Carens 1.8 16V (2000-2004) &#8211; Motor: T8<\/p>\n<p><strong>HYUNDAI<\/strong><\/p>\n<p>Hyundai Sonata 2.0 16V (1994-1999) &#8211; Motor: G4CP<\/p>\n<p>Hyundai Elantra 1.8 16V (1996-2001) &#8211; Motor: G4GM<\/p>\n<p>Hyundai Elantra\u00a01.6 16V (1993-1995) &#8211; Motor: G4CR<\/p>\n<p>Dimens\u00f5es:<\/p>\n<p>Di\u00e2metro &#8211; 5,5 cm; Altura &#8211; 2,0 cm<\/p>\n<p>C\u00d3DIGO DA PE\u00c7A:- ATB2261, DYT451, 6203DUL1 &#8211; NSK<\/p>\n<p><strong>Condi\u00e7\u00f5es:<\/strong><\/p>\n<p>Produto Original \/ Marca Dayco<\/p>\n<p><strong>Especifica\u00e7\u00f5es:<\/strong><\/p>\n<p>Conte\u00fado da embalagem: Tensor Correia Dentada Mitsubishi, Kia, Hyundai<\/p>\n<p><strong>Garantia:<\/strong><\/p>\n<p>3 Meses<\/p>\n<p><strong>ATEN\u00c7\u00c3O: Antes de efetuar a compra verifique o c\u00f3digo da sua pe\u00e7a que est\u00e1 instalada no seu ve\u00edculo.<\/strong><\/p>\n<p><strong>O que \u00e9 e para que serve o tensor da correia?<\/strong><\/p>\n<p><span style=\"color: #0d0d0d; font-family: S\u00f6hne, ui-sans-serif, system-ui, -apple-system, 'Segoe UI', Roboto, Ubuntu, Cantarell, 'Noto Sans', sans-serif, 'Helvetica Neue', Arial, 'Apple Color Emoji', 'Segoe UI Emoji', 'Segoe UI Symbol', 'Noto Color Emoji'; font-size: 16px;\">O tensor da correia \u00e9 um componente encontrado em sistemas de correias de transmiss\u00e3o, especialmente em motores de ve\u00edculos automotivos. Ele \u00e9 projetado para manter a tens\u00e3o adequada na correia, garantindo assim a efici\u00eancia e o bom funcionamento do sistema.<\/span><\/p>\n<p>A Casa da Inje\u00e7\u00e3o oferece total garantia nos produtos comprados em nosso site.<\/p>\n<ol>\n<li>Cada item \u00e9 rigorosamente testado antes do envio<\/li>\n<li>Se os itens estiverem danificados ou parcialmente defeituosos, entre em contato conosco.<\/li>\n<\/ol>\n<p>Se houver qualquer defeito, n\u00f3s lhe enviaremos uma substitui\u00e7\u00e3o ap\u00f3s receber o pacote ou devolvemos seu dinheiro.<\/p>\n<p>Leia nossa<span style=\"color: #ff0000;\">\u00a0<a style=\"color: #ff0000;\" href=\"https:\/\/www.casadainjecao.com.br\/loja\/politica-de-devolucao\">pol\u00edtica de devolu\u00e7\u00e3o aqui<\/a><\/span><\/p>\n<p>\u2014\u2014\u2014\u2014\u2014\u2014\u2014\u2014\u2014\u2014\u2014\u2014\u2014\u2014\u2014\u2014\u2014\u2014\u2014\u2013<\/p>\n<p><strong>Tem alguma d\u00favida?<\/strong><\/p>\n<p>Entre em contato que podemos ajudar!<\/p>\n<p>Confira as informa\u00e7\u00f5es adicionais abaixo:<\/p>\n<ul>\n<li>Todos os nossos produtos s\u00e3o novos, semi-novos, originais e paralelos possuem garantia.<\/li>\n<li>Todos os produtos anunciados est\u00e3o dispon\u00edveis em estoque e s\u00e3o enviados com extrema rapidez.<\/li>\n<li>O frete pode ser simulado antes de efetuar a compra, basta clicar em \u201cver custos de envio\u201d.<\/li>\n<li>Verifique o endere\u00e7o de entrega cadastrado e atualize caso necess\u00e1rio.<\/li>\n<li>Confirme se a pe\u00e7a \u00e9 correta para o seu modelo de ve\u00edculo.<\/li>\n<li>Para pe\u00e7as automotivas, recomendamos a instala\u00e7\u00e3o por um profissional especializado.<\/li>\n<\/ul>\n<p>Caso possua outras d\u00favidas, entre em contato.<\/p>\n","protected":false},"excerpt":{"rendered":"<h2>Tensor Correia Dentada Elantra Mitsubishi Elipse Space Wagon\u00a0Original &#8211; ATB2261, DYT451<\/h2>\n","protected":false},"featured_media":29627,"template":"","meta":{"_seopress_robots_primary_cat":"none","_seopress_titles_title":"","_seopress_titles_desc":"","_seopress_robots_index":"","_kad_blocks_custom_css":"","_kad_blocks_head_custom_js":"","_kad_blocks_body_custom_js":"","_kad_blocks_footer_custom_js":"","_joinchat":[]},"product_cat":[22,1523],"product_tag":[2012,1753,697,1754,297,1929],"berocket_brand":[386,388,391],"taxonomy_info":{"product_cat":[{"value":22,"label":"Motor"},{"value":1523,"label":"Tensor Correia"}],"product_tag":[{"value":2012,"label":"Carens"},{"value":1753,"label":"ECLIPSE"},{"value":697,"label":"Elantra"},{"value":1754,"label":"Galant"},{"value":297,"label":"Sonata"},{"value":1929,"label":"Space Wagon"}],"berocket_brand":[{"value":386,"label":"Hyundai"},{"value":388,"label":"Kia"},{"value":391,"label":"Mitsubishi"}]},"featured_image_src_large":["https:\/\/www.casadainjecao.com.br\/loja\/wp-content\/uploads\/2024\/03\/15259031655_Atb2261-920x920.jpg",640,640,true],"author_info":[],"comment_info":"","_links":{"self":[{"href":"https:\/\/www.casadainjecao.com.br\/loja\/wp-json\/wp\/v2\/product\/29632"}],"collection":[{"href":"https:\/\/www.casadainjecao.com.br\/loja\/wp-json\/wp\/v2\/product"}],"about":[{"href":"https:\/\/www.casadainjecao.com.br\/loja\/wp-json\/wp\/v2\/types\/product"}],"wp:featuredmedia":[{"embeddable":true,"href":"https:\/\/www.casadainjecao.com.br\/loja\/wp-json\/wp\/v2\/media\/29627"}],"wp:attachment":[{"href":"https:\/\/www.casadainjecao.com.br\/loja\/wp-json\/wp\/v2\/media?parent=29632"}],"wp:term":[{"taxonomy":"product_cat","embeddable":true,"href":"https:\/\/www.casadainjecao.com.br\/loja\/wp-json\/wp\/v2\/product_cat?post=29632"},{"taxonomy":"product_tag","embeddable":true,"href":"https:\/\/www.casadainjecao.com.br\/loja\/wp-json\/wp\/v2\/product_tag?post=29632"},{"taxonomy":"berocket_brand","embeddable":true,"href":"https:\/\/www.casadainjecao.com.br\/loja\/wp-json\/wp\/v2\/berocket_brand?post=29632"}],"curies":[{"name":"wp","href":"https:\/\/api.w.org\/{rel}","templated":true}]}}