{"id":29645,"date":"2024-03-20T16:00:58","date_gmt":"2024-03-20T19:00:58","guid":{"rendered":"https:\/\/www.casadainjecao.com.br\/loja\/autopecas\/sem%20categoria\/tensor-correia-dentada-alfa-romeo-164-3-0-24v-6007du2-007\/"},"modified":"2024-04-11T14:23:46","modified_gmt":"2024-04-11T17:23:46","slug":"tensor-correia-dentada-alfa-romeo-164-3-0-24v-6007du2-007","status":"publish","type":"product","link":"https:\/\/www.casadainjecao.com.br\/loja\/autopecas\/motor\/tensor-correia-dentada\/tensor-correia-dentada-alfa-romeo-164-3-0-24v-6007du2-007\/","title":{"rendered":"Tensor Correia Dentada Alfa Romeo 164 3.0 24v &#8211;  6007D"},"content":{"rendered":"<h2>Tensor Correia Dentada Nytron Original<\/h2>\n<p><strong>ALFA ROMEO<\/strong><\/p>\n<p>Alfa Romeo 164 (4X4) 3.0 V6 24V GASOLINA (1994-1998) &#8211; Motor: 643.07<\/p>\n<p>Alfa Romeo 164 3.0 V6 24V GASOLINA (1992-1998) &#8211; Motor: 643.04<\/p>\n<p>Alfa Romeo 164 3.0 V6 24V GASOLINA (1992-1998) &#8211; Motor: 663.01<\/p>\n<p>Alfa Romeo 164 3.0 V6 24V GASOLINA (1992-1998) &#8211; Motor: 663.02<\/p>\n<p>Alfa Romeo 164 3.0 V6 24V GASOLINA (1992-1998) &#8211; Motor: 663.04<\/p>\n<p>Alfa Romeo 164 3.0 V6 24V GASOLINA (1994-1998) &#8211; Motor: 643.06<\/p>\n<p>Alfa Romeo 164 3.0 V6 24V GASOLINA (1994-1998) &#8211; Motor: 643.08<\/p>\n<p>Alfa Romeo 164 3.0 V6 GASOLINA (1992-1998) &#8211; Motor: 643.05<\/p>\n<p>Alfa Romeo 164 3.0 V6 GASOLINA (1992-1998) &#8211; Motor: 663.03<\/p>\n<p>Alfa Romeo 164 3.0 V6 GASOLINA (1994-1997) &#8211; Motor: 643.99<\/p>\n<p>Alfa Romeo GTV 3.0 V6 24V GASOLINA (1996-2000) &#8211; Motor: 161.02<\/p>\n<p>Dimens\u00f5es:<\/p>\n<p>Di\u00e2metro &#8211; 7,5 cm; Altura &#8211; 3,0 cm<\/p>\n<p>C\u00d3DIGO DA PE\u00c7A: &#8211; 1238, 6007DU2 007 &#8211; NSK<\/p>\n<p><strong>Condi\u00e7\u00f5es:<\/strong><\/p>\n<p>Produto Original \/ Marca Nytron<\/p>\n<p><strong>Especifica\u00e7\u00f5es:<\/strong><\/p>\n<p>Conte\u00fado da embalagem:\u00a0Tensor Correia Dentada Alfa Romeo<\/p>\n<p><strong>Garantia:<\/strong><\/p>\n<p>3 Meses<\/p>\n<p><strong>ATEN\u00c7\u00c3O: Antes de efetuar a compra verifique o c\u00f3digo da sua pe\u00e7a que est\u00e1 instalada no seu ve\u00edculo.<\/strong><\/p>\n<p><strong>O que \u00e9 e para que serve o tensor da correia?<\/strong><\/p>\n<p><span style=\"color: #0d0d0d; font-family: S\u00f6hne, ui-sans-serif, system-ui, -apple-system, 'Segoe UI', Roboto, Ubuntu, Cantarell, 'Noto Sans', sans-serif, 'Helvetica Neue', Arial, 'Apple Color Emoji', 'Segoe UI Emoji', 'Segoe UI Symbol', 'Noto Color Emoji'; font-size: 16px;\">O tensor da correia \u00e9 um componente encontrado em sistemas de correias de transmiss\u00e3o, especialmente em motores de ve\u00edculos automotivos. Ele \u00e9 projetado para manter a tens\u00e3o adequada na correia, garantindo assim a efici\u00eancia e o bom funcionamento do sistema.<\/span><\/p>\n<p>A Casa da Inje\u00e7\u00e3o oferece total garantia nos produtos comprados em nosso site.<\/p>\n<ol>\n<li>Cada item \u00e9 rigorosamente testado antes do envio<\/li>\n<li>Se os itens estiverem danificados ou parcialmente defeituosos, entre em contato conosco.<\/li>\n<\/ol>\n<p>Se houver qualquer defeito, n\u00f3s lhe enviaremos uma substitui\u00e7\u00e3o ap\u00f3s receber o pacote ou devolvemos seu dinheiro.<\/p>\n<p>Leia nossa<span style=\"color: #ff0000;\">\u00a0<a style=\"color: #ff0000;\" href=\"https:\/\/www.casadainjecao.com.br\/loja\/politica-de-devolucao\">pol\u00edtica de devolu\u00e7\u00e3o aqui<\/a><\/span><\/p>\n<p>\u2014\u2014\u2014\u2014\u2014\u2014\u2014\u2014\u2014\u2014\u2014\u2014\u2014\u2014\u2014\u2014\u2014\u2014\u2014\u2013<\/p>\n<p><strong>Tem alguma d\u00favida?<\/strong><\/p>\n<p>Entre em contato que podemos ajudar!<\/p>\n<p>Confira as informa\u00e7\u00f5es adicionais abaixo:<\/p>\n<ul>\n<li>Todos os nossos produtos s\u00e3o novos, semi-novos, originais e paralelos possuem garantia.<\/li>\n<li>Todos os produtos anunciados est\u00e3o dispon\u00edveis em estoque e s\u00e3o enviados com extrema rapidez.<\/li>\n<li>O frete pode ser simulado antes de efetuar a compra, basta clicar em \u201cver custos de envio\u201d.<\/li>\n<li>Verifique o endere\u00e7o de entrega cadastrado e atualize caso necess\u00e1rio.<\/li>\n<li>Confirme se a pe\u00e7a \u00e9 correta para o seu modelo de ve\u00edculo.<\/li>\n<li>Para pe\u00e7as automotivas, recomendamos a instala\u00e7\u00e3o por um profissional especializado.<\/li>\n<\/ul>\n<p>Caso possua outras d\u00favidas, entre em contato.<\/p>\n","protected":false},"excerpt":{"rendered":"<h2>Tensor Correia Dentada Alfa Romeo 164 &#8211; 1238, 6007DU2\/007<\/h2>\n","protected":false},"featured_media":29640,"template":"","meta":{"_seopress_robots_primary_cat":"none","_seopress_titles_title":"","_seopress_titles_desc":"","_seopress_robots_index":"","_kad_blocks_custom_css":"","_kad_blocks_head_custom_js":"","_kad_blocks_body_custom_js":"","_kad_blocks_footer_custom_js":"","_joinchat":[]},"product_cat":[22,1523],"product_tag":[2009],"berocket_brand":[383],"taxonomy_info":{"product_cat":[{"value":22,"label":"Motor"},{"value":1523,"label":"Tensor Correia"}],"product_tag":[{"value":2009,"label":"164"}],"berocket_brand":[{"value":383,"label":"Fiat"}]},"featured_image_src_large":["https:\/\/www.casadainjecao.com.br\/loja\/wp-content\/uploads\/2024\/03\/15259017825_1238-920x920.jpg",640,640,true],"author_info":[],"comment_info":"","_links":{"self":[{"href":"https:\/\/www.casadainjecao.com.br\/loja\/wp-json\/wp\/v2\/product\/29645"}],"collection":[{"href":"https:\/\/www.casadainjecao.com.br\/loja\/wp-json\/wp\/v2\/product"}],"about":[{"href":"https:\/\/www.casadainjecao.com.br\/loja\/wp-json\/wp\/v2\/types\/product"}],"wp:featuredmedia":[{"embeddable":true,"href":"https:\/\/www.casadainjecao.com.br\/loja\/wp-json\/wp\/v2\/media\/29640"}],"wp:attachment":[{"href":"https:\/\/www.casadainjecao.com.br\/loja\/wp-json\/wp\/v2\/media?parent=29645"}],"wp:term":[{"taxonomy":"product_cat","embeddable":true,"href":"https:\/\/www.casadainjecao.com.br\/loja\/wp-json\/wp\/v2\/product_cat?post=29645"},{"taxonomy":"product_tag","embeddable":true,"href":"https:\/\/www.casadainjecao.com.br\/loja\/wp-json\/wp\/v2\/product_tag?post=29645"},{"taxonomy":"berocket_brand","embeddable":true,"href":"https:\/\/www.casadainjecao.com.br\/loja\/wp-json\/wp\/v2\/berocket_brand?post=29645"}],"curies":[{"name":"wp","href":"https:\/\/api.w.org\/{rel}","templated":true}]}}