{"id":29651,"date":"2024-03-20T16:44:33","date_gmt":"2024-03-20T19:44:33","guid":{"rendered":"https:\/\/www.casadainjecao.com.br\/loja\/autopecas\/sem%20categoria\/polia-tensor-correia-bmw-540-535-730-740-840-apv2017\/"},"modified":"2025-10-31T13:28:56","modified_gmt":"2025-10-31T16:28:56","slug":"polia-tensor-correia-bmw-540-535-730-740-840-apv2017","status":"publish","type":"product","link":"https:\/\/www.casadainjecao.com.br\/loja\/autopecas\/motor\/polias\/polia-tensor-correia-bmw-540-535-730-740-840-apv2017\/","title":{"rendered":"Polia Tensor Correia BMW 540 535 730 740 840 &#8211; Apv2017"},"content":{"rendered":"<h2>Tensor Correia Dentada Dayco Original<\/h2>\n<h3><strong>BMW<\/strong><\/h3>\n<h3>BMW 530 E34 (1992 &#8211; 1996)<\/h3>\n<h3>BMW 540 E34 (1992 &#8211; 1996)<\/h3>\n<h3>BMW 535 E39 (1995 &#8211; 2003)<\/h3>\n<h3>BMW 540 E39 (1995 &#8211; 2003)<\/h3>\n<h3>BMW 730 E32 (1991 &#8211; 1994)<\/h3>\n<h3>BMW 740 E32 (1991 &#8211; 1994)<\/h3>\n<h3>BMW 730 E38 (1993 &#8211; 2001)<\/h3>\n<h3>BMW 735 E38 (1993 &#8211; 2001)<\/h3>\n<h3>BMW 740 E38 (1993 &#8211; 2001)<\/h3>\n<h3>BMW 840 E31 (1992 &#8211; 1999)<\/h3>\n<h3>C\u00f3digo da Pe\u00e7a:<\/h3>\n<h3>Apv2017, PA66GB40, F-225569<\/h3>\n<h5>Condi\u00e7\u00f5es:<br \/>\nProduto Novo \/ Marca Dayco<br \/>\nEspecifica\u00e7\u00f5es T\u00e9cnicas:<br \/>\nDi\u00e2metro &#8211; 7,0 cm; Altura &#8211; 2,8 cm; Di\u00e2metro Furo &#8211; 1 cm<br \/>\nGarantia:<br \/>\n3 Meses<br \/>\nATEN\u00c7\u00c3O: Antes de efetuar a compra verifique o c\u00f3digo da sua pe\u00e7a que est\u00e1 instalado no seu ve\u00edculo.<br \/>\nA Casa da Inje\u00e7\u00e3o SP oferece total garantia nos produtos comprados em nosso site.<br \/>\nCada item \u00e9 rigorosamente inspecionado \u00a0antes do envio<br \/>\nSe os itens estiverem danificados ou parcialmente defeituosos, entre em contato conosco.<br \/>\nProcure um profissional devidamente licenciado para a instala\u00e7\u00e3o e fa\u00e7a revis\u00f5es periodicamente. A empresa n\u00e3o se responsabiliza por problemas oriundos da m\u00e1 instala\u00e7\u00e3o ou com a falta de cuidados peri\u00f3dicos dos componentes.<br \/>\nSe houver qualquer defeito, ficamos a disposi\u00e7\u00e3o para a substitui\u00e7\u00e3o ou devolvemos seu dinheiro.<br \/>\nTem alguma d\u00favida?<br \/>\nEntre em contato que podemos ajudar!<br \/>\nConfira as informa\u00e7\u00f5es adicionais abaixo:<br \/>\nTodos os produtos anunciados est\u00e3o dispon\u00edveis em estoque e s\u00e3o enviados com extrema rapidez .<br \/>\nO frete pode ser simulado antes de efetuar a compra, basta clicar em \u201cver custos de envio\u201d.<br \/>\nVerifique o endere\u00e7o de entrega cadastrado e atualize caso necess\u00e1rio.<br \/>\nConfirme se a pe\u00e7a \u00e9 correta para o seu modelo de ve\u00edculo.<br \/>\nPara pe\u00e7as automotivas, recomendamos a instala\u00e7\u00e3o por um profissional especializado.<br \/>\nCaso possua outras d\u00favidas, entre em contato.<\/h5>\n","protected":false},"excerpt":{"rendered":"<h2>Tensor Correia Dentada BMW Original &#8211; APV2017, PA66GB40<\/h2>\n","protected":false},"featured_media":29646,"template":"","meta":{"_seopress_robots_primary_cat":"none","_seopress_titles_title":"","_seopress_titles_desc":"","_seopress_robots_index":"","_seopress_analysis_target_kw":"","_kad_blocks_custom_css":"","_kad_blocks_head_custom_js":"","_kad_blocks_body_custom_js":"","_kad_blocks_footer_custom_js":"","_kadence_starter_templates_imported_post":false,"_joinchat":[]},"product_brand":[],"product_cat":[22,231,1523],"product_tag":[2013,2014,2015,2016,2017,2018,2019],"berocket_brand":[379],"class_list":{"0":"post-29651","1":"product","2":"type-product","3":"status-publish","4":"has-post-thumbnail","6":"product_cat-motor","7":"product_cat-polias","8":"product_cat-tensor-correia-dentada","9":"product_tag-2013","10":"product_tag-2014","11":"product_tag-2015","12":"product_tag-2016","13":"product_tag-2017","14":"product_tag-2018","15":"product_tag-2019","16":"berocket_brand-bmw","17":"thunk-woo-product-list","18":"big-store-woo-hover-zoom","19":"open-single-product-tab-horizontal","20":"open-shadow-","21":"open-shadow-hover-","23":"first","24":"instock","25":"taxable","26":"shipping-taxable","27":"purchasable","28":"product-type-simple"},"taxonomy_info":{"product_cat":[{"value":22,"label":"Motor"},{"value":231,"label":"Polias"},{"value":1523,"label":"Tensor Correia"}],"product_tag":[{"value":2013,"label":"530"},{"value":2014,"label":"535"},{"value":2015,"label":"540"},{"value":2016,"label":"730"},{"value":2017,"label":"735"},{"value":2018,"label":"740"},{"value":2019,"label":"840"}],"berocket_brand":[{"value":379,"label":"BMW"}]},"featured_image_src_large":["https:\/\/www.casadainjecao.com.br\/loja\/wp-content\/uploads\/2024\/03\/15259073471_Apv2017201-920x920.jpg",640,640,true],"author_info":[],"comment_info":"","_links":{"self":[{"href":"https:\/\/www.casadainjecao.com.br\/loja\/wp-json\/wp\/v2\/product\/29651","targetHints":{"allow":["GET"]}}],"collection":[{"href":"https:\/\/www.casadainjecao.com.br\/loja\/wp-json\/wp\/v2\/product"}],"about":[{"href":"https:\/\/www.casadainjecao.com.br\/loja\/wp-json\/wp\/v2\/types\/product"}],"wp:featuredmedia":[{"embeddable":true,"href":"https:\/\/www.casadainjecao.com.br\/loja\/wp-json\/wp\/v2\/media\/29646"}],"wp:attachment":[{"href":"https:\/\/www.casadainjecao.com.br\/loja\/wp-json\/wp\/v2\/media?parent=29651"}],"wp:term":[{"taxonomy":"product_brand","embeddable":true,"href":"https:\/\/www.casadainjecao.com.br\/loja\/wp-json\/wp\/v2\/product_brand?post=29651"},{"taxonomy":"product_cat","embeddable":true,"href":"https:\/\/www.casadainjecao.com.br\/loja\/wp-json\/wp\/v2\/product_cat?post=29651"},{"taxonomy":"product_tag","embeddable":true,"href":"https:\/\/www.casadainjecao.com.br\/loja\/wp-json\/wp\/v2\/product_tag?post=29651"},{"taxonomy":"berocket_brand","embeddable":true,"href":"https:\/\/www.casadainjecao.com.br\/loja\/wp-json\/wp\/v2\/berocket_brand?post=29651"}],"curies":[{"name":"wp","href":"https:\/\/api.w.org\/{rel}","templated":true}]}}