{"id":29700,"date":"2024-03-22T11:55:34","date_gmt":"2024-03-22T14:55:34","guid":{"rendered":"https:\/\/www.casadainjecao.com.br\/loja\/?post_type=product&#038;p=29700"},"modified":"2026-05-05T15:31:51","modified_gmt":"2026-05-05T18:31:51","slug":"fechadura-eletrica-porta-malas-grand-siena-2012-2013-2014-51930290","status":"publish","type":"product","link":"https:\/\/www.casadainjecao.com.br\/loja\/autopecas\/carroceria\/fechadura\/fechadura-eletrica-porta-malas-grand-siena-2012-2013-2014-51930290\/","title":{"rendered":"Fechadura El\u00e9trica Porta Malas Fiat Novo Palio &#8211; 5193"},"content":{"rendered":"<h2>Fechadura El\u00e9trica do Porta Malas Original Fiat<\/h2>\n<p>FIAT NOVO P\u00c1LIO (2012 a 2017)<\/p>\n<p>FIAT GRAND SIENA (2012 a 2021)<\/p>\n<h4>C\u00d3DIGO DE REFER\u00caNCIA:<\/h4>\n<p>51930290<\/p>\n<h4>ESPECIFICA\u00c7\u00d5ES:<\/h4>\n<p>1 FECHADURA EL\u00c9TRICA DO PORTA-MALAS ORIGINAL FIAT<\/p>\n<h4><strong>CONDI\u00c7\u00d5ES:<\/strong><\/h4>\n<p>PRODUTO NOVO ORIGINAL \/ FIAT MOPAR<\/p>\n<p>MOPAR \u00e9 a marca de pe\u00e7as de reposi\u00e7\u00e3o genu\u00ednas do Grupo Stellantis, respons\u00e1vel pelas marcas Fiat, Jeep, Peugeot, Citro\u00ebn e RAM. As pe\u00e7as e acess\u00f3rios MOPAR\u00a0 s\u00e3o criadas pelas mesmas equipes que projetaram seu ve\u00edculo, atendendo a todos os padr\u00f5es de f\u00e1brica, que garantem excelente desempenho.<\/p>\n<p>Procure um profissional devidamente licenciado para a instala\u00e7\u00e3o e fa\u00e7a revis\u00f5es periodicamente. A empresa n\u00e3o se responsabiliza por problemas oriundos da m\u00e1 instala\u00e7\u00e3o ou com a falta de cuidados peri\u00f3dicos dos componentes.<\/p>\n<h3><strong>Garantia:<\/strong><\/h3>\n<p>3 Meses<\/p>\n<h3>ATEN\u00c7\u00c3O: Antes de efetuar a compra verifique o c\u00f3digo da sua pe\u00e7a que est\u00e1 instalado no seu ve\u00edculo.<\/h3>\n<h4><strong>O que \u00e9 e para que serve <\/strong>Fechadura El\u00e9trica Porta Malas?<\/h4>\n<p>A Fechadura el\u00e9trica do porta-malas \u00e9 um componente encontrado em ve\u00edculos que possuem sistemas de travamento centralizado com controle el\u00e9trico. Sua fun\u00e7\u00e3o principal \u00e9 permitir que o porta-malas seja aberto ou fechado de forma el\u00e9trica, geralmente por meio de um bot\u00e3o no interior do ve\u00edculo, no painel de controle central ou por meio de um controle remoto.<\/p>\n<p>&nbsp;<\/p>\n<p>A Casa da Inje\u00e7\u00e3o oferece total garantia nos produtos comprados em nosso site.<\/p>\n<ol>\n<li>Cada item \u00e9 rigorosamente testado antes do envio<\/li>\n<li>Se os itens estiverem danificados ou parcialmente defeituosos, entre em contato conosco.<\/li>\n<\/ol>\n<p>Se houver qualquer defeito, n\u00f3s lhe enviaremos uma substitui\u00e7\u00e3o ap\u00f3s receber o pacote ou devolvemos seu dinheiro.<\/p>\n<p>Leia nossa\u00a0<span style=\"color: #ff0000;\"><a style=\"color: #ff0000;\" href=\"https:\/\/www.casadainjecao.com.br\/loja\/politica-de-devolucao\">pol\u00edtica de devolu\u00e7\u00e3o aqui<\/a><\/span><\/p>\n<p>\u2014\u2014\u2014\u2014\u2014\u2014\u2014\u2014\u2014\u2014\u2014\u2014\u2014\u2014\u2014\u2014\u2014\u2014\u2014\u2013<\/p>\n<p><strong>Tem alguma d\u00favida?<\/strong><\/p>\n<p>Entre em contato que podemos ajudar!<\/p>\n<p>Confira as informa\u00e7\u00f5es adicionais abaixo:<\/p>\n<ul>\n<li>Todos os nossos produtos s\u00e3o novos, semi-novos, originais e paralelos possuem garantia.<\/li>\n<li>Todos os produtos anunciados est\u00e3o dispon\u00edveis em estoque e s\u00e3o enviados com extrema rapidez.<\/li>\n<li>O frete pode ser simulado antes de efetuar a compra, basta clicar em \u201cver custos de envio\u201d.<\/li>\n<li>Verifique o endere\u00e7o de entrega cadastrado e atualize caso necess\u00e1rio.<\/li>\n<li>Confirme se a pe\u00e7a \u00e9 correta para o seu modelo de ve\u00edculo.<\/li>\n<li>Para pe\u00e7as automotivas, recomendamos a instala\u00e7\u00e3o por um profissional especializado.<\/li>\n<\/ul>\n<p>Caso possua outras d\u00favidas, entre em contato.<\/p>\n","protected":false},"excerpt":{"rendered":"<h2>Fechadura El\u00e9trica Porta Malas Fiat Grand Siena &#8211; 51930290<\/h2>\n","protected":false},"featured_media":29705,"template":"","meta":{"_seopress_robots_primary_cat":"none","_seopress_titles_title":"","_seopress_titles_desc":"","_seopress_robots_index":"","_kad_blocks_custom_css":"","_kad_blocks_head_custom_js":"","_kad_blocks_body_custom_js":"","_kad_blocks_footer_custom_js":"","_joinchat":[]},"product_cat":[83,92],"product_tag":[1713,1855],"berocket_brand":[383],"taxonomy_info":{"product_cat":[{"value":83,"label":"Carroceria"},{"value":92,"label":"Fechadura"}],"product_tag":[{"value":1713,"label":"Grand Siena"},{"value":1855,"label":"Novo Palio"}],"berocket_brand":[{"value":383,"label":"Fiat"}]},"featured_image_src_large":["https:\/\/www.casadainjecao.com.br\/loja\/wp-content\/uploads\/2024\/03\/51930290-4-920x920.jpg",640,640,true],"author_info":[],"comment_info":"","_links":{"self":[{"href":"https:\/\/www.casadainjecao.com.br\/loja\/wp-json\/wp\/v2\/product\/29700"}],"collection":[{"href":"https:\/\/www.casadainjecao.com.br\/loja\/wp-json\/wp\/v2\/product"}],"about":[{"href":"https:\/\/www.casadainjecao.com.br\/loja\/wp-json\/wp\/v2\/types\/product"}],"wp:featuredmedia":[{"embeddable":true,"href":"https:\/\/www.casadainjecao.com.br\/loja\/wp-json\/wp\/v2\/media\/29705"}],"wp:attachment":[{"href":"https:\/\/www.casadainjecao.com.br\/loja\/wp-json\/wp\/v2\/media?parent=29700"}],"wp:term":[{"taxonomy":"product_cat","embeddable":true,"href":"https:\/\/www.casadainjecao.com.br\/loja\/wp-json\/wp\/v2\/product_cat?post=29700"},{"taxonomy":"product_tag","embeddable":true,"href":"https:\/\/www.casadainjecao.com.br\/loja\/wp-json\/wp\/v2\/product_tag?post=29700"},{"taxonomy":"berocket_brand","embeddable":true,"href":"https:\/\/www.casadainjecao.com.br\/loja\/wp-json\/wp\/v2\/berocket_brand?post=29700"}],"curies":[{"name":"wp","href":"https:\/\/api.w.org\/{rel}","templated":true}]}}