{"id":29707,"date":"2024-03-22T14:11:16","date_gmt":"2024-03-22T17:11:16","guid":{"rendered":"https:\/\/www.casadainjecao.com.br\/loja\/?post_type=product&#038;p=29707"},"modified":"2026-03-14T16:35:13","modified_gmt":"2026-03-14T19:35:13","slug":"kit-4-parafusos-roda-castelinho-fiat-uno-palio-46515009","status":"publish","type":"product","link":"https:\/\/www.casadainjecao.com.br\/loja\/autopecas\/exterior\/parafuso-de-rodas\/kit-4-parafusos-roda-castelinho-fiat-uno-palio-46515009\/","title":{"rendered":"Kit 4 Parafusos Roda Castelinho Fiat Uno Palio &#8211; 46515"},"content":{"rendered":"<h2>Kit 4 Parafusos Roda Castelinho Original Fiat<\/h2>\n<p><strong>FIAT<\/strong><\/p>\n<p>Fiat 147 Europa (1976 a 1983)<\/p>\n<p>Fiat Oggi (1976 a 1983)<\/p>\n<p>Fiat Spazio (1976 a 1983)<\/p>\n<p>Fiat Uno (1984 a 2010)<\/p>\n<p>Fiat Premio (1984 a 2010)<\/p>\n<p>Fiat Elba (1984 a 2010)<\/p>\n<p>Fiat Fiorin0 (1984 a 2010)<\/p>\n<p>Fiat Tempra (1992 a 1998)<\/p>\n<p>Fiat Tipo (1993 a 1996)<\/p>\n<p>Fiat Palio Ap\u00f3s 1996<\/p>\n<p>Fiat Palio Weekend Ap\u00f3s 1996<\/p>\n<p>Fiat Siena Ap\u00f3s 1996<\/p>\n<p>Fiat Strada Ap\u00f3s 1996<\/p>\n<p>Fiat Idea 2006 a 20160<\/p>\n<p>Fiat Doblo 2002 a 2021)<\/p>\n<p>Fiat Punto 2008 a 2017)<\/p>\n<p>Fiat Linea (2009 a 2016)<\/p>\n<p>Fiat Marea (1998 a 2008)<\/p>\n<p>Fiat Marea Weekend (1998 a 2008)<\/p>\n<p>Fiat Bravo (2011 a 2016)<\/p>\n<p>Fiat Stilo (2003 a 2011)<\/p>\n<p>Fiat Uno Novo Ap\u00f3s 2010<\/p>\n<p>Fiat Fiorino Novo Ap\u00f3s 2014<\/p>\n<p>Fiat Palio Novo Ap\u00f3s 2012<\/p>\n<p>Fiat Grand Siena (2012 a 2021)<\/p>\n<p>Fiat Argo Ap\u00f3s 2017<\/p>\n<p>Fiat Cronos Ap\u00f3s 2018<\/p>\n<p>Fiat Mobi Ap\u00f3s 2017<\/p>\n<p>Fiat Strada Novo Ap\u00f3s 2020<\/p>\n<p>Fiat Pulse Ap\u00f3s 2021<\/p>\n<p><strong>C\u00f3digo de refer\u00eancia:<\/strong><\/p>\n<p>46515009<\/p>\n<h4><strong>Condi\u00e7\u00f5es:<\/strong><\/h4>\n<p>Produto Novo Original \/ Marca Fiat Mopar<\/p>\n<h4><strong>Garantia:<\/strong><\/h4>\n<p>3 Meses<strong>\u00a0<\/strong><\/p>\n<h4>Especifica\u00e7\u00f5es:<\/h4>\n<p>(Kit composto por 4 unidades de parafusos de roda) \/ Parafuso de Roda Zincado Modelo Castelinho Original \/ (chave 19 &#8211; 12 mm x 1,25 mm x 22 mm) \/ Uso indicado para rodas de ferro<\/p>\n<h3>ATEN\u00c7\u00c3O: Antes de efetuar a compra verifique o c\u00f3digo da sua pe\u00e7a que est\u00e1 instalado no seu ve\u00edculo.<\/h3>\n<h3><strong>APLICA\u00c7\u00c3O:<\/strong><\/h3>\n<p>Linha Fiat<\/p>\n<h4><strong>\u00a0O que \u00e9 e para que serve o Parafuso da Roda Castelinho?<\/strong><\/h4>\n<p>O Parafuso da Roda castelinho, mais conhecido como &#8220;parafuso de seguran\u00e7a da roda&#8221;, \u00e9 um tipo espec\u00edfico de parafuso utilizado para fixar as rodas do ve\u00edculo. Sua fun\u00e7\u00e3o principal \u00e9 proporcionar seguran\u00e7a adicional, impedindo que as rodas se soltem durante a condu\u00e7\u00e3o.<\/p>\n<p>&nbsp;<\/p>\n<p>A Casa da Inje\u00e7\u00e3o oferece total garantia nos produtos comprados em nosso site.<\/p>\n<ol>\n<li>Cada item \u00e9 rigorosamente testado antes do envio<\/li>\n<li>Se os itens estiverem danificados ou parcialmente defeituosos, entre em contato conosco.<\/li>\n<\/ol>\n<p>Se houver qualquer defeito, n\u00f3s lhe enviaremos uma substitui\u00e7\u00e3o ap\u00f3s receber o pacote ou devolvemos seu dinheiro.<\/p>\n<p>Leia nossa<span style=\"color: #ff0000;\">\u00a0<a style=\"color: #ff0000;\" href=\"https:\/\/www.casadainjecao.com.br\/loja\/politica-de-devolucao\">pol\u00edtica de devolu\u00e7\u00e3o aqui<\/a><\/span><\/p>\n<p>\u2014\u2014\u2014\u2014\u2014\u2014\u2014\u2014\u2014\u2014\u2014\u2014\u2014\u2014\u2014\u2014\u2014\u2014\u2014\u2013<\/p>\n<p><strong>ATEN\u00c7\u00c3O<\/strong>: Antes de efetuar a compra verifique o c\u00f3digo da sua pe\u00e7a que est\u00e1 instalada no seu ve\u00edculo.<\/p>\n<p><strong>Tem alguma d\u00favida?<\/strong><\/p>\n<p>Entre em contato que podemos ajudar!<\/p>\n<p>Confira as informa\u00e7\u00f5es adicionais abaixo:<\/p>\n<ul>\n<li>Todos os nossos produtos s\u00e3o novos, semi-novos, originais e paralelos possuem garantia.<\/li>\n<li>Todos os produtos anunciados est\u00e3o dispon\u00edveis em estoque e s\u00e3o enviados com extrema rapidez.<\/li>\n<li>O frete pode ser simulado antes de efetuar a compra, basta clicar em \u201cver custos de envio\u201d.<\/li>\n<li>Verifique o endere\u00e7o de entrega cadastrado e atualize caso necess\u00e1rio.<\/li>\n<li>Confirme se a pe\u00e7a \u00e9 correta para o seu modelo de ve\u00edculo.<\/li>\n<li>Para pe\u00e7as automotivas, recomendamos a instala\u00e7\u00e3o por um profissional especializado.<\/li>\n<\/ul>\n<p>Caso possua outras d\u00favidas, entre em contato.<\/p>\n","protected":false},"excerpt":{"rendered":"<h2>Kit 4 Parafusos Roda Castelinho Fiat Uno Palio Original &#8211; 46515009<\/h2>\n","protected":false},"featured_media":29719,"template":"","meta":{"_seopress_robots_primary_cat":"none","_seopress_titles_title":"","_seopress_titles_desc":"","_seopress_robots_index":"","_joinchat":[]},"product_cat":[23,311,313],"product_tag":[289,1489,1635,247,281,1319,280,2035,1713,709,1100,1469,2033,298,2031,119,2034,279,1916,108,120,2032,121,1521,1193,214],"berocket_brand":[383],"_links":{"self":[{"href":"https:\/\/www.casadainjecao.com.br\/loja\/wp-json\/wp\/v2\/product\/29707"}],"collection":[{"href":"https:\/\/www.casadainjecao.com.br\/loja\/wp-json\/wp\/v2\/product"}],"about":[{"href":"https:\/\/www.casadainjecao.com.br\/loja\/wp-json\/wp\/v2\/types\/product"}],"wp:featuredmedia":[{"embeddable":true,"href":"https:\/\/www.casadainjecao.com.br\/loja\/wp-json\/wp\/v2\/media\/29719"}],"wp:attachment":[{"href":"https:\/\/www.casadainjecao.com.br\/loja\/wp-json\/wp\/v2\/media?parent=29707"}],"wp:term":[{"taxonomy":"product_cat","embeddable":true,"href":"https:\/\/www.casadainjecao.com.br\/loja\/wp-json\/wp\/v2\/product_cat?post=29707"},{"taxonomy":"product_tag","embeddable":true,"href":"https:\/\/www.casadainjecao.com.br\/loja\/wp-json\/wp\/v2\/product_tag?post=29707"},{"taxonomy":"berocket_brand","embeddable":true,"href":"https:\/\/www.casadainjecao.com.br\/loja\/wp-json\/wp\/v2\/berocket_brand?post=29707"}],"curies":[{"name":"wp","href":"https:\/\/api.w.org\/{rel}","templated":true}]}}