{"id":29727,"date":"2024-03-22T15:24:09","date_gmt":"2024-03-22T18:24:09","guid":{"rendered":"https:\/\/www.casadainjecao.com.br\/loja\/?post_type=product&#038;p=29727"},"modified":"2026-04-28T23:19:09","modified_gmt":"2026-04-29T02:19:09","slug":"engrenagem-3a-marcha-27-dentes-strada-fire-original-46767058","status":"publish","type":"product","link":"https:\/\/www.casadainjecao.com.br\/loja\/autopecas\/transmissao\/cambio\/engrenagem-3a-marcha-27-dentes-strada-fire-original-46767058\/","title":{"rendered":"Engrenagem 3\u00aa Marcha 27 Dentes Strada Fire Original &#8211;"},"content":{"rendered":"<h2>Engrenagem da 3\u00b0 Marcha Original Fiat<\/h2>\n<p><strong>FIAT<\/strong><\/p>\n<p>FIAT ARGO (2017 em diante)<\/p>\n<p>FIAT CRONOS (2018 em diante)<\/p>\n<p>FIAT DOBL\u00d2 (2002-2009)<\/p>\n<p>FIAT FIORINO (1985-2004)<\/p>\n<p>FIAT FIORINO (2004-2013)<\/p>\n<p>FIAT GRAND SIENA (2012 em diante)<\/p>\n<p>FIAT IDEA (2006-2010)<\/p>\n<p>FIAT IDEA FASE 1 (2011-2016)<\/p>\n<p>FIAT MAREA (1999-2007)<\/p>\n<p>FIAT MOBI (2017 em diante)<\/p>\n<p>FIAT NOVA STRADA (2020 em diante)<\/p>\n<p>FIAT NOVO FIORINO (2011 em diante)<\/p>\n<p>FIAT NOVO UNO (2011-2014)<\/p>\n<p>FIAT NOVO UNO FASE 1 (2015-2016)<\/p>\n<p>FIAT NOVO UNO FASE 2 (2016 em diante)<\/p>\n<p>FIAT NOVO UNO FURGONETA (2011-2016)<\/p>\n<p>FIAT PALIO FASE 1 (2001-2007)<\/p>\n<p>FIAT PALIO FASE 2 (2004-2017)<\/p>\n<p>FIAT PALIO FASE 3 (2008-2012)<\/p>\n<p>FIAT PALIO WEEKEND FASE 1 (2001-2007)<\/p>\n<p>FIAT PALIO WEEKEND FASE 2 (2004-2008)<\/p>\n<p>FIAT PALIO WEEKEND FASE 3 (2008-2012)<\/p>\n<p>FIAT PALIO WEEKEND FASE 4 (2013-2020)<\/p>\n<p>FIAT PUNTO (2008-2012)<\/p>\n<p>FIAT PUNTO FASE 1 (2013-2017)<\/p>\n<p>FIAT SIENA FASE 1 (2001-2007)<\/p>\n<p>FIAT SIENA FASE 2 (2004-2013)<\/p>\n<p>FIAT SIENA FASE 3 (2008-2012)<\/p>\n<p>FIAT SIENA FASE 4 (2013 &#8211; 2017)<\/p>\n<p>FIAT STRADA FASE 1 (2001-2007)<\/p>\n<p>FIAT STRADA FASE 2 (2004-2013)<\/p>\n<p>FIAT STRADA FASE 3 (2008-2012)<\/p>\n<p>FIAT STRADA FASE 4 (2013 em diante)<\/p>\n<p>FIAT UNO (1985-2004)<\/p>\n<p>FIAT UNO FASE 1 (2004-2013)<\/p>\n<p>FIAT UNO MILLE (1985-2004)<\/p>\n<p>FIAT UNO MILLE (2004-2013)<\/p>\n<h4>C\u00f3digo de Refer\u00eancia:<\/h4>\n<p class=\"ui-pdp-title\">46767058<\/p>\n<h4><strong>Condi\u00e7\u00f5es:<\/strong><\/h4>\n<p>Produto Novo Original \/ Fiat Mopar<\/p>\n<h4>Especifica\u00e7\u00f5es:<\/h4>\n<p>1 Engrenagem da\u00a0 3\u00b0 marcha \/ 27 dentes<\/p>\n<h4><strong>Garantia:<\/strong><\/h4>\n<p>3 Meses<\/p>\n<h3>ATEN\u00c7\u00c3O: Antes de efetuar a compra verifique o c\u00f3digo da sua pe\u00e7a que est\u00e1 instalado no seu ve\u00edculo.<\/h3>\n<h4><strong>O que \u00e9 e para que serve a <\/strong>Engrenagem da 3\u00b0 Marcha?<\/h4>\n<p>A Engrenagem da Terceira marcha faz parte da transmiss\u00e3o de um ve\u00edculo com transmiss\u00e3o manual. Sua fun\u00e7\u00e3o \u00e9 proporcionar uma rela\u00e7\u00e3o de marcha espec\u00edfica entre a rota\u00e7\u00e3o do motor e a velocidade do ve\u00edculo durante a condu\u00e7\u00e3o.<\/p>\n<p>&nbsp;<\/p>\n<p>A Casa da Inje\u00e7\u00e3o oferece total garantia nos produtos comprados em nosso site.<\/p>\n<ol>\n<li>Cada item \u00e9 rigorosamente testado antes do envio<\/li>\n<li>Se os itens estiverem danificados ou parcialmente defeituosos, entre em contato conosco.<\/li>\n<\/ol>\n<p>Se houver qualquer defeito, n\u00f3s lhe enviaremos uma substitui\u00e7\u00e3o ap\u00f3s receber o pacote ou devolvemos seu dinheiro.<\/p>\n<p>Leia nossa\u00a0<span style=\"color: #ff0000;\"><a style=\"color: #ff0000;\" href=\"https:\/\/www.casadainjecao.com.br\/loja\/politica-de-devolucao\">pol\u00edtica de devolu\u00e7\u00e3o aqui<\/a><\/span><\/p>\n<p>\u2014\u2014\u2014\u2014\u2014\u2014\u2014\u2014\u2014\u2014\u2014\u2014\u2014\u2014\u2014\u2014\u2014\u2014\u2014\u2013<\/p>\n<p><strong>Tem alguma d\u00favida?<\/strong><\/p>\n<p>Entre em contato que podemos ajudar!<\/p>\n<p>Confira as informa\u00e7\u00f5es adicionais abaixo:<\/p>\n<ul>\n<li>Todos os nossos produtos s\u00e3o novos, semi-novos, originais e paralelos possuem garantia.<\/li>\n<li>Todos os produtos anunciados est\u00e3o dispon\u00edveis em estoque e s\u00e3o enviados com extrema rapidez.<\/li>\n<li>O frete pode ser simulado antes de efetuar a compra, basta clicar em \u201cver custos de envio\u201d.<\/li>\n<li>Verifique o endere\u00e7o de entrega cadastrado e atualize caso necess\u00e1rio.<\/li>\n<li>Confirme se a pe\u00e7a \u00e9 correta para o seu modelo de ve\u00edculo.<\/li>\n<li>Para pe\u00e7as automotivas, recomendamos a instala\u00e7\u00e3o por um profissional especializado.<\/li>\n<\/ul>\n<p>Caso possua outras d\u00favidas, entre em contato.<\/p>\n","protected":false},"excerpt":{"rendered":"<h2>Engrenagem da 3\u00aa Marcha 27 Dentes Strada Fire Original &#8211; 46767058<\/h2>\n<h2><\/h2>\n","protected":false},"featured_media":29730,"template":"","meta":{"_seopress_robots_primary_cat":"none","_seopress_titles_title":"","_seopress_titles_desc":"","_seopress_robots_index":"","_joinchat":[]},"product_cat":[320,326,26],"product_tag":[1979,1635,247,280,709,1469,1715,1600,1892,108,120,121,1814],"berocket_brand":[383],"_links":{"self":[{"href":"https:\/\/www.casadainjecao.com.br\/loja\/wp-json\/wp\/v2\/product\/29727"}],"collection":[{"href":"https:\/\/www.casadainjecao.com.br\/loja\/wp-json\/wp\/v2\/product"}],"about":[{"href":"https:\/\/www.casadainjecao.com.br\/loja\/wp-json\/wp\/v2\/types\/product"}],"wp:featuredmedia":[{"embeddable":true,"href":"https:\/\/www.casadainjecao.com.br\/loja\/wp-json\/wp\/v2\/media\/29730"}],"wp:attachment":[{"href":"https:\/\/www.casadainjecao.com.br\/loja\/wp-json\/wp\/v2\/media?parent=29727"}],"wp:term":[{"taxonomy":"product_cat","embeddable":true,"href":"https:\/\/www.casadainjecao.com.br\/loja\/wp-json\/wp\/v2\/product_cat?post=29727"},{"taxonomy":"product_tag","embeddable":true,"href":"https:\/\/www.casadainjecao.com.br\/loja\/wp-json\/wp\/v2\/product_tag?post=29727"},{"taxonomy":"berocket_brand","embeddable":true,"href":"https:\/\/www.casadainjecao.com.br\/loja\/wp-json\/wp\/v2\/berocket_brand?post=29727"}],"curies":[{"name":"wp","href":"https:\/\/api.w.org\/{rel}","templated":true}]}}