{"id":29759,"date":"2024-03-25T16:29:16","date_gmt":"2024-03-25T19:29:16","guid":{"rendered":"https:\/\/www.casadainjecao.com.br\/loja\/?post_type=product&#038;p=29759"},"modified":"2025-11-05T18:24:52","modified_gmt":"2025-11-05T21:24:52","slug":"mangueira-superior-radiador-jac-j3-2010-1303110u8020","status":"publish","type":"product","link":"https:\/\/www.casadainjecao.com.br\/loja\/autopecas\/motor\/mangueiras-motor\/mangueira-superior-radiador-jac-j3-2010-1303110u8020\/","title":{"rendered":"Mangueira Superior Radiador Jac J3 2010 &#8211; 1303110U8020"},"content":{"rendered":"<h2>Magueira Superior Radiador<\/h2>\n<p><strong>JAC<\/strong><\/p>\n<p>Jac J3 1.4 1.5 (2010 a 2015)<\/p>\n<h4>C\u00f3digo de Refer\u00eancia:<\/h4>\n<p>1303110U8020<\/p>\n<h4><strong>Condi\u00e7\u00f5es:<\/strong><\/h4>\n<p>Produto Novo Paralelo \/ Marca Torken<\/p>\n<h4>Especifica\u00e7\u00f5es:<\/h4>\n<p>Conte\u00fado da embalagem 1 mangueira superior do radiador<\/p>\n<h4>Garantia:<\/h4>\n<p>3 meses<\/p>\n<h3>ATEN\u00c7\u00c3O: Antes de efetuar a compra verifique o c\u00f3digo da sua pe\u00e7a que est\u00e1 instalado no seu ve\u00edculo.<\/h3>\n<h4><strong>O que \u00e9 e para que serve a Mangueira Superior do Radiador?<\/strong><\/h4>\n<p>A Mangueira Superior do radiador \u00e9 uma das duas mangueiras que conectam o radiador ao motor de um ve\u00edculo. Sua fun\u00e7\u00e3o principal \u00e9 transportar o l\u00edquido de arrefecimento (tamb\u00e9m conhecido como refrigerante) do radiador para o motor, permitindo que o l\u00edquido de arrefecimento absorva o calor gerado pelo funcionamento do motor.<\/p>\n<p>&nbsp;<\/p>\n<p>A Casa da Inje\u00e7\u00e3o oferece total garantia nos produtos comprados em nosso site.<\/p>\n<ol>\n<li>Cada item \u00e9 rigorosamente testado antes do envio<\/li>\n<li>Se os itens estiverem danificados ou parcialmente defeituosos, entre em contato conosco.<\/li>\n<\/ol>\n<p>Se houver qualquer defeito, n\u00f3s lhe enviaremos uma substitui\u00e7\u00e3o ap\u00f3s receber o pacote ou devolvemos seu dinheiro.<\/p>\n<p>Leia nossa\u00a0<span style=\"color: #ff0000;\"><a style=\"color: #ff0000;\" href=\"https:\/\/www.casadainjecao.com.br\/loja\/politica-de-devolucao\">pol\u00edtica de devolu\u00e7\u00e3o aqui<\/a><\/span><\/p>\n<p>\u2014\u2014\u2014\u2014\u2014\u2014\u2014\u2014\u2014\u2014\u2014\u2014\u2014\u2014\u2014\u2014\u2014\u2014\u2014\u2013<\/p>\n<p><strong>Tem alguma d\u00favida?<\/strong><\/p>\n<p>Entre em contato que podemos ajudar!<\/p>\n<p>Confira as informa\u00e7\u00f5es adicionais abaixo:<\/p>\n<ul>\n<li>Todos os nossos produtos s\u00e3o novos, semi-novos, originais e paralelos possuem garantia.<\/li>\n<li>Todos os produtos anunciados est\u00e3o dispon\u00edveis em estoque e s\u00e3o enviados com extrema rapidez.<\/li>\n<li>O frete pode ser simulado antes de efetuar a compra, basta clicar em \u201cver custos de envio\u201d.<\/li>\n<li>Verifique o endere\u00e7o de entrega cadastrado e atualize caso necess\u00e1rio.<\/li>\n<li>Confirme se a pe\u00e7a \u00e9 correta para o seu modelo de ve\u00edculo.<\/li>\n<li>Para pe\u00e7as automotivas, recomendamos a instala\u00e7\u00e3o por um profissional especializado.<\/li>\n<\/ul>\n<p>Caso possua outras d\u00favidas, entre em contato.<\/p>\n","protected":false},"excerpt":{"rendered":"<h2>Mangueira Superior Radiador Jac J3 2010 &#8211; 1303110U8020<\/h2>\n","protected":false},"featured_media":29766,"template":"","meta":{"_seopress_robots_primary_cat":"none","_seopress_titles_title":"","_seopress_titles_desc":"","_seopress_robots_index":"","_seopress_analysis_target_kw":"","_kad_blocks_custom_css":"","_kad_blocks_head_custom_js":"","_kad_blocks_body_custom_js":"","_kad_blocks_footer_custom_js":"","_kadence_starter_templates_imported_post":false,"_joinchat":[]},"product_brand":[],"product_cat":[223,22,237],"product_tag":[692],"berocket_brand":[1134],"class_list":{"0":"post-29759","1":"product","2":"type-product","3":"status-publish","4":"has-post-thumbnail","6":"product_cat-mangueiras-motor","7":"product_cat-motor","8":"product_cat-radiadores","9":"product_tag-j3","10":"berocket_brand-jac","11":"thunk-woo-product-list","12":"big-store-woo-hover-zoom","13":"open-single-product-tab-horizontal","14":"open-shadow-","15":"open-shadow-hover-","17":"first","18":"outofstock","19":"sale","20":"taxable","21":"shipping-taxable","22":"purchasable","23":"product-type-simple"},"taxonomy_info":{"product_cat":[{"value":223,"label":"Mangueiras"},{"value":22,"label":"Motor"},{"value":237,"label":"Radiadores"}],"product_tag":[{"value":692,"label":"J3"}],"berocket_brand":[{"value":1134,"label":"Jac"}]},"featured_image_src_large":["https:\/\/www.casadainjecao.com.br\/loja\/wp-content\/uploads\/2024\/03\/1303110U8020-3-920x920.jpg",640,640,true],"author_info":[],"comment_info":"","_links":{"self":[{"href":"https:\/\/www.casadainjecao.com.br\/loja\/wp-json\/wp\/v2\/product\/29759","targetHints":{"allow":["GET"]}}],"collection":[{"href":"https:\/\/www.casadainjecao.com.br\/loja\/wp-json\/wp\/v2\/product"}],"about":[{"href":"https:\/\/www.casadainjecao.com.br\/loja\/wp-json\/wp\/v2\/types\/product"}],"wp:featuredmedia":[{"embeddable":true,"href":"https:\/\/www.casadainjecao.com.br\/loja\/wp-json\/wp\/v2\/media\/29766"}],"wp:attachment":[{"href":"https:\/\/www.casadainjecao.com.br\/loja\/wp-json\/wp\/v2\/media?parent=29759"}],"wp:term":[{"taxonomy":"product_brand","embeddable":true,"href":"https:\/\/www.casadainjecao.com.br\/loja\/wp-json\/wp\/v2\/product_brand?post=29759"},{"taxonomy":"product_cat","embeddable":true,"href":"https:\/\/www.casadainjecao.com.br\/loja\/wp-json\/wp\/v2\/product_cat?post=29759"},{"taxonomy":"product_tag","embeddable":true,"href":"https:\/\/www.casadainjecao.com.br\/loja\/wp-json\/wp\/v2\/product_tag?post=29759"},{"taxonomy":"berocket_brand","embeddable":true,"href":"https:\/\/www.casadainjecao.com.br\/loja\/wp-json\/wp\/v2\/berocket_brand?post=29759"}],"curies":[{"name":"wp","href":"https:\/\/api.w.org\/{rel}","templated":true}]}}