{"id":29772,"date":"2024-03-25T17:41:25","date_gmt":"2024-03-25T20:41:25","guid":{"rendered":"https:\/\/www.casadainjecao.com.br\/loja\/?post_type=product&#038;p=29772"},"modified":"2025-02-05T15:21:12","modified_gmt":"2025-02-05T18:21:12","slug":"mangueira-filtro-ar-turbina-c4-lounge-308-3008-408-ds3-thp-9811909980","status":"publish","type":"product","link":"https:\/\/www.casadainjecao.com.br\/loja\/autopecas\/motor\/filtros\/mangueira-filtro-ar-turbina-c4-lounge-308-3008-408-ds3-thp-9811909980\/","title":{"rendered":"Mangueira Filtro Ar Turbina C4 Lounge 308 3008 408 Ds3 Thp &"},"content":{"rendered":"<h2>Mangueira Tubo do Filtro de Ar<\/h2>\n<p><strong>CITROEN<\/strong><\/p>\n<p>Citroen C4 Cactus 1.6 16v Turbo 2019 em diante<\/p>\n<p>Citroen C4 Lounge 1.6 16v Turbo 2014 a 2020<\/p>\n<p>Citroen C4 Picasso 1.6 16v Turbo 2016 a 2019<\/p>\n<p>Citroen C5 1.6 16v Turbo 2012<\/p>\n<p>Citroen DS3 1.6 16v Turbo 2012 a 2017<\/p>\n<p>Citroen DS4 1.6 16v Turbo 2012 a 2016<\/p>\n<p>Citroen DS5 1.6 16v Turbo 2013 a 2018<\/p>\n<p><strong>MINI CLUBMAN<\/strong><\/p>\n<p>Mini Clubman 1.6 16v Turbo 2009 a 2012<\/p>\n<p>Mini Cooper 1.6 16v Turbo 2009 a 2013<\/p>\n<p>Mini Countryman 1.6 16v Turbo 2011 a 2016<\/p>\n<p>Mini Paceman 1.6 16v Turbo 2013 a 2014<\/p>\n<p><strong>PEUGEOT<\/strong><\/p>\n<p>Peugeot 2008 1.6 16v Turbo 2015 em diante<\/p>\n<p>Peugeot 208 1.6 16v Turbo 2016 a 2020<\/p>\n<p>Peugeot 3008 1.6 16v Turbo 2011 em diante<\/p>\n<p>Peugeot 308 1.6 16v Turbo 2013 a 2019<\/p>\n<p>Peugeot 308CC 1.6 16v Turbo 2012 a 2015<\/p>\n<p>Peugeot 408 1.6 16v Turbo 2012 a 2019<\/p>\n<p>Peugeot 5008 1.6 16v Turbo 2019 em diante<\/p>\n<p>Peugeot 508 1.6 16v Turbo 2012 a 2014<\/p>\n<p>Peugeot RCZ 1.6 16v Turbo 2012 a 2015<\/p>\n<h4>C\u00f3digo\u00a0 de Refer\u00eancia:<\/h4>\n<p>9811908380, 9811909980,\u00a0 1440Q6, 9678431780<\/p>\n<h4><strong>Condi\u00e7\u00f5es:<\/strong><\/h4>\n<p>Produto Novo Paralelo \/ Marca Torken<\/p>\n<h4>Especifica\u00e7\u00f5es:<\/h4>\n<p>Motores THP \/ gasolina \/ flex<\/p>\n<h4><strong>Garantia:<\/strong><\/h4>\n<p>3 Meses<\/p>\n<h3>ATEN\u00c7\u00c3O: Antes de efetuar a compra verifique o c\u00f3digo da sua pe\u00e7a que est\u00e1 instalado no seu ve\u00edculo.<\/h3>\n<h4><strong>O que \u00e9 e para que serve a Mangueira Filtro Ar?<\/strong><\/h4>\n<p>A Mangueira do filtro de ar \u00e9 uma parte essencial do sistema de admiss\u00e3o de ar de um ve\u00edculo. Sua fun\u00e7\u00e3o principal \u00e9 conduzir o ar filtrado do filtro de ar at\u00e9 o coletor de admiss\u00e3o do motor. Ela\u00a0\u00e9 respons\u00e1vel por canalizar o ar limpo e filtrado do filtro de ar at\u00e9 o motor. O filtro de ar remove part\u00edculas indesejadas, como poeira, sujeira e detritos, do ar aspirado pelo motor, impedindo que essas part\u00edculas entrem no sistema de combust\u00e3o. Isso \u00e9 crucial para manter a qualidade do ar que entra no motor, pois part\u00edculas n\u00e3o filtradas podem causar desgaste prematuro dos componentes do motor e reduzir sua efici\u00eancia.<\/p>\n<p>&nbsp;<\/p>\n<p>A Casa da Inje\u00e7\u00e3o oferece total garantia nos produtos comprados em nosso site.<\/p>\n<ol>\n<li>Cada item \u00e9 rigorosamente testado antes do envio<\/li>\n<li>Se os itens estiverem danificados ou parcialmente defeituosos, entre em contato conosco.<\/li>\n<\/ol>\n<p>Se houver qualquer defeito, n\u00f3s lhe enviaremos uma substitui\u00e7\u00e3o ap\u00f3s receber o pacote ou devolvemos seu dinheiro.<\/p>\n<p>Leia nossa\u00a0<span style=\"color: #ff0000;\"><a style=\"color: #ff0000;\" href=\"https:\/\/www.casadainjecao.com.br\/loja\/politica-de-devolucao\">pol\u00edtica de devolu\u00e7\u00e3o aqui<\/a><\/span><\/p>\n<p>\u2014\u2014\u2014\u2014\u2014\u2014\u2014\u2014\u2014\u2014\u2014\u2014\u2014\u2014\u2014\u2014\u2014\u2014\u2014\u2013<\/p>\n<p><strong>Tem alguma d\u00favida?<\/strong><\/p>\n<p>Entre em contato que podemos ajudar!<\/p>\n<p>Confira as informa\u00e7\u00f5es adicionais abaixo:<\/p>\n<ul>\n<li>Todos os nossos produtos s\u00e3o novos, semi-novos, originais e paralelos possuem garantia.<\/li>\n<li>Todos os produtos anunciados est\u00e3o dispon\u00edveis em estoque e s\u00e3o enviados com extrema rapidez.<\/li>\n<li>O frete pode ser simulado antes de efetuar a compra, basta clicar em \u201cver custos de envio\u201d.<\/li>\n<li>Verifique o endere\u00e7o de entrega cadastrado e atualize caso necess\u00e1rio.<\/li>\n<li>Confirme se a pe\u00e7a \u00e9 correta para o seu modelo de ve\u00edculo.<\/li>\n<li>Para pe\u00e7as automotivas, recomendamos a instala\u00e7\u00e3o por um profissional especializado.<\/li>\n<\/ul>\n<p>Caso possua outras d\u00favidas, entre em contato.<\/p>\n","protected":false},"excerpt":{"rendered":"<h2>Mangueira Filtro Ar Turbina C4 Lounge 308 3008 408 Ds3 Thp &#8211; 9811909980, 9811908380, 1440Q6, 9678431780<\/h2>\n","protected":false},"featured_media":29800,"template":"","meta":{"_seopress_robots_primary_cat":"none","_seopress_titles_title":"","_seopress_titles_desc":"","_seopress_robots_index":"","_kad_blocks_custom_css":"","_kad_blocks_head_custom_js":"","_kad_blocks_body_custom_js":"","_kad_blocks_footer_custom_js":"","_joinchat":[]},"product_cat":[221,223,22],"product_tag":[2052,1983,1679,1692,2043,1984,2044,2049,1950,2050,2051,2046,1691,1367,1690,1688,2045,2047,2048],"berocket_brand":[382,393],"taxonomy_info":{"product_cat":[{"value":221,"label":"Filtros"},{"value":223,"label":"Mangueiras"},{"value":22,"label":"Motor"}],"product_tag":[{"value":2052,"label":"C4 Cactus"},{"value":1983,"label":"C4 Picasso"},{"value":1679,"label":"C5"},{"value":1692,"label":"Citroen c4 Lounge"},{"value":2043,"label":"DS3"},{"value":1984,"label":"Ds4"},{"value":2044,"label":"DS5"},{"value":2049,"label":"Mini Clubman"},{"value":1950,"label":"Mini Cooper"},{"value":2050,"label":"Mini Countryman"},{"value":2051,"label":"Mini Paceman"},{"value":2046,"label":"Peuegot 408"},{"value":1691,"label":"Peugeot 2008"},{"value":1367,"label":"Peugeot 208"},{"value":1690,"label":"Peugeot 3008"},{"value":1688,"label":"Peugeot 308"},{"value":2045,"label":"Peugeot 308CC"},{"value":2047,"label":"Peugeot 508"},{"value":2048,"label":"Peugeot RCZ"}],"berocket_brand":[{"value":382,"label":"Citroen"},{"value":393,"label":"Peugeot"}]},"featured_image_src_large":["https:\/\/www.casadainjecao.com.br\/loja\/wp-content\/uploads\/2024\/03\/9811909980-4.jpg",640,444,false],"author_info":[],"comment_info":"","_links":{"self":[{"href":"https:\/\/www.casadainjecao.com.br\/loja\/wp-json\/wp\/v2\/product\/29772"}],"collection":[{"href":"https:\/\/www.casadainjecao.com.br\/loja\/wp-json\/wp\/v2\/product"}],"about":[{"href":"https:\/\/www.casadainjecao.com.br\/loja\/wp-json\/wp\/v2\/types\/product"}],"wp:featuredmedia":[{"embeddable":true,"href":"https:\/\/www.casadainjecao.com.br\/loja\/wp-json\/wp\/v2\/media\/29800"}],"wp:attachment":[{"href":"https:\/\/www.casadainjecao.com.br\/loja\/wp-json\/wp\/v2\/media?parent=29772"}],"wp:term":[{"taxonomy":"product_cat","embeddable":true,"href":"https:\/\/www.casadainjecao.com.br\/loja\/wp-json\/wp\/v2\/product_cat?post=29772"},{"taxonomy":"product_tag","embeddable":true,"href":"https:\/\/www.casadainjecao.com.br\/loja\/wp-json\/wp\/v2\/product_tag?post=29772"},{"taxonomy":"berocket_brand","embeddable":true,"href":"https:\/\/www.casadainjecao.com.br\/loja\/wp-json\/wp\/v2\/berocket_brand?post=29772"}],"curies":[{"name":"wp","href":"https:\/\/api.w.org\/{rel}","templated":true}]}}