{"id":29773,"date":"2024-03-26T07:50:26","date_gmt":"2024-03-26T10:50:26","guid":{"rendered":"https:\/\/www.casadainjecao.com.br\/loja\/?post_type=product&#038;p=29773"},"modified":"2026-04-30T17:32:16","modified_gmt":"2026-04-30T20:32:16","slug":"suporte-regulador-de-pressao-renault-duster-srp001","status":"publish","type":"product","link":"https:\/\/www.casadainjecao.com.br\/loja\/autopecas\/injecao-eletronica\/regulador-de-pressao\/suporte-regulador-de-pressao-renault-duster-srp001\/","title":{"rendered":"Suporte Regulador de Press\u00e3o Renault Duster &#8211; SRP001"},"content":{"rendered":"<h2>Suporte Regulador de Press\u00e3o Bomba de Combustivel<\/h2>\n<p><strong>CITROEN<\/strong><\/p>\n<p>Citreon C4 Pallas 2007 em diante<\/p>\n<p><strong>PEUGEOT<\/strong><\/p>\n<p>Peugeot 207 1.4 8V 2008 a 2015<\/p>\n<p>Peugeot 207 1.6 16V 2008 a 2013<\/p>\n<p>Peugeot 308 2011 em diante<\/p>\n<p>Peugeot 408 2012 em diante<\/p>\n<p><strong>RENAULT<\/strong><\/p>\n<p>Renault Logan\u00a0 1.0 1.6 2007 em diante<\/p>\n<p>Renault Sandero 1.0 1.6 2007 em diante<\/p>\n<p>Renault Clio 1.0 1.6 2005 em diante<\/p>\n<p>Renault Symbol 1.0 1.6 2005 em diante<\/p>\n<p>Renault Duster 1.6 2011 a 2015<\/p>\n<p>Renault Captur 1.6 2.0 16V 2017 em diante<\/p>\n<p>Renault Kangoo 1.6 2006 em diante<\/p>\n<h4><strong>C\u00f3digo de Refer\u00eancia:<\/strong><\/h4>\n<p>SRP001<\/p>\n<h4><strong>Condi\u00e7\u00f5es:<\/strong><\/h4>\n<p>Produto Novo Original \/ Marca Renault<\/p>\n<h4><strong>Garantia:<\/strong><\/h4>\n<p>3 Meses<\/p>\n<h3>ATEN\u00c7\u00c3O: Antes de efetuar a compra verifique o c\u00f3digo da sua pe\u00e7a que est\u00e1 instalado no seu ve\u00edculo.<\/h3>\n<h4>O que \u00e9 e para que serve o Suporte Regulador de Press\u00e3o?<\/h4>\n<p>O Suporte Regulador de Press\u00e3o \u00e9 uma pe\u00e7a utilizada para fixar e suportar o regulador de press\u00e3o em uma determinada posi\u00e7\u00e3o. Ele desempenha um papel crucial em sistemas de controle de press\u00e3o, fornecendo estabilidade e garantindo que o regulador de press\u00e3o permane\u00e7a adequadamente posicionado durante o funcionamento do equipamento ou do sistema.<\/p>\n<p>&nbsp;<\/p>\n<p>A Casa da Inje\u00e7\u00e3o oferece total garantia nos produtos comprados em nosso site.<\/p>\n<ol>\n<li>Cada item \u00e9 rigorosamente testado antes do envio<\/li>\n<li>Se os itens estiverem danificados ou parcialmente defeituosos, entre em contato conosco.<\/li>\n<\/ol>\n<p>Se houver qualquer defeito, n\u00f3s lhe enviaremos uma substitui\u00e7\u00e3o ap\u00f3s receber o pacote ou devolvemos seu dinheiro.<\/p>\n<p>Leia nossa\u00a0<span style=\"color: #ff0000;\"><a style=\"color: #ff0000;\" href=\"https:\/\/www.casadainjecao.com.br\/loja\/politica-de-devolucao\">pol\u00edtica de devolu\u00e7\u00e3o aqui<\/a><\/span><\/p>\n<p>\u2014\u2014\u2014\u2014\u2014\u2014\u2014\u2014\u2014\u2014\u2014\u2014\u2014\u2014\u2014\u2014\u2014\u2014\u2014\u2013<\/p>\n<p><strong>Tem alguma d\u00favida?<\/strong><\/p>\n<p>Entre em contato que podemos ajudar!<\/p>\n<p>Confira as informa\u00e7\u00f5es adicionais abaixo:<\/p>\n<ul>\n<li>Todos os nossos produtos s\u00e3o novos, semi-novos, originais e paralelos possuem garantia.<\/li>\n<li>Todos os produtos anunciados est\u00e3o dispon\u00edveis em estoque e s\u00e3o enviados com extrema rapidez.<\/li>\n<li>O frete pode ser simulado antes de efetuar a compra, basta clicar em \u201cver custos de envio\u201d.<\/li>\n<li>Verifique o endere\u00e7o de entrega cadastrado e atualize caso necess\u00e1rio.<\/li>\n<li>Confirme se a pe\u00e7a \u00e9 correta para o seu modelo de ve\u00edculo.<\/li>\n<li>Para pe\u00e7as automotivas, recomendamos a instala\u00e7\u00e3o por um profissional especializado.<\/li>\n<\/ul>\n<p>Caso possua outras d\u00favidas, entre em contato.<\/p>\n","protected":false},"excerpt":{"rendered":"<h2>Suporte Regulador de Press\u00e3o Bomba de Combustivel Renault Citroen Peugeot\u00a0 &#8211; SRP001<\/h2>\n","protected":false},"featured_media":29969,"template":"","meta":{"_seopress_robots_primary_cat":"none","_seopress_titles_title":"","_seopress_titles_desc":"","_seopress_robots_index":"","_joinchat":[]},"product_cat":[21,267],"product_tag":[173,2040,49,52,57,66,1689,2041,2042,91],"berocket_brand":[382,393,394],"_links":{"self":[{"href":"https:\/\/www.casadainjecao.com.br\/loja\/wp-json\/wp\/v2\/product\/29773"}],"collection":[{"href":"https:\/\/www.casadainjecao.com.br\/loja\/wp-json\/wp\/v2\/product"}],"about":[{"href":"https:\/\/www.casadainjecao.com.br\/loja\/wp-json\/wp\/v2\/types\/product"}],"wp:featuredmedia":[{"embeddable":true,"href":"https:\/\/www.casadainjecao.com.br\/loja\/wp-json\/wp\/v2\/media\/29969"}],"wp:attachment":[{"href":"https:\/\/www.casadainjecao.com.br\/loja\/wp-json\/wp\/v2\/media?parent=29773"}],"wp:term":[{"taxonomy":"product_cat","embeddable":true,"href":"https:\/\/www.casadainjecao.com.br\/loja\/wp-json\/wp\/v2\/product_cat?post=29773"},{"taxonomy":"product_tag","embeddable":true,"href":"https:\/\/www.casadainjecao.com.br\/loja\/wp-json\/wp\/v2\/product_tag?post=29773"},{"taxonomy":"berocket_brand","embeddable":true,"href":"https:\/\/www.casadainjecao.com.br\/loja\/wp-json\/wp\/v2\/berocket_brand?post=29773"}],"curies":[{"name":"wp","href":"https:\/\/api.w.org\/{rel}","templated":true}]}}