{"id":29827,"date":"2024-03-26T13:19:32","date_gmt":"2024-03-26T16:19:32","guid":{"rendered":"https:\/\/www.casadainjecao.com.br\/loja\/?post_type=product&#038;p=29827"},"modified":"2025-01-05T14:45:39","modified_gmt":"2025-01-05T17:45:39","slug":"cebolinha-sensor-pressao-oleo-renault-megane-7700777660","status":"publish","type":"product","link":"https:\/\/www.casadainjecao.com.br\/loja\/autopecas\/motor\/interruptor-cebolinha\/cebolinha-sensor-pressao-oleo-renault-megane-7700777660\/","title":{"rendered":"Cebolinha Sensor Press\u00e3o \u00d3leo Renault Megane &#8211; 77007"},"content":{"rendered":"<h2>Interruptor Sensor Cebolinha Press\u00e3o \u00d3leo<\/h2>\n<p><b>RENAULT<\/b><\/p>\n<div id=\"description\" class=\"ui-pdp-container__row ui-pdp-container__row--description\">\n<div class=\"ui-pdp-description\">\n<p class=\"ui-pdp-description__content\">Renaul Clio 1.0 8v<\/p>\n<p class=\"ui-pdp-description__content\">Renault Clio 1.6 16v<\/p>\n<p class=\"ui-pdp-description__content\">Renault Laguna 1.6 16v<\/p>\n<p class=\"ui-pdp-description__content\">Renault M\u00e9gane 1.6 16v<\/p>\n<p class=\"ui-pdp-description__content\">Renault R19 1.6 16v<\/p>\n<p class=\"ui-pdp-description__content\">Renault Sc\u00e9nic 1.6 16v<\/p>\n<p class=\"ui-pdp-description__content\">Renault Symbol 1.6 16v<\/p>\n<p class=\"ui-pdp-description__content\">Renault Traffic<\/p>\n<p><strong>PEUGEOT<\/strong><\/p>\n<p class=\"ui-pdp-description__content\">Peugeot 206 1.0 16v<\/p>\n<h4>C\u00f3digo de Refer\u00eancia:<\/h4>\n<p class=\"ui-pdp-description__content\">77.00.777.660, 77.00.771.825, 77.00.417.970, 7700777660, 7700771825, 7700417970, P4076, 77.00.417.970 &#8211; 3376<\/p>\n<h4>Condi\u00e7\u00f5es:<\/h4>\n<p class=\"ui-pdp-description__content\">Produto Novo Paralelo \/ Marca Torken<\/p>\n<\/div>\n<\/div>\n<h4>\u00a0Especifica\u00e7\u00f5es:<\/h4>\n<p>A embalagem cont\u00e9m 1 cebolinha sensor interruptor press\u00e3o \u00f3leo \/ rosca: 21 mm \/ M14 x 1.5 \/ press\u00e3o: 0.20 bar<\/p>\n<h4>Garantia:<\/h4>\n<p>3 Meses<\/p>\n<h3>APLICA\u00c7\u00c3O:<\/h3>\n<p>Linha Renault \/ Peugeot<\/p>\n<h3>ATEN\u00c7\u00c3O: Antes de efetuar a compra verifique o c\u00f3digo da sua pe\u00e7a que est\u00e1 instalado no seu ve\u00edculo.<\/h3>\n<h4>O que \u00e9 e para que serve o Interruptor de Press\u00e3o de \u00f3leo?<\/h4>\n<div id=\"A8hXZazDIve35OUP96KduAg__5\">\n<div class=\"wDYxhc\" data-md=\"61\">\n<div class=\"LGOjhe\" role=\"heading\" data-attrid=\"wa:\/description\" aria-level=\"3\" data-hveid=\"CBwQAA\">\n<div class=\"w-full pt-2 md:pt-0 border-t md:border-t-0 gizmo:border-t-0 dark:border-white\/20 md:border-transparent md:dark:border-transparent md:pl-2 gizmo:pl-0 gizmo:md:pl-0 md:w-[calc(100%-.5rem)]\">\n<form class=\"stretch mx-2 flex flex-row gap-3 last:mb-2 md:mx-4 md:last:mb-6 lg:mx-auto lg:max-w-2xl xl:max-w-3xl\">\n<div class=\"relative flex h-full flex-1 items-stretch md:flex-col\">\n<div class=\"flex w-full items-center\">\n<p>O Interruptor de Press\u00e3o de \u00d3leo em um ve\u00edculo monitora a press\u00e3o do \u00f3leo no motor. Ele atua como um sensor de seguran\u00e7a, alertando sobre quedas na press\u00e3o do \u00f3leo para evitar danos ao motor por falta de lubrifica\u00e7\u00e3o. Em resumo, sua fun\u00e7\u00e3o principal \u00e9 garantir o adequado funcionamento do sistema de lubrifica\u00e7\u00e3o.<\/p>\n<p>&nbsp;<\/p>\n<\/div>\n<\/div>\n<\/form>\n<\/div>\n<\/div>\n<\/div>\n<\/div>\n<div id=\"A8hXZazDIve35OUP96KduAg__5\">\n<div class=\"wDYxhc\" data-md=\"61\">\n<div class=\"LGOjhe\" role=\"heading\" data-attrid=\"wa:\/description\" aria-level=\"3\" data-hveid=\"CBwQAA\">\n<div class=\"w-full pt-2 md:pt-0 border-t md:border-t-0 gizmo:border-t-0 dark:border-white\/20 md:border-transparent md:dark:border-transparent md:pl-2 gizmo:pl-0 gizmo:md:pl-0 md:w-[calc(100%-.5rem)]\">\n<form class=\"stretch mx-2 flex flex-row gap-3 last:mb-2 md:mx-4 md:last:mb-6 lg:mx-auto lg:max-w-2xl xl:max-w-3xl\">\n<div>A Casa da Inje\u00e7\u00e3o oferece total garantia nos produtos comprados em nosso site.<\/div>\n<\/form>\n<\/div>\n<\/div>\n<\/div>\n<\/div>\n<ol>\n<li>Cada item \u00e9 rigorosamente testado antes do envio<\/li>\n<li>Se os itens estiverem danificados ou parcialmente defeituosos, entre em contato conosco.<\/li>\n<\/ol>\n<p>Se houver qualquer defeito, n\u00f3s lhe enviaremos uma substitui\u00e7\u00e3o ap\u00f3s receber o pacote ou devolvemos seu dinheiro.<\/p>\n<p>Leia nossa<span style=\"color: #ff0000;\">\u00a0<a style=\"color: #ff0000;\" href=\"https:\/\/www.casadainjecao.com.br\/loja\/politica-de-devolucao\">pol\u00edtica de devolu\u00e7\u00e3o aqui<\/a><\/span><\/p>\n<p>\u2014\u2014\u2014\u2014\u2014\u2014\u2014\u2014\u2014\u2014\u2014\u2014\u2014\u2014\u2014\u2014\u2014\u2014\u2014\u2013<\/p>\n<h4>Tem alguma d\u00favida?<\/h4>\n<p>Entre em contato que podemos ajudar!<\/p>\n<p>Confira as informa\u00e7\u00f5es adicionais abaixo:<\/p>\n<ul>\n<li>Todos os nossos produtos s\u00e3o novos, semi-novos, originais e paralelos possuem garantia.<\/li>\n<li>Todos os produtos anunciados est\u00e3o dispon\u00edveis em estoque e s\u00e3o enviados com extrema rapidez.<\/li>\n<li>O frete pode ser simulado antes de efetuar a compra, basta clicar em \u201cver custos de envio\u201d.<\/li>\n<li>Verifique o endere\u00e7o de entrega cadastrado e atualize caso necess\u00e1rio.<\/li>\n<li>Confirme se a pe\u00e7a \u00e9 correta para o seu modelo de ve\u00edculo.<\/li>\n<li>Para pe\u00e7as automotivas, recomendamos a instala\u00e7\u00e3o por um profissional especializado.<\/li>\n<\/ul>\n<p>Caso possua outras d\u00favidas, entre em contato.<\/p>\n","protected":false},"excerpt":{"rendered":"<h2>Cebolinha Interruptor Sensor Press\u00e3o \u00d3leo Renault Megane &#8211; 7700777660, 7700771825, 7700417970, 77.00.777.660, 77.00.771.825, 77.00.417.970<\/h2>\n","protected":false},"featured_media":29852,"template":"","meta":{"_seopress_robots_primary_cat":"none","_seopress_titles_title":"","_seopress_titles_desc":"","_seopress_robots_index":"","_kad_blocks_custom_css":"","_kad_blocks_head_custom_js":"","_kad_blocks_body_custom_js":"","_kad_blocks_footer_custom_js":"","_joinchat":[]},"product_cat":[1926,22],"product_tag":[49,50,132,90,51,152],"berocket_brand":[393,394],"taxonomy_info":{"product_cat":[{"value":1926,"label":"Interruptor Cebolinha"},{"value":22,"label":"Motor"}],"product_tag":[{"value":49,"label":"Clio"},{"value":50,"label":"Megane"},{"value":132,"label":"Peugeot 206"},{"value":90,"label":"R19"},{"value":51,"label":"Scenic"},{"value":152,"label":"Trafic"}],"berocket_brand":[{"value":393,"label":"Peugeot"},{"value":394,"label":"Renault"}]},"featured_image_src_large":["https:\/\/www.casadainjecao.com.br\/loja\/wp-content\/uploads\/2024\/03\/7700777660-1-920x920.jpg",640,640,true],"author_info":[],"comment_info":"","_links":{"self":[{"href":"https:\/\/www.casadainjecao.com.br\/loja\/wp-json\/wp\/v2\/product\/29827"}],"collection":[{"href":"https:\/\/www.casadainjecao.com.br\/loja\/wp-json\/wp\/v2\/product"}],"about":[{"href":"https:\/\/www.casadainjecao.com.br\/loja\/wp-json\/wp\/v2\/types\/product"}],"wp:featuredmedia":[{"embeddable":true,"href":"https:\/\/www.casadainjecao.com.br\/loja\/wp-json\/wp\/v2\/media\/29852"}],"wp:attachment":[{"href":"https:\/\/www.casadainjecao.com.br\/loja\/wp-json\/wp\/v2\/media?parent=29827"}],"wp:term":[{"taxonomy":"product_cat","embeddable":true,"href":"https:\/\/www.casadainjecao.com.br\/loja\/wp-json\/wp\/v2\/product_cat?post=29827"},{"taxonomy":"product_tag","embeddable":true,"href":"https:\/\/www.casadainjecao.com.br\/loja\/wp-json\/wp\/v2\/product_tag?post=29827"},{"taxonomy":"berocket_brand","embeddable":true,"href":"https:\/\/www.casadainjecao.com.br\/loja\/wp-json\/wp\/v2\/berocket_brand?post=29827"}],"curies":[{"name":"wp","href":"https:\/\/api.w.org\/{rel}","templated":true}]}}