{"id":29850,"date":"2024-03-26T14:51:19","date_gmt":"2024-03-26T17:51:19","guid":{"rendered":"https:\/\/www.casadainjecao.com.br\/loja\/autopecas\/sem%20categoria\/tensor-correia-mercedes-230e-93-98-apv2254\/"},"modified":"2025-08-30T20:43:24","modified_gmt":"2025-08-30T23:43:24","slug":"tensor-correia-mercedes-230e-93-98-apv2254","status":"publish","type":"product","link":"https:\/\/www.casadainjecao.com.br\/loja\/autopecas\/motor\/tensor-correia-dentada\/tensor-correia-mercedes-230e-93-98-apv2254\/","title":{"rendered":"Tensor Correia Mercedes 230e 2.3 8V &#8211; Apv2254"},"content":{"rendered":"<h2>Tensor de Correia Dayco Original<\/h2>\n<p style=\"font-size: 14px; font-weight: 400;\"><strong>MERCEDES BENZ<\/strong><\/p>\n<p><span style=\"font-size: 14px; font-weight: 400;\">Mercedes Benz <\/span>190e 2.3 8v (1985 &#8211; 1993)<\/p>\n<p>Mercedes Benz 230e 2.3 8v (1988 &#8211; 1993)<\/p>\n<p style=\"font-size: 14px; font-weight: 400;\">Dimens\u00f5es:<\/p>\n<p style=\"font-size: 14px; font-weight: 400;\">Di\u00e2metro &#8211; 8,0 cm; Altura &#8211; 2,5 cm;<\/p>\n<p style=\"font-size: 14px; font-weight: 400;\">C\u00d3DIGO DA PE\u00c7A: &#8211; APV2254, 89334<\/p>\n<p style=\"font-size: 14px; font-weight: 400;\"><strong>Condi\u00e7\u00f5es:<\/strong><\/p>\n<p style=\"font-size: 14px; font-weight: 400;\">Produto Original \/ Marca Dayco<\/p>\n<p style=\"font-size: 14px; font-weight: 400;\"><strong>Especifica\u00e7\u00f5es:<\/strong><\/p>\n<p style=\"font-size: 14px; font-weight: 400;\">Conte\u00fado da embalagem: Tensor de Correia Mercedes<\/p>\n<p style=\"font-size: 14px; font-weight: 400;\"><strong>Garantia:<\/strong><\/p>\n<p style=\"font-size: 14px; font-weight: 400;\">3 Meses<\/p>\n<p style=\"font-size: 14px; font-weight: 400;\"><strong>ATEN\u00c7\u00c3O: Antes de efetuar a compra verifique o c\u00f3digo da sua pe\u00e7a que est\u00e1 instalada no seu ve\u00edculo.<\/strong><\/p>\n<p style=\"font-size: 14px; font-weight: 400;\"><strong>O que \u00e9 e para que serve o tensor de correia?<\/strong><\/p>\n<p style=\"font-size: 14px; font-weight: 400;\"><span style=\"color: #0d0d0d; font-family: S\u00f6hne, ui-sans-serif, system-ui, -apple-system, 'Segoe UI', Roboto, Ubuntu, Cantarell, 'Noto Sans', sans-serif, 'Helvetica Neue', Arial, 'Apple Color Emoji', 'Segoe UI Emoji', 'Segoe UI Symbol', 'Noto Color Emoji';\"><span style=\"font-size: 16px;\">Um tensor de correia, tamb\u00e9m conhecido como tensor de correia ou tensor de tens\u00e3o da correia, \u00e9 um componente mec\u00e2nico utilizado em sistemas de transmiss\u00e3o por correia. Sua fun\u00e7\u00e3o principal \u00e9 manter a correia tensionada de forma adequada.<\/span><\/span><\/p>\n<p>A Casa da Inje\u00e7\u00e3o oferece total garantia nos produtos comprados em nosso site.<\/p>\n<ol>\n<li>Cada item \u00e9 rigorosamente testado antes do envio<\/li>\n<li>Se os itens estiverem danificados ou parcialmente defeituosos, entre em contato conosco.<\/li>\n<\/ol>\n<p>Se houver qualquer defeito, n\u00f3s lhe enviaremos uma substitui\u00e7\u00e3o ap\u00f3s receber o pacote ou devolvemos seu dinheiro.<\/p>\n<p>Leia nossa<span style=\"color: #ff0000;\">\u00a0<a style=\"color: #ff0000;\" href=\"https:\/\/www.casadainjecao.com.br\/loja\/politica-de-devolucao\">pol\u00edtica de devolu\u00e7\u00e3o aqui<\/a><\/span><\/p>\n<p>\u2014\u2014\u2014\u2014\u2014\u2014\u2014\u2014\u2014\u2014\u2014\u2014\u2014\u2014\u2014\u2014\u2014\u2014\u2014\u2013<\/p>\n<p><strong>Tem alguma d\u00favida?<\/strong><\/p>\n<p>Entre em contato que podemos ajudar!<\/p>\n<p>Confira as informa\u00e7\u00f5es adicionais abaixo:<\/p>\n<ul>\n<li>Todos os nossos produtos s\u00e3o novos, semi-novos, originais e paralelos possuem garantia.<\/li>\n<li>Todos os produtos anunciados est\u00e3o dispon\u00edveis em estoque e s\u00e3o enviados com extrema rapidez.<\/li>\n<li>O frete pode ser simulado antes de efetuar a compra, basta clicar em \u201cver custos de envio\u201d.<\/li>\n<li>Verifique o endere\u00e7o de entrega cadastrado e atualize caso necess\u00e1rio.<\/li>\n<li>Confirme se a pe\u00e7a \u00e9 correta para o seu modelo de ve\u00edculo.<\/li>\n<li>Para pe\u00e7as automotivas, recomendamos a instala\u00e7\u00e3o por um profissional especializado.<\/li>\n<\/ul>\n<p>Caso possua outras d\u00favidas, entre em contato.<\/p>\n","protected":false},"excerpt":{"rendered":"<h2>Tensor Correia Mercedes 230e 93-98 Original &#8211; APV2254, 89334<\/h2>\n","protected":false},"featured_media":29844,"template":"","meta":{"_seopress_robots_primary_cat":"none","_seopress_titles_title":"","_seopress_titles_desc":"","_seopress_robots_index":"","_joinchat":[]},"product_cat":[22,1523],"product_tag":[2055,1138],"berocket_brand":[390],"_links":{"self":[{"href":"https:\/\/www.casadainjecao.com.br\/loja\/wp-json\/wp\/v2\/product\/29850"}],"collection":[{"href":"https:\/\/www.casadainjecao.com.br\/loja\/wp-json\/wp\/v2\/product"}],"about":[{"href":"https:\/\/www.casadainjecao.com.br\/loja\/wp-json\/wp\/v2\/types\/product"}],"wp:featuredmedia":[{"embeddable":true,"href":"https:\/\/www.casadainjecao.com.br\/loja\/wp-json\/wp\/v2\/media\/29844"}],"wp:attachment":[{"href":"https:\/\/www.casadainjecao.com.br\/loja\/wp-json\/wp\/v2\/media?parent=29850"}],"wp:term":[{"taxonomy":"product_cat","embeddable":true,"href":"https:\/\/www.casadainjecao.com.br\/loja\/wp-json\/wp\/v2\/product_cat?post=29850"},{"taxonomy":"product_tag","embeddable":true,"href":"https:\/\/www.casadainjecao.com.br\/loja\/wp-json\/wp\/v2\/product_tag?post=29850"},{"taxonomy":"berocket_brand","embeddable":true,"href":"https:\/\/www.casadainjecao.com.br\/loja\/wp-json\/wp\/v2\/berocket_brand?post=29850"}],"curies":[{"name":"wp","href":"https:\/\/api.w.org\/{rel}","templated":true}]}}