{"id":29875,"date":"2024-03-27T11:26:43","date_gmt":"2024-03-27T14:26:43","guid":{"rendered":"https:\/\/www.casadainjecao.com.br\/loja\/?post_type=product&#038;p=29875"},"modified":"2025-06-13T16:28:46","modified_gmt":"2025-06-13T19:28:46","slug":"retentor-comando-valvulas-corsa-celta-35-x-48-x-7mm-90180529","status":"publish","type":"product","link":"https:\/\/www.casadainjecao.com.br\/loja\/autopecas\/motor\/retentor\/retentor-comando-valvulas-corsa-celta-35-x-48-x-7mm-90180529\/","title":{"rendered":"Retentor Comando V\u00e1lvulas Corsa Celta 35x48x7mm &#8211; 901"},"content":{"rendered":"<h2>Retentor Comando das V\u00e1lvulas<\/h2>\n<p><strong>CHEVROLET<\/strong><\/p>\n<p>CHEVROLET AGILE 1.4 8V FLEX 2009 em diante NLEV<\/p>\n<p>CHEVROLET ASTRA 2.0 16V MPFI GASOLINA 2000 a 2005 X20XEV<\/p>\n<p>CHEVROLET ASTRA 2.4 16V GASOLINA 2004 a 2007<\/p>\n<p>CHEVROLET BLAZER 2.4 8V MPFI GASOLINA 2000 a 2007 OHC<\/p>\n<p>CHEVROLET BLAZER 2.4 86V SFI GASOLINA 1994 a 1995 C20XE<\/p>\n<p>CHEVROLET CELTA 1.0, 1.4\u00a0 8V FLEX 2002 a 2015 VHC, VHCE<\/p>\n<p>CHEVROLET CLASSIC 1.0 8V FLEX 2006 a 2009 VHC<\/p>\n<p>CHEVROLET CLASSIC 1.0 8V FLEX 2009 a 2014 VHCE<\/p>\n<p>CHEVROLET CLASSIC 1.0 8V GASOLINA 2003 a 2005 VHC<\/p>\n<p>CHEVROLET COBALT 1.8 8V MPFI FLEX 2013 a 2014 OHC<\/p>\n<p>CHEVROLET CORSA 1.0 8V FLEX 2004 a 2009 VHC<\/p>\n<p>CHEVROLET CORSA 1.0 8V GASOLINA 2002 a 2004 VHC<\/p>\n<p>CHEVROLET CORSA 1.0 8V EFI GASOLINA 1994 a 1996 OHC<\/p>\n<p>CHEVROLET CORSA 1.0 16V MPFI GASOLINA 1999 a 2002 DOHC<\/p>\n<p>CHEVROLET CORSA 1.0 8V MPFI ALCOOL 2002 OHC<\/p>\n<p>CHEVROLET CORSA 1.4 8V EFI GASOLINA 1994 a 1996 OHC<\/p>\n<p>CHEVROLET CORSA 1.6 16V MPFI GASOLINA 1996 a 2005 DOHC<\/p>\n<p>CHEVROLET CORSA 1.6 8V EFI GASOLINA 1995 a 1996 OHC<\/p>\n<p>CHEVROLET CORSA 1.8 8V MPFI FLEX 2005 a 2009 OHC<\/p>\n<p>CHEVROLET CORSA 1.8 8V MPFI GASOLINA 2002 a 2004 OHC<\/p>\n<p>CHEVROLET CRUZE 1.8 16V FLEX 2012 a 2014 ECOTEC<\/p>\n<p>CHEVROLET IPANEMA 1.8 8V EFI ALCOOL 1991 a 1997 OHC<\/p>\n<p>CHEVROLET IPANEMA 1.8 8V MPFI ALCOOL 1989 a 1991 OHC<\/p>\n<p>CHEVROLET IPANEMA 1.8 8V EFI GASOLINA 1991 a 1997 OHC<\/p>\n<p>CHEVROLET IPANEMA 1.8 8V FII GASOLINA 1989 a 1991 OHC<\/p>\n<p>CHEVROLET IPANEMA 2.0 8V EFI ALCOOL 1993 a 1997 OHC<\/p>\n<p>CHEVROLET IPANEMA 2.0 8V EFI GASOLINA 1993 a 1997 OHC<\/p>\n<p>CHEVROLET KADETT 1.8 8V EFI ALCOOL 1991 a 1997 OHC<\/p>\n<p>CHEVROLET KADETT 1.8 8V MPFI ALCOOL 1989 a 1991 OHC<\/p>\n<p>CHEVROLET KADETT 1.8 8V EFI GASOLINA 1991 a 1997 OHC<\/p>\n<p>CHEVROLET KADETT 1.8 8V FII GASOLINA 1989 a 1991 OHC<\/p>\n<p>CHEVROLET\u00a0 2.0 8V ALCOOL 1989 a 1991 OHC<\/p>\n<p>CHEVROLET KADETT 2.0 8V EFI GASOLINA ALCOOL 1995 a 1997 OHC<\/p>\n<p>CHEVROLET MERIVA 1.8 8V MPFI FLEX 2003 a 2011 OHC<\/p>\n<p>CHEVROLET MERIVA 1.8 8V 16V MPFI GASOLINA 2002 a 2004 OHC<\/p>\n<p>CHEVROLET MONTANA 1.8 8V MPFI FLEX 2004 a 2010 OHC<\/p>\n<p>CHEVROLET MONTANA 1.8 8V MPFI GASOLINA 2004 OHC<\/p>\n<p>CHEVROLET MONZA 1.6 1.8 8V ALCOOL GASOLINA 1982 a 1986 OHC<\/p>\n<p>CHEVROLET MONZA 1.8 8V FII ALCOOL 1987 a 1988 OHC<\/p>\n<p>CHEVROLET MONZA 1.8 8V EFI ALCOOL 1991 a 1997 OHC<\/p>\n<p>CHEVROLET MONZA1.8 8V EFI GASOLINA 1991 a 1997 OHC<\/p>\n<p>CHEVROLET MONZA 1.8 8V\u00a0 GASOLINA 1983 a 1990 OHC<\/p>\n<p>CHEVROLET MONZA 2.0 8V ALCOOL 1987 a 1989 OHC<\/p>\n<p>CHEVROLET MONZA 2.0 8V GASOLINA 1987 a 1990 OHC<\/p>\n<p>CHEVROLET MONZA 2.0 8V EFI GASOLINA 1991 a 1997 OHC<\/p>\n<p>CHEVROLET MONZA 2.0 8V GASOLINA 1987 a 1990 OHC<\/p>\n<p>CHEVROLET OMEGA 2.0 8V MPFI ALCOOL 1992 a 1995 OHC<\/p>\n<p>CHEVROLET ONIX 1.0 8V FLEX 2013 a 2015 VHC<\/p>\n<p>CHEVROLET PRISMA 1.0 8V FLEX 2013 a 14 VHC<\/p>\n<p>CHEVROLET PRISMA 1.0 8V FLEX 2008 a 2012 VHCE<\/p>\n<p>CHEVROLET S10 2.4 8V FLEX 2007 a 2015 OHC<\/p>\n<p>CHEVROLET S10 2.4 8V MPFI GASOLINA 2001 a 2008 OHC<\/p>\n<p>CHEVROLET SONIC 1.6<\/p>\n<p>CHEROLET SPIN 1.8 8V FLEX 2013 a 2015 VHC<\/p>\n<p>CHEVROLET SUPREMA 2.0 8V MPFI ALCOOL 1993 a 1995 OHC<\/p>\n<p>CHEVROLET TIGRA 1.6 16V MPFI GASOLINA 1998 a 1999 DOHC<\/p>\n<p>CHEVROLET TRACKER 1.8 16V FLEX 2013 a 2015 ECOTEC<\/p>\n<p>CHEVROLET VECTRA 2.0 16V SFI GASOLINA 1996 a 2000 DOHC<\/p>\n<p>CHEVROLET VECTRA 2.0 16V SFI GASOLINA 1993 a 1996 C20XE<\/p>\n<p>CHEVROLET VECTRA 2.0 16V MPFI GASOLINA 2001 a 2004 X20XEV<\/p>\n<p>CHEVROLET VECTRA 2.2 16V MPFI GASOLINA 1996 a 2005 DOHC<\/p>\n<p>CHEVROLET VECTRA 2.4 16V MPFI FLEX 2005 a 2011 X24SFD<\/p>\n<p>CHEVROLET ZAFIRA 2.4 16V GASOLINA 2004 a 2007<\/p>\n<p>CHEVROLET ZAFIRA 2.0 16V MPFI GASOLINA 2001 a 2004 X20XEV<\/p>\n<p><strong>FIAT<\/strong><\/p>\n<p>FIAT DOBLO 1.8 8V FLEX 2002 a 2010 SOHC POWERTRAIN<\/p>\n<p>FIAT DOBLO 1.8 8V GASOLINA 2003 a 2006 SOHC POWERTRAIN<\/p>\n<p>FIAT IDEA 1.8 8V FLEX 2005 a 2010 SOHC POWERTRAIN<\/p>\n<p>FIAT PALIO 1.8 8V FLEX 2009 a 2010 SOHC POWERTRAIN<\/p>\n<p>FITA PALIO 1.8 8V GASOLINA 2003 a 2004 SOHC POWERTRAIN<\/p>\n<p>FIAT PALIO WEEKEND 1.8 8V FLEX 2004 a 2010 SOHC POWERTRAIN<\/p>\n<p>FIAT PALIO WEEKEND 1.8 8V GASOLINA 2003 a 2004 SOHC POWERTRAIN<\/p>\n<p>FIAT\u00a0 STRADA 1.8 16V FLEX 2008 a 2010 DOHC POWERTRAIN<\/p>\n<p>FIAT STRADA 1.8 8V FLEX 2004 a 2010 SOHC POWERTRAIN<\/p>\n<p>FIAT STRADA 1.8 8V GASOLINA 2003 a 2004 SOHC POWERTRAIN<\/p>\n<p>FIAT PUNTO 1.8 8V FLEX 2007 a 2010 SOHC POWERTRAIN<\/p>\n<p>FIAT SIENA 1.8 8V GASOLINA 2003 a 2004 SOHC POWERTRAIN<\/p>\n<p>FIAT SIENA 1.8 8V FLEX 2004 a 2010 SOHC POWERTRAIN<\/p>\n<p>FIAT STILO 1.8 16V MPFI GASOLINA 2002 a 2005 DOHC POWERTRAIN<\/p>\n<p>FIAT STILO 2005 a 2010 SOHC POWERTRAIN<\/p>\n<p><span style=\"font-weight: bold;\">C\u00f3digo de Refer\u00eancia:<\/span><\/p>\n<p>90180529\u00a0, TAN.02178BRGF<\/p>\n<h4>Especifica\u00e7\u00f5es:<\/h4>\n<p>1 Retentor do comando de v\u00e1lvulas medidas (35 X 48 X 7)mm<\/p>\n<h4><strong>Condi\u00e7\u00f5es:<\/strong><\/h4>\n<p>Produto Novo Paralelo \/ Marca Torken<\/p>\n<h4><strong>Garantia:<\/strong><\/h4>\n<p>3 Meses<\/p>\n<h3>ATEN\u00c7\u00c3O: Antes de efetuar a compra verifique o c\u00f3digo da sua pe\u00e7a que est\u00e1 instalado no seu ve\u00edculo.<\/h3>\n<p>&nbsp;<\/p>\n<p>A Casa da Inje\u00e7\u00e3o oferece total garantia nos produtos comprados em nosso site.<\/p>\n<ol>\n<li>Cada item \u00e9 rigorosamente testado antes do envio<\/li>\n<li>Se os itens estiverem danificados ou parcialmente defeituosos, entre em contato conosco.<\/li>\n<\/ol>\n<p>Se houver qualquer defeito, n\u00f3s lhe enviaremos uma substitui\u00e7\u00e3o ap\u00f3s receber o pacote ou devolvemos seu dinheiro.<\/p>\n<p>Leia nossa\u00a0<span style=\"color: #ff0000;\"><a style=\"color: #ff0000;\" href=\"https:\/\/www.casadainjecao.com.br\/loja\/politica-de-devolucao\">pol\u00edtica de devolu\u00e7\u00e3o aqui<\/a><\/span><\/p>\n<p>\u2014\u2014\u2014\u2014\u2014\u2014\u2014\u2014\u2014\u2014\u2014\u2014\u2014\u2014\u2014\u2014\u2014\u2014\u2014\u2013<\/p>\n<p><strong>Tem alguma d\u00favida?<\/strong><\/p>\n<p>Entre em contato que podemos ajudar!<\/p>\n<p>Confira as informa\u00e7\u00f5es adicionais abaixo:<\/p>\n<ul>\n<li>Todos os nossos produtos s\u00e3o novos, semi-novos, originais e paralelos possuem garantia.<\/li>\n<li>Todos os produtos anunciados est\u00e3o dispon\u00edveis em estoque e s\u00e3o enviados com extrema rapidez.<\/li>\n<li>O frete pode ser simulado antes de efetuar a compra, basta clicar em \u201cver custos de envio\u201d.<\/li>\n<li>Verifique o endere\u00e7o de entrega cadastrado e atualize caso necess\u00e1rio.<\/li>\n<li>Confirme se a pe\u00e7a \u00e9 correta para o seu modelo de ve\u00edculo.<\/li>\n<li>Para pe\u00e7as automotivas, recomendamos a instala\u00e7\u00e3o por um profissional especializado.<\/li>\n<\/ul>\n<p>Caso possua outras d\u00favidas, entre em contato.<\/p>\n","protected":false},"excerpt":{"rendered":"<h2>Retentor Comando V\u00e1lvulas Corsa Celta 35 X 48 X 7mm &#8211; 90180529, TAN.02178BRGF<\/h2>\n","protected":false},"featured_media":29869,"template":"","meta":{"_seopress_robots_primary_cat":"none","_seopress_titles_title":"","_seopress_titles_desc":"","_seopress_robots_index":"","_joinchat":[]},"product_cat":[1352,22,238],"product_tag":[1410,116,1421,295,112,115,847,247,709,1647,2058,296,1548,1366,119,1892,1263,1391,120,110,113,1613,121,1643,111,2057,109,1408],"berocket_brand":[382,393],"_links":{"self":[{"href":"https:\/\/www.casadainjecao.com.br\/loja\/wp-json\/wp\/v2\/product\/29875"}],"collection":[{"href":"https:\/\/www.casadainjecao.com.br\/loja\/wp-json\/wp\/v2\/product"}],"about":[{"href":"https:\/\/www.casadainjecao.com.br\/loja\/wp-json\/wp\/v2\/types\/product"}],"wp:featuredmedia":[{"embeddable":true,"href":"https:\/\/www.casadainjecao.com.br\/loja\/wp-json\/wp\/v2\/media\/29869"}],"wp:attachment":[{"href":"https:\/\/www.casadainjecao.com.br\/loja\/wp-json\/wp\/v2\/media?parent=29875"}],"wp:term":[{"taxonomy":"product_cat","embeddable":true,"href":"https:\/\/www.casadainjecao.com.br\/loja\/wp-json\/wp\/v2\/product_cat?post=29875"},{"taxonomy":"product_tag","embeddable":true,"href":"https:\/\/www.casadainjecao.com.br\/loja\/wp-json\/wp\/v2\/product_tag?post=29875"},{"taxonomy":"berocket_brand","embeddable":true,"href":"https:\/\/www.casadainjecao.com.br\/loja\/wp-json\/wp\/v2\/berocket_brand?post=29875"}],"curies":[{"name":"wp","href":"https:\/\/api.w.org\/{rel}","templated":true}]}}